{"id":1133,"date":"2024-05-27T13:12:31","date_gmt":"2024-05-27T11:12:31","guid":{"rendered":"https:\/\/beauxarts-cie.com\/consulting\/?page_id=1133"},"modified":"2024-07-16T15:39:53","modified_gmt":"2024-07-16T13:39:53","slug":"etude-du-marche-pour-la-creation-dun-musee-guimard","status":"publish","type":"page","link":"https:\/\/beauxarts-cie.com\/consulting\/projets\/etude-du-marche-pour-la-creation-dun-musee-guimard\/","title":{"rendered":"\u00c9tude du march\u00e9 pour la cr\u00e9ation d\u2019un mus\u00e9e Guimard"},"content":{"rendered":"\n<div class=\"wp-block-columns refId\">\n<div class=\"wp-block-column\">\n<h2 class=\"has-text-align-left\">Client : Hector Guimard Diffusion<\/h2>\n<\/div>\n\n\n\n<div class=\"wp-block-column\">\n<p>2024<br>Positionnement strat\u00e9gique, mod\u00e9lisation \u00e9conomique, nouveaux publics<\/p>\n<\/div>\n<\/div>\n\n\n\n<p><\/p>\n\n\n\n<p><strong>Le contexte et ses enjeux :<\/strong><\/p>\n\n\n\n<p>Le Cercle Guimard, soutenu par la soci\u00e9t\u00e9 Hector Guimard Diffusion, se sont donn\u00e9s pour mission de valoriser l\u2019H\u00f4tel Mezzara (Paris 16<sup>e<\/sup>) pour y installer un mus\u00e9e d\u00e9di\u00e9 \u00e0 l\u2019architecte, autour des th\u00e9matiques de l\u2019Art nouveau et de la Belle Epoque. Pour entamer une n\u00e9gociation avec l\u2019Etat \u00e0 la suite de deux appels d\u2019offre jug\u00e9s infructueux, les deux structures ont souhait\u00e9 b\u00e9n\u00e9ficier d\u2019une analyse du projet visant \u00e0 revoir et \u00e9tayer les hypoth\u00e8ses de leur mod\u00e8le.<\/p>\n\n\n\n<p><strong>Notre r\u00f4le :<\/strong><\/p>\n\n\n\n<p>Beaux Arts Consulting a livr\u00e9 une \u00e9tude constitu\u00e9e de quatre \u00e9l\u00e9ments : <\/p>\n\n\n\n<ul><li>Une \u00e9tude comparative des mus\u00e9es et sites en France et \u00e0 l&rsquo;\u00e9tranger pour mieux comprendre le panorama dans lequel s&rsquo;inscrira le futur mus\u00e9e.<\/li><li>Une \u00e9tude des tendances mus\u00e9ales et autour du th\u00e8me de l&rsquo;Art Nouveau pour valider les perspectives de croissance du march\u00e9<\/li><li>Une analyse du contexte et du projet de l&rsquo;H\u00f4tel Mezzara : son environnement, le parcours envisag\u00e9\u2026<\/li><li>Une lecture critique du mod\u00e8le \u00e9conomique du futur mus\u00e9e, avec un regard sp\u00e9cifique sur le chiffre d&rsquo;affaires (projection de la fr\u00e9quentation, hypoth\u00e8ses tarifaires, \u00e9quilibre entre les diff\u00e9rentes sources de revenus, etc.)<\/li><\/ul>\n\n\n\n<hr class=\"wp-block-separator\" \/>\n\n\n\n<p><strong>Retomb\u00e9es et suites :<\/strong><\/p>\n\n\n\n<p>La mission a abouti \u00e0 valider l\u2019app\u00e9tence pour la th\u00e9matique Art nouveau et \u00e0 construire trois sc\u00e9narii de projection de chiffre d\u2019affaires de l\u2019H\u00f4tel Mezzara en fonction du niveau d\u2019offre propos\u00e9.<\/p>\n\n\n\n<p>Cette \u00e9tude permettra aux deux structures de pr\u00e9senter une version consolid\u00e9e du projet \u00e0 leurs partenaires potentiels, et d\u2019engager une n\u00e9gociation avec l\u2019Etat au sujet d\u2019un bail emphyt\u00e9otique pour la valorisation de l\u2019H\u00f4tel Mezzara.<\/p>\n","protected":false},"excerpt":{"rendered":"<p>Client : Hector Guimard Diffusion 2024Positionnement strat\u00e9gique, mod\u00e9lisation \u00e9conomique, nouveaux publics Le contexte et ses enjeux : Le Cercle Guimard, soutenu par la soci\u00e9t\u00e9 Hector Guimard Diffusion, se sont donn\u00e9s pour mission de valoriser l\u2019H\u00f4tel Mezzara (Paris 16e) pour y installer un mus\u00e9e d\u00e9di\u00e9 \u00e0 l\u2019architecte, autour des th\u00e9matiques de l\u2019Art nouveau et de la [&hellip;]<\/p>\n","protected":false},"author":12,"featured_media":1111,"parent":49,"menu_order":0,"comment_status":"closed","ping_status":"closed","template":"tpl-page-child-reference.php","meta":[],"yoast_head":"<!-- This site is optimized with the Yoast SEO plugin v19.11 - https:\/\/yoast.com\/wordpress\/plugins\/seo\/ -->\n<title>\u00c9tude du march\u00e9 pour la cr\u00e9ation d\u2019un mus\u00e9e Guimard - Beaux Arts Consulting<\/title>\n<meta name=\"robots\" content=\"index, follow, max-snippet:-1, max-image-preview:large, max-video-preview:-1\" \/>\n<link rel=\"canonical\" href=\"https:\/\/beauxarts-cie.com\/consulting\/projets\/etude-du-marche-pour-la-creation-dun-musee-guimard\/\" \/>\n<meta property=\"og:locale\" content=\"fr_FR\" \/>\n<meta property=\"og:type\" content=\"article\" \/>\n<meta property=\"og:title\" content=\"\u00c9tude du march\u00e9 pour la cr\u00e9ation d\u2019un mus\u00e9e Guimard - Beaux Arts Consulting\" \/>\n<meta property=\"og:description\" content=\"Client : Hector Guimard Diffusion 2024Positionnement strat\u00e9gique, mod\u00e9lisation \u00e9conomique, nouveaux publics Le contexte et ses enjeux : Le Cercle Guimard, soutenu par la soci\u00e9t\u00e9 Hector Guimard Diffusion, se sont donn\u00e9s pour mission de valoriser l\u2019H\u00f4tel Mezzara (Paris 16e) pour y installer un mus\u00e9e d\u00e9di\u00e9 \u00e0 l\u2019architecte, autour des th\u00e9matiques de l\u2019Art nouveau et de la [&hellip;]\" \/>\n<meta property=\"og:url\" content=\"https:\/\/beauxarts-cie.com\/consulting\/projets\/etude-du-marche-pour-la-creation-dun-musee-guimard\/\" \/>\n<meta property=\"og:site_name\" content=\"Beaux Arts Consulting\" \/>\n<meta property=\"article:modified_time\" content=\"2024-07-16T13:39:53+00:00\" \/>\n<meta property=\"og:image\" content=\"https:\/\/beauxarts-cie.com\/consulting\/wp-content\/uploads\/sites\/3\/2024\/05\/florian-olivo-RodVdPKzYDw-unsplash1-edited.jpg\" \/>\n\t<meta property=\"og:image:width\" content=\"1920\" \/>\n\t<meta property=\"og:image:height\" content=\"1080\" \/>\n\t<meta property=\"og:image:type\" content=\"image\/jpeg\" \/>\n<meta name=\"twitter:card\" content=\"summary_large_image\" \/>\n<meta name=\"twitter:label1\" content=\"Dur\u00e9e de lecture estim\u00e9e\" \/>\n\t<meta name=\"twitter:data1\" content=\"2 minutes\" \/>\n<script type=\"application\/ld+json\" class=\"yoast-schema-graph\">{\"@context\":\"https:\/\/schema.org\",\"@graph\":[{\"@type\":\"WebPage\",\"@id\":\"https:\/\/beauxarts-cie.com\/consulting\/projets\/etude-du-marche-pour-la-creation-dun-musee-guimard\/\",\"url\":\"https:\/\/beauxarts-cie.com\/consulting\/projets\/etude-du-marche-pour-la-creation-dun-musee-guimard\/\",\"name\":\"\u00c9tude du march\u00e9 pour la cr\u00e9ation d\u2019un mus\u00e9e Guimard - Beaux Arts Consulting\",\"isPartOf\":{\"@id\":\"https:\/\/beauxarts-cie.com\/consulting\/#website\"},\"datePublished\":\"2024-05-27T11:12:31+00:00\",\"dateModified\":\"2024-07-16T13:39:53+00:00\",\"breadcrumb\":{\"@id\":\"https:\/\/beauxarts-cie.com\/consulting\/projets\/etude-du-marche-pour-la-creation-dun-musee-guimard\/#breadcrumb\"},\"inLanguage\":\"fr-FR\",\"potentialAction\":[{\"@type\":\"ReadAction\",\"target\":[\"https:\/\/beauxarts-cie.com\/consulting\/projets\/etude-du-marche-pour-la-creation-dun-musee-guimard\/\"]}]},{\"@type\":\"BreadcrumbList\",\"@id\":\"https:\/\/beauxarts-cie.com\/consulting\/projets\/etude-du-marche-pour-la-creation-dun-musee-guimard\/#breadcrumb\",\"itemListElement\":[{\"@type\":\"ListItem\",\"position\":1,\"name\":\"Projets\",\"item\":\"https:\/\/beauxarts-cie.com\/consulting\/projets\/\"},{\"@type\":\"ListItem\",\"position\":2,\"name\":\"\u00c9tude du march\u00e9 pour la cr\u00e9ation d\u2019un mus\u00e9e Guimard\"}]},{\"@type\":\"WebSite\",\"@id\":\"https:\/\/beauxarts-cie.com\/consulting\/#website\",\"url\":\"https:\/\/beauxarts-cie.com\/consulting\/\",\"name\":\"Beaux Arts Consulting\",\"description\":\"Conseil en strat\u00e9gie, innovation et ing\u00e9nierie culturelle\",\"potentialAction\":[{\"@type\":\"SearchAction\",\"target\":{\"@type\":\"EntryPoint\",\"urlTemplate\":\"https:\/\/beauxarts-cie.com\/consulting\/?s={search_term_string}\"},\"query-input\":\"required name=search_term_string\"}],\"inLanguage\":\"fr-FR\"}]}<\/script>\n<!-- \/ Yoast SEO plugin. -->","yoast_head_json":{"title":"\u00c9tude du march\u00e9 pour la cr\u00e9ation d\u2019un mus\u00e9e Guimard - Beaux Arts Consulting","robots":{"index":"index","follow":"follow","max-snippet":"max-snippet:-1","max-image-preview":"max-image-preview:large","max-video-preview":"max-video-preview:-1"},"canonical":"https:\/\/beauxarts-cie.com\/consulting\/projets\/etude-du-marche-pour-la-creation-dun-musee-guimard\/","og_locale":"fr_FR","og_type":"article","og_title":"\u00c9tude du march\u00e9 pour la cr\u00e9ation d\u2019un mus\u00e9e Guimard - Beaux Arts Consulting","og_description":"Client : Hector Guimard Diffusion 2024Positionnement strat\u00e9gique, mod\u00e9lisation \u00e9conomique, nouveaux publics Le contexte et ses enjeux : Le Cercle Guimard, soutenu par la soci\u00e9t\u00e9 Hector Guimard Diffusion, se sont donn\u00e9s pour mission de valoriser l\u2019H\u00f4tel Mezzara (Paris 16e) pour y installer un mus\u00e9e d\u00e9di\u00e9 \u00e0 l\u2019architecte, autour des th\u00e9matiques de l\u2019Art nouveau et de la [&hellip;]","og_url":"https:\/\/beauxarts-cie.com\/consulting\/projets\/etude-du-marche-pour-la-creation-dun-musee-guimard\/","og_site_name":"Beaux Arts Consulting","article_modified_time":"2024-07-16T13:39:53+00:00","og_image":[{"width":1920,"height":1080,"url":"https:\/\/beauxarts-cie.com\/consulting\/wp-content\/uploads\/sites\/3\/2024\/05\/florian-olivo-RodVdPKzYDw-unsplash1-edited.jpg","type":"image\/jpeg"}],"twitter_card":"summary_large_image","twitter_misc":{"Dur\u00e9e de lecture estim\u00e9e":"2 minutes"},"schema":{"@context":"https:\/\/schema.org","@graph":[{"@type":"WebPage","@id":"https:\/\/beauxarts-cie.com\/consulting\/projets\/etude-du-marche-pour-la-creation-dun-musee-guimard\/","url":"https:\/\/beauxarts-cie.com\/consulting\/projets\/etude-du-marche-pour-la-creation-dun-musee-guimard\/","name":"\u00c9tude du march\u00e9 pour la cr\u00e9ation d\u2019un mus\u00e9e Guimard - Beaux Arts Consulting","isPartOf":{"@id":"https:\/\/beauxarts-cie.com\/consulting\/#website"},"datePublished":"2024-05-27T11:12:31+00:00","dateModified":"2024-07-16T13:39:53+00:00","breadcrumb":{"@id":"https:\/\/beauxarts-cie.com\/consulting\/projets\/etude-du-marche-pour-la-creation-dun-musee-guimard\/#breadcrumb"},"inLanguage":"fr-FR","potentialAction":[{"@type":"ReadAction","target":["https:\/\/beauxarts-cie.com\/consulting\/projets\/etude-du-marche-pour-la-creation-dun-musee-guimard\/"]}]},{"@type":"BreadcrumbList","@id":"https:\/\/beauxarts-cie.com\/consulting\/projets\/etude-du-marche-pour-la-creation-dun-musee-guimard\/#breadcrumb","itemListElement":[{"@type":"ListItem","position":1,"name":"Projets","item":"https:\/\/beauxarts-cie.com\/consulting\/projets\/"},{"@type":"ListItem","position":2,"name":"\u00c9tude du march\u00e9 pour la cr\u00e9ation d\u2019un mus\u00e9e Guimard"}]},{"@type":"WebSite","@id":"https:\/\/beauxarts-cie.com\/consulting\/#website","url":"https:\/\/beauxarts-cie.com\/consulting\/","name":"Beaux Arts Consulting","description":"Conseil en strat\u00e9gie, innovation et ing\u00e9nierie culturelle","potentialAction":[{"@type":"SearchAction","target":{"@type":"EntryPoint","urlTemplate":"https:\/\/beauxarts-cie.com\/consulting\/?s={search_term_string}"},"query-input":"required name=search_term_string"}],"inLanguage":"fr-FR"}]}},"_links":{"self":[{"href":"https:\/\/beauxarts-cie.com\/consulting\/wp-json\/wp\/v2\/pages\/1133"}],"collection":[{"href":"https:\/\/beauxarts-cie.com\/consulting\/wp-json\/wp\/v2\/pages"}],"about":[{"href":"https:\/\/beauxarts-cie.com\/consulting\/wp-json\/wp\/v2\/types\/page"}],"author":[{"embeddable":true,"href":"https:\/\/beauxarts-cie.com\/consulting\/wp-json\/wp\/v2\/users\/12"}],"replies":[{"embeddable":true,"href":"https:\/\/beauxarts-cie.com\/consulting\/wp-json\/wp\/v2\/comments?post=1133"}],"version-history":[{"count":4,"href":"https:\/\/beauxarts-cie.com\/consulting\/wp-json\/wp\/v2\/pages\/1133\/revisions"}],"predecessor-version":[{"id":1494,"href":"https:\/\/beauxarts-cie.com\/consulting\/wp-json\/wp\/v2\/pages\/1133\/revisions\/1494"}],"up":[{"embeddable":true,"href":"https:\/\/beauxarts-cie.com\/consulting\/wp-json\/wp\/v2\/pages\/49"}],"wp:featuredmedia":[{"embeddable":true,"href":"https:\/\/beauxarts-cie.com\/consulting\/wp-json\/wp\/v2\/media\/1111"}],"wp:attachment":[{"href":"https:\/\/beauxarts-cie.com\/consulting\/wp-json\/wp\/v2\/media?parent=1133"}],"curies":[{"name":"wp","href":"https:\/\/api.w.org\/{rel}","templated":true}]}}