{"id":1136,"date":"2024-05-27T13:33:44","date_gmt":"2024-05-27T11:33:44","guid":{"rendered":"https:\/\/beauxarts-cie.com\/consulting\/?page_id=1136"},"modified":"2024-07-08T14:22:35","modified_gmt":"2024-07-08T12:22:35","slug":"definition-dun-espace-dexposition-artistique","status":"publish","type":"page","link":"https:\/\/beauxarts-cie.com\/consulting\/projets\/definition-dun-espace-dexposition-artistique\/","title":{"rendered":"D\u00e9finition d\u2019un espace d\u2019exposition artistique"},"content":{"rendered":"\n<div class=\"wp-block-columns refId\">\n<div class=\"wp-block-column\">\n<h2 class=\"has-text-align-left\">Client : CONFIDENTIEL<\/h2>\n<\/div>\n\n\n\n<div class=\"wp-block-column\">\n<p>2022<br>Positionnement, mod\u00e9lisation \u00e9conomique, nouveaux publics<\/p>\n<\/div>\n<\/div>\n\n\n\n<p><strong>Le contexte et ses enjeux :<\/strong><\/p>\n\n\n\n<p>L&rsquo;une des plus vieilles maisons de champagne fran\u00e7aise est engag\u00e9e depuis sa cr\u00e9ation dans le soutien \u00e0 l\u2019art et \u00e0 la cr\u00e9ation contemporaine. Cet engagement se mat\u00e9rialise notamment par la commande de plusieurs \u0153uvres d&rsquo;art par an. L\u2019entreprise souhaitait toutefois aller plus loin dans cet engagement en concevant un espace artistique au sein de son site historique. Ce projet s\u2019ancre dans un projet plus large de transformation du site R\u00e9mois et de l\u2019exp\u00e9rience visiteur.<\/p>\n\n\n\n<p><strong>Notre r\u00f4le :<\/strong><\/p>\n\n\n\n<p>Beaux Arts Consulting a accompagn\u00e9 la Maison de champagne dans la d\u00e9finition d\u2019un espace artistique et ses modalit\u00e9s de mise en \u0153uvre : <\/p>\n\n\n\n<ul><li>Revue d\u2019inspiration : mus\u00e9es d\u2019entreprises et\/ou autour des m\u00e9tiers d\u2019art, offres de m\u00e9diation innovantes, centres d\u2019art contemporain,<\/li><li>Diagnostic et \u00e9tat des lieux interne (entretiens avec les parties prenantes du projet, visite du site, d\u00e9finition de l\u2019identit\u00e9 de la marque) et externe (territoire, concurrence),<\/li><li>\u00c9laboration des sc\u00e9narios de positionnement avec des macro chiffrages associ\u00e9s,<\/li><li>D\u00e9finition d\u2019un sc\u00e9nario cible avec un positionnement diff\u00e9rentiant et refl\u00e9tant l\u2019identit\u00e9 de la Maison, des publics cibles d\u00e9finis et des strat\u00e9gies de d\u00e9veloppement associ\u00e9s, une \u00e9bauche des principaux blocs programmatiques du futur site, des dispositifs de m\u00e9diation, <\/li><li>D\u00e9finition des modalit\u00e9s de mise en \u0153uvre du sc\u00e9nario cible : business plan (budget d\u2019investissement et de fonctionnement, ressources mobilisables), r\u00e9troplanning de mise en \u0153uvre du projet, sch\u00e9ma de gouvernance, dimensionnement des ressources humaines \u00e0 mobiliser, d\u00e9finition de potentiels partenaires pour le site, <\/li><li>D\u00e9finition d\u2019outils de suivi et de pilotage pour suivre l\u2019\u00e9volution du projet.<\/li><\/ul>\n\n\n\n<p><strong>Retomb\u00e9es et suites :<\/strong><\/p>\n\n\n\n<p>La premi\u00e8re \u00e9tude de Beaux Arts Consulting a permis \u00e0 la Maison de d\u00e9finir le positionnement, les principales composantes programmatiques ainsi que les modalit\u00e9s de mise en \u0153uvre et de suivi du futur site culturel \u00e0 Reims. \u00c0 partir de cette \u00e9tude, l&rsquo;entreprise a pu poursuivre le projet culturel dans son ensemble. Le site est actuellement en construction.<\/p>\n","protected":false},"excerpt":{"rendered":"<p>Client : CONFIDENTIEL 2022Positionnement, mod\u00e9lisation \u00e9conomique, nouveaux publics Le contexte et ses enjeux : L&rsquo;une des plus vieilles maisons de champagne fran\u00e7aise est engag\u00e9e depuis sa cr\u00e9ation dans le soutien \u00e0 l\u2019art et \u00e0 la cr\u00e9ation contemporaine. Cet engagement se mat\u00e9rialise notamment par la commande de plusieurs \u0153uvres d&rsquo;art par an. L\u2019entreprise souhaitait toutefois aller [&hellip;]<\/p>\n","protected":false},"author":12,"featured_media":1098,"parent":49,"menu_order":0,"comment_status":"closed","ping_status":"closed","template":"tpl-page-child-reference.php","meta":[],"yoast_head":"<!-- This site is optimized with the Yoast SEO plugin v19.11 - https:\/\/yoast.com\/wordpress\/plugins\/seo\/ -->\n<title>D\u00e9finition d\u2019un espace d\u2019exposition artistique - Beaux Arts Consulting<\/title>\n<meta name=\"robots\" content=\"index, follow, max-snippet:-1, max-image-preview:large, max-video-preview:-1\" \/>\n<link rel=\"canonical\" href=\"https:\/\/beauxarts-cie.com\/consulting\/projets\/definition-dun-espace-dexposition-artistique\/\" \/>\n<meta property=\"og:locale\" content=\"fr_FR\" \/>\n<meta property=\"og:type\" content=\"article\" \/>\n<meta property=\"og:title\" content=\"D\u00e9finition d\u2019un espace d\u2019exposition artistique - Beaux Arts Consulting\" \/>\n<meta property=\"og:description\" content=\"Client : CONFIDENTIEL 2022Positionnement, mod\u00e9lisation \u00e9conomique, nouveaux publics Le contexte et ses enjeux : L&rsquo;une des plus vieilles maisons de champagne fran\u00e7aise est engag\u00e9e depuis sa cr\u00e9ation dans le soutien \u00e0 l\u2019art et \u00e0 la cr\u00e9ation contemporaine. Cet engagement se mat\u00e9rialise notamment par la commande de plusieurs \u0153uvres d&rsquo;art par an. L\u2019entreprise souhaitait toutefois aller [&hellip;]\" \/>\n<meta property=\"og:url\" content=\"https:\/\/beauxarts-cie.com\/consulting\/projets\/definition-dun-espace-dexposition-artistique\/\" \/>\n<meta property=\"og:site_name\" content=\"Beaux Arts Consulting\" \/>\n<meta property=\"article:modified_time\" content=\"2024-07-08T12:22:35+00:00\" \/>\n<meta property=\"og:image\" content=\"https:\/\/beauxarts-cie.com\/consulting\/wp-content\/uploads\/sites\/3\/2024\/04\/bruno-thethe-Evp4iNF3DHQ-unsplash1-scaled.jpg\" \/>\n\t<meta property=\"og:image:width\" content=\"1707\" \/>\n\t<meta property=\"og:image:height\" content=\"2560\" \/>\n\t<meta property=\"og:image:type\" content=\"image\/jpeg\" \/>\n<meta name=\"twitter:card\" content=\"summary_large_image\" \/>\n<meta name=\"twitter:label1\" content=\"Dur\u00e9e de lecture estim\u00e9e\" \/>\n\t<meta name=\"twitter:data1\" content=\"2 minutes\" \/>\n<script type=\"application\/ld+json\" class=\"yoast-schema-graph\">{\"@context\":\"https:\/\/schema.org\",\"@graph\":[{\"@type\":\"WebPage\",\"@id\":\"https:\/\/beauxarts-cie.com\/consulting\/projets\/definition-dun-espace-dexposition-artistique\/\",\"url\":\"https:\/\/beauxarts-cie.com\/consulting\/projets\/definition-dun-espace-dexposition-artistique\/\",\"name\":\"D\u00e9finition d\u2019un espace d\u2019exposition artistique - Beaux Arts Consulting\",\"isPartOf\":{\"@id\":\"https:\/\/beauxarts-cie.com\/consulting\/#website\"},\"datePublished\":\"2024-05-27T11:33:44+00:00\",\"dateModified\":\"2024-07-08T12:22:35+00:00\",\"breadcrumb\":{\"@id\":\"https:\/\/beauxarts-cie.com\/consulting\/projets\/definition-dun-espace-dexposition-artistique\/#breadcrumb\"},\"inLanguage\":\"fr-FR\",\"potentialAction\":[{\"@type\":\"ReadAction\",\"target\":[\"https:\/\/beauxarts-cie.com\/consulting\/projets\/definition-dun-espace-dexposition-artistique\/\"]}]},{\"@type\":\"BreadcrumbList\",\"@id\":\"https:\/\/beauxarts-cie.com\/consulting\/projets\/definition-dun-espace-dexposition-artistique\/#breadcrumb\",\"itemListElement\":[{\"@type\":\"ListItem\",\"position\":1,\"name\":\"Projets\",\"item\":\"https:\/\/beauxarts-cie.com\/consulting\/projets\/\"},{\"@type\":\"ListItem\",\"position\":2,\"name\":\"D\u00e9finition d\u2019un espace d\u2019exposition artistique\"}]},{\"@type\":\"WebSite\",\"@id\":\"https:\/\/beauxarts-cie.com\/consulting\/#website\",\"url\":\"https:\/\/beauxarts-cie.com\/consulting\/\",\"name\":\"Beaux Arts Consulting\",\"description\":\"Conseil en strat\u00e9gie, innovation et ing\u00e9nierie culturelle\",\"potentialAction\":[{\"@type\":\"SearchAction\",\"target\":{\"@type\":\"EntryPoint\",\"urlTemplate\":\"https:\/\/beauxarts-cie.com\/consulting\/?s={search_term_string}\"},\"query-input\":\"required name=search_term_string\"}],\"inLanguage\":\"fr-FR\"}]}<\/script>\n<!-- \/ Yoast SEO plugin. -->","yoast_head_json":{"title":"D\u00e9finition d\u2019un espace d\u2019exposition artistique - Beaux Arts Consulting","robots":{"index":"index","follow":"follow","max-snippet":"max-snippet:-1","max-image-preview":"max-image-preview:large","max-video-preview":"max-video-preview:-1"},"canonical":"https:\/\/beauxarts-cie.com\/consulting\/projets\/definition-dun-espace-dexposition-artistique\/","og_locale":"fr_FR","og_type":"article","og_title":"D\u00e9finition d\u2019un espace d\u2019exposition artistique - Beaux Arts Consulting","og_description":"Client : CONFIDENTIEL 2022Positionnement, mod\u00e9lisation \u00e9conomique, nouveaux publics Le contexte et ses enjeux : L&rsquo;une des plus vieilles maisons de champagne fran\u00e7aise est engag\u00e9e depuis sa cr\u00e9ation dans le soutien \u00e0 l\u2019art et \u00e0 la cr\u00e9ation contemporaine. Cet engagement se mat\u00e9rialise notamment par la commande de plusieurs \u0153uvres d&rsquo;art par an. L\u2019entreprise souhaitait toutefois aller [&hellip;]","og_url":"https:\/\/beauxarts-cie.com\/consulting\/projets\/definition-dun-espace-dexposition-artistique\/","og_site_name":"Beaux Arts Consulting","article_modified_time":"2024-07-08T12:22:35+00:00","og_image":[{"width":1707,"height":2560,"url":"https:\/\/beauxarts-cie.com\/consulting\/wp-content\/uploads\/sites\/3\/2024\/04\/bruno-thethe-Evp4iNF3DHQ-unsplash1-scaled.jpg","type":"image\/jpeg"}],"twitter_card":"summary_large_image","twitter_misc":{"Dur\u00e9e de lecture estim\u00e9e":"2 minutes"},"schema":{"@context":"https:\/\/schema.org","@graph":[{"@type":"WebPage","@id":"https:\/\/beauxarts-cie.com\/consulting\/projets\/definition-dun-espace-dexposition-artistique\/","url":"https:\/\/beauxarts-cie.com\/consulting\/projets\/definition-dun-espace-dexposition-artistique\/","name":"D\u00e9finition d\u2019un espace d\u2019exposition artistique - Beaux Arts Consulting","isPartOf":{"@id":"https:\/\/beauxarts-cie.com\/consulting\/#website"},"datePublished":"2024-05-27T11:33:44+00:00","dateModified":"2024-07-08T12:22:35+00:00","breadcrumb":{"@id":"https:\/\/beauxarts-cie.com\/consulting\/projets\/definition-dun-espace-dexposition-artistique\/#breadcrumb"},"inLanguage":"fr-FR","potentialAction":[{"@type":"ReadAction","target":["https:\/\/beauxarts-cie.com\/consulting\/projets\/definition-dun-espace-dexposition-artistique\/"]}]},{"@type":"BreadcrumbList","@id":"https:\/\/beauxarts-cie.com\/consulting\/projets\/definition-dun-espace-dexposition-artistique\/#breadcrumb","itemListElement":[{"@type":"ListItem","position":1,"name":"Projets","item":"https:\/\/beauxarts-cie.com\/consulting\/projets\/"},{"@type":"ListItem","position":2,"name":"D\u00e9finition d\u2019un espace d\u2019exposition artistique"}]},{"@type":"WebSite","@id":"https:\/\/beauxarts-cie.com\/consulting\/#website","url":"https:\/\/beauxarts-cie.com\/consulting\/","name":"Beaux Arts Consulting","description":"Conseil en strat\u00e9gie, innovation et ing\u00e9nierie culturelle","potentialAction":[{"@type":"SearchAction","target":{"@type":"EntryPoint","urlTemplate":"https:\/\/beauxarts-cie.com\/consulting\/?s={search_term_string}"},"query-input":"required name=search_term_string"}],"inLanguage":"fr-FR"}]}},"_links":{"self":[{"href":"https:\/\/beauxarts-cie.com\/consulting\/wp-json\/wp\/v2\/pages\/1136"}],"collection":[{"href":"https:\/\/beauxarts-cie.com\/consulting\/wp-json\/wp\/v2\/pages"}],"about":[{"href":"https:\/\/beauxarts-cie.com\/consulting\/wp-json\/wp\/v2\/types\/page"}],"author":[{"embeddable":true,"href":"https:\/\/beauxarts-cie.com\/consulting\/wp-json\/wp\/v2\/users\/12"}],"replies":[{"embeddable":true,"href":"https:\/\/beauxarts-cie.com\/consulting\/wp-json\/wp\/v2\/comments?post=1136"}],"version-history":[{"count":3,"href":"https:\/\/beauxarts-cie.com\/consulting\/wp-json\/wp\/v2\/pages\/1136\/revisions"}],"predecessor-version":[{"id":1285,"href":"https:\/\/beauxarts-cie.com\/consulting\/wp-json\/wp\/v2\/pages\/1136\/revisions\/1285"}],"up":[{"embeddable":true,"href":"https:\/\/beauxarts-cie.com\/consulting\/wp-json\/wp\/v2\/pages\/49"}],"wp:featuredmedia":[{"embeddable":true,"href":"https:\/\/beauxarts-cie.com\/consulting\/wp-json\/wp\/v2\/media\/1098"}],"wp:attachment":[{"href":"https:\/\/beauxarts-cie.com\/consulting\/wp-json\/wp\/v2\/media?parent=1136"}],"curies":[{"name":"wp","href":"https:\/\/api.w.org\/{rel}","templated":true}]}}