{"id":1139,"date":"2024-05-27T13:37:25","date_gmt":"2024-05-27T11:37:25","guid":{"rendered":"https:\/\/beauxarts-cie.com\/consulting\/?page_id=1139"},"modified":"2024-07-16T11:41:36","modified_gmt":"2024-07-16T09:41:36","slug":"liberty-art-award","status":"publish","type":"page","link":"https:\/\/beauxarts-cie.com\/consulting\/projets\/liberty-art-award\/","title":{"rendered":"Accompagnement \u00e0 la mise en place et \u00e0 la valorisation du Liberty Art Award pour les photographes \u00e9mergents"},"content":{"rendered":"\n<div class=\"wp-block-columns refId\">\n<div class=\"wp-block-column\">\n<h2 class=\"has-text-align-left\">Client : Liberty Specialty Markets<\/h2>\n<\/div>\n\n\n\n<div class=\"wp-block-column\">\n<p>Depuis septembre 2021<\/p>\n\n\n\n<p>Concours artistique, gestion de projet<\/p>\n<\/div>\n<\/div>\n\n\n\n<p><strong>Le contexte et ses enjeux :<\/strong><\/p>\n\n\n\n<p>Entreprise d\u2019assurance, Liberty Specialty Markets souhaite soutenir les artistes \u00e9mergents via le Liberty Art Award, un peux d\u00e9di\u00e9 aux photographes \u00e9mergents depuis 2021 (apr\u00e8s une \u00e9dition 2020 consacr\u00e9e \u00e0 l\u2019art num\u00e9rique). Chaque ann\u00e9e, l\u2019entreprise propose \u00e0 de jeunes photographes (en \u00e9coles ou en voie de professionnalisation) de cr\u00e9er \u00e0 partir d\u2019un th\u00e8me cl\u00e9 pour l\u2019entreprise : le risque en 2021-2022, les enjeux environnementaux en 2022-2023. Le ou la laur\u00e9at.e du concours remporte un prix de 3000 \u20ac ainsi qu\u2019un article dans Le Quotidien de l\u2019Art. Le concours s\u2019est d\u00e9roul\u00e9 en plusieurs phases : pr\u00e9-s\u00e9lection de dix artistes, vote populaire sur les r\u00e9seaux sociaux pour la d\u00e9signation de trois finalistes, organisation d\u2019un jury final.<\/p>\n\n\n\n<p><strong>Notre r\u00f4le :<\/strong><\/p>\n\n\n\n<p>Beaux Arts Consulting a accompagn\u00e9 Liberty Specialty Markets dans la mise en place des \u00e9ditions 2021-2022 et 2022-2023 du Liberty Art Award :<\/p>\n\n\n\n<ul><li>Suivi du calendrier et coordination g\u00e9n\u00e9rale du concours et des \u00e9changes entre les parties prenantes (Liberty, Beaux Arts &amp; Cie, artistes, membres du jury), <\/li><li>R\u00e9daction d\u2019un cahier des charges pour l\u2019appel \u00e0 candidatures, <\/li><li>Diffusion de l\u2019appel \u00e0 candidatures aupr\u00e8s des \u00e9coles d\u2019art et de photographie, de r\u00e9seaux de photographes \u00e9mergents, d\u2019institutions et dans Le Quotidien de l\u2019Art, <\/li><li>Accompagnement dans la pr\u00e9-s\u00e9lection des artistes et dans la s\u00e9lection du laur\u00e9at, <\/li><li>Constitution et animation du jury.<\/li><\/ul>\n\n\n\n<p><strong>Retomb\u00e9es et suites :<\/strong><\/p>\n\n\n\n<p>En trois ann\u00e9es d\u2019existence, le prix de photographie de Liberty Specialty Markets b\u00e9n\u00e9ficie d\u2019une reconnaissance croissante parmi les photographes \u00e9mergents et les \u00e9coles d\u2019art. Le prix a par ailleurs permis aux deux photographes laur\u00e9ates de b\u00e9n\u00e9ficier d\u2019un soutien financier \u00e0 leur pratique, mais \u00e9galement d\u2019un rayonnement accru via la r\u00e9alisation d\u2019un article dans le Quotidien de l\u2019Art (<a href=\"https:\/\/www.lequotidiendelart.com\/articles\/20972-le-liberty-art-award-%C3%A0-laura-miravet.html\">Article sur Laura Miravet -laur\u00e9ate 2021-2022<\/a> \/ <a href=\"https:\/\/www.lequotidiendelart.com\/articles\/23275-bianca-dacosta-laur%C3%A9ate-du-liberty-art-award.html\">Article sur Bianca DaCosta &#8211; laur\u00e9ate 2022\/2023<\/a>)<\/p>\n","protected":false},"excerpt":{"rendered":"<p>Client : Liberty Specialty Markets Depuis septembre 2021 Concours artistique, gestion de projet Le contexte et ses enjeux : Entreprise d\u2019assurance, Liberty Specialty Markets souhaite soutenir les artistes \u00e9mergents via le Liberty Art Award, un peux d\u00e9di\u00e9 aux photographes \u00e9mergents depuis 2021 (apr\u00e8s une \u00e9dition 2020 consacr\u00e9e \u00e0 l\u2019art num\u00e9rique). Chaque ann\u00e9e, l\u2019entreprise propose \u00e0 [&hellip;]<\/p>\n","protected":false},"author":12,"featured_media":964,"parent":49,"menu_order":0,"comment_status":"closed","ping_status":"closed","template":"tpl-page-child-reference.php","meta":[],"yoast_head":"<!-- This site is optimized with the Yoast SEO plugin v19.11 - https:\/\/yoast.com\/wordpress\/plugins\/seo\/ -->\n<title>Accompagnement \u00e0 la mise en place et \u00e0 la valorisation du Liberty Art Award pour les photographes \u00e9mergents - Beaux Arts Consulting<\/title>\n<meta name=\"robots\" content=\"index, follow, max-snippet:-1, max-image-preview:large, max-video-preview:-1\" \/>\n<link rel=\"canonical\" href=\"https:\/\/beauxarts-cie.com\/consulting\/projets\/liberty-art-award\/\" \/>\n<meta property=\"og:locale\" content=\"fr_FR\" \/>\n<meta property=\"og:type\" content=\"article\" \/>\n<meta property=\"og:title\" content=\"Accompagnement \u00e0 la mise en place et \u00e0 la valorisation du Liberty Art Award pour les photographes \u00e9mergents - Beaux Arts Consulting\" \/>\n<meta property=\"og:description\" content=\"Client : Liberty Specialty Markets Depuis septembre 2021 Concours artistique, gestion de projet Le contexte et ses enjeux : Entreprise d\u2019assurance, Liberty Specialty Markets souhaite soutenir les artistes \u00e9mergents via le Liberty Art Award, un peux d\u00e9di\u00e9 aux photographes \u00e9mergents depuis 2021 (apr\u00e8s une \u00e9dition 2020 consacr\u00e9e \u00e0 l\u2019art num\u00e9rique). Chaque ann\u00e9e, l\u2019entreprise propose \u00e0 [&hellip;]\" \/>\n<meta property=\"og:url\" content=\"https:\/\/beauxarts-cie.com\/consulting\/projets\/liberty-art-award\/\" \/>\n<meta property=\"og:site_name\" content=\"Beaux Arts Consulting\" \/>\n<meta property=\"article:modified_time\" content=\"2024-07-16T09:41:36+00:00\" \/>\n<meta property=\"og:image\" content=\"https:\/\/beauxarts-cie.com\/consulting\/wp-content\/uploads\/sites\/3\/2024\/04\/25231.jpg\" \/>\n\t<meta property=\"og:image:width\" content=\"1400\" \/>\n\t<meta property=\"og:image:height\" content=\"933\" \/>\n\t<meta property=\"og:image:type\" content=\"image\/jpeg\" \/>\n<meta name=\"twitter:card\" content=\"summary_large_image\" \/>\n<script type=\"application\/ld+json\" class=\"yoast-schema-graph\">{\"@context\":\"https:\/\/schema.org\",\"@graph\":[{\"@type\":\"WebPage\",\"@id\":\"https:\/\/beauxarts-cie.com\/consulting\/projets\/liberty-art-award\/\",\"url\":\"https:\/\/beauxarts-cie.com\/consulting\/projets\/liberty-art-award\/\",\"name\":\"Accompagnement \u00e0 la mise en place et \u00e0 la valorisation du Liberty Art Award pour les photographes \u00e9mergents - Beaux Arts Consulting\",\"isPartOf\":{\"@id\":\"https:\/\/beauxarts-cie.com\/consulting\/#website\"},\"datePublished\":\"2024-05-27T11:37:25+00:00\",\"dateModified\":\"2024-07-16T09:41:36+00:00\",\"breadcrumb\":{\"@id\":\"https:\/\/beauxarts-cie.com\/consulting\/projets\/liberty-art-award\/#breadcrumb\"},\"inLanguage\":\"fr-FR\",\"potentialAction\":[{\"@type\":\"ReadAction\",\"target\":[\"https:\/\/beauxarts-cie.com\/consulting\/projets\/liberty-art-award\/\"]}]},{\"@type\":\"BreadcrumbList\",\"@id\":\"https:\/\/beauxarts-cie.com\/consulting\/projets\/liberty-art-award\/#breadcrumb\",\"itemListElement\":[{\"@type\":\"ListItem\",\"position\":1,\"name\":\"Projets\",\"item\":\"https:\/\/beauxarts-cie.com\/consulting\/projets\/\"},{\"@type\":\"ListItem\",\"position\":2,\"name\":\"Accompagnement \u00e0 la mise en place et \u00e0 la valorisation du Liberty Art Award pour les photographes \u00e9mergents\"}]},{\"@type\":\"WebSite\",\"@id\":\"https:\/\/beauxarts-cie.com\/consulting\/#website\",\"url\":\"https:\/\/beauxarts-cie.com\/consulting\/\",\"name\":\"Beaux Arts Consulting\",\"description\":\"Conseil en strat\u00e9gie, innovation et ing\u00e9nierie culturelle\",\"potentialAction\":[{\"@type\":\"SearchAction\",\"target\":{\"@type\":\"EntryPoint\",\"urlTemplate\":\"https:\/\/beauxarts-cie.com\/consulting\/?s={search_term_string}\"},\"query-input\":\"required name=search_term_string\"}],\"inLanguage\":\"fr-FR\"}]}<\/script>\n<!-- \/ Yoast SEO plugin. -->","yoast_head_json":{"title":"Accompagnement \u00e0 la mise en place et \u00e0 la valorisation du Liberty Art Award pour les photographes \u00e9mergents - Beaux Arts Consulting","robots":{"index":"index","follow":"follow","max-snippet":"max-snippet:-1","max-image-preview":"max-image-preview:large","max-video-preview":"max-video-preview:-1"},"canonical":"https:\/\/beauxarts-cie.com\/consulting\/projets\/liberty-art-award\/","og_locale":"fr_FR","og_type":"article","og_title":"Accompagnement \u00e0 la mise en place et \u00e0 la valorisation du Liberty Art Award pour les photographes \u00e9mergents - Beaux Arts Consulting","og_description":"Client : Liberty Specialty Markets Depuis septembre 2021 Concours artistique, gestion de projet Le contexte et ses enjeux : Entreprise d\u2019assurance, Liberty Specialty Markets souhaite soutenir les artistes \u00e9mergents via le Liberty Art Award, un peux d\u00e9di\u00e9 aux photographes \u00e9mergents depuis 2021 (apr\u00e8s une \u00e9dition 2020 consacr\u00e9e \u00e0 l\u2019art num\u00e9rique). Chaque ann\u00e9e, l\u2019entreprise propose \u00e0 [&hellip;]","og_url":"https:\/\/beauxarts-cie.com\/consulting\/projets\/liberty-art-award\/","og_site_name":"Beaux Arts Consulting","article_modified_time":"2024-07-16T09:41:36+00:00","og_image":[{"width":1400,"height":933,"url":"https:\/\/beauxarts-cie.com\/consulting\/wp-content\/uploads\/sites\/3\/2024\/04\/25231.jpg","type":"image\/jpeg"}],"twitter_card":"summary_large_image","schema":{"@context":"https:\/\/schema.org","@graph":[{"@type":"WebPage","@id":"https:\/\/beauxarts-cie.com\/consulting\/projets\/liberty-art-award\/","url":"https:\/\/beauxarts-cie.com\/consulting\/projets\/liberty-art-award\/","name":"Accompagnement \u00e0 la mise en place et \u00e0 la valorisation du Liberty Art Award pour les photographes \u00e9mergents - Beaux Arts Consulting","isPartOf":{"@id":"https:\/\/beauxarts-cie.com\/consulting\/#website"},"datePublished":"2024-05-27T11:37:25+00:00","dateModified":"2024-07-16T09:41:36+00:00","breadcrumb":{"@id":"https:\/\/beauxarts-cie.com\/consulting\/projets\/liberty-art-award\/#breadcrumb"},"inLanguage":"fr-FR","potentialAction":[{"@type":"ReadAction","target":["https:\/\/beauxarts-cie.com\/consulting\/projets\/liberty-art-award\/"]}]},{"@type":"BreadcrumbList","@id":"https:\/\/beauxarts-cie.com\/consulting\/projets\/liberty-art-award\/#breadcrumb","itemListElement":[{"@type":"ListItem","position":1,"name":"Projets","item":"https:\/\/beauxarts-cie.com\/consulting\/projets\/"},{"@type":"ListItem","position":2,"name":"Accompagnement \u00e0 la mise en place et \u00e0 la valorisation du Liberty Art Award pour les photographes \u00e9mergents"}]},{"@type":"WebSite","@id":"https:\/\/beauxarts-cie.com\/consulting\/#website","url":"https:\/\/beauxarts-cie.com\/consulting\/","name":"Beaux Arts Consulting","description":"Conseil en strat\u00e9gie, innovation et ing\u00e9nierie culturelle","potentialAction":[{"@type":"SearchAction","target":{"@type":"EntryPoint","urlTemplate":"https:\/\/beauxarts-cie.com\/consulting\/?s={search_term_string}"},"query-input":"required name=search_term_string"}],"inLanguage":"fr-FR"}]}},"_links":{"self":[{"href":"https:\/\/beauxarts-cie.com\/consulting\/wp-json\/wp\/v2\/pages\/1139"}],"collection":[{"href":"https:\/\/beauxarts-cie.com\/consulting\/wp-json\/wp\/v2\/pages"}],"about":[{"href":"https:\/\/beauxarts-cie.com\/consulting\/wp-json\/wp\/v2\/types\/page"}],"author":[{"embeddable":true,"href":"https:\/\/beauxarts-cie.com\/consulting\/wp-json\/wp\/v2\/users\/12"}],"replies":[{"embeddable":true,"href":"https:\/\/beauxarts-cie.com\/consulting\/wp-json\/wp\/v2\/comments?post=1139"}],"version-history":[{"count":3,"href":"https:\/\/beauxarts-cie.com\/consulting\/wp-json\/wp\/v2\/pages\/1139\/revisions"}],"predecessor-version":[{"id":1460,"href":"https:\/\/beauxarts-cie.com\/consulting\/wp-json\/wp\/v2\/pages\/1139\/revisions\/1460"}],"up":[{"embeddable":true,"href":"https:\/\/beauxarts-cie.com\/consulting\/wp-json\/wp\/v2\/pages\/49"}],"wp:featuredmedia":[{"embeddable":true,"href":"https:\/\/beauxarts-cie.com\/consulting\/wp-json\/wp\/v2\/media\/964"}],"wp:attachment":[{"href":"https:\/\/beauxarts-cie.com\/consulting\/wp-json\/wp\/v2\/media?parent=1139"}],"curies":[{"name":"wp","href":"https:\/\/api.w.org\/{rel}","templated":true}]}}