{"id":1146,"date":"2024-05-27T13:52:26","date_gmt":"2024-05-27T11:52:26","guid":{"rendered":"https:\/\/beauxarts-cie.com\/consulting\/?page_id=1146"},"modified":"2024-05-27T15:10:29","modified_gmt":"2024-05-27T13:10:29","slug":"conception-dun-lieu-dinnovation-culturelle-et-sociale-de-5-000-m%c2%b2-dans-une-gare-du-grand-paris-express","status":"publish","type":"page","link":"https:\/\/beauxarts-cie.com\/consulting\/projets\/conception-dun-lieu-dinnovation-culturelle-et-sociale-de-5-000-m%c2%b2-dans-une-gare-du-grand-paris-express\/","title":{"rendered":"Conception d\u2019un lieu d\u2019innovation culturelle et sociale de 5 000 m\u00b2 dans une Gare du Grand Paris Express"},"content":{"rendered":"\n<div class=\"wp-block-columns refId\">\n<div class=\"wp-block-column\">\n<h2 class=\"has-text-align-left\">Client : ESSOR<\/h2>\n<\/div>\n\n\n\n<div class=\"wp-block-column\">\n<p>2022<br>Positionnement, mod\u00e9lisation \u00e9conomique, nouveaux publics, gestion de projet<\/p>\n<\/div>\n<\/div>\n\n\n\n<p><strong>Le contexte et ses enjeux :<\/strong><\/p>\n\n\n\n<p>La Soci\u00e9t\u00e9 du Grand Paris, en charge de l&rsquo;ensemble du projet de r\u00e9seau de m\u00e9tro, a lanc\u00e9 un appel \u00e0 projets pour l&rsquo;exploitation de la plus grande gare du Grand Paris, au sein d&rsquo;un b\u00e2timent de 5 000 m\u00b2 con\u00e7u par Kengo Kuma, afin d\u2019en faire un lieu d&rsquo;innovation culturelle et sociale.\u00a0 Dans ce cadre, le groupe immobilier Essor et la Fondation Art Explora ont souhait\u00e9 pr\u00e9senter une offre conjointe \u00ab\u00a0Pleyel en Mouvement\u00a0\u00bb. <\/p>\n\n\n\n<p><strong>Notre r\u00f4le :<\/strong><\/p>\n\n\n\n<p>Beaux Arts Consulting a accompagn\u00e9 le groupe immobilier Essor et la fondation Art Explora dans la conception des mod\u00e8les \u00e9conomiques et op\u00e9rationnels du projet, ainsi que dans la coordination des parties prenantes et des partenaires :<\/p>\n\n\n\n<ul><li>D\u00e9finition du concept, de la programmation, de la spatialisation des activit\u00e9s et des publics cibles, <\/li><li>\u00c9laboration du mod\u00e8le \u00e9conomique li\u00e9s au mix d\u2019activit\u00e9s envisag\u00e9 (hypoth\u00e8ses de co\u00fbts et revenus),<\/li><li>D\u00e9finition des moyens \u00e0 mettre en \u0153uvre, notamment l\u2019\u00e9quipe projet (partenaires financiers, \u00e9quipe d\u2019exploitation\u2026), et le calendrier d\u2019am\u00e9nagement et d\u2019activation du site,<\/li><li>Assistance \u00e0 la d\u00e9finition du montage juridique et la gouvernance de l\u2019op\u00e9ration<\/li><\/ul>\n\n\n\n<p><strong>Retomb\u00e9es et suites :<\/strong><\/p>\n\n\n\n<p>L&nbsp;\u2019accompagnement de Beaux Arts Consulting a permis la r\u00e9daction d\u2019un dossier de candidature pour l\u2019appel \u00e0 projet, dessinant les contours d\u2019un lieu de vie et de destination tenant compte du contexte urbain et social mais aussi architectural et technique, et disposant d\u2019un mod\u00e8le \u00e9conomique p\u00e9renne gr\u00e2ce \u00e0 l\u2019assemblage d\u2019activit\u00e9s culturelles, \u00e9v\u00e9nementielles et commerciales compl\u00e9mentaires.<\/p>\n\n\n\n<p>Suite \u00e0 cet accompagnement, le consortium s&rsquo;est vu attribuer le projet en janvier 2023.<\/p>\n","protected":false},"excerpt":{"rendered":"<p>Client : ESSOR 2022Positionnement, mod\u00e9lisation \u00e9conomique, nouveaux publics, gestion de projet Le contexte et ses enjeux : La Soci\u00e9t\u00e9 du Grand Paris, en charge de l&rsquo;ensemble du projet de r\u00e9seau de m\u00e9tro, a lanc\u00e9 un appel \u00e0 projets pour l&rsquo;exploitation de la plus grande gare du Grand Paris, au sein d&rsquo;un b\u00e2timent de 5 000 [&hellip;]<\/p>\n","protected":false},"author":12,"featured_media":1150,"parent":49,"menu_order":0,"comment_status":"closed","ping_status":"closed","template":"tpl-page-child-reference.php","meta":[],"yoast_head":"<!-- This site is optimized with the Yoast SEO plugin v19.11 - https:\/\/yoast.com\/wordpress\/plugins\/seo\/ -->\n<title>Conception d\u2019un lieu d\u2019innovation culturelle et sociale de 5 000 m\u00b2 dans une Gare du Grand Paris Express - Beaux Arts Consulting<\/title>\n<meta name=\"robots\" content=\"index, follow, max-snippet:-1, max-image-preview:large, max-video-preview:-1\" \/>\n<link rel=\"canonical\" href=\"https:\/\/beauxarts-cie.com\/consulting\/projets\/conception-dun-lieu-dinnovation-culturelle-et-sociale-de-5-000-m\u00b2-dans-une-gare-du-grand-paris-express\/\" \/>\n<meta property=\"og:locale\" content=\"fr_FR\" \/>\n<meta property=\"og:type\" content=\"article\" \/>\n<meta property=\"og:title\" content=\"Conception d\u2019un lieu d\u2019innovation culturelle et sociale de 5 000 m\u00b2 dans une Gare du Grand Paris Express - Beaux Arts Consulting\" \/>\n<meta property=\"og:description\" content=\"Client : ESSOR 2022Positionnement, mod\u00e9lisation \u00e9conomique, nouveaux publics, gestion de projet Le contexte et ses enjeux : La Soci\u00e9t\u00e9 du Grand Paris, en charge de l&rsquo;ensemble du projet de r\u00e9seau de m\u00e9tro, a lanc\u00e9 un appel \u00e0 projets pour l&rsquo;exploitation de la plus grande gare du Grand Paris, au sein d&rsquo;un b\u00e2timent de 5 000 [&hellip;]\" \/>\n<meta property=\"og:url\" content=\"https:\/\/beauxarts-cie.com\/consulting\/projets\/conception-dun-lieu-dinnovation-culturelle-et-sociale-de-5-000-m\u00b2-dans-une-gare-du-grand-paris-express\/\" \/>\n<meta property=\"og:site_name\" content=\"Beaux Arts Consulting\" \/>\n<meta property=\"article:modified_time\" content=\"2024-05-27T13:10:29+00:00\" \/>\n<meta property=\"og:image\" content=\"https:\/\/beauxarts-cie.com\/consulting\/wp-content\/uploads\/sites\/3\/2024\/05\/22494.jpg\" \/>\n\t<meta property=\"og:image:width\" content=\"2486\" \/>\n\t<meta property=\"og:image:height\" content=\"1772\" \/>\n\t<meta property=\"og:image:type\" content=\"image\/jpeg\" \/>\n<meta name=\"twitter:card\" content=\"summary_large_image\" \/>\n<meta name=\"twitter:label1\" content=\"Dur\u00e9e de lecture estim\u00e9e\" \/>\n\t<meta name=\"twitter:data1\" content=\"2 minutes\" \/>\n<script type=\"application\/ld+json\" class=\"yoast-schema-graph\">{\"@context\":\"https:\/\/schema.org\",\"@graph\":[{\"@type\":\"WebPage\",\"@id\":\"https:\/\/beauxarts-cie.com\/consulting\/projets\/conception-dun-lieu-dinnovation-culturelle-et-sociale-de-5-000-m%c2%b2-dans-une-gare-du-grand-paris-express\/\",\"url\":\"https:\/\/beauxarts-cie.com\/consulting\/projets\/conception-dun-lieu-dinnovation-culturelle-et-sociale-de-5-000-m%c2%b2-dans-une-gare-du-grand-paris-express\/\",\"name\":\"Conception d\u2019un lieu d\u2019innovation culturelle et sociale de 5 000 m\u00b2 dans une Gare du Grand Paris Express - Beaux Arts Consulting\",\"isPartOf\":{\"@id\":\"https:\/\/beauxarts-cie.com\/consulting\/#website\"},\"datePublished\":\"2024-05-27T11:52:26+00:00\",\"dateModified\":\"2024-05-27T13:10:29+00:00\",\"breadcrumb\":{\"@id\":\"https:\/\/beauxarts-cie.com\/consulting\/projets\/conception-dun-lieu-dinnovation-culturelle-et-sociale-de-5-000-m%c2%b2-dans-une-gare-du-grand-paris-express\/#breadcrumb\"},\"inLanguage\":\"fr-FR\",\"potentialAction\":[{\"@type\":\"ReadAction\",\"target\":[\"https:\/\/beauxarts-cie.com\/consulting\/projets\/conception-dun-lieu-dinnovation-culturelle-et-sociale-de-5-000-m%c2%b2-dans-une-gare-du-grand-paris-express\/\"]}]},{\"@type\":\"BreadcrumbList\",\"@id\":\"https:\/\/beauxarts-cie.com\/consulting\/projets\/conception-dun-lieu-dinnovation-culturelle-et-sociale-de-5-000-m%c2%b2-dans-une-gare-du-grand-paris-express\/#breadcrumb\",\"itemListElement\":[{\"@type\":\"ListItem\",\"position\":1,\"name\":\"Projets\",\"item\":\"https:\/\/beauxarts-cie.com\/consulting\/projets\/\"},{\"@type\":\"ListItem\",\"position\":2,\"name\":\"Conception d\u2019un lieu d\u2019innovation culturelle et sociale de 5 000 m\u00b2 dans une Gare du Grand Paris Express\"}]},{\"@type\":\"WebSite\",\"@id\":\"https:\/\/beauxarts-cie.com\/consulting\/#website\",\"url\":\"https:\/\/beauxarts-cie.com\/consulting\/\",\"name\":\"Beaux Arts Consulting\",\"description\":\"Conseil en strat\u00e9gie, innovation et ing\u00e9nierie culturelle\",\"potentialAction\":[{\"@type\":\"SearchAction\",\"target\":{\"@type\":\"EntryPoint\",\"urlTemplate\":\"https:\/\/beauxarts-cie.com\/consulting\/?s={search_term_string}\"},\"query-input\":\"required name=search_term_string\"}],\"inLanguage\":\"fr-FR\"}]}<\/script>\n<!-- \/ Yoast SEO plugin. -->","yoast_head_json":{"title":"Conception d\u2019un lieu d\u2019innovation culturelle et sociale de 5 000 m\u00b2 dans une Gare du Grand Paris Express - Beaux Arts Consulting","robots":{"index":"index","follow":"follow","max-snippet":"max-snippet:-1","max-image-preview":"max-image-preview:large","max-video-preview":"max-video-preview:-1"},"canonical":"https:\/\/beauxarts-cie.com\/consulting\/projets\/conception-dun-lieu-dinnovation-culturelle-et-sociale-de-5-000-m\u00b2-dans-une-gare-du-grand-paris-express\/","og_locale":"fr_FR","og_type":"article","og_title":"Conception d\u2019un lieu d\u2019innovation culturelle et sociale de 5 000 m\u00b2 dans une Gare du Grand Paris Express - Beaux Arts Consulting","og_description":"Client : ESSOR 2022Positionnement, mod\u00e9lisation \u00e9conomique, nouveaux publics, gestion de projet Le contexte et ses enjeux : La Soci\u00e9t\u00e9 du Grand Paris, en charge de l&rsquo;ensemble du projet de r\u00e9seau de m\u00e9tro, a lanc\u00e9 un appel \u00e0 projets pour l&rsquo;exploitation de la plus grande gare du Grand Paris, au sein d&rsquo;un b\u00e2timent de 5 000 [&hellip;]","og_url":"https:\/\/beauxarts-cie.com\/consulting\/projets\/conception-dun-lieu-dinnovation-culturelle-et-sociale-de-5-000-m\u00b2-dans-une-gare-du-grand-paris-express\/","og_site_name":"Beaux Arts Consulting","article_modified_time":"2024-05-27T13:10:29+00:00","og_image":[{"width":2486,"height":1772,"url":"https:\/\/beauxarts-cie.com\/consulting\/wp-content\/uploads\/sites\/3\/2024\/05\/22494.jpg","type":"image\/jpeg"}],"twitter_card":"summary_large_image","twitter_misc":{"Dur\u00e9e de lecture estim\u00e9e":"2 minutes"},"schema":{"@context":"https:\/\/schema.org","@graph":[{"@type":"WebPage","@id":"https:\/\/beauxarts-cie.com\/consulting\/projets\/conception-dun-lieu-dinnovation-culturelle-et-sociale-de-5-000-m%c2%b2-dans-une-gare-du-grand-paris-express\/","url":"https:\/\/beauxarts-cie.com\/consulting\/projets\/conception-dun-lieu-dinnovation-culturelle-et-sociale-de-5-000-m%c2%b2-dans-une-gare-du-grand-paris-express\/","name":"Conception d\u2019un lieu d\u2019innovation culturelle et sociale de 5 000 m\u00b2 dans une Gare du Grand Paris Express - Beaux Arts Consulting","isPartOf":{"@id":"https:\/\/beauxarts-cie.com\/consulting\/#website"},"datePublished":"2024-05-27T11:52:26+00:00","dateModified":"2024-05-27T13:10:29+00:00","breadcrumb":{"@id":"https:\/\/beauxarts-cie.com\/consulting\/projets\/conception-dun-lieu-dinnovation-culturelle-et-sociale-de-5-000-m%c2%b2-dans-une-gare-du-grand-paris-express\/#breadcrumb"},"inLanguage":"fr-FR","potentialAction":[{"@type":"ReadAction","target":["https:\/\/beauxarts-cie.com\/consulting\/projets\/conception-dun-lieu-dinnovation-culturelle-et-sociale-de-5-000-m%c2%b2-dans-une-gare-du-grand-paris-express\/"]}]},{"@type":"BreadcrumbList","@id":"https:\/\/beauxarts-cie.com\/consulting\/projets\/conception-dun-lieu-dinnovation-culturelle-et-sociale-de-5-000-m%c2%b2-dans-une-gare-du-grand-paris-express\/#breadcrumb","itemListElement":[{"@type":"ListItem","position":1,"name":"Projets","item":"https:\/\/beauxarts-cie.com\/consulting\/projets\/"},{"@type":"ListItem","position":2,"name":"Conception d\u2019un lieu d\u2019innovation culturelle et sociale de 5 000 m\u00b2 dans une Gare du Grand Paris Express"}]},{"@type":"WebSite","@id":"https:\/\/beauxarts-cie.com\/consulting\/#website","url":"https:\/\/beauxarts-cie.com\/consulting\/","name":"Beaux Arts Consulting","description":"Conseil en strat\u00e9gie, innovation et ing\u00e9nierie culturelle","potentialAction":[{"@type":"SearchAction","target":{"@type":"EntryPoint","urlTemplate":"https:\/\/beauxarts-cie.com\/consulting\/?s={search_term_string}"},"query-input":"required name=search_term_string"}],"inLanguage":"fr-FR"}]}},"_links":{"self":[{"href":"https:\/\/beauxarts-cie.com\/consulting\/wp-json\/wp\/v2\/pages\/1146"}],"collection":[{"href":"https:\/\/beauxarts-cie.com\/consulting\/wp-json\/wp\/v2\/pages"}],"about":[{"href":"https:\/\/beauxarts-cie.com\/consulting\/wp-json\/wp\/v2\/types\/page"}],"author":[{"embeddable":true,"href":"https:\/\/beauxarts-cie.com\/consulting\/wp-json\/wp\/v2\/users\/12"}],"replies":[{"embeddable":true,"href":"https:\/\/beauxarts-cie.com\/consulting\/wp-json\/wp\/v2\/comments?post=1146"}],"version-history":[{"count":2,"href":"https:\/\/beauxarts-cie.com\/consulting\/wp-json\/wp\/v2\/pages\/1146\/revisions"}],"predecessor-version":[{"id":1281,"href":"https:\/\/beauxarts-cie.com\/consulting\/wp-json\/wp\/v2\/pages\/1146\/revisions\/1281"}],"up":[{"embeddable":true,"href":"https:\/\/beauxarts-cie.com\/consulting\/wp-json\/wp\/v2\/pages\/49"}],"wp:featuredmedia":[{"embeddable":true,"href":"https:\/\/beauxarts-cie.com\/consulting\/wp-json\/wp\/v2\/media\/1150"}],"wp:attachment":[{"href":"https:\/\/beauxarts-cie.com\/consulting\/wp-json\/wp\/v2\/media?parent=1146"}],"curies":[{"name":"wp","href":"https:\/\/api.w.org\/{rel}","templated":true}]}}