{"id":1154,"date":"2024-05-27T15:22:36","date_gmt":"2024-05-27T13:22:36","guid":{"rendered":"https:\/\/beauxarts-cie.com\/consulting\/?page_id=1154"},"modified":"2024-07-09T12:23:56","modified_gmt":"2024-07-09T10:23:56","slug":"mise-en-place-suivi-et-valorisation-de-residences-dartistes-en-entreprises","status":"publish","type":"page","link":"https:\/\/beauxarts-cie.com\/consulting\/projets\/mise-en-place-suivi-et-valorisation-de-residences-dartistes-en-entreprises\/","title":{"rendered":"Mise en place, suivi et valorisation de r\u00e9sidences d\u2019artistes en entreprises"},"content":{"rendered":"\n<div class=\"wp-block-columns refId\">\n<div class=\"wp-block-column\">\n<h2 class=\"has-text-align-left\">Client : Paris-\u00cele de France Capitale Economique<\/h2>\n<\/div>\n\n\n\n<div class=\"wp-block-column\">\n<p>Depuis 2022, en cours<br>Cr\u00e9ation de r\u00e9sidences artistiques, gestion de projet<\/p>\n<\/div>\n<\/div>\n\n\n\n<p><strong>Le contexte et ses enjeux :<\/strong><\/p>\n\n\n\n<p>L\u2019association Paris \u00cele-de-France Capitale Economique (PCE) est en charge du rayonnement et de l\u2019attractivit\u00e9 internationale du Grand Paris, et r\u00e9unit plus de 50 entreprises majeures de la r\u00e9gion. Elle cherche \u00e0 explorer et valoriser le r\u00f4le de l\u2019art et de la culture dans le Grand Paris, notamment au regard de l\u2019attractivit\u00e9, de la vitalit\u00e9 et de la capacit\u00e9 d\u2019innovation du territoire. Dans ce contexte, elle met en place avec le soutien de la DRAC \u00cele-de-France et l\u2019accompagnement op\u00e9rationnel de Beaux Arts Consulting \u00ab&nbsp;MAGNET&nbsp;\u00bb, un programme-action comprenant la r\u00e9daction d\u2019une \u00e9tude, l\u2019organisation de rencontres sur le sujet et la mise en place de r\u00e9sidences d\u2019artistes en entreprises et visant \u00e0 cr\u00e9er un dialogue f\u00e9cond entre le monde de l\u2019art et celui de l\u2019entreprise.<\/p>\n\n\n\n<p><strong>Notre r\u00f4le :<\/strong><\/p>\n\n\n\n<p>Beaux Arts Consulting a accompagn\u00e9 Paris-\u00cele de France Capitale Economique dans la mise en place et le suivi d\u2019une quinzaine de r\u00e9sidences d\u2019artistes au sein d\u2019entreprises du Grand Paris :<\/p>\n\n\n\n<ul><li>Cadrage du projet et r\u00e9daction de l\u2019appel \u00e0 candidatures, en coop\u00e9ration avec la direction de PCE et la DRAC \u00cele-de-France, <\/li><li>Diffusion de l\u2019appel \u00e0 candidatures aupr\u00e8s des r\u00e9seaux artistiques et accompagnement \u00e0 la s\u00e9lection des artistes, <\/li><li>Constitution des r\u00e9sidences : proposition d\u2019associations en fonction des enjeux des artistes et des entreprises,<\/li><li>Gestion de la contractualisation des r\u00e9sidences : r\u00e9daction du contrat-type et accompagnement \u00e0 la contractualisation,<\/li><li>Suivi des r\u00e9sidences : suivi budg\u00e9taire, des plannings, de l\u2019ex\u00e9cution du contrat et des temps forts \u00e9v\u00e9nementiels, r\u00e9ponses quotidiennes aux sollicitations des artistes et des entreprises, <\/li><li>Accompagnement \u00e0 la communication autour du programme : kit de communication, r\u00e9alisation de vid\u00e9os, participation \u00e0 l\u2019organisation d\u2019un \u00e9v\u00e9nement de restitution des r\u00e9sidences, participation \u00e0 la conception de l\u2019identit\u00e9 visuelle.\u00a0<\/li><\/ul>\n\n\n\n<p><strong>Retomb\u00e9es et suites :<\/strong><\/p>\n\n\n\n<p>L\u2019accompagnement de Beaux Arts Consulting a permis la mise en place de quinze r\u00e9sidences tr\u00e8s diverses dans leurs objectifs et leurs finalit\u00e9s, mais permettant toutes de cr\u00e9er un dialogue entre l\u2019artiste et l\u2019entreprise accueillante. Des vid\u00e9os de restitution des r\u00e9sidences sont disponibles sur la <a href=\"https:\/\/www.linkedin.com\/company\/paris-capitale-economique\/posts\/?feedView=all\">page LinkedIn de Paris-\u00cele de France Capitale Economique<\/a>. Apr\u00e8s une premi\u00e8re \u00e9dition r\u00e9ussie, le programme est reconduit pour l\u2019ann\u00e9e 2023-2024.<\/p>\n\n\n\n<p><\/p>\n","protected":false},"excerpt":{"rendered":"<p>Client : Paris-\u00cele de France Capitale Economique Depuis 2022, en coursCr\u00e9ation de r\u00e9sidences artistiques, gestion de projet Le contexte et ses enjeux : L\u2019association Paris \u00cele-de-France Capitale Economique (PCE) est en charge du rayonnement et de l\u2019attractivit\u00e9 internationale du Grand Paris, et r\u00e9unit plus de 50 entreprises majeures de la r\u00e9gion. Elle cherche \u00e0 explorer [&hellip;]<\/p>\n","protected":false},"author":12,"featured_media":1007,"parent":49,"menu_order":0,"comment_status":"closed","ping_status":"closed","template":"tpl-page-child-reference.php","meta":[],"yoast_head":"<!-- This site is optimized with the Yoast SEO plugin v19.11 - https:\/\/yoast.com\/wordpress\/plugins\/seo\/ -->\n<title>Mise en place, suivi et valorisation de r\u00e9sidences d\u2019artistes en entreprises - Beaux Arts Consulting<\/title>\n<meta name=\"robots\" content=\"index, follow, max-snippet:-1, max-image-preview:large, max-video-preview:-1\" \/>\n<link rel=\"canonical\" href=\"https:\/\/beauxarts-cie.com\/consulting\/projets\/mise-en-place-suivi-et-valorisation-de-residences-dartistes-en-entreprises\/\" \/>\n<meta property=\"og:locale\" content=\"fr_FR\" \/>\n<meta property=\"og:type\" content=\"article\" \/>\n<meta property=\"og:title\" content=\"Mise en place, suivi et valorisation de r\u00e9sidences d\u2019artistes en entreprises - Beaux Arts Consulting\" \/>\n<meta property=\"og:description\" content=\"Client : Paris-\u00cele de France Capitale Economique Depuis 2022, en coursCr\u00e9ation de r\u00e9sidences artistiques, gestion de projet Le contexte et ses enjeux : L\u2019association Paris \u00cele-de-France Capitale Economique (PCE) est en charge du rayonnement et de l\u2019attractivit\u00e9 internationale du Grand Paris, et r\u00e9unit plus de 50 entreprises majeures de la r\u00e9gion. Elle cherche \u00e0 explorer [&hellip;]\" \/>\n<meta property=\"og:url\" content=\"https:\/\/beauxarts-cie.com\/consulting\/projets\/mise-en-place-suivi-et-valorisation-de-residences-dartistes-en-entreprises\/\" \/>\n<meta property=\"og:site_name\" content=\"Beaux Arts Consulting\" \/>\n<meta property=\"article:modified_time\" content=\"2024-07-09T10:23:56+00:00\" \/>\n<meta property=\"og:image\" content=\"https:\/\/beauxarts-cie.com\/consulting\/wp-content\/uploads\/sites\/3\/2024\/04\/1701417347756-edited-1.jpg\" \/>\n\t<meta property=\"og:image:width\" content=\"1200\" \/>\n\t<meta property=\"og:image:height\" content=\"675\" \/>\n\t<meta property=\"og:image:type\" content=\"image\/jpeg\" \/>\n<meta name=\"twitter:card\" content=\"summary_large_image\" \/>\n<meta name=\"twitter:label1\" content=\"Dur\u00e9e de lecture estim\u00e9e\" \/>\n\t<meta name=\"twitter:data1\" content=\"2 minutes\" \/>\n<script type=\"application\/ld+json\" class=\"yoast-schema-graph\">{\"@context\":\"https:\/\/schema.org\",\"@graph\":[{\"@type\":\"WebPage\",\"@id\":\"https:\/\/beauxarts-cie.com\/consulting\/projets\/mise-en-place-suivi-et-valorisation-de-residences-dartistes-en-entreprises\/\",\"url\":\"https:\/\/beauxarts-cie.com\/consulting\/projets\/mise-en-place-suivi-et-valorisation-de-residences-dartistes-en-entreprises\/\",\"name\":\"Mise en place, suivi et valorisation de r\u00e9sidences d\u2019artistes en entreprises - Beaux Arts Consulting\",\"isPartOf\":{\"@id\":\"https:\/\/beauxarts-cie.com\/consulting\/#website\"},\"datePublished\":\"2024-05-27T13:22:36+00:00\",\"dateModified\":\"2024-07-09T10:23:56+00:00\",\"breadcrumb\":{\"@id\":\"https:\/\/beauxarts-cie.com\/consulting\/projets\/mise-en-place-suivi-et-valorisation-de-residences-dartistes-en-entreprises\/#breadcrumb\"},\"inLanguage\":\"fr-FR\",\"potentialAction\":[{\"@type\":\"ReadAction\",\"target\":[\"https:\/\/beauxarts-cie.com\/consulting\/projets\/mise-en-place-suivi-et-valorisation-de-residences-dartistes-en-entreprises\/\"]}]},{\"@type\":\"BreadcrumbList\",\"@id\":\"https:\/\/beauxarts-cie.com\/consulting\/projets\/mise-en-place-suivi-et-valorisation-de-residences-dartistes-en-entreprises\/#breadcrumb\",\"itemListElement\":[{\"@type\":\"ListItem\",\"position\":1,\"name\":\"Projets\",\"item\":\"https:\/\/beauxarts-cie.com\/consulting\/projets\/\"},{\"@type\":\"ListItem\",\"position\":2,\"name\":\"Mise en place, suivi et valorisation de r\u00e9sidences d\u2019artistes en entreprises\"}]},{\"@type\":\"WebSite\",\"@id\":\"https:\/\/beauxarts-cie.com\/consulting\/#website\",\"url\":\"https:\/\/beauxarts-cie.com\/consulting\/\",\"name\":\"Beaux Arts Consulting\",\"description\":\"Conseil en strat\u00e9gie, innovation et ing\u00e9nierie culturelle\",\"potentialAction\":[{\"@type\":\"SearchAction\",\"target\":{\"@type\":\"EntryPoint\",\"urlTemplate\":\"https:\/\/beauxarts-cie.com\/consulting\/?s={search_term_string}\"},\"query-input\":\"required name=search_term_string\"}],\"inLanguage\":\"fr-FR\"}]}<\/script>\n<!-- \/ Yoast SEO plugin. -->","yoast_head_json":{"title":"Mise en place, suivi et valorisation de r\u00e9sidences d\u2019artistes en entreprises - Beaux Arts Consulting","robots":{"index":"index","follow":"follow","max-snippet":"max-snippet:-1","max-image-preview":"max-image-preview:large","max-video-preview":"max-video-preview:-1"},"canonical":"https:\/\/beauxarts-cie.com\/consulting\/projets\/mise-en-place-suivi-et-valorisation-de-residences-dartistes-en-entreprises\/","og_locale":"fr_FR","og_type":"article","og_title":"Mise en place, suivi et valorisation de r\u00e9sidences d\u2019artistes en entreprises - Beaux Arts Consulting","og_description":"Client : Paris-\u00cele de France Capitale Economique Depuis 2022, en coursCr\u00e9ation de r\u00e9sidences artistiques, gestion de projet Le contexte et ses enjeux : L\u2019association Paris \u00cele-de-France Capitale Economique (PCE) est en charge du rayonnement et de l\u2019attractivit\u00e9 internationale du Grand Paris, et r\u00e9unit plus de 50 entreprises majeures de la r\u00e9gion. Elle cherche \u00e0 explorer [&hellip;]","og_url":"https:\/\/beauxarts-cie.com\/consulting\/projets\/mise-en-place-suivi-et-valorisation-de-residences-dartistes-en-entreprises\/","og_site_name":"Beaux Arts Consulting","article_modified_time":"2024-07-09T10:23:56+00:00","og_image":[{"width":1200,"height":675,"url":"https:\/\/beauxarts-cie.com\/consulting\/wp-content\/uploads\/sites\/3\/2024\/04\/1701417347756-edited-1.jpg","type":"image\/jpeg"}],"twitter_card":"summary_large_image","twitter_misc":{"Dur\u00e9e de lecture estim\u00e9e":"2 minutes"},"schema":{"@context":"https:\/\/schema.org","@graph":[{"@type":"WebPage","@id":"https:\/\/beauxarts-cie.com\/consulting\/projets\/mise-en-place-suivi-et-valorisation-de-residences-dartistes-en-entreprises\/","url":"https:\/\/beauxarts-cie.com\/consulting\/projets\/mise-en-place-suivi-et-valorisation-de-residences-dartistes-en-entreprises\/","name":"Mise en place, suivi et valorisation de r\u00e9sidences d\u2019artistes en entreprises - Beaux Arts Consulting","isPartOf":{"@id":"https:\/\/beauxarts-cie.com\/consulting\/#website"},"datePublished":"2024-05-27T13:22:36+00:00","dateModified":"2024-07-09T10:23:56+00:00","breadcrumb":{"@id":"https:\/\/beauxarts-cie.com\/consulting\/projets\/mise-en-place-suivi-et-valorisation-de-residences-dartistes-en-entreprises\/#breadcrumb"},"inLanguage":"fr-FR","potentialAction":[{"@type":"ReadAction","target":["https:\/\/beauxarts-cie.com\/consulting\/projets\/mise-en-place-suivi-et-valorisation-de-residences-dartistes-en-entreprises\/"]}]},{"@type":"BreadcrumbList","@id":"https:\/\/beauxarts-cie.com\/consulting\/projets\/mise-en-place-suivi-et-valorisation-de-residences-dartistes-en-entreprises\/#breadcrumb","itemListElement":[{"@type":"ListItem","position":1,"name":"Projets","item":"https:\/\/beauxarts-cie.com\/consulting\/projets\/"},{"@type":"ListItem","position":2,"name":"Mise en place, suivi et valorisation de r\u00e9sidences d\u2019artistes en entreprises"}]},{"@type":"WebSite","@id":"https:\/\/beauxarts-cie.com\/consulting\/#website","url":"https:\/\/beauxarts-cie.com\/consulting\/","name":"Beaux Arts Consulting","description":"Conseil en strat\u00e9gie, innovation et ing\u00e9nierie culturelle","potentialAction":[{"@type":"SearchAction","target":{"@type":"EntryPoint","urlTemplate":"https:\/\/beauxarts-cie.com\/consulting\/?s={search_term_string}"},"query-input":"required name=search_term_string"}],"inLanguage":"fr-FR"}]}},"_links":{"self":[{"href":"https:\/\/beauxarts-cie.com\/consulting\/wp-json\/wp\/v2\/pages\/1154"}],"collection":[{"href":"https:\/\/beauxarts-cie.com\/consulting\/wp-json\/wp\/v2\/pages"}],"about":[{"href":"https:\/\/beauxarts-cie.com\/consulting\/wp-json\/wp\/v2\/types\/page"}],"author":[{"embeddable":true,"href":"https:\/\/beauxarts-cie.com\/consulting\/wp-json\/wp\/v2\/users\/12"}],"replies":[{"embeddable":true,"href":"https:\/\/beauxarts-cie.com\/consulting\/wp-json\/wp\/v2\/comments?post=1154"}],"version-history":[{"count":2,"href":"https:\/\/beauxarts-cie.com\/consulting\/wp-json\/wp\/v2\/pages\/1154\/revisions"}],"predecessor-version":[{"id":1321,"href":"https:\/\/beauxarts-cie.com\/consulting\/wp-json\/wp\/v2\/pages\/1154\/revisions\/1321"}],"up":[{"embeddable":true,"href":"https:\/\/beauxarts-cie.com\/consulting\/wp-json\/wp\/v2\/pages\/49"}],"wp:featuredmedia":[{"embeddable":true,"href":"https:\/\/beauxarts-cie.com\/consulting\/wp-json\/wp\/v2\/media\/1007"}],"wp:attachment":[{"href":"https:\/\/beauxarts-cie.com\/consulting\/wp-json\/wp\/v2\/media?parent=1154"}],"curies":[{"name":"wp","href":"https:\/\/api.w.org\/{rel}","templated":true}]}}