{"id":1160,"date":"2024-05-27T15:33:17","date_gmt":"2024-05-27T13:33:17","guid":{"rendered":"https:\/\/beauxarts-cie.com\/consulting\/?page_id=1160"},"modified":"2024-07-09T12:51:50","modified_gmt":"2024-07-09T10:51:50","slug":"accompagnement-de-la-philharmonie-des-enfants-dans-la-definition-de-sa-strategie-de-developpement-a-linternational","status":"publish","type":"page","link":"https:\/\/beauxarts-cie.com\/consulting\/projets\/accompagnement-de-la-philharmonie-des-enfants-dans-la-definition-de-sa-strategie-de-developpement-a-linternational\/","title":{"rendered":"Accompagnement de la Philharmonie des enfants dans la d\u00e9finition de sa strat\u00e9gie de d\u00e9veloppement \u00e0 l&rsquo;international"},"content":{"rendered":"\n<div class=\"wp-block-columns refId\">\n<div class=\"wp-block-column\">\n<h2 class=\"has-text-align-left\">Client : <strong>Philharmonie des enfants<\/strong><\/h2>\n<\/div>\n\n\n\n<div class=\"wp-block-column\">\n<p>2023<br>Strat\u00e9gie de d\u00e9veloppement \u00e0 l&rsquo;\u00e9tranger<\/p>\n<\/div>\n<\/div>\n\n\n\n<p><strong>Le contexte et ses enjeux :<\/strong><\/p>\n\n\n\n<p>Face au besoin de valoriser ses activit\u00e9s pour compenser l\u2019investissement initial de sa cr\u00e9ation, la Philharmonie des enfants, filiale de la Philharmonie de Paris, a sollicit\u00e9 l\u2019accompagnement de Beaux Arts Consulting pour la consolidation de sa strat\u00e9gie commerciale, notamment pour des d\u00e9veloppements \u00e0 l\u2019international.<\/p>\n\n\n\n<p><strong>Notre r\u00f4le :<\/strong><\/p>\n\n\n\n<p>Beaux Arts Consulting a accompagn\u00e9 la Philharmonie des enfants dans une r\u00e9flexion sur la structuration et les modalit\u00e9s de la valorisation de ses produits culturels de r\u00e9f\u00e9rence, en France et \u00e0 l&rsquo;\u00e9tranger :<\/p>\n\n\n\n<ul><li>D\u00e9finir les march\u00e9s cibles et leur potentiel au regard de l\u2019offre de la Philharmonie des enfants (benchmark, fiches pays),<\/li><li>Identifier les formats de produits culturels pertinents pour l\u2019export (ing\u00e9nierie culturelle, formations, s\u00e9minaires, \u2026) en compl\u00e9ment de ses offres de dispositifs ludo-\u00e9ducatifs permanents,<\/li><li>Concevoir le positionnement et le mod\u00e8le \u00e9conomique des produits culturels pr\u00e9conis\u00e9s, et les modalit\u00e9s organisationnelles, financi\u00e8res et juridiques de mises en \u0153uvre.<\/li><\/ul>\n\n\n\n<p><strong>Retomb\u00e9es et suites :<\/strong><\/p>\n\n\n\n<p>Ce travail a conduit \u00e0 la d\u00e9finition d\u2019une offre de produits culturels, d\u2019un zonage g\u00e9ographique privil\u00e9gi\u00e9 pour la prospection et \u00e0 l\u2019\u00e9laboration d\u2019un processus de commercialisation cl\u00e9-en-main.<\/p>\n\n\n\n<p><\/p>\n","protected":false},"excerpt":{"rendered":"<p>Client : Philharmonie des enfants 2023Strat\u00e9gie de d\u00e9veloppement \u00e0 l&rsquo;\u00e9tranger Le contexte et ses enjeux : Face au besoin de valoriser ses activit\u00e9s pour compenser l\u2019investissement initial de sa cr\u00e9ation, la Philharmonie des enfants, filiale de la Philharmonie de Paris, a sollicit\u00e9 l\u2019accompagnement de Beaux Arts Consulting pour la consolidation de sa strat\u00e9gie commerciale, notamment [&hellip;]<\/p>\n","protected":false},"author":12,"featured_media":991,"parent":49,"menu_order":0,"comment_status":"closed","ping_status":"closed","template":"tpl-page-child-reference.php","meta":[],"yoast_head":"<!-- This site is optimized with the Yoast SEO plugin v19.11 - https:\/\/yoast.com\/wordpress\/plugins\/seo\/ -->\n<title>Accompagnement de la Philharmonie des enfants dans la d\u00e9finition de sa strat\u00e9gie de d\u00e9veloppement \u00e0 l&#039;international - Beaux Arts Consulting<\/title>\n<meta name=\"robots\" content=\"index, follow, max-snippet:-1, max-image-preview:large, max-video-preview:-1\" \/>\n<link rel=\"canonical\" href=\"https:\/\/beauxarts-cie.com\/consulting\/projets\/accompagnement-de-la-philharmonie-des-enfants-dans-la-definition-de-sa-strategie-de-developpement-a-linternational\/\" \/>\n<meta property=\"og:locale\" content=\"fr_FR\" \/>\n<meta property=\"og:type\" content=\"article\" \/>\n<meta property=\"og:title\" content=\"Accompagnement de la Philharmonie des enfants dans la d\u00e9finition de sa strat\u00e9gie de d\u00e9veloppement \u00e0 l&#039;international - Beaux Arts Consulting\" \/>\n<meta property=\"og:description\" content=\"Client : Philharmonie des enfants 2023Strat\u00e9gie de d\u00e9veloppement \u00e0 l&rsquo;\u00e9tranger Le contexte et ses enjeux : Face au besoin de valoriser ses activit\u00e9s pour compenser l\u2019investissement initial de sa cr\u00e9ation, la Philharmonie des enfants, filiale de la Philharmonie de Paris, a sollicit\u00e9 l\u2019accompagnement de Beaux Arts Consulting pour la consolidation de sa strat\u00e9gie commerciale, notamment [&hellip;]\" \/>\n<meta property=\"og:url\" content=\"https:\/\/beauxarts-cie.com\/consulting\/projets\/accompagnement-de-la-philharmonie-des-enfants-dans-la-definition-de-sa-strategie-de-developpement-a-linternational\/\" \/>\n<meta property=\"og:site_name\" content=\"Beaux Arts Consulting\" \/>\n<meta property=\"article:modified_time\" content=\"2024-07-09T10:51:50+00:00\" \/>\n<meta property=\"og:image\" content=\"https:\/\/beauxarts-cie.com\/consulting\/wp-content\/uploads\/sites\/3\/2024\/04\/philharmonie-enfants-En-scene-Maestra-maestro-\u00a9-Constance-Guisset-Studio-scaled-1.jpg\" \/>\n\t<meta property=\"og:image:width\" content=\"2560\" \/>\n\t<meta property=\"og:image:height\" content=\"1920\" \/>\n\t<meta property=\"og:image:type\" content=\"image\/jpeg\" \/>\n<meta name=\"twitter:card\" content=\"summary_large_image\" \/>\n<meta name=\"twitter:label1\" content=\"Dur\u00e9e de lecture estim\u00e9e\" \/>\n\t<meta name=\"twitter:data1\" content=\"1 minute\" \/>\n<script type=\"application\/ld+json\" class=\"yoast-schema-graph\">{\"@context\":\"https:\/\/schema.org\",\"@graph\":[{\"@type\":\"WebPage\",\"@id\":\"https:\/\/beauxarts-cie.com\/consulting\/projets\/accompagnement-de-la-philharmonie-des-enfants-dans-la-definition-de-sa-strategie-de-developpement-a-linternational\/\",\"url\":\"https:\/\/beauxarts-cie.com\/consulting\/projets\/accompagnement-de-la-philharmonie-des-enfants-dans-la-definition-de-sa-strategie-de-developpement-a-linternational\/\",\"name\":\"Accompagnement de la Philharmonie des enfants dans la d\u00e9finition de sa strat\u00e9gie de d\u00e9veloppement \u00e0 l'international - Beaux Arts Consulting\",\"isPartOf\":{\"@id\":\"https:\/\/beauxarts-cie.com\/consulting\/#website\"},\"datePublished\":\"2024-05-27T13:33:17+00:00\",\"dateModified\":\"2024-07-09T10:51:50+00:00\",\"breadcrumb\":{\"@id\":\"https:\/\/beauxarts-cie.com\/consulting\/projets\/accompagnement-de-la-philharmonie-des-enfants-dans-la-definition-de-sa-strategie-de-developpement-a-linternational\/#breadcrumb\"},\"inLanguage\":\"fr-FR\",\"potentialAction\":[{\"@type\":\"ReadAction\",\"target\":[\"https:\/\/beauxarts-cie.com\/consulting\/projets\/accompagnement-de-la-philharmonie-des-enfants-dans-la-definition-de-sa-strategie-de-developpement-a-linternational\/\"]}]},{\"@type\":\"BreadcrumbList\",\"@id\":\"https:\/\/beauxarts-cie.com\/consulting\/projets\/accompagnement-de-la-philharmonie-des-enfants-dans-la-definition-de-sa-strategie-de-developpement-a-linternational\/#breadcrumb\",\"itemListElement\":[{\"@type\":\"ListItem\",\"position\":1,\"name\":\"Projets\",\"item\":\"https:\/\/beauxarts-cie.com\/consulting\/projets\/\"},{\"@type\":\"ListItem\",\"position\":2,\"name\":\"Accompagnement de la Philharmonie des enfants dans la d\u00e9finition de sa strat\u00e9gie de d\u00e9veloppement \u00e0 l&rsquo;international\"}]},{\"@type\":\"WebSite\",\"@id\":\"https:\/\/beauxarts-cie.com\/consulting\/#website\",\"url\":\"https:\/\/beauxarts-cie.com\/consulting\/\",\"name\":\"Beaux Arts Consulting\",\"description\":\"Conseil en strat\u00e9gie, innovation et ing\u00e9nierie culturelle\",\"potentialAction\":[{\"@type\":\"SearchAction\",\"target\":{\"@type\":\"EntryPoint\",\"urlTemplate\":\"https:\/\/beauxarts-cie.com\/consulting\/?s={search_term_string}\"},\"query-input\":\"required name=search_term_string\"}],\"inLanguage\":\"fr-FR\"}]}<\/script>\n<!-- \/ Yoast SEO plugin. -->","yoast_head_json":{"title":"Accompagnement de la Philharmonie des enfants dans la d\u00e9finition de sa strat\u00e9gie de d\u00e9veloppement \u00e0 l'international - Beaux Arts Consulting","robots":{"index":"index","follow":"follow","max-snippet":"max-snippet:-1","max-image-preview":"max-image-preview:large","max-video-preview":"max-video-preview:-1"},"canonical":"https:\/\/beauxarts-cie.com\/consulting\/projets\/accompagnement-de-la-philharmonie-des-enfants-dans-la-definition-de-sa-strategie-de-developpement-a-linternational\/","og_locale":"fr_FR","og_type":"article","og_title":"Accompagnement de la Philharmonie des enfants dans la d\u00e9finition de sa strat\u00e9gie de d\u00e9veloppement \u00e0 l'international - Beaux Arts Consulting","og_description":"Client : Philharmonie des enfants 2023Strat\u00e9gie de d\u00e9veloppement \u00e0 l&rsquo;\u00e9tranger Le contexte et ses enjeux : Face au besoin de valoriser ses activit\u00e9s pour compenser l\u2019investissement initial de sa cr\u00e9ation, la Philharmonie des enfants, filiale de la Philharmonie de Paris, a sollicit\u00e9 l\u2019accompagnement de Beaux Arts Consulting pour la consolidation de sa strat\u00e9gie commerciale, notamment [&hellip;]","og_url":"https:\/\/beauxarts-cie.com\/consulting\/projets\/accompagnement-de-la-philharmonie-des-enfants-dans-la-definition-de-sa-strategie-de-developpement-a-linternational\/","og_site_name":"Beaux Arts Consulting","article_modified_time":"2024-07-09T10:51:50+00:00","og_image":[{"width":2560,"height":1920,"url":"https:\/\/beauxarts-cie.com\/consulting\/wp-content\/uploads\/sites\/3\/2024\/04\/philharmonie-enfants-En-scene-Maestra-maestro-\u00a9-Constance-Guisset-Studio-scaled-1.jpg","type":"image\/jpeg"}],"twitter_card":"summary_large_image","twitter_misc":{"Dur\u00e9e de lecture estim\u00e9e":"1 minute"},"schema":{"@context":"https:\/\/schema.org","@graph":[{"@type":"WebPage","@id":"https:\/\/beauxarts-cie.com\/consulting\/projets\/accompagnement-de-la-philharmonie-des-enfants-dans-la-definition-de-sa-strategie-de-developpement-a-linternational\/","url":"https:\/\/beauxarts-cie.com\/consulting\/projets\/accompagnement-de-la-philharmonie-des-enfants-dans-la-definition-de-sa-strategie-de-developpement-a-linternational\/","name":"Accompagnement de la Philharmonie des enfants dans la d\u00e9finition de sa strat\u00e9gie de d\u00e9veloppement \u00e0 l'international - Beaux Arts Consulting","isPartOf":{"@id":"https:\/\/beauxarts-cie.com\/consulting\/#website"},"datePublished":"2024-05-27T13:33:17+00:00","dateModified":"2024-07-09T10:51:50+00:00","breadcrumb":{"@id":"https:\/\/beauxarts-cie.com\/consulting\/projets\/accompagnement-de-la-philharmonie-des-enfants-dans-la-definition-de-sa-strategie-de-developpement-a-linternational\/#breadcrumb"},"inLanguage":"fr-FR","potentialAction":[{"@type":"ReadAction","target":["https:\/\/beauxarts-cie.com\/consulting\/projets\/accompagnement-de-la-philharmonie-des-enfants-dans-la-definition-de-sa-strategie-de-developpement-a-linternational\/"]}]},{"@type":"BreadcrumbList","@id":"https:\/\/beauxarts-cie.com\/consulting\/projets\/accompagnement-de-la-philharmonie-des-enfants-dans-la-definition-de-sa-strategie-de-developpement-a-linternational\/#breadcrumb","itemListElement":[{"@type":"ListItem","position":1,"name":"Projets","item":"https:\/\/beauxarts-cie.com\/consulting\/projets\/"},{"@type":"ListItem","position":2,"name":"Accompagnement de la Philharmonie des enfants dans la d\u00e9finition de sa strat\u00e9gie de d\u00e9veloppement \u00e0 l&rsquo;international"}]},{"@type":"WebSite","@id":"https:\/\/beauxarts-cie.com\/consulting\/#website","url":"https:\/\/beauxarts-cie.com\/consulting\/","name":"Beaux Arts Consulting","description":"Conseil en strat\u00e9gie, innovation et ing\u00e9nierie culturelle","potentialAction":[{"@type":"SearchAction","target":{"@type":"EntryPoint","urlTemplate":"https:\/\/beauxarts-cie.com\/consulting\/?s={search_term_string}"},"query-input":"required name=search_term_string"}],"inLanguage":"fr-FR"}]}},"_links":{"self":[{"href":"https:\/\/beauxarts-cie.com\/consulting\/wp-json\/wp\/v2\/pages\/1160"}],"collection":[{"href":"https:\/\/beauxarts-cie.com\/consulting\/wp-json\/wp\/v2\/pages"}],"about":[{"href":"https:\/\/beauxarts-cie.com\/consulting\/wp-json\/wp\/v2\/types\/page"}],"author":[{"embeddable":true,"href":"https:\/\/beauxarts-cie.com\/consulting\/wp-json\/wp\/v2\/users\/12"}],"replies":[{"embeddable":true,"href":"https:\/\/beauxarts-cie.com\/consulting\/wp-json\/wp\/v2\/comments?post=1160"}],"version-history":[{"count":5,"href":"https:\/\/beauxarts-cie.com\/consulting\/wp-json\/wp\/v2\/pages\/1160\/revisions"}],"predecessor-version":[{"id":1340,"href":"https:\/\/beauxarts-cie.com\/consulting\/wp-json\/wp\/v2\/pages\/1160\/revisions\/1340"}],"up":[{"embeddable":true,"href":"https:\/\/beauxarts-cie.com\/consulting\/wp-json\/wp\/v2\/pages\/49"}],"wp:featuredmedia":[{"embeddable":true,"href":"https:\/\/beauxarts-cie.com\/consulting\/wp-json\/wp\/v2\/media\/991"}],"wp:attachment":[{"href":"https:\/\/beauxarts-cie.com\/consulting\/wp-json\/wp\/v2\/media?parent=1160"}],"curies":[{"name":"wp","href":"https:\/\/api.w.org\/{rel}","templated":true}]}}