{"id":1167,"date":"2024-05-27T16:27:44","date_gmt":"2024-05-27T14:27:44","guid":{"rendered":"https:\/\/beauxarts-cie.com\/consulting\/?page_id=1167"},"modified":"2024-07-08T12:54:55","modified_gmt":"2024-07-08T10:54:55","slug":"accompagnement-strategique-au-developpement-de-son-offre","status":"publish","type":"page","link":"https:\/\/beauxarts-cie.com\/consulting\/projets\/accompagnement-strategique-au-developpement-de-son-offre\/","title":{"rendered":"Accompagnement strat\u00e9gique au d\u00e9veloppement de son offre"},"content":{"rendered":"\n<div class=\"wp-block-columns refId\">\n<div class=\"wp-block-column\">\n<h2 class=\"has-text-align-left\">Client : <strong>Realcast<\/strong><\/h2>\n<\/div>\n\n\n\n<div class=\"wp-block-column\">\n<p>2021<br>D\u00e9veloppement de l&rsquo;offre commerciale <\/p>\n<\/div>\n<\/div>\n\n\n\n<p><strong>Le contexte et ses enjeux :<\/strong><\/p>\n\n\n\n<p>Cr\u00e9\u00e9e en 2017, Realcast est une entreprise sp\u00e9cialis\u00e9e dans la r\u00e9alisation d\u2019exp\u00e9riences interactives et immersives pour les acteurs du milieu culturel. En 2021 et apr\u00e8s le succ\u00e8s de premi\u00e8res exp\u00e9riences immersives, l\u2019entreprise souhaitait acc\u00e9l\u00e9rer son d\u00e9veloppement en France et \u00e0 l\u2019international. Elle a fait appel aux \u00e9quipes de Beaux Arts Consulting pour l\u2019accompagner dans la d\u00e9finition de son positionnement et de son mod\u00e8le \u00e9conomique, puis dans sa strat\u00e9gie de d\u00e9veloppement commerciale.&nbsp;<\/p>\n\n\n\n<p><strong>Notre r\u00f4le :<\/strong><\/p>\n\n\n\n<p>Beaux Arts Consulting a accompagn\u00e9 Realcast dans le d\u00e9veloppement de son offre, la d\u00e9finition de son mod\u00e8le \u00e9conomique et la commercialisation de cette offre en France et \u00e0 l\u2019international :<\/p>\n\n\n\n<ul><li>Etat des lieux de l\u2019existant : \u00e9tude concurrentielle, collecte et analyse de retours d\u2019exp\u00e9riences sur les exp\u00e9riences immersives (entretiens aupr\u00e8s de dix institutions culturelles en France et \u00e0 l\u2019international),<\/li><li>Revue du positionnement et de l\u2019offre \u00e0 partir des donn\u00e9es collect\u00e9es pendant l\u2019\u00e9tat des lieux,<\/li><li>Construction du mod\u00e8le \u00e9conomique et du business plan sur cinq ans de l\u2019entreprise,<\/li><li>D\u00e9finition d\u2019un plan de financement : identification d\u2019investisseurs potentiels, constitution d\u2019un dossier de candidature \u00e0 l\u2019AMI \u00ab&nbsp;Culture, Patrimoine et Num\u00e9rique&nbsp;\u00bb,<\/li><li>Accompagnement \u00e0 la commercialisation : constitution d\u2019un kit de pr\u00e9sentation, d\u00e9finition des march\u00e9s prioritaires et des cibles, prospection, montage de rendez-vous et mise en relation.<\/li><\/ul>\n\n\n\n<p><strong>Retomb\u00e9es et suites :<\/strong><\/p>\n\n\n\n<p>L&rsquo;accompagnement de Beaux Arts Consulting a permis la r\u00e9daction d\u2019un dossier de candidature pour l\u2019appel \u00e0 projet, dessinant lLa mission de conseil men\u00e9e par Beaux Arts Consulting a permis de constituer un dossier pour l\u2019AMI \u00ab\u00a0Culture, Patrimoine et Num\u00e9rique\u00a0\u00bb, et d\u2019initier le contact avec des investisseurs priv\u00e9s. L\u2019accompagnement \u00e0 la commercialisation a ensuite permis \u00e0 Realcast d\u2019initier plus de 150 contacts parmi les cibles identifi\u00e9es et d\u2019effectuer plus de 20 mises en relation avec des prospects du secteur mus\u00e9al et des loisirs en France et \u00e0 l\u2019international.<\/p>\n\n\n\n<p><\/p>\n","protected":false},"excerpt":{"rendered":"<p>Client : Realcast 2021D\u00e9veloppement de l&rsquo;offre commerciale Le contexte et ses enjeux : Cr\u00e9\u00e9e en 2017, Realcast est une entreprise sp\u00e9cialis\u00e9e dans la r\u00e9alisation d\u2019exp\u00e9riences interactives et immersives pour les acteurs du milieu culturel. En 2021 et apr\u00e8s le succ\u00e8s de premi\u00e8res exp\u00e9riences immersives, l\u2019entreprise souhaitait acc\u00e9l\u00e9rer son d\u00e9veloppement en France et \u00e0 l\u2019international. Elle [&hellip;]<\/p>\n","protected":false},"author":12,"featured_media":988,"parent":49,"menu_order":0,"comment_status":"closed","ping_status":"closed","template":"tpl-page-child-reference.php","meta":[],"yoast_head":"<!-- This site is optimized with the Yoast SEO plugin v19.11 - https:\/\/yoast.com\/wordpress\/plugins\/seo\/ -->\n<title>Accompagnement strat\u00e9gique au d\u00e9veloppement de son offre - Beaux Arts Consulting<\/title>\n<meta name=\"robots\" content=\"index, follow, max-snippet:-1, max-image-preview:large, max-video-preview:-1\" \/>\n<link rel=\"canonical\" href=\"https:\/\/beauxarts-cie.com\/consulting\/projets\/accompagnement-strategique-au-developpement-de-son-offre\/\" \/>\n<meta property=\"og:locale\" content=\"fr_FR\" \/>\n<meta property=\"og:type\" content=\"article\" \/>\n<meta property=\"og:title\" content=\"Accompagnement strat\u00e9gique au d\u00e9veloppement de son offre - Beaux Arts Consulting\" \/>\n<meta property=\"og:description\" content=\"Client : Realcast 2021D\u00e9veloppement de l&rsquo;offre commerciale Le contexte et ses enjeux : Cr\u00e9\u00e9e en 2017, Realcast est une entreprise sp\u00e9cialis\u00e9e dans la r\u00e9alisation d\u2019exp\u00e9riences interactives et immersives pour les acteurs du milieu culturel. En 2021 et apr\u00e8s le succ\u00e8s de premi\u00e8res exp\u00e9riences immersives, l\u2019entreprise souhaitait acc\u00e9l\u00e9rer son d\u00e9veloppement en France et \u00e0 l\u2019international. Elle [&hellip;]\" \/>\n<meta property=\"og:url\" content=\"https:\/\/beauxarts-cie.com\/consulting\/projets\/accompagnement-strategique-au-developpement-de-son-offre\/\" \/>\n<meta property=\"og:site_name\" content=\"Beaux Arts Consulting\" \/>\n<meta property=\"article:modified_time\" content=\"2024-07-08T10:54:55+00:00\" \/>\n<meta property=\"og:image\" content=\"https:\/\/beauxarts-cie.com\/consulting\/wp-content\/uploads\/sites\/3\/2024\/04\/maxresdefault.jpg\" \/>\n\t<meta property=\"og:image:width\" content=\"1280\" \/>\n\t<meta property=\"og:image:height\" content=\"720\" \/>\n\t<meta property=\"og:image:type\" content=\"image\/jpeg\" \/>\n<meta name=\"twitter:card\" content=\"summary_large_image\" \/>\n<meta name=\"twitter:label1\" content=\"Dur\u00e9e de lecture estim\u00e9e\" \/>\n\t<meta name=\"twitter:data1\" content=\"2 minutes\" \/>\n<script type=\"application\/ld+json\" class=\"yoast-schema-graph\">{\"@context\":\"https:\/\/schema.org\",\"@graph\":[{\"@type\":\"WebPage\",\"@id\":\"https:\/\/beauxarts-cie.com\/consulting\/projets\/accompagnement-strategique-au-developpement-de-son-offre\/\",\"url\":\"https:\/\/beauxarts-cie.com\/consulting\/projets\/accompagnement-strategique-au-developpement-de-son-offre\/\",\"name\":\"Accompagnement strat\u00e9gique au d\u00e9veloppement de son offre - Beaux Arts Consulting\",\"isPartOf\":{\"@id\":\"https:\/\/beauxarts-cie.com\/consulting\/#website\"},\"datePublished\":\"2024-05-27T14:27:44+00:00\",\"dateModified\":\"2024-07-08T10:54:55+00:00\",\"breadcrumb\":{\"@id\":\"https:\/\/beauxarts-cie.com\/consulting\/projets\/accompagnement-strategique-au-developpement-de-son-offre\/#breadcrumb\"},\"inLanguage\":\"fr-FR\",\"potentialAction\":[{\"@type\":\"ReadAction\",\"target\":[\"https:\/\/beauxarts-cie.com\/consulting\/projets\/accompagnement-strategique-au-developpement-de-son-offre\/\"]}]},{\"@type\":\"BreadcrumbList\",\"@id\":\"https:\/\/beauxarts-cie.com\/consulting\/projets\/accompagnement-strategique-au-developpement-de-son-offre\/#breadcrumb\",\"itemListElement\":[{\"@type\":\"ListItem\",\"position\":1,\"name\":\"Projets\",\"item\":\"https:\/\/beauxarts-cie.com\/consulting\/projets\/\"},{\"@type\":\"ListItem\",\"position\":2,\"name\":\"Accompagnement strat\u00e9gique au d\u00e9veloppement de son offre\"}]},{\"@type\":\"WebSite\",\"@id\":\"https:\/\/beauxarts-cie.com\/consulting\/#website\",\"url\":\"https:\/\/beauxarts-cie.com\/consulting\/\",\"name\":\"Beaux Arts Consulting\",\"description\":\"Conseil en strat\u00e9gie, innovation et ing\u00e9nierie culturelle\",\"potentialAction\":[{\"@type\":\"SearchAction\",\"target\":{\"@type\":\"EntryPoint\",\"urlTemplate\":\"https:\/\/beauxarts-cie.com\/consulting\/?s={search_term_string}\"},\"query-input\":\"required name=search_term_string\"}],\"inLanguage\":\"fr-FR\"}]}<\/script>\n<!-- \/ Yoast SEO plugin. -->","yoast_head_json":{"title":"Accompagnement strat\u00e9gique au d\u00e9veloppement de son offre - Beaux Arts Consulting","robots":{"index":"index","follow":"follow","max-snippet":"max-snippet:-1","max-image-preview":"max-image-preview:large","max-video-preview":"max-video-preview:-1"},"canonical":"https:\/\/beauxarts-cie.com\/consulting\/projets\/accompagnement-strategique-au-developpement-de-son-offre\/","og_locale":"fr_FR","og_type":"article","og_title":"Accompagnement strat\u00e9gique au d\u00e9veloppement de son offre - Beaux Arts Consulting","og_description":"Client : Realcast 2021D\u00e9veloppement de l&rsquo;offre commerciale Le contexte et ses enjeux : Cr\u00e9\u00e9e en 2017, Realcast est une entreprise sp\u00e9cialis\u00e9e dans la r\u00e9alisation d\u2019exp\u00e9riences interactives et immersives pour les acteurs du milieu culturel. En 2021 et apr\u00e8s le succ\u00e8s de premi\u00e8res exp\u00e9riences immersives, l\u2019entreprise souhaitait acc\u00e9l\u00e9rer son d\u00e9veloppement en France et \u00e0 l\u2019international. Elle [&hellip;]","og_url":"https:\/\/beauxarts-cie.com\/consulting\/projets\/accompagnement-strategique-au-developpement-de-son-offre\/","og_site_name":"Beaux Arts Consulting","article_modified_time":"2024-07-08T10:54:55+00:00","og_image":[{"width":1280,"height":720,"url":"https:\/\/beauxarts-cie.com\/consulting\/wp-content\/uploads\/sites\/3\/2024\/04\/maxresdefault.jpg","type":"image\/jpeg"}],"twitter_card":"summary_large_image","twitter_misc":{"Dur\u00e9e de lecture estim\u00e9e":"2 minutes"},"schema":{"@context":"https:\/\/schema.org","@graph":[{"@type":"WebPage","@id":"https:\/\/beauxarts-cie.com\/consulting\/projets\/accompagnement-strategique-au-developpement-de-son-offre\/","url":"https:\/\/beauxarts-cie.com\/consulting\/projets\/accompagnement-strategique-au-developpement-de-son-offre\/","name":"Accompagnement strat\u00e9gique au d\u00e9veloppement de son offre - Beaux Arts Consulting","isPartOf":{"@id":"https:\/\/beauxarts-cie.com\/consulting\/#website"},"datePublished":"2024-05-27T14:27:44+00:00","dateModified":"2024-07-08T10:54:55+00:00","breadcrumb":{"@id":"https:\/\/beauxarts-cie.com\/consulting\/projets\/accompagnement-strategique-au-developpement-de-son-offre\/#breadcrumb"},"inLanguage":"fr-FR","potentialAction":[{"@type":"ReadAction","target":["https:\/\/beauxarts-cie.com\/consulting\/projets\/accompagnement-strategique-au-developpement-de-son-offre\/"]}]},{"@type":"BreadcrumbList","@id":"https:\/\/beauxarts-cie.com\/consulting\/projets\/accompagnement-strategique-au-developpement-de-son-offre\/#breadcrumb","itemListElement":[{"@type":"ListItem","position":1,"name":"Projets","item":"https:\/\/beauxarts-cie.com\/consulting\/projets\/"},{"@type":"ListItem","position":2,"name":"Accompagnement strat\u00e9gique au d\u00e9veloppement de son offre"}]},{"@type":"WebSite","@id":"https:\/\/beauxarts-cie.com\/consulting\/#website","url":"https:\/\/beauxarts-cie.com\/consulting\/","name":"Beaux Arts Consulting","description":"Conseil en strat\u00e9gie, innovation et ing\u00e9nierie culturelle","potentialAction":[{"@type":"SearchAction","target":{"@type":"EntryPoint","urlTemplate":"https:\/\/beauxarts-cie.com\/consulting\/?s={search_term_string}"},"query-input":"required name=search_term_string"}],"inLanguage":"fr-FR"}]}},"_links":{"self":[{"href":"https:\/\/beauxarts-cie.com\/consulting\/wp-json\/wp\/v2\/pages\/1167"}],"collection":[{"href":"https:\/\/beauxarts-cie.com\/consulting\/wp-json\/wp\/v2\/pages"}],"about":[{"href":"https:\/\/beauxarts-cie.com\/consulting\/wp-json\/wp\/v2\/types\/page"}],"author":[{"embeddable":true,"href":"https:\/\/beauxarts-cie.com\/consulting\/wp-json\/wp\/v2\/users\/12"}],"replies":[{"embeddable":true,"href":"https:\/\/beauxarts-cie.com\/consulting\/wp-json\/wp\/v2\/comments?post=1167"}],"version-history":[{"count":3,"href":"https:\/\/beauxarts-cie.com\/consulting\/wp-json\/wp\/v2\/pages\/1167\/revisions"}],"predecessor-version":[{"id":1265,"href":"https:\/\/beauxarts-cie.com\/consulting\/wp-json\/wp\/v2\/pages\/1167\/revisions\/1265"}],"up":[{"embeddable":true,"href":"https:\/\/beauxarts-cie.com\/consulting\/wp-json\/wp\/v2\/pages\/49"}],"wp:featuredmedia":[{"embeddable":true,"href":"https:\/\/beauxarts-cie.com\/consulting\/wp-json\/wp\/v2\/media\/988"}],"wp:attachment":[{"href":"https:\/\/beauxarts-cie.com\/consulting\/wp-json\/wp\/v2\/media?parent=1167"}],"curies":[{"name":"wp","href":"https:\/\/api.w.org\/{rel}","templated":true}]}}