{"id":1171,"date":"2024-05-27T16:31:11","date_gmt":"2024-05-27T14:31:11","guid":{"rendered":"https:\/\/beauxarts-cie.com\/consulting\/?page_id=1171"},"modified":"2024-07-08T12:23:13","modified_gmt":"2024-07-08T10:23:13","slug":"accompagnement-dans-la-strategie-partenariale-et-le-deploiement","status":"publish","type":"page","link":"https:\/\/beauxarts-cie.com\/consulting\/projets\/accompagnement-dans-la-strategie-partenariale-et-le-deploiement\/","title":{"rendered":"Accompagnement dans la strat\u00e9gie partenariale et le d\u00e9ploiement"},"content":{"rendered":"\n<div class=\"wp-block-columns refId\">\n<div class=\"wp-block-column\">\n<h2 class=\"has-text-align-left\">Client : R\u00e9gion Ile-de-france<\/h2>\n<\/div>\n\n\n\n<div class=\"wp-block-column\">\n<p>2021<br>Gestion de projet, plan de communication, recherche de partenaires culturels et mise en place de partenariats<\/p>\n<\/div>\n<\/div>\n\n\n\n<p><strong>Le contexte et ses enjeux :<\/strong><\/p>\n\n\n\n<p>La R\u00e9gion Ile-de-France, en lien avec Ile-de-France Mobilit\u00e9s et le Comit\u00e9 R\u00e9gional du Tourisme Paris Ile-de-France a engag\u00e9 d\u00e9but 2020 avec une d\u00e9marche pour permettre aux abonn\u00e9s des transports franciliens de disposer d\u2019offres promotionnelles ou de services d\u00e9di\u00e9s au sein d\u2019\u00e9tablissements culturels partenaires franciliens, afin de devenir le pass de toutes les mobilit\u00e9s, y compris culturelles.<\/p>\n\n\n\n<p><strong>Notre r\u00f4le :<\/strong><\/p>\n\n\n\n<p>Beaux Arts Consulting et le 104 Ing\u00e9nierie ont accompagn\u00e9 la R\u00e9gion \u00cele-de-France dans le d\u00e9ploiement de ce nouveau service :<\/p>\n\n\n\n<ul><li>Identification d\u2019institutions culturelles pouvant \u00eatre des partenaires du programme, <\/li><li>Accompagnement \u00e0 la mise en place des partenariats : R\u00e9alisation d\u2019une charte d\u2019engagements r\u00e9ciproques entre les parties prenantes du projet et les institutions culturelles, coordination des \u00e9changes et de la signature de la charte, diffusion des \u00e9l\u00e9ments de communication autour du programme<\/li><li>Conception d\u2019un plan de communication Grand Public, pour les titulaires de la carte Navigo.<\/li><\/ul>\n\n\n\n<p><strong>Retomb\u00e9es et suites :<\/strong><\/p>\n\n\n\n<p>L\u2019accompagnement de Beaux Arts Consulting a permis la mise en place du service Pass Navigo Culture avec plus de trois cents partenaires, parmi lesquels des mus\u00e9es, des salles de spectacle ou de cin\u00e9ma, des festivals ou encore des centres d\u2019art contemporain et des galeries.<\/p>\n","protected":false},"excerpt":{"rendered":"<p>Client : R\u00e9gion Ile-de-france 2021Gestion de projet, plan de communication, recherche de partenaires culturels et mise en place de partenariats Le contexte et ses enjeux : La R\u00e9gion Ile-de-France, en lien avec Ile-de-France Mobilit\u00e9s et le Comit\u00e9 R\u00e9gional du Tourisme Paris Ile-de-France a engag\u00e9 d\u00e9but 2020 avec une d\u00e9marche pour permettre aux abonn\u00e9s des transports [&hellip;]<\/p>\n","protected":false},"author":12,"featured_media":990,"parent":49,"menu_order":0,"comment_status":"closed","ping_status":"closed","template":"tpl-page-child-reference.php","meta":[],"yoast_head":"<!-- This site is optimized with the Yoast SEO plugin v19.11 - https:\/\/yoast.com\/wordpress\/plugins\/seo\/ -->\n<title>Accompagnement dans la strat\u00e9gie partenariale et le d\u00e9ploiement - Beaux Arts Consulting<\/title>\n<meta name=\"robots\" content=\"index, follow, max-snippet:-1, max-image-preview:large, max-video-preview:-1\" \/>\n<link rel=\"canonical\" href=\"https:\/\/beauxarts-cie.com\/consulting\/projets\/accompagnement-dans-la-strategie-partenariale-et-le-deploiement\/\" \/>\n<meta property=\"og:locale\" content=\"fr_FR\" \/>\n<meta property=\"og:type\" content=\"article\" \/>\n<meta property=\"og:title\" content=\"Accompagnement dans la strat\u00e9gie partenariale et le d\u00e9ploiement - Beaux Arts Consulting\" \/>\n<meta property=\"og:description\" content=\"Client : R\u00e9gion Ile-de-france 2021Gestion de projet, plan de communication, recherche de partenaires culturels et mise en place de partenariats Le contexte et ses enjeux : La R\u00e9gion Ile-de-France, en lien avec Ile-de-France Mobilit\u00e9s et le Comit\u00e9 R\u00e9gional du Tourisme Paris Ile-de-France a engag\u00e9 d\u00e9but 2020 avec une d\u00e9marche pour permettre aux abonn\u00e9s des transports [&hellip;]\" \/>\n<meta property=\"og:url\" content=\"https:\/\/beauxarts-cie.com\/consulting\/projets\/accompagnement-dans-la-strategie-partenariale-et-le-deploiement\/\" \/>\n<meta property=\"og:site_name\" content=\"Beaux Arts Consulting\" \/>\n<meta property=\"article:modified_time\" content=\"2024-07-08T10:23:13+00:00\" \/>\n<meta property=\"og:image\" content=\"https:\/\/beauxarts-cie.com\/consulting\/wp-content\/uploads\/sites\/3\/2024\/04\/rpdame11641573822-realisation-fancybox-edited.jpg\" \/>\n\t<meta property=\"og:image:width\" content=\"1240\" \/>\n\t<meta property=\"og:image:height\" content=\"698\" \/>\n\t<meta property=\"og:image:type\" content=\"image\/jpeg\" \/>\n<meta name=\"twitter:card\" content=\"summary_large_image\" \/>\n<meta name=\"twitter:label1\" content=\"Dur\u00e9e de lecture estim\u00e9e\" \/>\n\t<meta name=\"twitter:data1\" content=\"2 minutes\" \/>\n<script type=\"application\/ld+json\" class=\"yoast-schema-graph\">{\"@context\":\"https:\/\/schema.org\",\"@graph\":[{\"@type\":\"WebPage\",\"@id\":\"https:\/\/beauxarts-cie.com\/consulting\/projets\/accompagnement-dans-la-strategie-partenariale-et-le-deploiement\/\",\"url\":\"https:\/\/beauxarts-cie.com\/consulting\/projets\/accompagnement-dans-la-strategie-partenariale-et-le-deploiement\/\",\"name\":\"Accompagnement dans la strat\u00e9gie partenariale et le d\u00e9ploiement - Beaux Arts Consulting\",\"isPartOf\":{\"@id\":\"https:\/\/beauxarts-cie.com\/consulting\/#website\"},\"datePublished\":\"2024-05-27T14:31:11+00:00\",\"dateModified\":\"2024-07-08T10:23:13+00:00\",\"breadcrumb\":{\"@id\":\"https:\/\/beauxarts-cie.com\/consulting\/projets\/accompagnement-dans-la-strategie-partenariale-et-le-deploiement\/#breadcrumb\"},\"inLanguage\":\"fr-FR\",\"potentialAction\":[{\"@type\":\"ReadAction\",\"target\":[\"https:\/\/beauxarts-cie.com\/consulting\/projets\/accompagnement-dans-la-strategie-partenariale-et-le-deploiement\/\"]}]},{\"@type\":\"BreadcrumbList\",\"@id\":\"https:\/\/beauxarts-cie.com\/consulting\/projets\/accompagnement-dans-la-strategie-partenariale-et-le-deploiement\/#breadcrumb\",\"itemListElement\":[{\"@type\":\"ListItem\",\"position\":1,\"name\":\"Projets\",\"item\":\"https:\/\/beauxarts-cie.com\/consulting\/projets\/\"},{\"@type\":\"ListItem\",\"position\":2,\"name\":\"Accompagnement dans la strat\u00e9gie partenariale et le d\u00e9ploiement\"}]},{\"@type\":\"WebSite\",\"@id\":\"https:\/\/beauxarts-cie.com\/consulting\/#website\",\"url\":\"https:\/\/beauxarts-cie.com\/consulting\/\",\"name\":\"Beaux Arts Consulting\",\"description\":\"Conseil en strat\u00e9gie, innovation et ing\u00e9nierie culturelle\",\"potentialAction\":[{\"@type\":\"SearchAction\",\"target\":{\"@type\":\"EntryPoint\",\"urlTemplate\":\"https:\/\/beauxarts-cie.com\/consulting\/?s={search_term_string}\"},\"query-input\":\"required name=search_term_string\"}],\"inLanguage\":\"fr-FR\"}]}<\/script>\n<!-- \/ Yoast SEO plugin. -->","yoast_head_json":{"title":"Accompagnement dans la strat\u00e9gie partenariale et le d\u00e9ploiement - Beaux Arts Consulting","robots":{"index":"index","follow":"follow","max-snippet":"max-snippet:-1","max-image-preview":"max-image-preview:large","max-video-preview":"max-video-preview:-1"},"canonical":"https:\/\/beauxarts-cie.com\/consulting\/projets\/accompagnement-dans-la-strategie-partenariale-et-le-deploiement\/","og_locale":"fr_FR","og_type":"article","og_title":"Accompagnement dans la strat\u00e9gie partenariale et le d\u00e9ploiement - Beaux Arts Consulting","og_description":"Client : R\u00e9gion Ile-de-france 2021Gestion de projet, plan de communication, recherche de partenaires culturels et mise en place de partenariats Le contexte et ses enjeux : La R\u00e9gion Ile-de-France, en lien avec Ile-de-France Mobilit\u00e9s et le Comit\u00e9 R\u00e9gional du Tourisme Paris Ile-de-France a engag\u00e9 d\u00e9but 2020 avec une d\u00e9marche pour permettre aux abonn\u00e9s des transports [&hellip;]","og_url":"https:\/\/beauxarts-cie.com\/consulting\/projets\/accompagnement-dans-la-strategie-partenariale-et-le-deploiement\/","og_site_name":"Beaux Arts Consulting","article_modified_time":"2024-07-08T10:23:13+00:00","og_image":[{"width":1240,"height":698,"url":"https:\/\/beauxarts-cie.com\/consulting\/wp-content\/uploads\/sites\/3\/2024\/04\/rpdame11641573822-realisation-fancybox-edited.jpg","type":"image\/jpeg"}],"twitter_card":"summary_large_image","twitter_misc":{"Dur\u00e9e de lecture estim\u00e9e":"2 minutes"},"schema":{"@context":"https:\/\/schema.org","@graph":[{"@type":"WebPage","@id":"https:\/\/beauxarts-cie.com\/consulting\/projets\/accompagnement-dans-la-strategie-partenariale-et-le-deploiement\/","url":"https:\/\/beauxarts-cie.com\/consulting\/projets\/accompagnement-dans-la-strategie-partenariale-et-le-deploiement\/","name":"Accompagnement dans la strat\u00e9gie partenariale et le d\u00e9ploiement - Beaux Arts Consulting","isPartOf":{"@id":"https:\/\/beauxarts-cie.com\/consulting\/#website"},"datePublished":"2024-05-27T14:31:11+00:00","dateModified":"2024-07-08T10:23:13+00:00","breadcrumb":{"@id":"https:\/\/beauxarts-cie.com\/consulting\/projets\/accompagnement-dans-la-strategie-partenariale-et-le-deploiement\/#breadcrumb"},"inLanguage":"fr-FR","potentialAction":[{"@type":"ReadAction","target":["https:\/\/beauxarts-cie.com\/consulting\/projets\/accompagnement-dans-la-strategie-partenariale-et-le-deploiement\/"]}]},{"@type":"BreadcrumbList","@id":"https:\/\/beauxarts-cie.com\/consulting\/projets\/accompagnement-dans-la-strategie-partenariale-et-le-deploiement\/#breadcrumb","itemListElement":[{"@type":"ListItem","position":1,"name":"Projets","item":"https:\/\/beauxarts-cie.com\/consulting\/projets\/"},{"@type":"ListItem","position":2,"name":"Accompagnement dans la strat\u00e9gie partenariale et le d\u00e9ploiement"}]},{"@type":"WebSite","@id":"https:\/\/beauxarts-cie.com\/consulting\/#website","url":"https:\/\/beauxarts-cie.com\/consulting\/","name":"Beaux Arts Consulting","description":"Conseil en strat\u00e9gie, innovation et ing\u00e9nierie culturelle","potentialAction":[{"@type":"SearchAction","target":{"@type":"EntryPoint","urlTemplate":"https:\/\/beauxarts-cie.com\/consulting\/?s={search_term_string}"},"query-input":"required name=search_term_string"}],"inLanguage":"fr-FR"}]}},"_links":{"self":[{"href":"https:\/\/beauxarts-cie.com\/consulting\/wp-json\/wp\/v2\/pages\/1171"}],"collection":[{"href":"https:\/\/beauxarts-cie.com\/consulting\/wp-json\/wp\/v2\/pages"}],"about":[{"href":"https:\/\/beauxarts-cie.com\/consulting\/wp-json\/wp\/v2\/types\/page"}],"author":[{"embeddable":true,"href":"https:\/\/beauxarts-cie.com\/consulting\/wp-json\/wp\/v2\/users\/12"}],"replies":[{"embeddable":true,"href":"https:\/\/beauxarts-cie.com\/consulting\/wp-json\/wp\/v2\/comments?post=1171"}],"version-history":[{"count":3,"href":"https:\/\/beauxarts-cie.com\/consulting\/wp-json\/wp\/v2\/pages\/1171\/revisions"}],"predecessor-version":[{"id":1251,"href":"https:\/\/beauxarts-cie.com\/consulting\/wp-json\/wp\/v2\/pages\/1171\/revisions\/1251"}],"up":[{"embeddable":true,"href":"https:\/\/beauxarts-cie.com\/consulting\/wp-json\/wp\/v2\/pages\/49"}],"wp:featuredmedia":[{"embeddable":true,"href":"https:\/\/beauxarts-cie.com\/consulting\/wp-json\/wp\/v2\/media\/990"}],"wp:attachment":[{"href":"https:\/\/beauxarts-cie.com\/consulting\/wp-json\/wp\/v2\/media?parent=1171"}],"curies":[{"name":"wp","href":"https:\/\/api.w.org\/{rel}","templated":true}]}}