{"id":1180,"date":"2024-05-29T10:06:51","date_gmt":"2024-05-29T08:06:51","guid":{"rendered":"https:\/\/beauxarts-cie.com\/consulting\/?page_id=1180"},"modified":"2024-07-08T13:08:45","modified_gmt":"2024-07-08T11:08:45","slug":"assistance-a-la-mise-en-place-dune-consultation-et-a-la-selection-dun-operateur-pour-un-site-patrimonial-parisien","status":"publish","type":"page","link":"https:\/\/beauxarts-cie.com\/consulting\/projets\/assistance-a-la-mise-en-place-dune-consultation-et-a-la-selection-dun-operateur-pour-un-site-patrimonial-parisien\/","title":{"rendered":"Assistance \u00e0 la mise en place d&rsquo;une consultation et \u00e0 la s\u00e9lection d&rsquo;un op\u00e9rateur pour un site patrimonial parisien"},"content":{"rendered":"\n<div class=\"wp-block-columns refId\">\n<div class=\"wp-block-column\">\n<h2 class=\"has-text-align-left\">Client : CONFIDENTIEL<\/h2>\n<\/div>\n\n\n\n<div class=\"wp-block-column\">\n<p>2022<br>Positionnement, mod\u00e9lisation \u00e9conomique, nouveaux publics, gestion de projet<\/p>\n<\/div>\n<\/div>\n\n\n\n<p><strong>Le contexte et ses enjeux :<\/strong><\/p>\n\n\n\n<p>Le site patrimonial concern\u00e9 a fait l\u2019objet d\u2019un appel \u00e0 projet urbain dans le cadre de R\u00e9inventer Paris, remport\u00e9 par une fonci\u00e8re immobili\u00e8re. Cette derni\u00e8re veut donner au projet une dimension culturelle et de loisirs et a donc souhait\u00e9 se faire accompagner par Beaux Arts consulting dans le processus de consultation pour trouver un exploitant.<\/p>\n\n\n\n<p><strong>Notre r\u00f4le :<\/strong><\/p>\n\n\n\n<p>Beaux Arts Consulting a accompagn\u00e9 le groupe immobilier dans la phase de consultation et de s\u00e9lection de l\u2019op\u00e9rateur (ou groupement d\u2019op\u00e9rateurs) qui sera en charge de l\u2019am\u00e9nagement et l\u2019exploitation d\u2019un site patrimonial :<\/p>\n\n\n\n<ul><li>Assistance \u00e0 la r\u00e9daction du cahier des charges de la consultation,<\/li><li>D\u00e9finition des orientations programmatiques sur le concept et le mix d\u2019activit\u00e9s (culturelles et artistiques, \u00e9v\u00e9nementielles et de loisir, restauration et boutique\u2026),<\/li><li>D\u00e9finition du niveau de d\u00e9tail \u00e0 int\u00e9grer au cahier des charges pour assurer la coh\u00e9rence du projet et la comparabilit\u00e9 des offres tout en laissant une marge de libert\u00e9 aux r\u00e9pondants,<\/li><li>Cadrage des crit\u00e8res de s\u00e9lection et de la grille d\u2019analyse,<\/li><li>Construction d\u2019un mod\u00e8le \u00e9conomique de r\u00e9f\u00e9rence int\u00e9grant des hypoth\u00e8ses de revenus et de co\u00fbts r\u00e9alistes.<\/li><\/ul>\n\n\n\n<p><strong>Retomb\u00e9es et suites :<\/strong><\/p>\n\n\n\n<p>L&rsquo;accompagnement de Beaux Arts Consulting a permis au groupe immobilier de s\u00e9lectionner un futur op\u00e9rateur immobilier gr\u00e2ce \u00e0 la proposition d&rsquo;orientations pour une programmation culturelle inclusive et attractive, la construction d&rsquo;un mod\u00e8le \u00e9conomique p\u00e9renne et \u00e0 la conception d&rsquo;un dossier de pr\u00e9sentation r\u00e9pondant aux enjeux de la Mairie de Paris<\/p>\n","protected":false},"excerpt":{"rendered":"<p>Client : CONFIDENTIEL 2022Positionnement, mod\u00e9lisation \u00e9conomique, nouveaux publics, gestion de projet Le contexte et ses enjeux : Le site patrimonial concern\u00e9 a fait l\u2019objet d\u2019un appel \u00e0 projet urbain dans le cadre de R\u00e9inventer Paris, remport\u00e9 par une fonci\u00e8re immobili\u00e8re. Cette derni\u00e8re veut donner au projet une dimension culturelle et de loisirs et a donc [&hellip;]<\/p>\n","protected":false},"author":12,"featured_media":980,"parent":49,"menu_order":0,"comment_status":"closed","ping_status":"closed","template":"tpl-page-child-reference.php","meta":[],"yoast_head":"<!-- This site is optimized with the Yoast SEO plugin v19.11 - https:\/\/yoast.com\/wordpress\/plugins\/seo\/ -->\n<title>Assistance \u00e0 la mise en place d&#039;une consultation et \u00e0 la s\u00e9lection d&#039;un op\u00e9rateur pour un site patrimonial parisien - Beaux Arts Consulting<\/title>\n<meta name=\"robots\" content=\"index, follow, max-snippet:-1, max-image-preview:large, max-video-preview:-1\" \/>\n<link rel=\"canonical\" href=\"https:\/\/beauxarts-cie.com\/consulting\/projets\/assistance-a-la-mise-en-place-dune-consultation-et-a-la-selection-dun-operateur-pour-un-site-patrimonial-parisien\/\" \/>\n<meta property=\"og:locale\" content=\"fr_FR\" \/>\n<meta property=\"og:type\" content=\"article\" \/>\n<meta property=\"og:title\" content=\"Assistance \u00e0 la mise en place d&#039;une consultation et \u00e0 la s\u00e9lection d&#039;un op\u00e9rateur pour un site patrimonial parisien - Beaux Arts Consulting\" \/>\n<meta property=\"og:description\" content=\"Client : CONFIDENTIEL 2022Positionnement, mod\u00e9lisation \u00e9conomique, nouveaux publics, gestion de projet Le contexte et ses enjeux : Le site patrimonial concern\u00e9 a fait l\u2019objet d\u2019un appel \u00e0 projet urbain dans le cadre de R\u00e9inventer Paris, remport\u00e9 par une fonci\u00e8re immobili\u00e8re. Cette derni\u00e8re veut donner au projet une dimension culturelle et de loisirs et a donc [&hellip;]\" \/>\n<meta property=\"og:url\" content=\"https:\/\/beauxarts-cie.com\/consulting\/projets\/assistance-a-la-mise-en-place-dune-consultation-et-a-la-selection-dun-operateur-pour-un-site-patrimonial-parisien\/\" \/>\n<meta property=\"og:site_name\" content=\"Beaux Arts Consulting\" \/>\n<meta property=\"article:modified_time\" content=\"2024-07-08T11:08:45+00:00\" \/>\n<meta property=\"og:image\" content=\"https:\/\/beauxarts-cie.com\/consulting\/wp-content\/uploads\/sites\/3\/2024\/04\/anastase-maragos-ZIOv-FNBBOc-unsplash1.jpg\" \/>\n\t<meta property=\"og:image:width\" content=\"1920\" \/>\n\t<meta property=\"og:image:height\" content=\"1280\" \/>\n\t<meta property=\"og:image:type\" content=\"image\/jpeg\" \/>\n<meta name=\"twitter:card\" content=\"summary_large_image\" \/>\n<meta name=\"twitter:label1\" content=\"Dur\u00e9e de lecture estim\u00e9e\" \/>\n\t<meta name=\"twitter:data1\" content=\"2 minutes\" \/>\n<script type=\"application\/ld+json\" class=\"yoast-schema-graph\">{\"@context\":\"https:\/\/schema.org\",\"@graph\":[{\"@type\":\"WebPage\",\"@id\":\"https:\/\/beauxarts-cie.com\/consulting\/projets\/assistance-a-la-mise-en-place-dune-consultation-et-a-la-selection-dun-operateur-pour-un-site-patrimonial-parisien\/\",\"url\":\"https:\/\/beauxarts-cie.com\/consulting\/projets\/assistance-a-la-mise-en-place-dune-consultation-et-a-la-selection-dun-operateur-pour-un-site-patrimonial-parisien\/\",\"name\":\"Assistance \u00e0 la mise en place d'une consultation et \u00e0 la s\u00e9lection d'un op\u00e9rateur pour un site patrimonial parisien - Beaux Arts Consulting\",\"isPartOf\":{\"@id\":\"https:\/\/beauxarts-cie.com\/consulting\/#website\"},\"datePublished\":\"2024-05-29T08:06:51+00:00\",\"dateModified\":\"2024-07-08T11:08:45+00:00\",\"breadcrumb\":{\"@id\":\"https:\/\/beauxarts-cie.com\/consulting\/projets\/assistance-a-la-mise-en-place-dune-consultation-et-a-la-selection-dun-operateur-pour-un-site-patrimonial-parisien\/#breadcrumb\"},\"inLanguage\":\"fr-FR\",\"potentialAction\":[{\"@type\":\"ReadAction\",\"target\":[\"https:\/\/beauxarts-cie.com\/consulting\/projets\/assistance-a-la-mise-en-place-dune-consultation-et-a-la-selection-dun-operateur-pour-un-site-patrimonial-parisien\/\"]}]},{\"@type\":\"BreadcrumbList\",\"@id\":\"https:\/\/beauxarts-cie.com\/consulting\/projets\/assistance-a-la-mise-en-place-dune-consultation-et-a-la-selection-dun-operateur-pour-un-site-patrimonial-parisien\/#breadcrumb\",\"itemListElement\":[{\"@type\":\"ListItem\",\"position\":1,\"name\":\"Projets\",\"item\":\"https:\/\/beauxarts-cie.com\/consulting\/projets\/\"},{\"@type\":\"ListItem\",\"position\":2,\"name\":\"Assistance \u00e0 la mise en place d&rsquo;une consultation et \u00e0 la s\u00e9lection d&rsquo;un op\u00e9rateur pour un site patrimonial parisien\"}]},{\"@type\":\"WebSite\",\"@id\":\"https:\/\/beauxarts-cie.com\/consulting\/#website\",\"url\":\"https:\/\/beauxarts-cie.com\/consulting\/\",\"name\":\"Beaux Arts Consulting\",\"description\":\"Conseil en strat\u00e9gie, innovation et ing\u00e9nierie culturelle\",\"potentialAction\":[{\"@type\":\"SearchAction\",\"target\":{\"@type\":\"EntryPoint\",\"urlTemplate\":\"https:\/\/beauxarts-cie.com\/consulting\/?s={search_term_string}\"},\"query-input\":\"required name=search_term_string\"}],\"inLanguage\":\"fr-FR\"}]}<\/script>\n<!-- \/ Yoast SEO plugin. -->","yoast_head_json":{"title":"Assistance \u00e0 la mise en place d'une consultation et \u00e0 la s\u00e9lection d'un op\u00e9rateur pour un site patrimonial parisien - Beaux Arts Consulting","robots":{"index":"index","follow":"follow","max-snippet":"max-snippet:-1","max-image-preview":"max-image-preview:large","max-video-preview":"max-video-preview:-1"},"canonical":"https:\/\/beauxarts-cie.com\/consulting\/projets\/assistance-a-la-mise-en-place-dune-consultation-et-a-la-selection-dun-operateur-pour-un-site-patrimonial-parisien\/","og_locale":"fr_FR","og_type":"article","og_title":"Assistance \u00e0 la mise en place d'une consultation et \u00e0 la s\u00e9lection d'un op\u00e9rateur pour un site patrimonial parisien - Beaux Arts Consulting","og_description":"Client : CONFIDENTIEL 2022Positionnement, mod\u00e9lisation \u00e9conomique, nouveaux publics, gestion de projet Le contexte et ses enjeux : Le site patrimonial concern\u00e9 a fait l\u2019objet d\u2019un appel \u00e0 projet urbain dans le cadre de R\u00e9inventer Paris, remport\u00e9 par une fonci\u00e8re immobili\u00e8re. Cette derni\u00e8re veut donner au projet une dimension culturelle et de loisirs et a donc [&hellip;]","og_url":"https:\/\/beauxarts-cie.com\/consulting\/projets\/assistance-a-la-mise-en-place-dune-consultation-et-a-la-selection-dun-operateur-pour-un-site-patrimonial-parisien\/","og_site_name":"Beaux Arts Consulting","article_modified_time":"2024-07-08T11:08:45+00:00","og_image":[{"width":1920,"height":1280,"url":"https:\/\/beauxarts-cie.com\/consulting\/wp-content\/uploads\/sites\/3\/2024\/04\/anastase-maragos-ZIOv-FNBBOc-unsplash1.jpg","type":"image\/jpeg"}],"twitter_card":"summary_large_image","twitter_misc":{"Dur\u00e9e de lecture estim\u00e9e":"2 minutes"},"schema":{"@context":"https:\/\/schema.org","@graph":[{"@type":"WebPage","@id":"https:\/\/beauxarts-cie.com\/consulting\/projets\/assistance-a-la-mise-en-place-dune-consultation-et-a-la-selection-dun-operateur-pour-un-site-patrimonial-parisien\/","url":"https:\/\/beauxarts-cie.com\/consulting\/projets\/assistance-a-la-mise-en-place-dune-consultation-et-a-la-selection-dun-operateur-pour-un-site-patrimonial-parisien\/","name":"Assistance \u00e0 la mise en place d'une consultation et \u00e0 la s\u00e9lection d'un op\u00e9rateur pour un site patrimonial parisien - Beaux Arts Consulting","isPartOf":{"@id":"https:\/\/beauxarts-cie.com\/consulting\/#website"},"datePublished":"2024-05-29T08:06:51+00:00","dateModified":"2024-07-08T11:08:45+00:00","breadcrumb":{"@id":"https:\/\/beauxarts-cie.com\/consulting\/projets\/assistance-a-la-mise-en-place-dune-consultation-et-a-la-selection-dun-operateur-pour-un-site-patrimonial-parisien\/#breadcrumb"},"inLanguage":"fr-FR","potentialAction":[{"@type":"ReadAction","target":["https:\/\/beauxarts-cie.com\/consulting\/projets\/assistance-a-la-mise-en-place-dune-consultation-et-a-la-selection-dun-operateur-pour-un-site-patrimonial-parisien\/"]}]},{"@type":"BreadcrumbList","@id":"https:\/\/beauxarts-cie.com\/consulting\/projets\/assistance-a-la-mise-en-place-dune-consultation-et-a-la-selection-dun-operateur-pour-un-site-patrimonial-parisien\/#breadcrumb","itemListElement":[{"@type":"ListItem","position":1,"name":"Projets","item":"https:\/\/beauxarts-cie.com\/consulting\/projets\/"},{"@type":"ListItem","position":2,"name":"Assistance \u00e0 la mise en place d&rsquo;une consultation et \u00e0 la s\u00e9lection d&rsquo;un op\u00e9rateur pour un site patrimonial parisien"}]},{"@type":"WebSite","@id":"https:\/\/beauxarts-cie.com\/consulting\/#website","url":"https:\/\/beauxarts-cie.com\/consulting\/","name":"Beaux Arts Consulting","description":"Conseil en strat\u00e9gie, innovation et ing\u00e9nierie culturelle","potentialAction":[{"@type":"SearchAction","target":{"@type":"EntryPoint","urlTemplate":"https:\/\/beauxarts-cie.com\/consulting\/?s={search_term_string}"},"query-input":"required name=search_term_string"}],"inLanguage":"fr-FR"}]}},"_links":{"self":[{"href":"https:\/\/beauxarts-cie.com\/consulting\/wp-json\/wp\/v2\/pages\/1180"}],"collection":[{"href":"https:\/\/beauxarts-cie.com\/consulting\/wp-json\/wp\/v2\/pages"}],"about":[{"href":"https:\/\/beauxarts-cie.com\/consulting\/wp-json\/wp\/v2\/types\/page"}],"author":[{"embeddable":true,"href":"https:\/\/beauxarts-cie.com\/consulting\/wp-json\/wp\/v2\/users\/12"}],"replies":[{"embeddable":true,"href":"https:\/\/beauxarts-cie.com\/consulting\/wp-json\/wp\/v2\/comments?post=1180"}],"version-history":[{"count":2,"href":"https:\/\/beauxarts-cie.com\/consulting\/wp-json\/wp\/v2\/pages\/1180\/revisions"}],"predecessor-version":[{"id":1272,"href":"https:\/\/beauxarts-cie.com\/consulting\/wp-json\/wp\/v2\/pages\/1180\/revisions\/1272"}],"up":[{"embeddable":true,"href":"https:\/\/beauxarts-cie.com\/consulting\/wp-json\/wp\/v2\/pages\/49"}],"wp:featuredmedia":[{"embeddable":true,"href":"https:\/\/beauxarts-cie.com\/consulting\/wp-json\/wp\/v2\/media\/980"}],"wp:attachment":[{"href":"https:\/\/beauxarts-cie.com\/consulting\/wp-json\/wp\/v2\/media?parent=1180"}],"curies":[{"name":"wp","href":"https:\/\/api.w.org\/{rel}","templated":true}]}}