{"id":1211,"date":"2024-07-08T10:57:01","date_gmt":"2024-07-08T08:57:01","guid":{"rendered":"https:\/\/beauxarts-cie.com\/consulting\/?page_id=1211"},"modified":"2024-07-08T10:59:41","modified_gmt":"2024-07-08T08:59:41","slug":"conception-dune-nouvelle-offre-de-cours-publics-pour-une-ecole-dart-parisienne","status":"publish","type":"page","link":"https:\/\/beauxarts-cie.com\/consulting\/projets\/conception-dune-nouvelle-offre-de-cours-publics-pour-une-ecole-dart-parisienne\/","title":{"rendered":"Conception d\u2019une nouvelle offre de cours publics pour une \u00e9cole d\u2019art parisienne"},"content":{"rendered":"\n<div class=\"wp-block-columns refId\">\n<div class=\"wp-block-column\">\n<h2 class=\"has-text-align-left\">Client : Confidentiel<\/h2>\n<\/div>\n\n\n\n<div class=\"wp-block-column\">\n<p>2020<br>Production, gestion de projet, mod\u00e8le \u00e9conomique<\/p>\n<\/div>\n<\/div>\n\n\n\n<p><strong>Le contexte et ses enjeux :<\/strong><\/p>\n\n\n\n<p>La direction de cette \u00e9cole d&rsquo;art parisienne a \u00e9mis la volont\u00e9 de refonder son offre de cours publics pour diversifier ses ressources et compenser la r\u00e9duction des activit\u00e9s \u00e9v\u00e9nementielles moins en phase avec la mission de service public de l\u2019\u00e9tablissement. Il s\u2019agissait de d\u00e9velopper une offre de cours innovante et coh\u00e9rente avec l\u2019identit\u00e9 de l\u2019\u00e9cole, permettant d\u2019attirer de nouveaux publics et de diversifier les ressources financi\u00e8res de l\u2019\u00e9cole.<\/p>\n\n\n\n<p><strong>Notre r\u00f4le :<\/strong><\/p>\n\n\n\n<p>Beaux Arts Consulting a accompagn\u00e9 cette \u00e9cole dans la construction d\u2019une nouvelle offre de cours publics :<\/p>\n\n\n\n<ul><li>Benchmark des offres existantes de formations artistiques ou culturelles en France et \u00e0 l\u2019\u00e9tranger, <\/li><li>Diagnostic de l\u2019offre existante et des actifs et r\u00e9alisation d\u2019entretiens individuels pour identifier les attentes li\u00e9es au projet <\/li><li>Pr\u00e9sentation de formats vari\u00e9s de cours \u00e0 proposer \u00e0 diff\u00e9rents publics : grand public, jeunes publics, entreprises, publics \u00e9trangers\u2026, <\/li><li>D\u00e9clinaison d\u2019un sc\u00e9nario d\u2019imbrication dans le temps des diff\u00e9rents formats de cours \u00e0 proposer, <\/li><li>Mod\u00e9lisation \u00e9conomique sur 5 ans de cette nouvelle offre grand public, <\/li><li>Recommandations spatiales pour permettre la cohabitation des espaces et des flux de publics (amateurs, \u00e9tudiants etc.) au sein de l\u2019\u00e9cole.<\/li><\/ul>\n\n\n\n<p><strong>Retomb\u00e9es et suites :<\/strong><\/p>\n\n\n\n<p>L&rsquo;accompagnement de Beaux Arts Consulting (\u00e9tude de faisabilit\u00e9 puis r\u00e9flexion sur le contenu des formations) a particip\u00e9 \u00e0 la cr\u00e9ation d&rsquo;un nouveau cursus amateur au sein de l&rsquo;\u00e9cole, d\u00e8s d\u00e9cembre 2020, avec un mod\u00e8le \u00e9conomique p\u00e9renne et une bonne articulation \u00e0 l\u2019ensemble des activit\u00e9s \u00e9ducatives de l\u2019\u00e9cole.<\/p>\n\n\n\n<hr class=\"wp-block-separator\" \/>\n","protected":false},"excerpt":{"rendered":"<p>Client : Confidentiel 2020Production, gestion de projet, mod\u00e8le \u00e9conomique Le contexte et ses enjeux : La direction de cette \u00e9cole d&rsquo;art parisienne a \u00e9mis la volont\u00e9 de refonder son offre de cours publics pour diversifier ses ressources et compenser la r\u00e9duction des activit\u00e9s \u00e9v\u00e9nementielles moins en phase avec la mission de service public de l\u2019\u00e9tablissement. [&hellip;]<\/p>\n","protected":false},"author":12,"featured_media":1213,"parent":49,"menu_order":0,"comment_status":"closed","ping_status":"closed","template":"tpl-page-child-reference.php","meta":[],"yoast_head":"<!-- This site is optimized with the Yoast SEO plugin v19.11 - https:\/\/yoast.com\/wordpress\/plugins\/seo\/ -->\n<title>Conception d\u2019une nouvelle offre de cours publics pour une \u00e9cole d\u2019art parisienne - Beaux Arts Consulting<\/title>\n<meta name=\"robots\" content=\"index, follow, max-snippet:-1, max-image-preview:large, max-video-preview:-1\" \/>\n<link rel=\"canonical\" href=\"https:\/\/beauxarts-cie.com\/consulting\/projets\/conception-dune-nouvelle-offre-de-cours-publics-pour-une-ecole-dart-parisienne\/\" \/>\n<meta property=\"og:locale\" content=\"fr_FR\" \/>\n<meta property=\"og:type\" content=\"article\" \/>\n<meta property=\"og:title\" content=\"Conception d\u2019une nouvelle offre de cours publics pour une \u00e9cole d\u2019art parisienne - Beaux Arts Consulting\" \/>\n<meta property=\"og:description\" content=\"Client : Confidentiel 2020Production, gestion de projet, mod\u00e8le \u00e9conomique Le contexte et ses enjeux : La direction de cette \u00e9cole d&rsquo;art parisienne a \u00e9mis la volont\u00e9 de refonder son offre de cours publics pour diversifier ses ressources et compenser la r\u00e9duction des activit\u00e9s \u00e9v\u00e9nementielles moins en phase avec la mission de service public de l\u2019\u00e9tablissement. [&hellip;]\" \/>\n<meta property=\"og:url\" content=\"https:\/\/beauxarts-cie.com\/consulting\/projets\/conception-dune-nouvelle-offre-de-cours-publics-pour-une-ecole-dart-parisienne\/\" \/>\n<meta property=\"og:site_name\" content=\"Beaux Arts Consulting\" \/>\n<meta property=\"article:modified_time\" content=\"2024-07-08T08:59:41+00:00\" \/>\n<meta property=\"og:image\" content=\"https:\/\/beauxarts-cie.com\/consulting\/wp-content\/uploads\/sites\/3\/2024\/07\/susan-q-yin-2JIvboGLeho-unsplash-1024x683-1.jpg\" \/>\n\t<meta property=\"og:image:width\" content=\"1024\" \/>\n\t<meta property=\"og:image:height\" content=\"683\" \/>\n\t<meta property=\"og:image:type\" content=\"image\/jpeg\" \/>\n<meta name=\"twitter:card\" content=\"summary_large_image\" \/>\n<meta name=\"twitter:label1\" content=\"Dur\u00e9e de lecture estim\u00e9e\" \/>\n\t<meta name=\"twitter:data1\" content=\"2 minutes\" \/>\n<script type=\"application\/ld+json\" class=\"yoast-schema-graph\">{\"@context\":\"https:\/\/schema.org\",\"@graph\":[{\"@type\":\"WebPage\",\"@id\":\"https:\/\/beauxarts-cie.com\/consulting\/projets\/conception-dune-nouvelle-offre-de-cours-publics-pour-une-ecole-dart-parisienne\/\",\"url\":\"https:\/\/beauxarts-cie.com\/consulting\/projets\/conception-dune-nouvelle-offre-de-cours-publics-pour-une-ecole-dart-parisienne\/\",\"name\":\"Conception d\u2019une nouvelle offre de cours publics pour une \u00e9cole d\u2019art parisienne - Beaux Arts Consulting\",\"isPartOf\":{\"@id\":\"https:\/\/beauxarts-cie.com\/consulting\/#website\"},\"datePublished\":\"2024-07-08T08:57:01+00:00\",\"dateModified\":\"2024-07-08T08:59:41+00:00\",\"breadcrumb\":{\"@id\":\"https:\/\/beauxarts-cie.com\/consulting\/projets\/conception-dune-nouvelle-offre-de-cours-publics-pour-une-ecole-dart-parisienne\/#breadcrumb\"},\"inLanguage\":\"fr-FR\",\"potentialAction\":[{\"@type\":\"ReadAction\",\"target\":[\"https:\/\/beauxarts-cie.com\/consulting\/projets\/conception-dune-nouvelle-offre-de-cours-publics-pour-une-ecole-dart-parisienne\/\"]}]},{\"@type\":\"BreadcrumbList\",\"@id\":\"https:\/\/beauxarts-cie.com\/consulting\/projets\/conception-dune-nouvelle-offre-de-cours-publics-pour-une-ecole-dart-parisienne\/#breadcrumb\",\"itemListElement\":[{\"@type\":\"ListItem\",\"position\":1,\"name\":\"Projets\",\"item\":\"https:\/\/beauxarts-cie.com\/consulting\/projets\/\"},{\"@type\":\"ListItem\",\"position\":2,\"name\":\"Conception d\u2019une nouvelle offre de cours publics pour une \u00e9cole d\u2019art parisienne\"}]},{\"@type\":\"WebSite\",\"@id\":\"https:\/\/beauxarts-cie.com\/consulting\/#website\",\"url\":\"https:\/\/beauxarts-cie.com\/consulting\/\",\"name\":\"Beaux Arts Consulting\",\"description\":\"Conseil en strat\u00e9gie, innovation et ing\u00e9nierie culturelle\",\"potentialAction\":[{\"@type\":\"SearchAction\",\"target\":{\"@type\":\"EntryPoint\",\"urlTemplate\":\"https:\/\/beauxarts-cie.com\/consulting\/?s={search_term_string}\"},\"query-input\":\"required name=search_term_string\"}],\"inLanguage\":\"fr-FR\"}]}<\/script>\n<!-- \/ Yoast SEO plugin. -->","yoast_head_json":{"title":"Conception d\u2019une nouvelle offre de cours publics pour une \u00e9cole d\u2019art parisienne - Beaux Arts Consulting","robots":{"index":"index","follow":"follow","max-snippet":"max-snippet:-1","max-image-preview":"max-image-preview:large","max-video-preview":"max-video-preview:-1"},"canonical":"https:\/\/beauxarts-cie.com\/consulting\/projets\/conception-dune-nouvelle-offre-de-cours-publics-pour-une-ecole-dart-parisienne\/","og_locale":"fr_FR","og_type":"article","og_title":"Conception d\u2019une nouvelle offre de cours publics pour une \u00e9cole d\u2019art parisienne - Beaux Arts Consulting","og_description":"Client : Confidentiel 2020Production, gestion de projet, mod\u00e8le \u00e9conomique Le contexte et ses enjeux : La direction de cette \u00e9cole d&rsquo;art parisienne a \u00e9mis la volont\u00e9 de refonder son offre de cours publics pour diversifier ses ressources et compenser la r\u00e9duction des activit\u00e9s \u00e9v\u00e9nementielles moins en phase avec la mission de service public de l\u2019\u00e9tablissement. [&hellip;]","og_url":"https:\/\/beauxarts-cie.com\/consulting\/projets\/conception-dune-nouvelle-offre-de-cours-publics-pour-une-ecole-dart-parisienne\/","og_site_name":"Beaux Arts Consulting","article_modified_time":"2024-07-08T08:59:41+00:00","og_image":[{"width":1024,"height":683,"url":"https:\/\/beauxarts-cie.com\/consulting\/wp-content\/uploads\/sites\/3\/2024\/07\/susan-q-yin-2JIvboGLeho-unsplash-1024x683-1.jpg","type":"image\/jpeg"}],"twitter_card":"summary_large_image","twitter_misc":{"Dur\u00e9e de lecture estim\u00e9e":"2 minutes"},"schema":{"@context":"https:\/\/schema.org","@graph":[{"@type":"WebPage","@id":"https:\/\/beauxarts-cie.com\/consulting\/projets\/conception-dune-nouvelle-offre-de-cours-publics-pour-une-ecole-dart-parisienne\/","url":"https:\/\/beauxarts-cie.com\/consulting\/projets\/conception-dune-nouvelle-offre-de-cours-publics-pour-une-ecole-dart-parisienne\/","name":"Conception d\u2019une nouvelle offre de cours publics pour une \u00e9cole d\u2019art parisienne - Beaux Arts Consulting","isPartOf":{"@id":"https:\/\/beauxarts-cie.com\/consulting\/#website"},"datePublished":"2024-07-08T08:57:01+00:00","dateModified":"2024-07-08T08:59:41+00:00","breadcrumb":{"@id":"https:\/\/beauxarts-cie.com\/consulting\/projets\/conception-dune-nouvelle-offre-de-cours-publics-pour-une-ecole-dart-parisienne\/#breadcrumb"},"inLanguage":"fr-FR","potentialAction":[{"@type":"ReadAction","target":["https:\/\/beauxarts-cie.com\/consulting\/projets\/conception-dune-nouvelle-offre-de-cours-publics-pour-une-ecole-dart-parisienne\/"]}]},{"@type":"BreadcrumbList","@id":"https:\/\/beauxarts-cie.com\/consulting\/projets\/conception-dune-nouvelle-offre-de-cours-publics-pour-une-ecole-dart-parisienne\/#breadcrumb","itemListElement":[{"@type":"ListItem","position":1,"name":"Projets","item":"https:\/\/beauxarts-cie.com\/consulting\/projets\/"},{"@type":"ListItem","position":2,"name":"Conception d\u2019une nouvelle offre de cours publics pour une \u00e9cole d\u2019art parisienne"}]},{"@type":"WebSite","@id":"https:\/\/beauxarts-cie.com\/consulting\/#website","url":"https:\/\/beauxarts-cie.com\/consulting\/","name":"Beaux Arts Consulting","description":"Conseil en strat\u00e9gie, innovation et ing\u00e9nierie culturelle","potentialAction":[{"@type":"SearchAction","target":{"@type":"EntryPoint","urlTemplate":"https:\/\/beauxarts-cie.com\/consulting\/?s={search_term_string}"},"query-input":"required name=search_term_string"}],"inLanguage":"fr-FR"}]}},"_links":{"self":[{"href":"https:\/\/beauxarts-cie.com\/consulting\/wp-json\/wp\/v2\/pages\/1211"}],"collection":[{"href":"https:\/\/beauxarts-cie.com\/consulting\/wp-json\/wp\/v2\/pages"}],"about":[{"href":"https:\/\/beauxarts-cie.com\/consulting\/wp-json\/wp\/v2\/types\/page"}],"author":[{"embeddable":true,"href":"https:\/\/beauxarts-cie.com\/consulting\/wp-json\/wp\/v2\/users\/12"}],"replies":[{"embeddable":true,"href":"https:\/\/beauxarts-cie.com\/consulting\/wp-json\/wp\/v2\/comments?post=1211"}],"version-history":[{"count":2,"href":"https:\/\/beauxarts-cie.com\/consulting\/wp-json\/wp\/v2\/pages\/1211\/revisions"}],"predecessor-version":[{"id":1216,"href":"https:\/\/beauxarts-cie.com\/consulting\/wp-json\/wp\/v2\/pages\/1211\/revisions\/1216"}],"up":[{"embeddable":true,"href":"https:\/\/beauxarts-cie.com\/consulting\/wp-json\/wp\/v2\/pages\/49"}],"wp:featuredmedia":[{"embeddable":true,"href":"https:\/\/beauxarts-cie.com\/consulting\/wp-json\/wp\/v2\/media\/1213"}],"wp:attachment":[{"href":"https:\/\/beauxarts-cie.com\/consulting\/wp-json\/wp\/v2\/media?parent=1211"}],"curies":[{"name":"wp","href":"https:\/\/api.w.org\/{rel}","templated":true}]}}