{"id":1533,"date":"2024-11-21T11:06:04","date_gmt":"2024-11-21T10:06:04","guid":{"rendered":"https:\/\/beauxarts-cie.com\/consulting\/?page_id=1533"},"modified":"2024-11-21T11:23:00","modified_gmt":"2024-11-21T10:23:00","slug":"creation-du-centre-culturel-de-la-tour-triangle","status":"publish","type":"page","link":"https:\/\/beauxarts-cie.com\/consulting\/projets\/creation-du-centre-culturel-de-la-tour-triangle\/","title":{"rendered":"Cr\u00e9ation du centre culturel de la tour Triangle"},"content":{"rendered":"\n<div class=\"wp-block-columns refId\">\n<div class=\"wp-block-column\">\n<h2 class=\"has-text-align-left\">Clients : Gr<strong><strong>oupe URW et AXA Investment Managers<\/strong><\/strong><\/h2>\n<\/div>\n\n\n\n<div class=\"wp-block-column\">\n<p>2024<\/p>\n\n\n\n<p>Conception de lieu culturel, revue d&rsquo;inspiration, sc\u00e9narios de positionnement, sourcing d&rsquo;op\u00e9rateurs<br><\/p>\n<\/div>\n<\/div>\n\n\n\n<p><strong>Le contexte et ses enjeux :<\/strong><\/p>\n\n\n\n<p>Triangle est un projet immobilier in\u00e9dit de gratte-ciel multifonctionnel situ\u00e9 dans le 15\u1d49 arrondissement de Paris, au c\u0153ur du quartier Parc des Expos \u2013 Porte de Versailles. Il ambitionne de devenir une nouvelle destination parisienne effervescente et de proximit\u00e9, avec ses 91 000 m\u00b2 m\u00e9langeant espaces de travail, restaurants, commerces de proximit\u00e9, h\u00f4tel, attraction de loisirs et services aux habitants du quartier parmi lesquels une cr\u00e8che, un laboratoire de sant\u00e9, et un espace culturel dont la vocation restait \u00e0 trouver. Le groupe URW et AXA a choisi Beaux Arts Consulting pour les accompagner dans la d\u00e9finition de ce centre culturel.<\/p>\n\n\n\n<p><strong>Notre r\u00f4le :<\/strong><\/p>\n\n\n\n<p>Beaux Arts Consulting a accompagn\u00e9 le groupement URW et AXA dans une mission en trois phases :<\/p>\n\n\n\n<ul><li>D\u00e9finir les march\u00e9s cibles et leur potentiel au regard de l\u2019offre de la Philharmonie des enfants (benchmark, fiches pays),<\/li><\/ul>\n\n\n\n<ul><li>La premi\u00e8re phase d\u2019\u00e9tat des lieux et revue d\u2019inspiration, \u00e0 partir de la r\u00e9alisation d\u2019entretiens avec les autres exploitants de la Tour et de l\u2019environnement proche du Parc des Expos, a permis de mettre en perspective l\u2019offre de la zone chalandise, les composantes de la demande (\u00e9tude des populations-cibles), les caract\u00e9ristiques du site en termes d\u2019atouts et de contraintes, et l\u2019analyse de lieux inspirants. <\/li><li>La deuxi\u00e8me phase de construction de sc\u00e9narios de positionnement a permis d\u2019examiner l\u2019opportunit\u00e9 et la faisabilit\u00e9 des concepts privil\u00e9gi\u00e9s par la maitrise d\u2019ouvrage et de leur livrer un outil d\u2019aide \u00e0 la d\u00e9cision. Nous avons utilis\u00e9 les principes structurants du projet pour construire une grille de notation permettant de comparer les concepts. <\/li><li>La troisi\u00e8me phase a \u00e9t\u00e9 d\u00e9di\u00e9e au sourcing d\u2019op\u00e9rateurs pertinents sur la base des pistes de positionnement privil\u00e9gi\u00e9es par le groupe URW, avec la r\u00e9alisation de quelques entretiens pr\u00e9liminaires visant \u00e0 mesurer l\u2019app\u00e9tence au projet, et de comprendre les modalit\u00e9s d\u2019installation de diff\u00e9rentes typologies d\u2019op\u00e9rateurs, publics, associatifs ou entreprises.<\/li><\/ul>\n\n\n\n<p><strong>Retomb\u00e9es et suites :<\/strong><\/p>\n\n\n\n<p>Cette mission a permis au groupement URW\/AWA de d\u00e9terminer les publics cibles de cet espace culturel et d\u2019avancer dans le choix de son concept gr\u00e2ce \u00e0 une meilleure connaissance des typologies d\u2019op\u00e9rateurs culturels \u00e0 m\u00eame d\u2019occuper l\u2019espace culturel, consid\u00e9rant la construction d\u2019un montage \u00e9conomique compatible avec la logique d\u2019un projet immobilier.<\/p>\n\n\n\n<p><\/p>\n","protected":false},"excerpt":{"rendered":"<p>Clients : Groupe URW et AXA Investment Managers 2024 Conception de lieu culturel, revue d&rsquo;inspiration, sc\u00e9narios de positionnement, sourcing d&rsquo;op\u00e9rateurs Le contexte et ses enjeux : Triangle est un projet immobilier in\u00e9dit de gratte-ciel multifonctionnel situ\u00e9 dans le 15\u1d49 arrondissement de Paris, au c\u0153ur du quartier Parc des Expos \u2013 Porte de Versailles. Il ambitionne [&hellip;]<\/p>\n","protected":false},"author":12,"featured_media":1537,"parent":49,"menu_order":0,"comment_status":"closed","ping_status":"closed","template":"tpl-page-child-reference.php","meta":[],"yoast_head":"<!-- This site is optimized with the Yoast SEO plugin v19.11 - https:\/\/yoast.com\/wordpress\/plugins\/seo\/ -->\n<title>Cr\u00e9ation du centre culturel de la tour Triangle - Beaux Arts Consulting<\/title>\n<meta name=\"robots\" content=\"index, follow, max-snippet:-1, max-image-preview:large, max-video-preview:-1\" \/>\n<link rel=\"canonical\" href=\"https:\/\/beauxarts-cie.com\/consulting\/projets\/creation-du-centre-culturel-de-la-tour-triangle\/\" \/>\n<meta property=\"og:locale\" content=\"fr_FR\" \/>\n<meta property=\"og:type\" content=\"article\" \/>\n<meta property=\"og:title\" content=\"Cr\u00e9ation du centre culturel de la tour Triangle - Beaux Arts Consulting\" \/>\n<meta property=\"og:description\" content=\"Clients : Groupe URW et AXA Investment Managers 2024 Conception de lieu culturel, revue d&rsquo;inspiration, sc\u00e9narios de positionnement, sourcing d&rsquo;op\u00e9rateurs Le contexte et ses enjeux : Triangle est un projet immobilier in\u00e9dit de gratte-ciel multifonctionnel situ\u00e9 dans le 15\u1d49 arrondissement de Paris, au c\u0153ur du quartier Parc des Expos \u2013 Porte de Versailles. Il ambitionne [&hellip;]\" \/>\n<meta property=\"og:url\" content=\"https:\/\/beauxarts-cie.com\/consulting\/projets\/creation-du-centre-culturel-de-la-tour-triangle\/\" \/>\n<meta property=\"og:site_name\" content=\"Beaux Arts Consulting\" \/>\n<meta property=\"article:modified_time\" content=\"2024-11-21T10:23:00+00:00\" \/>\n<meta property=\"og:image\" content=\"https:\/\/beauxarts-cie.com\/consulting\/wp-content\/uploads\/sites\/3\/2024\/11\/tour-triangle-1.png\" \/>\n\t<meta property=\"og:image:width\" content=\"1600\" \/>\n\t<meta property=\"og:image:height\" content=\"450\" \/>\n\t<meta property=\"og:image:type\" content=\"image\/png\" \/>\n<meta name=\"twitter:card\" content=\"summary_large_image\" \/>\n<script type=\"application\/ld+json\" class=\"yoast-schema-graph\">{\"@context\":\"https:\/\/schema.org\",\"@graph\":[{\"@type\":\"WebPage\",\"@id\":\"https:\/\/beauxarts-cie.com\/consulting\/projets\/creation-du-centre-culturel-de-la-tour-triangle\/\",\"url\":\"https:\/\/beauxarts-cie.com\/consulting\/projets\/creation-du-centre-culturel-de-la-tour-triangle\/\",\"name\":\"Cr\u00e9ation du centre culturel de la tour Triangle - Beaux Arts Consulting\",\"isPartOf\":{\"@id\":\"https:\/\/beauxarts-cie.com\/consulting\/#website\"},\"datePublished\":\"2024-11-21T10:06:04+00:00\",\"dateModified\":\"2024-11-21T10:23:00+00:00\",\"breadcrumb\":{\"@id\":\"https:\/\/beauxarts-cie.com\/consulting\/projets\/creation-du-centre-culturel-de-la-tour-triangle\/#breadcrumb\"},\"inLanguage\":\"fr-FR\",\"potentialAction\":[{\"@type\":\"ReadAction\",\"target\":[\"https:\/\/beauxarts-cie.com\/consulting\/projets\/creation-du-centre-culturel-de-la-tour-triangle\/\"]}]},{\"@type\":\"BreadcrumbList\",\"@id\":\"https:\/\/beauxarts-cie.com\/consulting\/projets\/creation-du-centre-culturel-de-la-tour-triangle\/#breadcrumb\",\"itemListElement\":[{\"@type\":\"ListItem\",\"position\":1,\"name\":\"Projets\",\"item\":\"https:\/\/beauxarts-cie.com\/consulting\/projets\/\"},{\"@type\":\"ListItem\",\"position\":2,\"name\":\"Cr\u00e9ation du centre culturel de la tour Triangle\"}]},{\"@type\":\"WebSite\",\"@id\":\"https:\/\/beauxarts-cie.com\/consulting\/#website\",\"url\":\"https:\/\/beauxarts-cie.com\/consulting\/\",\"name\":\"Beaux Arts Consulting\",\"description\":\"Conseil en strat\u00e9gie, innovation et ing\u00e9nierie culturelle\",\"potentialAction\":[{\"@type\":\"SearchAction\",\"target\":{\"@type\":\"EntryPoint\",\"urlTemplate\":\"https:\/\/beauxarts-cie.com\/consulting\/?s={search_term_string}\"},\"query-input\":\"required name=search_term_string\"}],\"inLanguage\":\"fr-FR\"}]}<\/script>\n<!-- \/ Yoast SEO plugin. -->","yoast_head_json":{"title":"Cr\u00e9ation du centre culturel de la tour Triangle - Beaux Arts Consulting","robots":{"index":"index","follow":"follow","max-snippet":"max-snippet:-1","max-image-preview":"max-image-preview:large","max-video-preview":"max-video-preview:-1"},"canonical":"https:\/\/beauxarts-cie.com\/consulting\/projets\/creation-du-centre-culturel-de-la-tour-triangle\/","og_locale":"fr_FR","og_type":"article","og_title":"Cr\u00e9ation du centre culturel de la tour Triangle - Beaux Arts Consulting","og_description":"Clients : Groupe URW et AXA Investment Managers 2024 Conception de lieu culturel, revue d&rsquo;inspiration, sc\u00e9narios de positionnement, sourcing d&rsquo;op\u00e9rateurs Le contexte et ses enjeux : Triangle est un projet immobilier in\u00e9dit de gratte-ciel multifonctionnel situ\u00e9 dans le 15\u1d49 arrondissement de Paris, au c\u0153ur du quartier Parc des Expos \u2013 Porte de Versailles. Il ambitionne [&hellip;]","og_url":"https:\/\/beauxarts-cie.com\/consulting\/projets\/creation-du-centre-culturel-de-la-tour-triangle\/","og_site_name":"Beaux Arts Consulting","article_modified_time":"2024-11-21T10:23:00+00:00","og_image":[{"width":1600,"height":450,"url":"https:\/\/beauxarts-cie.com\/consulting\/wp-content\/uploads\/sites\/3\/2024\/11\/tour-triangle-1.png","type":"image\/png"}],"twitter_card":"summary_large_image","schema":{"@context":"https:\/\/schema.org","@graph":[{"@type":"WebPage","@id":"https:\/\/beauxarts-cie.com\/consulting\/projets\/creation-du-centre-culturel-de-la-tour-triangle\/","url":"https:\/\/beauxarts-cie.com\/consulting\/projets\/creation-du-centre-culturel-de-la-tour-triangle\/","name":"Cr\u00e9ation du centre culturel de la tour Triangle - Beaux Arts Consulting","isPartOf":{"@id":"https:\/\/beauxarts-cie.com\/consulting\/#website"},"datePublished":"2024-11-21T10:06:04+00:00","dateModified":"2024-11-21T10:23:00+00:00","breadcrumb":{"@id":"https:\/\/beauxarts-cie.com\/consulting\/projets\/creation-du-centre-culturel-de-la-tour-triangle\/#breadcrumb"},"inLanguage":"fr-FR","potentialAction":[{"@type":"ReadAction","target":["https:\/\/beauxarts-cie.com\/consulting\/projets\/creation-du-centre-culturel-de-la-tour-triangle\/"]}]},{"@type":"BreadcrumbList","@id":"https:\/\/beauxarts-cie.com\/consulting\/projets\/creation-du-centre-culturel-de-la-tour-triangle\/#breadcrumb","itemListElement":[{"@type":"ListItem","position":1,"name":"Projets","item":"https:\/\/beauxarts-cie.com\/consulting\/projets\/"},{"@type":"ListItem","position":2,"name":"Cr\u00e9ation du centre culturel de la tour Triangle"}]},{"@type":"WebSite","@id":"https:\/\/beauxarts-cie.com\/consulting\/#website","url":"https:\/\/beauxarts-cie.com\/consulting\/","name":"Beaux Arts Consulting","description":"Conseil en strat\u00e9gie, innovation et ing\u00e9nierie culturelle","potentialAction":[{"@type":"SearchAction","target":{"@type":"EntryPoint","urlTemplate":"https:\/\/beauxarts-cie.com\/consulting\/?s={search_term_string}"},"query-input":"required name=search_term_string"}],"inLanguage":"fr-FR"}]}},"_links":{"self":[{"href":"https:\/\/beauxarts-cie.com\/consulting\/wp-json\/wp\/v2\/pages\/1533"}],"collection":[{"href":"https:\/\/beauxarts-cie.com\/consulting\/wp-json\/wp\/v2\/pages"}],"about":[{"href":"https:\/\/beauxarts-cie.com\/consulting\/wp-json\/wp\/v2\/types\/page"}],"author":[{"embeddable":true,"href":"https:\/\/beauxarts-cie.com\/consulting\/wp-json\/wp\/v2\/users\/12"}],"replies":[{"embeddable":true,"href":"https:\/\/beauxarts-cie.com\/consulting\/wp-json\/wp\/v2\/comments?post=1533"}],"version-history":[{"count":3,"href":"https:\/\/beauxarts-cie.com\/consulting\/wp-json\/wp\/v2\/pages\/1533\/revisions"}],"predecessor-version":[{"id":1550,"href":"https:\/\/beauxarts-cie.com\/consulting\/wp-json\/wp\/v2\/pages\/1533\/revisions\/1550"}],"up":[{"embeddable":true,"href":"https:\/\/beauxarts-cie.com\/consulting\/wp-json\/wp\/v2\/pages\/49"}],"wp:featuredmedia":[{"embeddable":true,"href":"https:\/\/beauxarts-cie.com\/consulting\/wp-json\/wp\/v2\/media\/1537"}],"wp:attachment":[{"href":"https:\/\/beauxarts-cie.com\/consulting\/wp-json\/wp\/v2\/media?parent=1533"}],"curies":[{"name":"wp","href":"https:\/\/api.w.org\/{rel}","templated":true}]}}