{"id":1568,"date":"2024-12-02T11:11:11","date_gmt":"2024-12-02T10:11:11","guid":{"rendered":"https:\/\/beauxarts-cie.com\/consulting\/?page_id=1568"},"modified":"2024-12-02T16:49:31","modified_gmt":"2024-12-02T15:49:31","slug":"accompagnement-a-la-mise-en-visite-de-lhotel-de-ville-de-mons-du-concept-a-louverture-du-projet","status":"publish","type":"page","link":"https:\/\/beauxarts-cie.com\/consulting\/projets\/accompagnement-a-la-mise-en-visite-de-lhotel-de-ville-de-mons-du-concept-a-louverture-du-projet\/","title":{"rendered":"Accompagnement \u00e0 la mise en visite de l&rsquo;H\u00f4tel de Ville de Mons, du concept \u00e0 l\u2019ouverture du projet"},"content":{"rendered":"\n<div class=\"wp-block-columns refId\">\n<div class=\"wp-block-column\">\n<h2 class=\"has-text-align-left\">Client : <strong>Ville de Mons<\/strong><\/h2>\n<\/div>\n\n\n\n<div class=\"wp-block-column\">\n<p>2024, 2025<br>Conception et gestion de projet<\/p>\n<\/div>\n<\/div>\n\n\n\n<p><strong>Le contexte et ses enjeux :<\/strong><\/p>\n\n\n\n<p>Embl\u00e8me de la vie politique Montoise, et class\u00e9 Patrimoine exceptionnel en 1936, l\u2019H\u00f4tel de ville de Mons est un t\u00e9moin de l\u2019histoire de la ville depuis sa construction au XIVe si\u00e8cle.<\/p>\n\n\n\n<p>Lieu o\u00f9 se prennent les d\u00e9cisions politiques depuis plus de cinq si\u00e8cles, l\u2019\u00e9difice gothique connait actuellement une grande campagne de restauration de ses ext\u00e9rieurs et int\u00e9rieurs. En compl\u00e9ment du chantier de restauration strictement patrimonial, le projet de r\u00e9novation int\u00e9rieure comprend \u00e9galement un volet culturel et touristique \u00e0 travers la cr\u00e9ation d\u2019un nouveau parcours mus\u00e9ographique et le d\u00e9ploiement de fonctions qui auront vocation \u00e0 cohabiter avec la vie quotidienne du b\u00e2timent.<\/p>\n\n\n\n<p><strong>Notre r\u00f4le :<\/strong><\/p>\n\n\n\n<p>Accompagnement global du projet jusqu\u2019\u00e0 la livraison \u00ab&nbsp;clef en main&nbsp;\u00bb :<\/p>\n\n\n\n<ul><li>\u00c9tat des lieux, un benchmark, d\u00e9finition du positionnement du futur \u00e9quipement culturel ;<\/li><li>\u00c9laboration du concept avec la d\u00e9finition et la sc\u00e9narisation du parcours de visite ;<\/li><li>\u00c9laboration du programme mus\u00e9ographique ;<\/li><li>R\u00e9daction du cahier des clauses techniques particuli\u00e8res et s\u00e9lection des entreprises pour la conception-r\u00e9alisation ;<\/li><li>Assistance \u00e0 Ma\u00eetrise d\u2019ouvrage jusqu\u2019\u00e0 livraison du projet.<\/li><\/ul>\n\n\n\n<p><strong>Retomb\u00e9es et suites :<\/strong><\/p>\n\n\n\n<p>Un projet global pour une th\u00e9matique d\u2019avenir : la cr\u00e9ation de lieux culturels citoyens. Au-del\u00e0 de l\u2019ouverture d\u2019un nouveau lieu touristique, l\u2019ambition de ce projet est en effet d\u00e9mocratique et soci\u00e9tale : rendre accessible au public un lieu institutionnel historique et embl\u00e9matique de la ville, l\u2019ouvrir sur des sujets contemporains, tout en maintenant sa fonction originelle.<\/p>\n\n\n\n<p><\/p>\n","protected":false},"excerpt":{"rendered":"<p>Client : Ville de Mons 2024, 2025Conception et gestion de projet Le contexte et ses enjeux : Embl\u00e8me de la vie politique Montoise, et class\u00e9 Patrimoine exceptionnel en 1936, l\u2019H\u00f4tel de ville de Mons est un t\u00e9moin de l\u2019histoire de la ville depuis sa construction au XIVe si\u00e8cle. Lieu o\u00f9 se prennent les d\u00e9cisions politiques [&hellip;]<\/p>\n","protected":false},"author":12,"featured_media":1600,"parent":49,"menu_order":0,"comment_status":"closed","ping_status":"closed","template":"tpl-page-child-reference.php","meta":[],"yoast_head":"<!-- This site is optimized with the Yoast SEO plugin v19.11 - https:\/\/yoast.com\/wordpress\/plugins\/seo\/ -->\n<title>Accompagnement \u00e0 la mise en visite de l&#039;H\u00f4tel de Ville de Mons, du concept \u00e0 l\u2019ouverture du projet - Beaux Arts Consulting<\/title>\n<meta name=\"robots\" content=\"index, follow, max-snippet:-1, max-image-preview:large, max-video-preview:-1\" \/>\n<link rel=\"canonical\" href=\"https:\/\/beauxarts-cie.com\/consulting\/projets\/accompagnement-a-la-mise-en-visite-de-lhotel-de-ville-de-mons-du-concept-a-louverture-du-projet\/\" \/>\n<meta property=\"og:locale\" content=\"fr_FR\" \/>\n<meta property=\"og:type\" content=\"article\" \/>\n<meta property=\"og:title\" content=\"Accompagnement \u00e0 la mise en visite de l&#039;H\u00f4tel de Ville de Mons, du concept \u00e0 l\u2019ouverture du projet - Beaux Arts Consulting\" \/>\n<meta property=\"og:description\" content=\"Client : Ville de Mons 2024, 2025Conception et gestion de projet Le contexte et ses enjeux : Embl\u00e8me de la vie politique Montoise, et class\u00e9 Patrimoine exceptionnel en 1936, l\u2019H\u00f4tel de ville de Mons est un t\u00e9moin de l\u2019histoire de la ville depuis sa construction au XIVe si\u00e8cle. Lieu o\u00f9 se prennent les d\u00e9cisions politiques [&hellip;]\" \/>\n<meta property=\"og:url\" content=\"https:\/\/beauxarts-cie.com\/consulting\/projets\/accompagnement-a-la-mise-en-visite-de-lhotel-de-ville-de-mons-du-concept-a-louverture-du-projet\/\" \/>\n<meta property=\"og:site_name\" content=\"Beaux Arts Consulting\" \/>\n<meta property=\"article:modified_time\" content=\"2024-12-02T15:49:31+00:00\" \/>\n<meta property=\"og:image\" content=\"https:\/\/beauxarts-cie.com\/consulting\/wp-content\/uploads\/sites\/3\/2024\/12\/alexis-mette-r48G-QTQseI-unsplash-scaled.jpg\" \/>\n\t<meta property=\"og:image:width\" content=\"2560\" \/>\n\t<meta property=\"og:image:height\" content=\"1653\" \/>\n\t<meta property=\"og:image:type\" content=\"image\/jpeg\" \/>\n<meta name=\"twitter:card\" content=\"summary_large_image\" \/>\n<meta name=\"twitter:label1\" content=\"Dur\u00e9e de lecture estim\u00e9e\" \/>\n\t<meta name=\"twitter:data1\" content=\"2 minutes\" \/>\n<script type=\"application\/ld+json\" class=\"yoast-schema-graph\">{\"@context\":\"https:\/\/schema.org\",\"@graph\":[{\"@type\":\"WebPage\",\"@id\":\"https:\/\/beauxarts-cie.com\/consulting\/projets\/accompagnement-a-la-mise-en-visite-de-lhotel-de-ville-de-mons-du-concept-a-louverture-du-projet\/\",\"url\":\"https:\/\/beauxarts-cie.com\/consulting\/projets\/accompagnement-a-la-mise-en-visite-de-lhotel-de-ville-de-mons-du-concept-a-louverture-du-projet\/\",\"name\":\"Accompagnement \u00e0 la mise en visite de l'H\u00f4tel de Ville de Mons, du concept \u00e0 l\u2019ouverture du projet - Beaux Arts Consulting\",\"isPartOf\":{\"@id\":\"https:\/\/beauxarts-cie.com\/consulting\/#website\"},\"datePublished\":\"2024-12-02T10:11:11+00:00\",\"dateModified\":\"2024-12-02T15:49:31+00:00\",\"breadcrumb\":{\"@id\":\"https:\/\/beauxarts-cie.com\/consulting\/projets\/accompagnement-a-la-mise-en-visite-de-lhotel-de-ville-de-mons-du-concept-a-louverture-du-projet\/#breadcrumb\"},\"inLanguage\":\"fr-FR\",\"potentialAction\":[{\"@type\":\"ReadAction\",\"target\":[\"https:\/\/beauxarts-cie.com\/consulting\/projets\/accompagnement-a-la-mise-en-visite-de-lhotel-de-ville-de-mons-du-concept-a-louverture-du-projet\/\"]}]},{\"@type\":\"BreadcrumbList\",\"@id\":\"https:\/\/beauxarts-cie.com\/consulting\/projets\/accompagnement-a-la-mise-en-visite-de-lhotel-de-ville-de-mons-du-concept-a-louverture-du-projet\/#breadcrumb\",\"itemListElement\":[{\"@type\":\"ListItem\",\"position\":1,\"name\":\"Projets\",\"item\":\"https:\/\/beauxarts-cie.com\/consulting\/projets\/\"},{\"@type\":\"ListItem\",\"position\":2,\"name\":\"Accompagnement \u00e0 la mise en visite de l&rsquo;H\u00f4tel de Ville de Mons, du concept \u00e0 l\u2019ouverture du projet\"}]},{\"@type\":\"WebSite\",\"@id\":\"https:\/\/beauxarts-cie.com\/consulting\/#website\",\"url\":\"https:\/\/beauxarts-cie.com\/consulting\/\",\"name\":\"Beaux Arts Consulting\",\"description\":\"Conseil en strat\u00e9gie, innovation et ing\u00e9nierie culturelle\",\"potentialAction\":[{\"@type\":\"SearchAction\",\"target\":{\"@type\":\"EntryPoint\",\"urlTemplate\":\"https:\/\/beauxarts-cie.com\/consulting\/?s={search_term_string}\"},\"query-input\":\"required name=search_term_string\"}],\"inLanguage\":\"fr-FR\"}]}<\/script>\n<!-- \/ Yoast SEO plugin. -->","yoast_head_json":{"title":"Accompagnement \u00e0 la mise en visite de l'H\u00f4tel de Ville de Mons, du concept \u00e0 l\u2019ouverture du projet - Beaux Arts Consulting","robots":{"index":"index","follow":"follow","max-snippet":"max-snippet:-1","max-image-preview":"max-image-preview:large","max-video-preview":"max-video-preview:-1"},"canonical":"https:\/\/beauxarts-cie.com\/consulting\/projets\/accompagnement-a-la-mise-en-visite-de-lhotel-de-ville-de-mons-du-concept-a-louverture-du-projet\/","og_locale":"fr_FR","og_type":"article","og_title":"Accompagnement \u00e0 la mise en visite de l'H\u00f4tel de Ville de Mons, du concept \u00e0 l\u2019ouverture du projet - Beaux Arts Consulting","og_description":"Client : Ville de Mons 2024, 2025Conception et gestion de projet Le contexte et ses enjeux : Embl\u00e8me de la vie politique Montoise, et class\u00e9 Patrimoine exceptionnel en 1936, l\u2019H\u00f4tel de ville de Mons est un t\u00e9moin de l\u2019histoire de la ville depuis sa construction au XIVe si\u00e8cle. Lieu o\u00f9 se prennent les d\u00e9cisions politiques [&hellip;]","og_url":"https:\/\/beauxarts-cie.com\/consulting\/projets\/accompagnement-a-la-mise-en-visite-de-lhotel-de-ville-de-mons-du-concept-a-louverture-du-projet\/","og_site_name":"Beaux Arts Consulting","article_modified_time":"2024-12-02T15:49:31+00:00","og_image":[{"width":2560,"height":1653,"url":"https:\/\/beauxarts-cie.com\/consulting\/wp-content\/uploads\/sites\/3\/2024\/12\/alexis-mette-r48G-QTQseI-unsplash-scaled.jpg","type":"image\/jpeg"}],"twitter_card":"summary_large_image","twitter_misc":{"Dur\u00e9e de lecture estim\u00e9e":"2 minutes"},"schema":{"@context":"https:\/\/schema.org","@graph":[{"@type":"WebPage","@id":"https:\/\/beauxarts-cie.com\/consulting\/projets\/accompagnement-a-la-mise-en-visite-de-lhotel-de-ville-de-mons-du-concept-a-louverture-du-projet\/","url":"https:\/\/beauxarts-cie.com\/consulting\/projets\/accompagnement-a-la-mise-en-visite-de-lhotel-de-ville-de-mons-du-concept-a-louverture-du-projet\/","name":"Accompagnement \u00e0 la mise en visite de l'H\u00f4tel de Ville de Mons, du concept \u00e0 l\u2019ouverture du projet - Beaux Arts Consulting","isPartOf":{"@id":"https:\/\/beauxarts-cie.com\/consulting\/#website"},"datePublished":"2024-12-02T10:11:11+00:00","dateModified":"2024-12-02T15:49:31+00:00","breadcrumb":{"@id":"https:\/\/beauxarts-cie.com\/consulting\/projets\/accompagnement-a-la-mise-en-visite-de-lhotel-de-ville-de-mons-du-concept-a-louverture-du-projet\/#breadcrumb"},"inLanguage":"fr-FR","potentialAction":[{"@type":"ReadAction","target":["https:\/\/beauxarts-cie.com\/consulting\/projets\/accompagnement-a-la-mise-en-visite-de-lhotel-de-ville-de-mons-du-concept-a-louverture-du-projet\/"]}]},{"@type":"BreadcrumbList","@id":"https:\/\/beauxarts-cie.com\/consulting\/projets\/accompagnement-a-la-mise-en-visite-de-lhotel-de-ville-de-mons-du-concept-a-louverture-du-projet\/#breadcrumb","itemListElement":[{"@type":"ListItem","position":1,"name":"Projets","item":"https:\/\/beauxarts-cie.com\/consulting\/projets\/"},{"@type":"ListItem","position":2,"name":"Accompagnement \u00e0 la mise en visite de l&rsquo;H\u00f4tel de Ville de Mons, du concept \u00e0 l\u2019ouverture du projet"}]},{"@type":"WebSite","@id":"https:\/\/beauxarts-cie.com\/consulting\/#website","url":"https:\/\/beauxarts-cie.com\/consulting\/","name":"Beaux Arts Consulting","description":"Conseil en strat\u00e9gie, innovation et ing\u00e9nierie culturelle","potentialAction":[{"@type":"SearchAction","target":{"@type":"EntryPoint","urlTemplate":"https:\/\/beauxarts-cie.com\/consulting\/?s={search_term_string}"},"query-input":"required name=search_term_string"}],"inLanguage":"fr-FR"}]}},"_links":{"self":[{"href":"https:\/\/beauxarts-cie.com\/consulting\/wp-json\/wp\/v2\/pages\/1568"}],"collection":[{"href":"https:\/\/beauxarts-cie.com\/consulting\/wp-json\/wp\/v2\/pages"}],"about":[{"href":"https:\/\/beauxarts-cie.com\/consulting\/wp-json\/wp\/v2\/types\/page"}],"author":[{"embeddable":true,"href":"https:\/\/beauxarts-cie.com\/consulting\/wp-json\/wp\/v2\/users\/12"}],"replies":[{"embeddable":true,"href":"https:\/\/beauxarts-cie.com\/consulting\/wp-json\/wp\/v2\/comments?post=1568"}],"version-history":[{"count":4,"href":"https:\/\/beauxarts-cie.com\/consulting\/wp-json\/wp\/v2\/pages\/1568\/revisions"}],"predecessor-version":[{"id":1602,"href":"https:\/\/beauxarts-cie.com\/consulting\/wp-json\/wp\/v2\/pages\/1568\/revisions\/1602"}],"up":[{"embeddable":true,"href":"https:\/\/beauxarts-cie.com\/consulting\/wp-json\/wp\/v2\/pages\/49"}],"wp:featuredmedia":[{"embeddable":true,"href":"https:\/\/beauxarts-cie.com\/consulting\/wp-json\/wp\/v2\/media\/1600"}],"wp:attachment":[{"href":"https:\/\/beauxarts-cie.com\/consulting\/wp-json\/wp\/v2\/media?parent=1568"}],"curies":[{"name":"wp","href":"https:\/\/api.w.org\/{rel}","templated":true}]}}