{"id":20,"date":"2020-04-06T10:13:18","date_gmt":"2020-04-06T08:13:18","guid":{"rendered":"https:\/\/beauxarts-cie.com\/consulting\/?page_id=18"},"modified":"2024-07-12T15:24:49","modified_gmt":"2024-07-12T13:24:49","slug":"actualites","status":"publish","type":"page","link":"https:\/\/beauxarts-cie.com\/consulting\/actualites\/","title":{"rendered":"Actualit\u00e9s"},"content":{"rendered":"\n<div class=\"wp-block-columns publication\">\n<div class=\"wp-block-column\">\n<figure class=\"wp-block-image size-large\"><a href=\"https:\/\/beauxarts-cie.com\/consulting\/projets\/beaux-arts-consulting-egis\/\"><img loading=\"lazy\" width=\"1024\" height=\"576\" src=\"https:\/\/beauxarts-cie.com\/consulting\/wp-content\/uploads\/sites\/3\/2024\/07\/Design-sans-titre6-1024x576.png\" alt=\"\" class=\"wp-image-1400\" srcset=\"https:\/\/beauxarts-cie.com\/consulting\/wp-content\/uploads\/sites\/3\/2024\/07\/Design-sans-titre6-1024x576.png 1024w, https:\/\/beauxarts-cie.com\/consulting\/wp-content\/uploads\/sites\/3\/2024\/07\/Design-sans-titre6-300x169.png 300w, https:\/\/beauxarts-cie.com\/consulting\/wp-content\/uploads\/sites\/3\/2024\/07\/Design-sans-titre6-768x432.png 768w, https:\/\/beauxarts-cie.com\/consulting\/wp-content\/uploads\/sites\/3\/2024\/07\/Design-sans-titre6-1536x864.png 1536w, https:\/\/beauxarts-cie.com\/consulting\/wp-content\/uploads\/sites\/3\/2024\/07\/Design-sans-titre6.png 1920w\" sizes=\"(max-width: 1024px) 100vw, 1024px\" \/><\/a><\/figure>\n\n\n\n<div class=\"wp-block-columns content\">\n<div class=\"wp-block-column\" style=\"flex-basis:70%\">\n<p><a href=\"https:\/\/beauxarts-cie.com\/consulting\/projets\/beaux-arts-consulting-egis\/\">Beaux Arts Consulting &amp; Egis<\/a><\/p>\n\n\n\n<p><a href=\"https:\/\/beauxarts-cie.com\/consulting\/projets\/beaux-arts-consulting-egis\/\">Le groupe BeauxArt &amp; Cie et le groupe EGIS ont d\u00e9cid\u00e9s de r\u00e9unir leurs capacit\u00e9s et moyens respectifs dans une alliance solidaire tout \u00e0 fait in\u00e9dite<\/a><\/p>\n<\/div>\n<\/div>\n<\/div>\n\n\n\n<div class=\"wp-block-column\">\n<figure class=\"wp-block-image size-large\"><img loading=\"lazy\" width=\"1024\" height=\"523\" src=\"https:\/\/beauxarts-cie.com\/consulting\/wp-content\/uploads\/sites\/3\/2021\/11\/Capture-decran-2021-11-18-151006-1024x523.png\" alt=\"\" class=\"wp-image-666\" srcset=\"https:\/\/beauxarts-cie.com\/consulting\/wp-content\/uploads\/sites\/3\/2021\/11\/Capture-decran-2021-11-18-151006-1024x523.png 1024w, https:\/\/beauxarts-cie.com\/consulting\/wp-content\/uploads\/sites\/3\/2021\/11\/Capture-decran-2021-11-18-151006-300x153.png 300w, https:\/\/beauxarts-cie.com\/consulting\/wp-content\/uploads\/sites\/3\/2021\/11\/Capture-decran-2021-11-18-151006-768x392.png 768w, https:\/\/beauxarts-cie.com\/consulting\/wp-content\/uploads\/sites\/3\/2021\/11\/Capture-decran-2021-11-18-151006.png 1146w\" sizes=\"(max-width: 1024px) 100vw, 1024px\" \/><\/figure>\n\n\n\n<div class=\"wp-block-columns content\">\n<div class=\"wp-block-column\" style=\"flex-basis:70%\">\n<p><a href=\"https:\/\/beauxarts-cie.com\/consulting\/wp-content\/uploads\/sites\/3\/2021\/11\/Beaux-Arts-Consulting-et-le-CENTQUATRE-PARIS-allient-leurs-forces-pour-lancer-une-offre-dingenierie-culturelle-commune.pdf\">Beaux Arts Consulting &amp; CENTQUATRE-PARIS<\/a><\/p>\n\n\n\n<p><a href=\"https:\/\/beauxarts-cie.com\/consulting\/wp-content\/uploads\/sites\/3\/2021\/11\/Beaux-Arts-Consulting-et-le-CENTQUATRE-PARIS-allient-leurs-forces-pour-lancer-une-offre-dingenierie-culturelle-commune.pdf\">Communiqu\u00e9 de Presse : lancement d&rsquo;une offre d&rsquo;ing\u00e9nierie culturelle commune<\/a><\/p>\n<\/div>\n\n\n\n<div class=\"wp-block-column containerDownload\" style=\"flex-basis:10%\">\n<figure class=\"wp-block-image size-large is-resized publiDownload\"><a href=\"https:\/\/beauxarts-cie.com\/consulting\/wp-content\/uploads\/sites\/3\/2021\/11\/Beaux-Arts-Consulting-et-le-CENTQUATRE-PARIS-allient-leurs-forces-pour-lancer-une-offre-dingenierie-culturelle-commune.pdf\" target=\"_blank\" rel=\"noopener noreferrer\"><img loading=\"lazy\" src=\"https:\/\/beauxarts-cie.com\/wp-content\/uploads\/2020\/04\/download.svg\" alt=\"T\u00e9l\u00e9charger\" class=\"wp-image-93\" width=\"22\" height=\"22\" \/><\/a><\/figure>\n<\/div>\n<\/div>\n<\/div>\n<\/div>\n\n\n\n<div class=\"wp-block-columns publication\">\n<div class=\"wp-block-column\">\n<figure class=\"wp-block-image size-full\"><a href=\"https:\/\/vimeo.com\/manage\/videos\/645995335\"><img loading=\"lazy\" width=\"630\" height=\"405\" src=\"https:\/\/beauxarts-cie.com\/consulting\/wp-content\/uploads\/sites\/3\/2021\/11\/MUSEVA.png\" alt=\"\" class=\"wp-image-596\" srcset=\"https:\/\/beauxarts-cie.com\/consulting\/wp-content\/uploads\/sites\/3\/2021\/11\/MUSEVA.png 630w, https:\/\/beauxarts-cie.com\/consulting\/wp-content\/uploads\/sites\/3\/2021\/11\/MUSEVA-300x193.png 300w\" sizes=\"(max-width: 630px) 100vw, 630px\" \/><\/a><\/figure>\n\n\n\n<div class=\"wp-block-columns content\">\n<div class=\"wp-block-column\" style=\"flex-basis:70%\">\n<p><a href=\"https:\/\/www.museva.fr\/conference-museva\/\">S<\/a><a href=\"https:\/\/vimeo.com\/manage\/videos\/645995335\">alon Museva 2021<\/a><\/p>\n\n\n\n<p><a href=\"https:\/\/vimeo.com\/manage\/videos\/645995335\"> <strong>Les privatisations : quelle place au sein des institutions culturelles ? <\/strong> <\/a><\/p>\n<\/div>\n<\/div>\n<\/div>\n\n\n\n<div class=\"wp-block-column\">\n<figure class=\"wp-block-image size-full\"><img loading=\"lazy\" width=\"862\" height=\"325\" src=\"https:\/\/beauxarts-cie.com\/consulting\/wp-content\/uploads\/sites\/3\/2021\/11\/Capture-decran-2021-11-18-145404-3.png\" alt=\"\" class=\"wp-image-672\" srcset=\"https:\/\/beauxarts-cie.com\/consulting\/wp-content\/uploads\/sites\/3\/2021\/11\/Capture-decran-2021-11-18-145404-3.png 862w, https:\/\/beauxarts-cie.com\/consulting\/wp-content\/uploads\/sites\/3\/2021\/11\/Capture-decran-2021-11-18-145404-3-300x113.png 300w, https:\/\/beauxarts-cie.com\/consulting\/wp-content\/uploads\/sites\/3\/2021\/11\/Capture-decran-2021-11-18-145404-3-768x290.png 768w\" sizes=\"(max-width: 862px) 100vw, 862px\" \/><\/figure>\n\n\n\n<div class=\"wp-block-columns content\">\n<div class=\"wp-block-column\" style=\"flex-basis:70%\">\n<p>Heritech Forum 2021 <\/p>\n\n\n\n<p> <strong>Dialogue Territoires &#8211; Etat autour de la valorisation num\u00e9rique des patrimoines<\/strong><br><\/p>\n<\/div>\n<\/div>\n<\/div>\n<\/div>\n\n\n\n<div class=\"wp-block-columns publication\">\n<div class=\"wp-block-column\">\n<figure class=\"wp-block-gallery has-nested-images columns-default is-cropped\">\n<figure class=\"wp-block-image size-full\"><img loading=\"lazy\" width=\"786\" height=\"412\" src=\"https:\/\/beauxarts-cie.com\/consulting\/wp-content\/uploads\/sites\/3\/2021\/11\/Capture-decran-2021-11-18-145600.png\" alt=\"\" class=\"wp-image-655\" srcset=\"https:\/\/beauxarts-cie.com\/consulting\/wp-content\/uploads\/sites\/3\/2021\/11\/Capture-decran-2021-11-18-145600.png 786w, https:\/\/beauxarts-cie.com\/consulting\/wp-content\/uploads\/sites\/3\/2021\/11\/Capture-decran-2021-11-18-145600-300x157.png 300w, https:\/\/beauxarts-cie.com\/consulting\/wp-content\/uploads\/sites\/3\/2021\/11\/Capture-decran-2021-11-18-145600-768x403.png 768w\" sizes=\"(max-width: 786px) 100vw, 786px\" \/><\/figure>\n<\/figure>\n\n\n\n<div class=\"wp-block-columns content\">\n<div class=\"wp-block-column\" style=\"flex-basis:70%\">\n<p><a href=\"https:\/\/www.youtube.com\/watch?v=-skbjHX6g_Y\">ICOM France<\/a><\/p>\n\n\n\n<p><strong><a href=\"https:\/\/www.youtube.com\/watch?v=-skbjHX6g_Y\">\u00ab&nbsp;Faire \u00e9quipe&nbsp;\u00bb, journ\u00e9e de d\u00e9bats professionnels d&rsquo;ICOM France au mus\u00e9e national du Sport \u00e0 Nice<\/a><\/strong><\/p>\n<\/div>\n\n\n\n<div class=\"wp-block-column containerDownload\" style=\"flex-basis:10%\"><\/div>\n<\/div>\n<\/div>\n\n\n\n<div class=\"wp-block-column\">\n<figure class=\"wp-block-gallery has-nested-images columns-default is-cropped\">\n<figure class=\"wp-block-image size-full\"><img loading=\"lazy\" width=\"969\" height=\"448\" src=\"https:\/\/beauxarts-cie.com\/consulting\/wp-content\/uploads\/sites\/3\/2021\/11\/Capture-decran-2021-11-18-150726.png\" alt=\"\" class=\"wp-image-662\" srcset=\"https:\/\/beauxarts-cie.com\/consulting\/wp-content\/uploads\/sites\/3\/2021\/11\/Capture-decran-2021-11-18-150726.png 969w, https:\/\/beauxarts-cie.com\/consulting\/wp-content\/uploads\/sites\/3\/2021\/11\/Capture-decran-2021-11-18-150726-300x139.png 300w, https:\/\/beauxarts-cie.com\/consulting\/wp-content\/uploads\/sites\/3\/2021\/11\/Capture-decran-2021-11-18-150726-768x355.png 768w\" sizes=\"(max-width: 969px) 100vw, 969px\" \/><\/figure>\n<\/figure>\n\n\n\n<div class=\"wp-block-columns content\">\n<div class=\"wp-block-column\" style=\"flex-basis:70%\">\n<p><a href=\"https:\/\/www.sitem.fr\/start-up-contest\/\">SITEM<\/a><\/p>\n\n\n\n<p><a href=\"https:\/\/www.sitem.fr\/start-up-contest\/\"> <strong>Start-u<\/strong><\/a><strong><a href=\"https:\/\/www.sitem.fr\/start-up-contest\/\">p Contest <\/a><\/strong><br><\/p>\n<\/div>\n<\/div>\n<\/div>\n<\/div>\n\n\n\n<div class=\"wp-block-columns publication\">\n<div class=\"wp-block-column\">\n<div class=\"wp-block-columns content\">\n<div class=\"wp-block-column containerDownload\" style=\"flex-basis:10%\"><\/div>\n<\/div>\n<\/div>\n\n\n\n<div class=\"wp-block-column\">\n<div class=\"wp-block-columns content\">\n<div class=\"wp-block-column\" style=\"flex-basis:70%\">\n<p><\/p>\n<\/div>\n\n\n\n<div class=\"wp-block-column containerDownload\" style=\"flex-basis:10%\"><\/div>\n<\/div>\n<\/div>\n<\/div>\n","protected":false},"excerpt":{"rendered":"<p>Beaux Arts Consulting &amp; Egis Le groupe BeauxArt &amp; Cie et le groupe EGIS ont d\u00e9cid\u00e9s de r\u00e9unir leurs capacit\u00e9s et moyens respectifs dans une alliance solidaire tout \u00e0 fait in\u00e9dite Beaux Arts Consulting &amp; CENTQUATRE-PARIS Communiqu\u00e9 de Presse : lancement d&rsquo;une offre d&rsquo;ing\u00e9nierie culturelle commune Salon Museva 2021 Les privatisations : quelle place au [&hellip;]<\/p>\n","protected":false},"author":12,"featured_media":0,"parent":0,"menu_order":0,"comment_status":"closed","ping_status":"closed","template":"","meta":[],"yoast_head":"<!-- This site is optimized with the Yoast SEO plugin v19.11 - https:\/\/yoast.com\/wordpress\/plugins\/seo\/ -->\n<title>Actualit\u00e9s - Beaux Arts Consulting<\/title>\n<meta name=\"robots\" content=\"index, follow, max-snippet:-1, max-image-preview:large, max-video-preview:-1\" \/>\n<link rel=\"canonical\" href=\"https:\/\/beauxarts-cie.com\/consulting\/actualites\/\" \/>\n<meta property=\"og:locale\" content=\"fr_FR\" \/>\n<meta property=\"og:type\" content=\"article\" \/>\n<meta property=\"og:title\" content=\"Actualit\u00e9s - Beaux Arts Consulting\" \/>\n<meta property=\"og:description\" content=\"Beaux Arts Consulting &amp; Egis Le groupe BeauxArt &amp; Cie et le groupe EGIS ont d\u00e9cid\u00e9s de r\u00e9unir leurs capacit\u00e9s et moyens respectifs dans une alliance solidaire tout \u00e0 fait in\u00e9dite Beaux Arts Consulting &amp; CENTQUATRE-PARIS Communiqu\u00e9 de Presse : lancement d&rsquo;une offre d&rsquo;ing\u00e9nierie culturelle commune Salon Museva 2021 Les privatisations : quelle place au [&hellip;]\" \/>\n<meta property=\"og:url\" content=\"https:\/\/beauxarts-cie.com\/consulting\/actualites\/\" \/>\n<meta property=\"og:site_name\" content=\"Beaux Arts Consulting\" \/>\n<meta property=\"article:modified_time\" content=\"2024-07-12T13:24:49+00:00\" \/>\n<meta property=\"og:image\" content=\"https:\/\/beauxarts-cie.com\/consulting\/wp-content\/uploads\/sites\/3\/2024\/07\/Design-sans-titre6-1024x576.png\" \/>\n<meta name=\"twitter:card\" content=\"summary_large_image\" \/>\n<meta name=\"twitter:label1\" content=\"Dur\u00e9e de lecture estim\u00e9e\" \/>\n\t<meta name=\"twitter:data1\" content=\"2 minutes\" \/>\n<script type=\"application\/ld+json\" class=\"yoast-schema-graph\">{\"@context\":\"https:\/\/schema.org\",\"@graph\":[{\"@type\":\"WebPage\",\"@id\":\"https:\/\/beauxarts-cie.com\/consulting\/actualites\/\",\"url\":\"https:\/\/beauxarts-cie.com\/consulting\/actualites\/\",\"name\":\"Actualit\u00e9s - Beaux Arts Consulting\",\"isPartOf\":{\"@id\":\"https:\/\/beauxarts-cie.com\/consulting\/#website\"},\"datePublished\":\"2020-04-06T08:13:18+00:00\",\"dateModified\":\"2024-07-12T13:24:49+00:00\",\"inLanguage\":\"fr-FR\",\"potentialAction\":[{\"@type\":\"ReadAction\",\"target\":[\"https:\/\/beauxarts-cie.com\/consulting\/actualites\/\"]}]},{\"@type\":\"WebSite\",\"@id\":\"https:\/\/beauxarts-cie.com\/consulting\/#website\",\"url\":\"https:\/\/beauxarts-cie.com\/consulting\/\",\"name\":\"Beaux Arts Consulting\",\"description\":\"Conseil en strat\u00e9gie, innovation et ing\u00e9nierie culturelle\",\"potentialAction\":[{\"@type\":\"SearchAction\",\"target\":{\"@type\":\"EntryPoint\",\"urlTemplate\":\"https:\/\/beauxarts-cie.com\/consulting\/?s={search_term_string}\"},\"query-input\":\"required name=search_term_string\"}],\"inLanguage\":\"fr-FR\"}]}<\/script>\n<!-- \/ Yoast SEO plugin. -->","yoast_head_json":{"title":"Actualit\u00e9s - Beaux Arts Consulting","robots":{"index":"index","follow":"follow","max-snippet":"max-snippet:-1","max-image-preview":"max-image-preview:large","max-video-preview":"max-video-preview:-1"},"canonical":"https:\/\/beauxarts-cie.com\/consulting\/actualites\/","og_locale":"fr_FR","og_type":"article","og_title":"Actualit\u00e9s - Beaux Arts Consulting","og_description":"Beaux Arts Consulting &amp; Egis Le groupe BeauxArt &amp; Cie et le groupe EGIS ont d\u00e9cid\u00e9s de r\u00e9unir leurs capacit\u00e9s et moyens respectifs dans une alliance solidaire tout \u00e0 fait in\u00e9dite Beaux Arts Consulting &amp; CENTQUATRE-PARIS Communiqu\u00e9 de Presse : lancement d&rsquo;une offre d&rsquo;ing\u00e9nierie culturelle commune Salon Museva 2021 Les privatisations : quelle place au [&hellip;]","og_url":"https:\/\/beauxarts-cie.com\/consulting\/actualites\/","og_site_name":"Beaux Arts Consulting","article_modified_time":"2024-07-12T13:24:49+00:00","og_image":[{"url":"https:\/\/beauxarts-cie.com\/consulting\/wp-content\/uploads\/sites\/3\/2024\/07\/Design-sans-titre6-1024x576.png"}],"twitter_card":"summary_large_image","twitter_misc":{"Dur\u00e9e de lecture estim\u00e9e":"2 minutes"},"schema":{"@context":"https:\/\/schema.org","@graph":[{"@type":"WebPage","@id":"https:\/\/beauxarts-cie.com\/consulting\/actualites\/","url":"https:\/\/beauxarts-cie.com\/consulting\/actualites\/","name":"Actualit\u00e9s - Beaux Arts Consulting","isPartOf":{"@id":"https:\/\/beauxarts-cie.com\/consulting\/#website"},"datePublished":"2020-04-06T08:13:18+00:00","dateModified":"2024-07-12T13:24:49+00:00","inLanguage":"fr-FR","potentialAction":[{"@type":"ReadAction","target":["https:\/\/beauxarts-cie.com\/consulting\/actualites\/"]}]},{"@type":"WebSite","@id":"https:\/\/beauxarts-cie.com\/consulting\/#website","url":"https:\/\/beauxarts-cie.com\/consulting\/","name":"Beaux Arts Consulting","description":"Conseil en strat\u00e9gie, innovation et ing\u00e9nierie culturelle","potentialAction":[{"@type":"SearchAction","target":{"@type":"EntryPoint","urlTemplate":"https:\/\/beauxarts-cie.com\/consulting\/?s={search_term_string}"},"query-input":"required name=search_term_string"}],"inLanguage":"fr-FR"}]}},"_links":{"self":[{"href":"https:\/\/beauxarts-cie.com\/consulting\/wp-json\/wp\/v2\/pages\/20"}],"collection":[{"href":"https:\/\/beauxarts-cie.com\/consulting\/wp-json\/wp\/v2\/pages"}],"about":[{"href":"https:\/\/beauxarts-cie.com\/consulting\/wp-json\/wp\/v2\/types\/page"}],"author":[{"embeddable":true,"href":"https:\/\/beauxarts-cie.com\/consulting\/wp-json\/wp\/v2\/users\/12"}],"replies":[{"embeddable":true,"href":"https:\/\/beauxarts-cie.com\/consulting\/wp-json\/wp\/v2\/comments?post=20"}],"version-history":[{"count":22,"href":"https:\/\/beauxarts-cie.com\/consulting\/wp-json\/wp\/v2\/pages\/20\/revisions"}],"predecessor-version":[{"id":1527,"href":"https:\/\/beauxarts-cie.com\/consulting\/wp-json\/wp\/v2\/pages\/20\/revisions\/1527"}],"wp:attachment":[{"href":"https:\/\/beauxarts-cie.com\/consulting\/wp-json\/wp\/v2\/media?parent=20"}],"curies":[{"name":"wp","href":"https:\/\/api.w.org\/{rel}","templated":true}]}}