{"id":347,"date":"2021-11-12T15:56:23","date_gmt":"2021-11-12T14:56:23","guid":{"rendered":"https:\/\/beauxarts-cie.com\/consulting\/?page_id=347"},"modified":"2021-11-18T13:33:57","modified_gmt":"2021-11-18T12:33:57","slug":"credo","status":"publish","type":"page","link":"https:\/\/beauxarts-cie.com\/consulting\/credo\/","title":{"rendered":"Credo"},"content":{"rendered":"\n<div class=\"wp-container-1 wp-block-group margin-15\"><div class=\"wp-block-group__inner-container\">\n<p>Nous croyons en l\u2019impact positif des projets culturels.<\/p>\n\n\n\n<p>Nous croyons en la force motrice de l\u2019art dans notre quotidien, nos lieux de vie, de travail, et de rencontres.<\/p>\n\n\n\n<p>Nous croyons \u00e0 la puissance de l\u2019\u00e9cosyst\u00e8me artistique pour modifier notre pr\u00e9sent et forger un futur plus durable et responsable.<\/p>\n\n\n\n<p>Nous agissons aux c\u00f4t\u00e9s des institutions culturelles, des territoires et des entreprises pour les aider \u00e0 innover et se transformer.<\/p>\n\n\n\n<p>Nous agissons avec des partenaires aux valeurs communes et aux expertises compl\u00e9mentaires.<\/p>\n\n\n\n<p>Nous agissons sur l\u2019ensemble des activit\u00e9s qui d\u00e9veloppent la place de l\u2019art et de la culture dans notre soci\u00e9t\u00e9, de la strat\u00e9gie \u00e0 la production concr\u00e8te d\u2019\u0153uvres.<\/p>\n\n\n\n<p>Bienvenue dans un monde o\u00f9 l&rsquo;art et la culture construisent notre avenir.<\/p>\n<\/div><\/div>\n\n\n\n<div style=\"height:50px\" aria-hidden=\"true\" class=\"wp-block-spacer\"><\/div>\n","protected":false},"excerpt":{"rendered":"<p>Nous croyons en l\u2019impact positif des projets culturels. Nous croyons en la force motrice de l\u2019art dans notre quotidien, nos lieux de vie, de travail, et de rencontres. Nous croyons \u00e0 la puissance de l\u2019\u00e9cosyst\u00e8me artistique pour modifier notre pr\u00e9sent et forger un futur plus durable et responsable. Nous agissons aux c\u00f4t\u00e9s des institutions culturelles, [&hellip;]<\/p>\n","protected":false},"author":11,"featured_media":0,"parent":0,"menu_order":0,"comment_status":"closed","ping_status":"closed","template":"","meta":[],"yoast_head":"<!-- This site is optimized with the Yoast SEO plugin v19.11 - https:\/\/yoast.com\/wordpress\/plugins\/seo\/ -->\n<title>Credo - Beaux Arts Consulting<\/title>\n<meta name=\"robots\" content=\"index, follow, max-snippet:-1, max-image-preview:large, max-video-preview:-1\" \/>\n<link rel=\"canonical\" href=\"https:\/\/beauxarts-cie.com\/consulting\/credo\/\" \/>\n<meta property=\"og:locale\" content=\"fr_FR\" \/>\n<meta property=\"og:type\" content=\"article\" \/>\n<meta property=\"og:title\" content=\"Credo - Beaux Arts Consulting\" \/>\n<meta property=\"og:description\" content=\"Nous croyons en l\u2019impact positif des projets culturels. Nous croyons en la force motrice de l\u2019art dans notre quotidien, nos lieux de vie, de travail, et de rencontres. Nous croyons \u00e0 la puissance de l\u2019\u00e9cosyst\u00e8me artistique pour modifier notre pr\u00e9sent et forger un futur plus durable et responsable. Nous agissons aux c\u00f4t\u00e9s des institutions culturelles, [&hellip;]\" \/>\n<meta property=\"og:url\" content=\"https:\/\/beauxarts-cie.com\/consulting\/credo\/\" \/>\n<meta property=\"og:site_name\" content=\"Beaux Arts Consulting\" \/>\n<meta property=\"article:modified_time\" content=\"2021-11-18T12:33:57+00:00\" \/>\n<meta name=\"twitter:card\" content=\"summary_large_image\" \/>\n<meta name=\"twitter:label1\" content=\"Dur\u00e9e de lecture estim\u00e9e\" \/>\n\t<meta name=\"twitter:data1\" content=\"1 minute\" \/>\n<script type=\"application\/ld+json\" class=\"yoast-schema-graph\">{\"@context\":\"https:\/\/schema.org\",\"@graph\":[{\"@type\":\"WebPage\",\"@id\":\"https:\/\/beauxarts-cie.com\/consulting\/credo\/\",\"url\":\"https:\/\/beauxarts-cie.com\/consulting\/credo\/\",\"name\":\"Credo - Beaux Arts Consulting\",\"isPartOf\":{\"@id\":\"https:\/\/beauxarts-cie.com\/consulting\/#website\"},\"datePublished\":\"2021-11-12T14:56:23+00:00\",\"dateModified\":\"2021-11-18T12:33:57+00:00\",\"inLanguage\":\"fr-FR\",\"potentialAction\":[{\"@type\":\"ReadAction\",\"target\":[\"https:\/\/beauxarts-cie.com\/consulting\/credo\/\"]}]},{\"@type\":\"WebSite\",\"@id\":\"https:\/\/beauxarts-cie.com\/consulting\/#website\",\"url\":\"https:\/\/beauxarts-cie.com\/consulting\/\",\"name\":\"Beaux Arts Consulting\",\"description\":\"Conseil en strat\u00e9gie, innovation et ing\u00e9nierie culturelle\",\"potentialAction\":[{\"@type\":\"SearchAction\",\"target\":{\"@type\":\"EntryPoint\",\"urlTemplate\":\"https:\/\/beauxarts-cie.com\/consulting\/?s={search_term_string}\"},\"query-input\":\"required name=search_term_string\"}],\"inLanguage\":\"fr-FR\"}]}<\/script>\n<!-- \/ Yoast SEO plugin. -->","yoast_head_json":{"title":"Credo - Beaux Arts Consulting","robots":{"index":"index","follow":"follow","max-snippet":"max-snippet:-1","max-image-preview":"max-image-preview:large","max-video-preview":"max-video-preview:-1"},"canonical":"https:\/\/beauxarts-cie.com\/consulting\/credo\/","og_locale":"fr_FR","og_type":"article","og_title":"Credo - Beaux Arts Consulting","og_description":"Nous croyons en l\u2019impact positif des projets culturels. Nous croyons en la force motrice de l\u2019art dans notre quotidien, nos lieux de vie, de travail, et de rencontres. Nous croyons \u00e0 la puissance de l\u2019\u00e9cosyst\u00e8me artistique pour modifier notre pr\u00e9sent et forger un futur plus durable et responsable. Nous agissons aux c\u00f4t\u00e9s des institutions culturelles, [&hellip;]","og_url":"https:\/\/beauxarts-cie.com\/consulting\/credo\/","og_site_name":"Beaux Arts Consulting","article_modified_time":"2021-11-18T12:33:57+00:00","twitter_card":"summary_large_image","twitter_misc":{"Dur\u00e9e de lecture estim\u00e9e":"1 minute"},"schema":{"@context":"https:\/\/schema.org","@graph":[{"@type":"WebPage","@id":"https:\/\/beauxarts-cie.com\/consulting\/credo\/","url":"https:\/\/beauxarts-cie.com\/consulting\/credo\/","name":"Credo - Beaux Arts Consulting","isPartOf":{"@id":"https:\/\/beauxarts-cie.com\/consulting\/#website"},"datePublished":"2021-11-12T14:56:23+00:00","dateModified":"2021-11-18T12:33:57+00:00","inLanguage":"fr-FR","potentialAction":[{"@type":"ReadAction","target":["https:\/\/beauxarts-cie.com\/consulting\/credo\/"]}]},{"@type":"WebSite","@id":"https:\/\/beauxarts-cie.com\/consulting\/#website","url":"https:\/\/beauxarts-cie.com\/consulting\/","name":"Beaux Arts Consulting","description":"Conseil en strat\u00e9gie, innovation et ing\u00e9nierie culturelle","potentialAction":[{"@type":"SearchAction","target":{"@type":"EntryPoint","urlTemplate":"https:\/\/beauxarts-cie.com\/consulting\/?s={search_term_string}"},"query-input":"required name=search_term_string"}],"inLanguage":"fr-FR"}]}},"_links":{"self":[{"href":"https:\/\/beauxarts-cie.com\/consulting\/wp-json\/wp\/v2\/pages\/347"}],"collection":[{"href":"https:\/\/beauxarts-cie.com\/consulting\/wp-json\/wp\/v2\/pages"}],"about":[{"href":"https:\/\/beauxarts-cie.com\/consulting\/wp-json\/wp\/v2\/types\/page"}],"author":[{"embeddable":true,"href":"https:\/\/beauxarts-cie.com\/consulting\/wp-json\/wp\/v2\/users\/11"}],"replies":[{"embeddable":true,"href":"https:\/\/beauxarts-cie.com\/consulting\/wp-json\/wp\/v2\/comments?post=347"}],"version-history":[{"count":4,"href":"https:\/\/beauxarts-cie.com\/consulting\/wp-json\/wp\/v2\/pages\/347\/revisions"}],"predecessor-version":[{"id":624,"href":"https:\/\/beauxarts-cie.com\/consulting\/wp-json\/wp\/v2\/pages\/347\/revisions\/624"}],"wp:attachment":[{"href":"https:\/\/beauxarts-cie.com\/consulting\/wp-json\/wp\/v2\/media?parent=347"}],"curies":[{"name":"wp","href":"https:\/\/api.w.org\/{rel}","templated":true}]}}