{"id":509,"date":"2021-11-17T12:16:57","date_gmt":"2021-11-17T11:16:57","guid":{"rendered":"https:\/\/beauxarts-cie.com\/consulting\/?page_id=509"},"modified":"2024-04-26T16:56:23","modified_gmt":"2024-04-26T14:56:23","slug":"monnaie-de-paris","status":"publish","type":"page","link":"https:\/\/beauxarts-cie.com\/consulting\/projets\/monnaie-de-paris\/","title":{"rendered":"Positionnement, d\u00e9finition des activit\u00e9s et mod\u00e8le \u00e9conomique de la Monnaie de Paris"},"content":{"rendered":"\n<div class=\"wp-block-columns refId\">\n<div class=\"wp-block-column\">\n<h2 class=\"has-text-align-left\">Client : Monnaie de Paris<\/h2>\n<\/div>\n\n\n\n<div class=\"wp-block-column\">\n<p>Temporalit\u00e9 : 2019 &#8211; 2022<br>Positionnement strat\u00e9gique, nouveaux publics, programmation, mod\u00e9lisation \u00e9conomique<\/p>\n<\/div>\n<\/div>\n\n\n\n<p><strong>Le contexte et ses enjeux :<\/strong><\/p>\n\n\n\n<p>La Monnaie de Paris est une institution pluris\u00e9culaire, qui en parall\u00e8le de son activit\u00e9 parisienne de frappe de monnaies et m\u00e9daille, valorise dans son site parisien son patrimoine d\u2019exception. Ces activit\u00e9s culturelles reposant uniquement sur les ressources propres de la Monnaie de Paris, la direction de l\u2019institution a souhait\u00e9 repositionner son offre culturelle et d\u2019activit\u00e9s grand public pour d\u00e9velopper la fr\u00e9quentation du lieu et la visibilit\u00e9 du lieu et accroitre ses ressources propres.<\/p>\n\n\n\n<p><strong>Notre r\u00f4le :<\/strong><\/p>\n\n\n\n<ul><li>Diagnostic de la situation et du positionnement l\u2019institution, via des entretiens et une analyse documentaire, <\/li><li>R\u00e9alisation d\u2019un benchmark d\u2019institutions en France et \u00e0 l\u2019international,<\/li><li>D\u00e9veloppement de sc\u00e9narios d\u2019\u00e9volution revus avec les collaborateurs dans le cadre d\u2019ateliers,<\/li><li>Proposition de nouveaux axes de programmation et de m\u00e9diation int\u00e9grant une forte dimension d\u2019innovation,<\/li><li>Mod\u00e9lisation \u00e9conomique du sc\u00e9nario retenu et d\u00e9veloppement d\u2019une feuille de route op\u00e9rationnelle,<\/li><li>\u00c9laboration d\u2019une ligne \u00e9ditoriale et d\u2019\u00e9l\u00e9ments de langage autour du sc\u00e9nario retenu,<\/li><li>D\u00e9finition de la strat\u00e9gie de m\u00e9c\u00e9nat : projets prioritaires \u00e0 m\u00e9c\u00e9ner et argumentaires associ\u00e9s, d\u00e9finition d\u2019une typologie d\u2019acteurs cibles et \u00e9laboration d\u2019une grille de contreparties innovantes.<\/li><\/ul>\n\n\n\n<p><strong>Retomb\u00e9es et suites :<\/strong><\/p>\n\n\n\n<p>La mission a contribu\u00e9 \u00e0 l\u2019\u00e9volution du mod\u00e8le de la Monnaie de Paris, combinant strat\u00e9gie de programmation et exigence de l\u2019offre \u2013 recentr\u00e9e autour des th\u00e9matiques cl\u00e9s de l\u2019institution (les m\u00e9tiers d\u2019art autour du m\u00e9tal et la notion de monnaie et d\u2019\u00e9change) &#8211; innovation num\u00e9rique et efficacit\u00e9 \u00e9conomique via le d\u00e9veloppement d\u2019activit\u00e9s compl\u00e9mentaires g\u00e9n\u00e9ratrices de revenu (privatisations, m\u00e9c\u00e9nat, restauration, activit\u00e9s ludiques et de loisir, etc.).<\/p>\n","protected":false},"excerpt":{"rendered":"<p>Client : Monnaie de Paris Temporalit\u00e9 : 2019 &#8211; 2022Positionnement strat\u00e9gique, nouveaux publics, programmation, mod\u00e9lisation \u00e9conomique Le contexte et ses enjeux : La Monnaie de Paris est une institution pluris\u00e9culaire, qui en parall\u00e8le de son activit\u00e9 parisienne de frappe de monnaies et m\u00e9daille, valorise dans son site parisien son patrimoine d\u2019exception. Ces activit\u00e9s culturelles reposant [&hellip;]<\/p>\n","protected":false},"author":12,"featured_media":506,"parent":49,"menu_order":0,"comment_status":"closed","ping_status":"closed","template":"tpl-page-child-reference.php","meta":[],"yoast_head":"<!-- This site is optimized with the Yoast SEO plugin v19.11 - https:\/\/yoast.com\/wordpress\/plugins\/seo\/ -->\n<title>Positionnement, d\u00e9finition des activit\u00e9s et mod\u00e8le \u00e9conomique de la Monnaie de Paris - Beaux Arts Consulting<\/title>\n<meta name=\"robots\" content=\"index, follow, max-snippet:-1, max-image-preview:large, max-video-preview:-1\" \/>\n<link rel=\"canonical\" href=\"https:\/\/beauxarts-cie.com\/consulting\/projets\/monnaie-de-paris\/\" \/>\n<meta property=\"og:locale\" content=\"fr_FR\" \/>\n<meta property=\"og:type\" content=\"article\" \/>\n<meta property=\"og:title\" content=\"Positionnement, d\u00e9finition des activit\u00e9s et mod\u00e8le \u00e9conomique de la Monnaie de Paris - Beaux Arts Consulting\" \/>\n<meta property=\"og:description\" content=\"Client : Monnaie de Paris Temporalit\u00e9 : 2019 &#8211; 2022Positionnement strat\u00e9gique, nouveaux publics, programmation, mod\u00e9lisation \u00e9conomique Le contexte et ses enjeux : La Monnaie de Paris est une institution pluris\u00e9culaire, qui en parall\u00e8le de son activit\u00e9 parisienne de frappe de monnaies et m\u00e9daille, valorise dans son site parisien son patrimoine d\u2019exception. Ces activit\u00e9s culturelles reposant [&hellip;]\" \/>\n<meta property=\"og:url\" content=\"https:\/\/beauxarts-cie.com\/consulting\/projets\/monnaie-de-paris\/\" \/>\n<meta property=\"og:site_name\" content=\"Beaux Arts Consulting\" \/>\n<meta property=\"article:modified_time\" content=\"2024-04-26T14:56:23+00:00\" \/>\n<meta property=\"og:image\" content=\"https:\/\/beauxarts-cie.com\/consulting\/wp-content\/uploads\/sites\/3\/2021\/11\/Capture-decran-2021-11-17-121037-1024x455.png\" \/>\n\t<meta property=\"og:image:width\" content=\"1024\" \/>\n\t<meta property=\"og:image:height\" content=\"455\" \/>\n\t<meta property=\"og:image:type\" content=\"image\/png\" \/>\n<meta name=\"twitter:card\" content=\"summary_large_image\" \/>\n<meta name=\"twitter:label1\" content=\"Dur\u00e9e de lecture estim\u00e9e\" \/>\n\t<meta name=\"twitter:data1\" content=\"2 minutes\" \/>\n<script type=\"application\/ld+json\" class=\"yoast-schema-graph\">{\"@context\":\"https:\/\/schema.org\",\"@graph\":[{\"@type\":\"WebPage\",\"@id\":\"https:\/\/beauxarts-cie.com\/consulting\/projets\/monnaie-de-paris\/\",\"url\":\"https:\/\/beauxarts-cie.com\/consulting\/projets\/monnaie-de-paris\/\",\"name\":\"Positionnement, d\u00e9finition des activit\u00e9s et mod\u00e8le \u00e9conomique de la Monnaie de Paris - Beaux Arts Consulting\",\"isPartOf\":{\"@id\":\"https:\/\/beauxarts-cie.com\/consulting\/#website\"},\"datePublished\":\"2021-11-17T11:16:57+00:00\",\"dateModified\":\"2024-04-26T14:56:23+00:00\",\"breadcrumb\":{\"@id\":\"https:\/\/beauxarts-cie.com\/consulting\/projets\/monnaie-de-paris\/#breadcrumb\"},\"inLanguage\":\"fr-FR\",\"potentialAction\":[{\"@type\":\"ReadAction\",\"target\":[\"https:\/\/beauxarts-cie.com\/consulting\/projets\/monnaie-de-paris\/\"]}]},{\"@type\":\"BreadcrumbList\",\"@id\":\"https:\/\/beauxarts-cie.com\/consulting\/projets\/monnaie-de-paris\/#breadcrumb\",\"itemListElement\":[{\"@type\":\"ListItem\",\"position\":1,\"name\":\"Projets\",\"item\":\"https:\/\/beauxarts-cie.com\/consulting\/projets\/\"},{\"@type\":\"ListItem\",\"position\":2,\"name\":\"Positionnement, d\u00e9finition des activit\u00e9s et mod\u00e8le \u00e9conomique de la Monnaie de Paris\"}]},{\"@type\":\"WebSite\",\"@id\":\"https:\/\/beauxarts-cie.com\/consulting\/#website\",\"url\":\"https:\/\/beauxarts-cie.com\/consulting\/\",\"name\":\"Beaux Arts Consulting\",\"description\":\"Conseil en strat\u00e9gie, innovation et ing\u00e9nierie culturelle\",\"potentialAction\":[{\"@type\":\"SearchAction\",\"target\":{\"@type\":\"EntryPoint\",\"urlTemplate\":\"https:\/\/beauxarts-cie.com\/consulting\/?s={search_term_string}\"},\"query-input\":\"required name=search_term_string\"}],\"inLanguage\":\"fr-FR\"}]}<\/script>\n<!-- \/ Yoast SEO plugin. -->","yoast_head_json":{"title":"Positionnement, d\u00e9finition des activit\u00e9s et mod\u00e8le \u00e9conomique de la Monnaie de Paris - Beaux Arts Consulting","robots":{"index":"index","follow":"follow","max-snippet":"max-snippet:-1","max-image-preview":"max-image-preview:large","max-video-preview":"max-video-preview:-1"},"canonical":"https:\/\/beauxarts-cie.com\/consulting\/projets\/monnaie-de-paris\/","og_locale":"fr_FR","og_type":"article","og_title":"Positionnement, d\u00e9finition des activit\u00e9s et mod\u00e8le \u00e9conomique de la Monnaie de Paris - Beaux Arts Consulting","og_description":"Client : Monnaie de Paris Temporalit\u00e9 : 2019 &#8211; 2022Positionnement strat\u00e9gique, nouveaux publics, programmation, mod\u00e9lisation \u00e9conomique Le contexte et ses enjeux : La Monnaie de Paris est une institution pluris\u00e9culaire, qui en parall\u00e8le de son activit\u00e9 parisienne de frappe de monnaies et m\u00e9daille, valorise dans son site parisien son patrimoine d\u2019exception. Ces activit\u00e9s culturelles reposant [&hellip;]","og_url":"https:\/\/beauxarts-cie.com\/consulting\/projets\/monnaie-de-paris\/","og_site_name":"Beaux Arts Consulting","article_modified_time":"2024-04-26T14:56:23+00:00","og_image":[{"width":1024,"height":455,"url":"https:\/\/beauxarts-cie.com\/consulting\/wp-content\/uploads\/sites\/3\/2021\/11\/Capture-decran-2021-11-17-121037-1024x455.png","type":"image\/png"}],"twitter_card":"summary_large_image","twitter_misc":{"Dur\u00e9e de lecture estim\u00e9e":"2 minutes"},"schema":{"@context":"https:\/\/schema.org","@graph":[{"@type":"WebPage","@id":"https:\/\/beauxarts-cie.com\/consulting\/projets\/monnaie-de-paris\/","url":"https:\/\/beauxarts-cie.com\/consulting\/projets\/monnaie-de-paris\/","name":"Positionnement, d\u00e9finition des activit\u00e9s et mod\u00e8le \u00e9conomique de la Monnaie de Paris - Beaux Arts Consulting","isPartOf":{"@id":"https:\/\/beauxarts-cie.com\/consulting\/#website"},"datePublished":"2021-11-17T11:16:57+00:00","dateModified":"2024-04-26T14:56:23+00:00","breadcrumb":{"@id":"https:\/\/beauxarts-cie.com\/consulting\/projets\/monnaie-de-paris\/#breadcrumb"},"inLanguage":"fr-FR","potentialAction":[{"@type":"ReadAction","target":["https:\/\/beauxarts-cie.com\/consulting\/projets\/monnaie-de-paris\/"]}]},{"@type":"BreadcrumbList","@id":"https:\/\/beauxarts-cie.com\/consulting\/projets\/monnaie-de-paris\/#breadcrumb","itemListElement":[{"@type":"ListItem","position":1,"name":"Projets","item":"https:\/\/beauxarts-cie.com\/consulting\/projets\/"},{"@type":"ListItem","position":2,"name":"Positionnement, d\u00e9finition des activit\u00e9s et mod\u00e8le \u00e9conomique de la Monnaie de Paris"}]},{"@type":"WebSite","@id":"https:\/\/beauxarts-cie.com\/consulting\/#website","url":"https:\/\/beauxarts-cie.com\/consulting\/","name":"Beaux Arts Consulting","description":"Conseil en strat\u00e9gie, innovation et ing\u00e9nierie culturelle","potentialAction":[{"@type":"SearchAction","target":{"@type":"EntryPoint","urlTemplate":"https:\/\/beauxarts-cie.com\/consulting\/?s={search_term_string}"},"query-input":"required name=search_term_string"}],"inLanguage":"fr-FR"}]}},"_links":{"self":[{"href":"https:\/\/beauxarts-cie.com\/consulting\/wp-json\/wp\/v2\/pages\/509"}],"collection":[{"href":"https:\/\/beauxarts-cie.com\/consulting\/wp-json\/wp\/v2\/pages"}],"about":[{"href":"https:\/\/beauxarts-cie.com\/consulting\/wp-json\/wp\/v2\/types\/page"}],"author":[{"embeddable":true,"href":"https:\/\/beauxarts-cie.com\/consulting\/wp-json\/wp\/v2\/users\/12"}],"replies":[{"embeddable":true,"href":"https:\/\/beauxarts-cie.com\/consulting\/wp-json\/wp\/v2\/comments?post=509"}],"version-history":[{"count":7,"href":"https:\/\/beauxarts-cie.com\/consulting\/wp-json\/wp\/v2\/pages\/509\/revisions"}],"predecessor-version":[{"id":1322,"href":"https:\/\/beauxarts-cie.com\/consulting\/wp-json\/wp\/v2\/pages\/509\/revisions\/1322"}],"up":[{"embeddable":true,"href":"https:\/\/beauxarts-cie.com\/consulting\/wp-json\/wp\/v2\/pages\/49"}],"wp:featuredmedia":[{"embeddable":true,"href":"https:\/\/beauxarts-cie.com\/consulting\/wp-json\/wp\/v2\/media\/506"}],"wp:attachment":[{"href":"https:\/\/beauxarts-cie.com\/consulting\/wp-json\/wp\/v2\/media?parent=509"}],"curies":[{"name":"wp","href":"https:\/\/api.w.org\/{rel}","templated":true}]}}