{"id":518,"date":"2021-11-17T12:28:31","date_gmt":"2021-11-17T11:28:31","guid":{"rendered":"https:\/\/beauxarts-cie.com\/consulting\/?page_id=518"},"modified":"2021-11-17T17:02:42","modified_gmt":"2021-11-17T16:02:42","slug":"la-collective-2","status":"publish","type":"page","link":"https:\/\/beauxarts-cie.com\/consulting\/projets\/la-collective-2\/","title":{"rendered":"La Collective"},"content":{"rendered":"\n<div class=\"wp-block-columns refId\">\n<div class=\"wp-block-column\">\n<h2 class=\"has-text-align-left\">Client : La Collective (Thanks for Nothing, RFF, Make Sense)&nbsp; et Altarea Cogedim<\/h2>\n<\/div>\n\n\n\n<div class=\"wp-block-column\">\n<p>2021, en cours<br>Programmation, positionnement strat\u00e9gique et mod\u00e9lisation \u00e9conomique<\/p>\n<\/div>\n<\/div>\n\n\n\n<p>Accompagnement de Thanks for Nothing, en charge du projet de la Collective dans la programmation d\u2019activit\u00e9s et dans la conception du mod\u00e8le \u00e9conomique.<\/p>\n\n\n\n<p><strong>Le contexte :<\/strong><\/p>\n\n\n\n<p>Le groupement en charge de l\u2019exploitation et de l\u2019animation de ce <strong>site patrimonial en r\u00e9habilitation<\/strong>, souhaite proposer une <strong>programmation artistique \u00e0 la fois exigeante, solidaire et accessible <\/strong>au plus large public. Beaux Arts Consulting a \u00e9t\u00e9 missionn\u00e9 pour identifier un mix d\u2019activit\u00e9s \u00e0 la fois coh\u00e9rent avec cette identit\u00e9 et capable de garantir sa p\u00e9rennit\u00e9 \u00e9conomique.<\/p>\n\n\n\n<p><strong>Travaux men\u00e9s :<\/strong><\/p>\n\n\n\n<ul><li><strong>Benchmark <\/strong>de lieux et d\u2019activit\u00e9s inspirantes en France et \u00e0 l\u2019international : institutions culturelles, tiers lieux, quartiers culturels<\/li><li><strong>Etat des lieux <\/strong>des espaces, ressources et comp\u00e9tences mobilisables<\/li><li><strong>S\u00e9lection d\u2019un mix d\u2019activit\u00e9s <\/strong>pertinent au regard de leur potentiel et de leur faisabilit\u00e9<\/li><li><strong>Mod\u00e9lisation \u00e9conomique et financi\u00e8re <\/strong>dans un plan d\u2019affaires sur 5 ans<\/li><\/ul>\n\n\n\n<p>Support \u00e0 la recherche de financements et partenaires<\/p>\n","protected":false},"excerpt":{"rendered":"<p>Client : La Collective (Thanks for Nothing, RFF, Make Sense)&nbsp; et Altarea Cogedim 2021, en coursProgrammation, positionnement strat\u00e9gique et mod\u00e9lisation \u00e9conomique Accompagnement de Thanks for Nothing, en charge du projet de la Collective dans la programmation d\u2019activit\u00e9s et dans la conception du mod\u00e8le \u00e9conomique. Le contexte : Le groupement en charge de l\u2019exploitation et de [&hellip;]<\/p>\n","protected":false},"author":12,"featured_media":514,"parent":49,"menu_order":0,"comment_status":"closed","ping_status":"closed","template":"tpl-page-child-reference.php","meta":[],"yoast_head":"<!-- This site is optimized with the Yoast SEO plugin v19.11 - https:\/\/yoast.com\/wordpress\/plugins\/seo\/ -->\n<title>La Collective - Beaux Arts Consulting<\/title>\n<meta name=\"robots\" content=\"index, follow, max-snippet:-1, max-image-preview:large, max-video-preview:-1\" \/>\n<link rel=\"canonical\" href=\"https:\/\/beauxarts-cie.com\/consulting\/projets\/la-collective-2\/\" \/>\n<meta property=\"og:locale\" content=\"fr_FR\" \/>\n<meta property=\"og:type\" content=\"article\" \/>\n<meta property=\"og:title\" content=\"La Collective - Beaux Arts Consulting\" \/>\n<meta property=\"og:description\" content=\"Client : La Collective (Thanks for Nothing, RFF, Make Sense)&nbsp; et Altarea Cogedim 2021, en coursProgrammation, positionnement strat\u00e9gique et mod\u00e9lisation \u00e9conomique Accompagnement de Thanks for Nothing, en charge du projet de la Collective dans la programmation d\u2019activit\u00e9s et dans la conception du mod\u00e8le \u00e9conomique. Le contexte : Le groupement en charge de l\u2019exploitation et de [&hellip;]\" \/>\n<meta property=\"og:url\" content=\"https:\/\/beauxarts-cie.com\/consulting\/projets\/la-collective-2\/\" \/>\n<meta property=\"og:site_name\" content=\"Beaux Arts Consulting\" \/>\n<meta property=\"article:modified_time\" content=\"2021-11-17T16:02:42+00:00\" \/>\n<meta property=\"og:image\" content=\"https:\/\/beauxarts-cie.com\/consulting\/wp-content\/uploads\/sites\/3\/2021\/11\/La-collective.jpg\" \/>\n\t<meta property=\"og:image:width\" content=\"607\" \/>\n\t<meta property=\"og:image:height\" content=\"1124\" \/>\n\t<meta property=\"og:image:type\" content=\"image\/jpeg\" \/>\n<meta name=\"twitter:card\" content=\"summary_large_image\" \/>\n<meta name=\"twitter:label1\" content=\"Dur\u00e9e de lecture estim\u00e9e\" \/>\n\t<meta name=\"twitter:data1\" content=\"1 minute\" \/>\n<script type=\"application\/ld+json\" class=\"yoast-schema-graph\">{\"@context\":\"https:\/\/schema.org\",\"@graph\":[{\"@type\":\"WebPage\",\"@id\":\"https:\/\/beauxarts-cie.com\/consulting\/projets\/la-collective-2\/\",\"url\":\"https:\/\/beauxarts-cie.com\/consulting\/projets\/la-collective-2\/\",\"name\":\"La Collective - Beaux Arts Consulting\",\"isPartOf\":{\"@id\":\"https:\/\/beauxarts-cie.com\/consulting\/#website\"},\"datePublished\":\"2021-11-17T11:28:31+00:00\",\"dateModified\":\"2021-11-17T16:02:42+00:00\",\"breadcrumb\":{\"@id\":\"https:\/\/beauxarts-cie.com\/consulting\/projets\/la-collective-2\/#breadcrumb\"},\"inLanguage\":\"fr-FR\",\"potentialAction\":[{\"@type\":\"ReadAction\",\"target\":[\"https:\/\/beauxarts-cie.com\/consulting\/projets\/la-collective-2\/\"]}]},{\"@type\":\"BreadcrumbList\",\"@id\":\"https:\/\/beauxarts-cie.com\/consulting\/projets\/la-collective-2\/#breadcrumb\",\"itemListElement\":[{\"@type\":\"ListItem\",\"position\":1,\"name\":\"Projets\",\"item\":\"https:\/\/beauxarts-cie.com\/consulting\/projets\/\"},{\"@type\":\"ListItem\",\"position\":2,\"name\":\"La Collective\"}]},{\"@type\":\"WebSite\",\"@id\":\"https:\/\/beauxarts-cie.com\/consulting\/#website\",\"url\":\"https:\/\/beauxarts-cie.com\/consulting\/\",\"name\":\"Beaux Arts Consulting\",\"description\":\"Conseil en strat\u00e9gie, innovation et ing\u00e9nierie culturelle\",\"potentialAction\":[{\"@type\":\"SearchAction\",\"target\":{\"@type\":\"EntryPoint\",\"urlTemplate\":\"https:\/\/beauxarts-cie.com\/consulting\/?s={search_term_string}\"},\"query-input\":\"required name=search_term_string\"}],\"inLanguage\":\"fr-FR\"}]}<\/script>\n<!-- \/ Yoast SEO plugin. -->","yoast_head_json":{"title":"La Collective - Beaux Arts Consulting","robots":{"index":"index","follow":"follow","max-snippet":"max-snippet:-1","max-image-preview":"max-image-preview:large","max-video-preview":"max-video-preview:-1"},"canonical":"https:\/\/beauxarts-cie.com\/consulting\/projets\/la-collective-2\/","og_locale":"fr_FR","og_type":"article","og_title":"La Collective - Beaux Arts Consulting","og_description":"Client : La Collective (Thanks for Nothing, RFF, Make Sense)&nbsp; et Altarea Cogedim 2021, en coursProgrammation, positionnement strat\u00e9gique et mod\u00e9lisation \u00e9conomique Accompagnement de Thanks for Nothing, en charge du projet de la Collective dans la programmation d\u2019activit\u00e9s et dans la conception du mod\u00e8le \u00e9conomique. Le contexte : Le groupement en charge de l\u2019exploitation et de [&hellip;]","og_url":"https:\/\/beauxarts-cie.com\/consulting\/projets\/la-collective-2\/","og_site_name":"Beaux Arts Consulting","article_modified_time":"2021-11-17T16:02:42+00:00","og_image":[{"width":607,"height":1124,"url":"https:\/\/beauxarts-cie.com\/consulting\/wp-content\/uploads\/sites\/3\/2021\/11\/La-collective.jpg","type":"image\/jpeg"}],"twitter_card":"summary_large_image","twitter_misc":{"Dur\u00e9e de lecture estim\u00e9e":"1 minute"},"schema":{"@context":"https:\/\/schema.org","@graph":[{"@type":"WebPage","@id":"https:\/\/beauxarts-cie.com\/consulting\/projets\/la-collective-2\/","url":"https:\/\/beauxarts-cie.com\/consulting\/projets\/la-collective-2\/","name":"La Collective - Beaux Arts Consulting","isPartOf":{"@id":"https:\/\/beauxarts-cie.com\/consulting\/#website"},"datePublished":"2021-11-17T11:28:31+00:00","dateModified":"2021-11-17T16:02:42+00:00","breadcrumb":{"@id":"https:\/\/beauxarts-cie.com\/consulting\/projets\/la-collective-2\/#breadcrumb"},"inLanguage":"fr-FR","potentialAction":[{"@type":"ReadAction","target":["https:\/\/beauxarts-cie.com\/consulting\/projets\/la-collective-2\/"]}]},{"@type":"BreadcrumbList","@id":"https:\/\/beauxarts-cie.com\/consulting\/projets\/la-collective-2\/#breadcrumb","itemListElement":[{"@type":"ListItem","position":1,"name":"Projets","item":"https:\/\/beauxarts-cie.com\/consulting\/projets\/"},{"@type":"ListItem","position":2,"name":"La Collective"}]},{"@type":"WebSite","@id":"https:\/\/beauxarts-cie.com\/consulting\/#website","url":"https:\/\/beauxarts-cie.com\/consulting\/","name":"Beaux Arts Consulting","description":"Conseil en strat\u00e9gie, innovation et ing\u00e9nierie culturelle","potentialAction":[{"@type":"SearchAction","target":{"@type":"EntryPoint","urlTemplate":"https:\/\/beauxarts-cie.com\/consulting\/?s={search_term_string}"},"query-input":"required name=search_term_string"}],"inLanguage":"fr-FR"}]}},"_links":{"self":[{"href":"https:\/\/beauxarts-cie.com\/consulting\/wp-json\/wp\/v2\/pages\/518"}],"collection":[{"href":"https:\/\/beauxarts-cie.com\/consulting\/wp-json\/wp\/v2\/pages"}],"about":[{"href":"https:\/\/beauxarts-cie.com\/consulting\/wp-json\/wp\/v2\/types\/page"}],"author":[{"embeddable":true,"href":"https:\/\/beauxarts-cie.com\/consulting\/wp-json\/wp\/v2\/users\/12"}],"replies":[{"embeddable":true,"href":"https:\/\/beauxarts-cie.com\/consulting\/wp-json\/wp\/v2\/comments?post=518"}],"version-history":[{"count":3,"href":"https:\/\/beauxarts-cie.com\/consulting\/wp-json\/wp\/v2\/pages\/518\/revisions"}],"predecessor-version":[{"id":544,"href":"https:\/\/beauxarts-cie.com\/consulting\/wp-json\/wp\/v2\/pages\/518\/revisions\/544"}],"up":[{"embeddable":true,"href":"https:\/\/beauxarts-cie.com\/consulting\/wp-json\/wp\/v2\/pages\/49"}],"wp:featuredmedia":[{"embeddable":true,"href":"https:\/\/beauxarts-cie.com\/consulting\/wp-json\/wp\/v2\/media\/514"}],"wp:attachment":[{"href":"https:\/\/beauxarts-cie.com\/consulting\/wp-json\/wp\/v2\/media?parent=518"}],"curies":[{"name":"wp","href":"https:\/\/api.w.org\/{rel}","templated":true}]}}