{"id":523,"date":"2021-11-17T12:32:28","date_gmt":"2021-11-17T11:32:28","guid":{"rendered":"https:\/\/beauxarts-cie.com\/consulting\/?page_id=523"},"modified":"2024-04-26T18:18:55","modified_gmt":"2024-04-26T16:18:55","slug":"emissive-2","status":"publish","type":"page","link":"https:\/\/beauxarts-cie.com\/consulting\/projets\/emissive-2\/","title":{"rendered":"Soutien au d\u00e9veloppement international d\u2019Emissive, producteur d\u2019exp\u00e9riences de r\u00e9alit\u00e9 virtuelle en mus\u00e9es"},"content":{"rendered":"\n<div class=\"wp-block-columns refId\">\n<div class=\"wp-block-column\">\n<h2 class=\"has-text-align-left\">Client : Emissive<\/h2>\n<\/div>\n\n\n\n<div class=\"wp-block-column\">\n<p>2020 &#8211; 2021<\/p>\n\n\n\n<p>International, positionnement strat\u00e9gique, d\u00e9veloppement de projets innovants, nouveaux publics, mod\u00e9lisation \u00e9conomique<\/p>\n<\/div>\n<\/div>\n\n\n\n<p><strong>Le contexte et ses enjeux :<\/strong><\/p>\n\n\n\n<p>Fond\u00e9 en 2005, Emissive est le pionnier fran\u00e7ais des exp\u00e9riences en r\u00e9alit\u00e9 virtuelle. La soci\u00e9t\u00e9 con\u00e7oit et r\u00e9alise des installations immersives \u00e0 destination des institutions culturelles et d\u00e9veloppe en particulier les \u00ab Exp\u00e9ditions Immersives \u00bb, des aventures uniques au monde d\u00e9di\u00e9es \u00e0 la d\u00e9couverte du patrimoine. Emissive a d\u00e9velopp\u00e9 un contenu et un format de r\u00e9alit\u00e9 virtuelle permettant aux visiteurs de se d\u00e9placer librement au cours de l\u2019immersion et de voyager virtuellement dans le temps de mani\u00e8re simultan\u00e9e avec les autres utilisateurs et un guide-conf\u00e9rencier.<\/p>\n\n\n\n<p><strong>Notre r\u00f4le :<\/strong><\/p>\n\n\n\n<p>Beaux Arts Consulting a accompagn\u00e9 la soci\u00e9t\u00e9 Emissive, encore start-up \u00e0 l\u2019\u00e9poque, dans l\u2019exportation de son produit \u00ab\u00a0 Exp\u00e9ditions Immersives \u00bb\u00a0 en ciblant les institutions culturelles en Am\u00e9rique du Nord, Europe, Moyen-Orient et Asie :<\/p>\n\n\n\n<ul><li>R\u00e9alisation d\u2019\u00e9tudes de march\u00e9 sur la consommation culturelle en mus\u00e9e selon les pays,<\/li><li>Conception de la strat\u00e9gie commerciale adapt\u00e9e pour aborder chacun des march\u00e9s cibles,<\/li><li>Identification des contacts qualifi\u00e9s des institutions et organiser des rendez-vous commerciaux,<\/li><li>Prise de contact et suivi des rendez-vous commerciaux (compte-rendu, relance, etc.),<\/li><li>R\u00e9daction des lettres d\u2019intention,<\/li><li>D\u00e9ploiement du produit \u00ab\u00a0 Exp\u00e9ditions Immersives \u00bb dans plusieurs institutions.<\/li><\/ul>\n\n\n\n<p><strong>Retomb\u00e9es et suites :<\/strong><\/p>\n\n\n\n<p>Beaux Arts Consulting a r\u00e9alis\u00e9 une \u00e9tude de march\u00e9 sur la consommation culturelle dans de nombreux pays afin d\u2019accompagner la soci\u00e9t\u00e9 Emissive dans sa strat\u00e9gie de d\u00e9veloppement \u00e0 l\u2019\u00e9tranger et notamment de prioriser les pays cibles. De plus, Beaux Arts Consulting a initi\u00e9 de nombreux rendez-vous avec des prospects issus du march\u00e9 mus\u00e9al international ayant permis de faire connaitre la soci\u00e9t\u00e9 \u00e0 de nombreux potentiels clients.<\/p>\n","protected":false},"excerpt":{"rendered":"<p>Client : Emissive 2020 &#8211; 2021 International, positionnement strat\u00e9gique, d\u00e9veloppement de projets innovants, nouveaux publics, mod\u00e9lisation \u00e9conomique Le contexte et ses enjeux : Fond\u00e9 en 2005, Emissive est le pionnier fran\u00e7ais des exp\u00e9riences en r\u00e9alit\u00e9 virtuelle. La soci\u00e9t\u00e9 con\u00e7oit et r\u00e9alise des installations immersives \u00e0 destination des institutions culturelles et d\u00e9veloppe en particulier les \u00ab [&hellip;]<\/p>\n","protected":false},"author":12,"featured_media":1089,"parent":49,"menu_order":0,"comment_status":"closed","ping_status":"closed","template":"tpl-page-child-reference.php","meta":[],"yoast_head":"<!-- This site is optimized with the Yoast SEO plugin v19.11 - https:\/\/yoast.com\/wordpress\/plugins\/seo\/ -->\n<title>Soutien au d\u00e9veloppement international d\u2019Emissive, producteur d\u2019exp\u00e9riences de r\u00e9alit\u00e9 virtuelle en mus\u00e9es - Beaux Arts Consulting<\/title>\n<meta name=\"robots\" content=\"index, follow, max-snippet:-1, max-image-preview:large, max-video-preview:-1\" \/>\n<link rel=\"canonical\" href=\"https:\/\/beauxarts-cie.com\/consulting\/projets\/emissive-2\/\" \/>\n<meta property=\"og:locale\" content=\"fr_FR\" \/>\n<meta property=\"og:type\" content=\"article\" \/>\n<meta property=\"og:title\" content=\"Soutien au d\u00e9veloppement international d\u2019Emissive, producteur d\u2019exp\u00e9riences de r\u00e9alit\u00e9 virtuelle en mus\u00e9es - Beaux Arts Consulting\" \/>\n<meta property=\"og:description\" content=\"Client : Emissive 2020 &#8211; 2021 International, positionnement strat\u00e9gique, d\u00e9veloppement de projets innovants, nouveaux publics, mod\u00e9lisation \u00e9conomique Le contexte et ses enjeux : Fond\u00e9 en 2005, Emissive est le pionnier fran\u00e7ais des exp\u00e9riences en r\u00e9alit\u00e9 virtuelle. La soci\u00e9t\u00e9 con\u00e7oit et r\u00e9alise des installations immersives \u00e0 destination des institutions culturelles et d\u00e9veloppe en particulier les \u00ab [&hellip;]\" \/>\n<meta property=\"og:url\" content=\"https:\/\/beauxarts-cie.com\/consulting\/projets\/emissive-2\/\" \/>\n<meta property=\"og:site_name\" content=\"Beaux Arts Consulting\" \/>\n<meta property=\"article:modified_time\" content=\"2024-04-26T16:18:55+00:00\" \/>\n<meta property=\"og:image\" content=\"https:\/\/beauxarts-cie.com\/consulting\/wp-content\/uploads\/sites\/3\/2024\/04\/james-yarema-npTT9rD8wd4-unsplash1.jpg\" \/>\n\t<meta property=\"og:image:width\" content=\"1920\" \/>\n\t<meta property=\"og:image:height\" content=\"1280\" \/>\n\t<meta property=\"og:image:type\" content=\"image\/jpeg\" \/>\n<meta name=\"twitter:card\" content=\"summary_large_image\" \/>\n<meta name=\"twitter:label1\" content=\"Dur\u00e9e de lecture estim\u00e9e\" \/>\n\t<meta name=\"twitter:data1\" content=\"2 minutes\" \/>\n<script type=\"application\/ld+json\" class=\"yoast-schema-graph\">{\"@context\":\"https:\/\/schema.org\",\"@graph\":[{\"@type\":\"WebPage\",\"@id\":\"https:\/\/beauxarts-cie.com\/consulting\/projets\/emissive-2\/\",\"url\":\"https:\/\/beauxarts-cie.com\/consulting\/projets\/emissive-2\/\",\"name\":\"Soutien au d\u00e9veloppement international d\u2019Emissive, producteur d\u2019exp\u00e9riences de r\u00e9alit\u00e9 virtuelle en mus\u00e9es - Beaux Arts Consulting\",\"isPartOf\":{\"@id\":\"https:\/\/beauxarts-cie.com\/consulting\/#website\"},\"datePublished\":\"2021-11-17T11:32:28+00:00\",\"dateModified\":\"2024-04-26T16:18:55+00:00\",\"breadcrumb\":{\"@id\":\"https:\/\/beauxarts-cie.com\/consulting\/projets\/emissive-2\/#breadcrumb\"},\"inLanguage\":\"fr-FR\",\"potentialAction\":[{\"@type\":\"ReadAction\",\"target\":[\"https:\/\/beauxarts-cie.com\/consulting\/projets\/emissive-2\/\"]}]},{\"@type\":\"BreadcrumbList\",\"@id\":\"https:\/\/beauxarts-cie.com\/consulting\/projets\/emissive-2\/#breadcrumb\",\"itemListElement\":[{\"@type\":\"ListItem\",\"position\":1,\"name\":\"Projets\",\"item\":\"https:\/\/beauxarts-cie.com\/consulting\/projets\/\"},{\"@type\":\"ListItem\",\"position\":2,\"name\":\"Soutien au d\u00e9veloppement international d\u2019Emissive, producteur d\u2019exp\u00e9riences de r\u00e9alit\u00e9 virtuelle en mus\u00e9es\"}]},{\"@type\":\"WebSite\",\"@id\":\"https:\/\/beauxarts-cie.com\/consulting\/#website\",\"url\":\"https:\/\/beauxarts-cie.com\/consulting\/\",\"name\":\"Beaux Arts Consulting\",\"description\":\"Conseil en strat\u00e9gie, innovation et ing\u00e9nierie culturelle\",\"potentialAction\":[{\"@type\":\"SearchAction\",\"target\":{\"@type\":\"EntryPoint\",\"urlTemplate\":\"https:\/\/beauxarts-cie.com\/consulting\/?s={search_term_string}\"},\"query-input\":\"required name=search_term_string\"}],\"inLanguage\":\"fr-FR\"}]}<\/script>\n<!-- \/ Yoast SEO plugin. -->","yoast_head_json":{"title":"Soutien au d\u00e9veloppement international d\u2019Emissive, producteur d\u2019exp\u00e9riences de r\u00e9alit\u00e9 virtuelle en mus\u00e9es - Beaux Arts Consulting","robots":{"index":"index","follow":"follow","max-snippet":"max-snippet:-1","max-image-preview":"max-image-preview:large","max-video-preview":"max-video-preview:-1"},"canonical":"https:\/\/beauxarts-cie.com\/consulting\/projets\/emissive-2\/","og_locale":"fr_FR","og_type":"article","og_title":"Soutien au d\u00e9veloppement international d\u2019Emissive, producteur d\u2019exp\u00e9riences de r\u00e9alit\u00e9 virtuelle en mus\u00e9es - Beaux Arts Consulting","og_description":"Client : Emissive 2020 &#8211; 2021 International, positionnement strat\u00e9gique, d\u00e9veloppement de projets innovants, nouveaux publics, mod\u00e9lisation \u00e9conomique Le contexte et ses enjeux : Fond\u00e9 en 2005, Emissive est le pionnier fran\u00e7ais des exp\u00e9riences en r\u00e9alit\u00e9 virtuelle. La soci\u00e9t\u00e9 con\u00e7oit et r\u00e9alise des installations immersives \u00e0 destination des institutions culturelles et d\u00e9veloppe en particulier les \u00ab [&hellip;]","og_url":"https:\/\/beauxarts-cie.com\/consulting\/projets\/emissive-2\/","og_site_name":"Beaux Arts Consulting","article_modified_time":"2024-04-26T16:18:55+00:00","og_image":[{"width":1920,"height":1280,"url":"https:\/\/beauxarts-cie.com\/consulting\/wp-content\/uploads\/sites\/3\/2024\/04\/james-yarema-npTT9rD8wd4-unsplash1.jpg","type":"image\/jpeg"}],"twitter_card":"summary_large_image","twitter_misc":{"Dur\u00e9e de lecture estim\u00e9e":"2 minutes"},"schema":{"@context":"https:\/\/schema.org","@graph":[{"@type":"WebPage","@id":"https:\/\/beauxarts-cie.com\/consulting\/projets\/emissive-2\/","url":"https:\/\/beauxarts-cie.com\/consulting\/projets\/emissive-2\/","name":"Soutien au d\u00e9veloppement international d\u2019Emissive, producteur d\u2019exp\u00e9riences de r\u00e9alit\u00e9 virtuelle en mus\u00e9es - Beaux Arts Consulting","isPartOf":{"@id":"https:\/\/beauxarts-cie.com\/consulting\/#website"},"datePublished":"2021-11-17T11:32:28+00:00","dateModified":"2024-04-26T16:18:55+00:00","breadcrumb":{"@id":"https:\/\/beauxarts-cie.com\/consulting\/projets\/emissive-2\/#breadcrumb"},"inLanguage":"fr-FR","potentialAction":[{"@type":"ReadAction","target":["https:\/\/beauxarts-cie.com\/consulting\/projets\/emissive-2\/"]}]},{"@type":"BreadcrumbList","@id":"https:\/\/beauxarts-cie.com\/consulting\/projets\/emissive-2\/#breadcrumb","itemListElement":[{"@type":"ListItem","position":1,"name":"Projets","item":"https:\/\/beauxarts-cie.com\/consulting\/projets\/"},{"@type":"ListItem","position":2,"name":"Soutien au d\u00e9veloppement international d\u2019Emissive, producteur d\u2019exp\u00e9riences de r\u00e9alit\u00e9 virtuelle en mus\u00e9es"}]},{"@type":"WebSite","@id":"https:\/\/beauxarts-cie.com\/consulting\/#website","url":"https:\/\/beauxarts-cie.com\/consulting\/","name":"Beaux Arts Consulting","description":"Conseil en strat\u00e9gie, innovation et ing\u00e9nierie culturelle","potentialAction":[{"@type":"SearchAction","target":{"@type":"EntryPoint","urlTemplate":"https:\/\/beauxarts-cie.com\/consulting\/?s={search_term_string}"},"query-input":"required name=search_term_string"}],"inLanguage":"fr-FR"}]}},"_links":{"self":[{"href":"https:\/\/beauxarts-cie.com\/consulting\/wp-json\/wp\/v2\/pages\/523"}],"collection":[{"href":"https:\/\/beauxarts-cie.com\/consulting\/wp-json\/wp\/v2\/pages"}],"about":[{"href":"https:\/\/beauxarts-cie.com\/consulting\/wp-json\/wp\/v2\/types\/page"}],"author":[{"embeddable":true,"href":"https:\/\/beauxarts-cie.com\/consulting\/wp-json\/wp\/v2\/users\/12"}],"replies":[{"embeddable":true,"href":"https:\/\/beauxarts-cie.com\/consulting\/wp-json\/wp\/v2\/comments?post=523"}],"version-history":[{"count":6,"href":"https:\/\/beauxarts-cie.com\/consulting\/wp-json\/wp\/v2\/pages\/523\/revisions"}],"predecessor-version":[{"id":1093,"href":"https:\/\/beauxarts-cie.com\/consulting\/wp-json\/wp\/v2\/pages\/523\/revisions\/1093"}],"up":[{"embeddable":true,"href":"https:\/\/beauxarts-cie.com\/consulting\/wp-json\/wp\/v2\/pages\/49"}],"wp:featuredmedia":[{"embeddable":true,"href":"https:\/\/beauxarts-cie.com\/consulting\/wp-json\/wp\/v2\/media\/1089"}],"wp:attachment":[{"href":"https:\/\/beauxarts-cie.com\/consulting\/wp-json\/wp\/v2\/media?parent=523"}],"curies":[{"name":"wp","href":"https:\/\/api.w.org\/{rel}","templated":true}]}}