{"id":551,"date":"2021-11-17T17:15:16","date_gmt":"2021-11-17T16:15:16","guid":{"rendered":"https:\/\/beauxarts-cie.com\/consulting\/?page_id=551"},"modified":"2024-04-26T18:29:05","modified_gmt":"2024-04-26T16:29:05","slug":"grand-debat-de-la-culture","status":"publish","type":"page","link":"https:\/\/beauxarts-cie.com\/consulting\/projets\/grand-debat-de-la-culture\/","title":{"rendered":"Collecte des propositions citoyennes autour de la culture, dans le cadre  du Grand d\u00e9bat national, pour pr\u00e9sentation au minist\u00e8re de la Culture"},"content":{"rendered":"\n<div class=\"wp-block-columns refId\">\n<div class=\"wp-block-column\">\n<h2 class=\"has-text-align-left\">Client : Beaux Arts &amp; Cie et Fondation du Patrimoine<\/h2>\n<\/div>\n\n\n\n<div class=\"wp-block-column\">\n<p>2019<br>\u00c9tude, int\u00e9gration des enjeux d\u2019avenir, compr\u00e9hension des tendances d\u2019aujourd\u2019hui<\/p>\n<\/div>\n<\/div>\n\n\n\n<p><strong>Le contexte et ses enjeux :<\/strong><\/p>\n\n\n\n<p>Suite au Grand D\u00e9bat National lanc\u00e9 en d\u00e9cembre 2018 par le Pr\u00e9sident de la R\u00e9publique, Beaux Arts Magazine, le Quotidien de l\u2019Art et la Fondation du Patrimoine se sont associ\u00e9s pour organiser une grande consultation citoyenne sur la culture. Il s\u2019agissait, gr\u00e2ce \u00e0 un format de consultation ouvert, de recueillir l\u2019avis et les propositions des Fran\u00e7ais sur la question culturelle.<\/p>\n\n\n\n<p><strong>Notre r\u00f4le :<\/strong><\/p>\n\n\n\n<p>Beaux Arts Consulting a particip\u00e9 \u00e0 l\u2019organisation et la collecte des propositions citoyennes autour de la culture, \u00e0 l\u2019animation du d\u00e9bat en ligne et en pr\u00e9sentiel et \u00e0 la synth\u00e8se et l\u2019analyse des propositions : <\/p>\n\n\n\n<ul><li>Identification de trois th\u00e9matiques majeures autour desquelles structurer le d\u00e9bat (la culture pour tous, l\u2019\u00e9ducation artistique et le patrimoine) et identification de premi\u00e8res pistes de r\u00e9flexion pour chaque th\u00e9matique pour lancer le d\u00e9bat,<\/li><li>Cr\u00e9ation et animation d\u2019une plateforme participative pour la consultation en ligne, <\/li><li>Organisation et animation de deux d\u00e9bats en pr\u00e9sentiel, \u00e0 l\u2019Ecole des Beaux-Arts de Paris et au 104 Paris, r\u00e9unissant des professionnels des secteurs culturels et des citoyens,<\/li><li>Collecte, sur la plateforme, des comptes-rendus de d\u00e9bats r\u00e9alis\u00e9s dans d\u2019autres villes de France,<\/li><li>Analyse et synth\u00e8se des propositions et r\u00e9daction d\u2019un rapport faisant notamment appara\u00eetre les propositions cat\u00e9goris\u00e9es et les b\u00e9n\u00e9fices attendus et points de vigilance pour chaque proposition.<\/li><\/ul>\n\n\n\n<p><strong>Retomb\u00e9es et suites :<\/strong><\/p>\n\n\n\n<p>Au total, la plateforme participative \u00ab&nbsp;granddebatculture.fr&nbsp;\u00bb mise en place par Beaux Arts Consulting a rassembl\u00e9 pr\u00e8s de 6 000 participants, pr\u00e8s de 4 000 contributions et pr\u00e8s de 20 000 votes. Les d\u00e9bats organis\u00e9s par Beaux Arts Consulting en pr\u00e9sentiel en mars 2019 ont chacun rassembl\u00e9 environ 500 personnes.<\/p>\n\n\n\n<p>L\u2019ensemble des contributions recueillies a permis la publication d\u2019un rapport de plus de quatre-vingt pages remis \u00e0 Frank Riester, ministre de la Culture et disponible sur notre site internet : <a href=\"https:\/\/beauxarts-cie.com\/consulting\/actualites\/\">https:\/\/beauxarts-cie.com\/consulting\/actualites\/<\/a>\u00a0<\/p>\n","protected":false},"excerpt":{"rendered":"<p>Client : Beaux Arts &amp; Cie et Fondation du Patrimoine 2019\u00c9tude, int\u00e9gration des enjeux d\u2019avenir, compr\u00e9hension des tendances d\u2019aujourd\u2019hui Le contexte et ses enjeux : Suite au Grand D\u00e9bat National lanc\u00e9 en d\u00e9cembre 2018 par le Pr\u00e9sident de la R\u00e9publique, Beaux Arts Magazine, le Quotidien de l\u2019Art et la Fondation du Patrimoine se sont associ\u00e9s [&hellip;]<\/p>\n","protected":false},"author":12,"featured_media":1096,"parent":49,"menu_order":0,"comment_status":"closed","ping_status":"closed","template":"tpl-page-child-reference.php","meta":[],"yoast_head":"<!-- This site is optimized with the Yoast SEO plugin v19.11 - https:\/\/yoast.com\/wordpress\/plugins\/seo\/ -->\n<title>Collecte des propositions citoyennes autour de la culture, dans le cadre du Grand d\u00e9bat national, pour pr\u00e9sentation au minist\u00e8re de la Culture - Beaux Arts Consulting<\/title>\n<meta name=\"robots\" content=\"index, follow, max-snippet:-1, max-image-preview:large, max-video-preview:-1\" \/>\n<link rel=\"canonical\" href=\"https:\/\/beauxarts-cie.com\/consulting\/projets\/grand-debat-de-la-culture\/\" \/>\n<meta property=\"og:locale\" content=\"fr_FR\" \/>\n<meta property=\"og:type\" content=\"article\" \/>\n<meta property=\"og:title\" content=\"Collecte des propositions citoyennes autour de la culture, dans le cadre du Grand d\u00e9bat national, pour pr\u00e9sentation au minist\u00e8re de la Culture - Beaux Arts Consulting\" \/>\n<meta property=\"og:description\" content=\"Client : Beaux Arts &amp; Cie et Fondation du Patrimoine 2019\u00c9tude, int\u00e9gration des enjeux d\u2019avenir, compr\u00e9hension des tendances d\u2019aujourd\u2019hui Le contexte et ses enjeux : Suite au Grand D\u00e9bat National lanc\u00e9 en d\u00e9cembre 2018 par le Pr\u00e9sident de la R\u00e9publique, Beaux Arts Magazine, le Quotidien de l\u2019Art et la Fondation du Patrimoine se sont associ\u00e9s [&hellip;]\" \/>\n<meta property=\"og:url\" content=\"https:\/\/beauxarts-cie.com\/consulting\/projets\/grand-debat-de-la-culture\/\" \/>\n<meta property=\"og:site_name\" content=\"Beaux Arts Consulting\" \/>\n<meta property=\"article:modified_time\" content=\"2024-04-26T16:29:05+00:00\" \/>\n<meta property=\"og:image\" content=\"https:\/\/beauxarts-cie.com\/consulting\/wp-content\/uploads\/sites\/3\/2024\/04\/571fa87a55534b72dcd4f5535202a40f.png\" \/>\n\t<meta property=\"og:image:width\" content=\"2066\" \/>\n\t<meta property=\"og:image:height\" content=\"856\" \/>\n\t<meta property=\"og:image:type\" content=\"image\/png\" \/>\n<meta name=\"twitter:card\" content=\"summary_large_image\" \/>\n<meta name=\"twitter:label1\" content=\"Dur\u00e9e de lecture estim\u00e9e\" \/>\n\t<meta name=\"twitter:data1\" content=\"2 minutes\" \/>\n<script type=\"application\/ld+json\" class=\"yoast-schema-graph\">{\"@context\":\"https:\/\/schema.org\",\"@graph\":[{\"@type\":\"WebPage\",\"@id\":\"https:\/\/beauxarts-cie.com\/consulting\/projets\/grand-debat-de-la-culture\/\",\"url\":\"https:\/\/beauxarts-cie.com\/consulting\/projets\/grand-debat-de-la-culture\/\",\"name\":\"Collecte des propositions citoyennes autour de la culture, dans le cadre du Grand d\u00e9bat national, pour pr\u00e9sentation au minist\u00e8re de la Culture - Beaux Arts Consulting\",\"isPartOf\":{\"@id\":\"https:\/\/beauxarts-cie.com\/consulting\/#website\"},\"datePublished\":\"2021-11-17T16:15:16+00:00\",\"dateModified\":\"2024-04-26T16:29:05+00:00\",\"breadcrumb\":{\"@id\":\"https:\/\/beauxarts-cie.com\/consulting\/projets\/grand-debat-de-la-culture\/#breadcrumb\"},\"inLanguage\":\"fr-FR\",\"potentialAction\":[{\"@type\":\"ReadAction\",\"target\":[\"https:\/\/beauxarts-cie.com\/consulting\/projets\/grand-debat-de-la-culture\/\"]}]},{\"@type\":\"BreadcrumbList\",\"@id\":\"https:\/\/beauxarts-cie.com\/consulting\/projets\/grand-debat-de-la-culture\/#breadcrumb\",\"itemListElement\":[{\"@type\":\"ListItem\",\"position\":1,\"name\":\"Projets\",\"item\":\"https:\/\/beauxarts-cie.com\/consulting\/projets\/\"},{\"@type\":\"ListItem\",\"position\":2,\"name\":\"Collecte des propositions citoyennes autour de la culture, dans le cadre du Grand d\u00e9bat national, pour pr\u00e9sentation au minist\u00e8re de la Culture\"}]},{\"@type\":\"WebSite\",\"@id\":\"https:\/\/beauxarts-cie.com\/consulting\/#website\",\"url\":\"https:\/\/beauxarts-cie.com\/consulting\/\",\"name\":\"Beaux Arts Consulting\",\"description\":\"Conseil en strat\u00e9gie, innovation et ing\u00e9nierie culturelle\",\"potentialAction\":[{\"@type\":\"SearchAction\",\"target\":{\"@type\":\"EntryPoint\",\"urlTemplate\":\"https:\/\/beauxarts-cie.com\/consulting\/?s={search_term_string}\"},\"query-input\":\"required name=search_term_string\"}],\"inLanguage\":\"fr-FR\"}]}<\/script>\n<!-- \/ Yoast SEO plugin. -->","yoast_head_json":{"title":"Collecte des propositions citoyennes autour de la culture, dans le cadre du Grand d\u00e9bat national, pour pr\u00e9sentation au minist\u00e8re de la Culture - Beaux Arts Consulting","robots":{"index":"index","follow":"follow","max-snippet":"max-snippet:-1","max-image-preview":"max-image-preview:large","max-video-preview":"max-video-preview:-1"},"canonical":"https:\/\/beauxarts-cie.com\/consulting\/projets\/grand-debat-de-la-culture\/","og_locale":"fr_FR","og_type":"article","og_title":"Collecte des propositions citoyennes autour de la culture, dans le cadre du Grand d\u00e9bat national, pour pr\u00e9sentation au minist\u00e8re de la Culture - Beaux Arts Consulting","og_description":"Client : Beaux Arts &amp; Cie et Fondation du Patrimoine 2019\u00c9tude, int\u00e9gration des enjeux d\u2019avenir, compr\u00e9hension des tendances d\u2019aujourd\u2019hui Le contexte et ses enjeux : Suite au Grand D\u00e9bat National lanc\u00e9 en d\u00e9cembre 2018 par le Pr\u00e9sident de la R\u00e9publique, Beaux Arts Magazine, le Quotidien de l\u2019Art et la Fondation du Patrimoine se sont associ\u00e9s [&hellip;]","og_url":"https:\/\/beauxarts-cie.com\/consulting\/projets\/grand-debat-de-la-culture\/","og_site_name":"Beaux Arts Consulting","article_modified_time":"2024-04-26T16:29:05+00:00","og_image":[{"width":2066,"height":856,"url":"https:\/\/beauxarts-cie.com\/consulting\/wp-content\/uploads\/sites\/3\/2024\/04\/571fa87a55534b72dcd4f5535202a40f.png","type":"image\/png"}],"twitter_card":"summary_large_image","twitter_misc":{"Dur\u00e9e de lecture estim\u00e9e":"2 minutes"},"schema":{"@context":"https:\/\/schema.org","@graph":[{"@type":"WebPage","@id":"https:\/\/beauxarts-cie.com\/consulting\/projets\/grand-debat-de-la-culture\/","url":"https:\/\/beauxarts-cie.com\/consulting\/projets\/grand-debat-de-la-culture\/","name":"Collecte des propositions citoyennes autour de la culture, dans le cadre du Grand d\u00e9bat national, pour pr\u00e9sentation au minist\u00e8re de la Culture - Beaux Arts Consulting","isPartOf":{"@id":"https:\/\/beauxarts-cie.com\/consulting\/#website"},"datePublished":"2021-11-17T16:15:16+00:00","dateModified":"2024-04-26T16:29:05+00:00","breadcrumb":{"@id":"https:\/\/beauxarts-cie.com\/consulting\/projets\/grand-debat-de-la-culture\/#breadcrumb"},"inLanguage":"fr-FR","potentialAction":[{"@type":"ReadAction","target":["https:\/\/beauxarts-cie.com\/consulting\/projets\/grand-debat-de-la-culture\/"]}]},{"@type":"BreadcrumbList","@id":"https:\/\/beauxarts-cie.com\/consulting\/projets\/grand-debat-de-la-culture\/#breadcrumb","itemListElement":[{"@type":"ListItem","position":1,"name":"Projets","item":"https:\/\/beauxarts-cie.com\/consulting\/projets\/"},{"@type":"ListItem","position":2,"name":"Collecte des propositions citoyennes autour de la culture, dans le cadre du Grand d\u00e9bat national, pour pr\u00e9sentation au minist\u00e8re de la Culture"}]},{"@type":"WebSite","@id":"https:\/\/beauxarts-cie.com\/consulting\/#website","url":"https:\/\/beauxarts-cie.com\/consulting\/","name":"Beaux Arts Consulting","description":"Conseil en strat\u00e9gie, innovation et ing\u00e9nierie culturelle","potentialAction":[{"@type":"SearchAction","target":{"@type":"EntryPoint","urlTemplate":"https:\/\/beauxarts-cie.com\/consulting\/?s={search_term_string}"},"query-input":"required name=search_term_string"}],"inLanguage":"fr-FR"}]}},"_links":{"self":[{"href":"https:\/\/beauxarts-cie.com\/consulting\/wp-json\/wp\/v2\/pages\/551"}],"collection":[{"href":"https:\/\/beauxarts-cie.com\/consulting\/wp-json\/wp\/v2\/pages"}],"about":[{"href":"https:\/\/beauxarts-cie.com\/consulting\/wp-json\/wp\/v2\/types\/page"}],"author":[{"embeddable":true,"href":"https:\/\/beauxarts-cie.com\/consulting\/wp-json\/wp\/v2\/users\/12"}],"replies":[{"embeddable":true,"href":"https:\/\/beauxarts-cie.com\/consulting\/wp-json\/wp\/v2\/comments?post=551"}],"version-history":[{"count":3,"href":"https:\/\/beauxarts-cie.com\/consulting\/wp-json\/wp\/v2\/pages\/551\/revisions"}],"predecessor-version":[{"id":1097,"href":"https:\/\/beauxarts-cie.com\/consulting\/wp-json\/wp\/v2\/pages\/551\/revisions\/1097"}],"up":[{"embeddable":true,"href":"https:\/\/beauxarts-cie.com\/consulting\/wp-json\/wp\/v2\/pages\/49"}],"wp:featuredmedia":[{"embeddable":true,"href":"https:\/\/beauxarts-cie.com\/consulting\/wp-json\/wp\/v2\/media\/1096"}],"wp:attachment":[{"href":"https:\/\/beauxarts-cie.com\/consulting\/wp-json\/wp\/v2\/media?parent=551"}],"curies":[{"name":"wp","href":"https:\/\/api.w.org\/{rel}","templated":true}]}}