{"id":70,"date":"2020-04-17T12:14:47","date_gmt":"2020-04-17T10:14:47","guid":{"rendered":"https:\/\/beauxarts-cie.com\/consulting\/?page_id=70"},"modified":"2024-07-16T10:18:16","modified_gmt":"2024-07-16T08:18:16","slug":"vincennes","status":"publish","type":"page","link":"https:\/\/beauxarts-cie.com\/consulting\/projets\/vincennes\/","title":{"rendered":"Conception d\u2019un \u00e9v\u00e9nement artistique innovant afin de mettre en lumi\u00e8re le patrimoine du Ch\u00e2teau de Vincennes"},"content":{"rendered":"\n<div class=\"wp-block-columns refId\">\n<div class=\"wp-block-column\">\n<h2 class=\"has-text-align-left\">Clients : Ville de Vincennes, Service Historique de la D\u00e9fense et Centre des monuments nationaux<\/h2>\n<\/div>\n\n\n\n<div class=\"wp-block-column\">\n<p>2020<br>\u00c9v\u00e8nement, programmation, innovation<\/p>\n<\/div>\n<\/div>\n\n\n\n<p><strong>Le contexte et ses enjeux :<\/strong><\/p>\n\n\n\n<p>Le Ch\u00e2teau de Vincennes est un monument embl\u00e9matique de l\u2019histoire de France. Lieu de la m\u00e9moire nationale, il est le c\u0153ur de la monarchie fran\u00e7aise avant Versailles et sert de forteresse pour prot\u00e9ger Paris sous Napol\u00e9on Ier. Abritant aujourd\u2019hui le Service Historique de la D\u00e9fense, ce lieu est n\u00e9anmoins trop peu connu du grand public\u00a0pour la Ville de Vincennes et le Centre des Monuments Nationaux.<\/p>\n\n\n\n<p>Pour mettre en lumi\u00e8re ce site historique, la Ville de Vincennes, conjointement avec le Service Historique de la D\u00e9fense et le Centre des Monuments Nationaux, a fait appel \u00e0 Beaux Arts Consulting pour mettre au point un \u00e9v\u00e9nement num\u00e9rique et innovant.<\/p>\n\n\n\n<p><strong>Notre r\u00f4le :<\/strong><\/p>\n\n\n\n<p>Beaux Arts Consulting, aid\u00e9 par l\u2019\u00e9quipe du 104Paris et du cabinet Fidal, a assist\u00e9 la Ville de Vincennes dans la d\u00e9finition du projet, ayant pour but de renforcer la visibilit\u00e9 du site, d\u2019attirer de nouveaux publics et de valoriser les 10 si\u00e8cles d\u2019histoire du ch\u00e2teau :<\/p>\n\n\n\n<ul><li>R\u00e9alisation d\u2019un benchmark d\u2019exp\u00e9riences culturelles num\u00e9riques innovante en France et \u00e0 l\u2019international, <\/li><li>Diagnostic du site et r\u00e9alisation d\u2019entretiens individuels pour identifier les attentes li\u00e9es au projet, <\/li><li>Proposition de sc\u00e9narios d\u2019\u00e9v\u00e9nements int\u00e9grant le concept artistique, la faisabilit\u00e9 technique, le budget et les options de gouvernance,<\/li><li>D\u00e9clinaison d\u00e9taill\u00e9e d\u2019un synopsis d\u2019\u00e9v\u00e9nements, de la note d\u2019intention artistique au mod\u00e8le \u00e9conomique d\u2019exploitation.<\/li><\/ul>\n\n\n\n<p><strong>Retomb\u00e9es et suites :<\/strong><\/p>\n\n\n\n<p>Cet accompagnement a permis de d\u00e9finir avec pr\u00e9cision le format retenu, ainsi que le montage juridique et de gouvernance de l\u2019\u00e9v\u00e9nement. La mise en place concr\u00e8te de l\u2019\u00e9v\u00e9nement a donc \u00e9t\u00e9 rendue possible gr\u00e2ce \u00e0 des recommandations coh\u00e9rentes r\u00e9pondant aux enjeux des clients et \u00e0 la mise en place d\u2019un calendrier de projet d\u00e9taill\u00e9.<\/p>\n","protected":false},"excerpt":{"rendered":"<p>Clients : Ville de Vincennes, Service Historique de la D\u00e9fense et Centre des monuments nationaux 2020\u00c9v\u00e8nement, programmation, innovation Le contexte et ses enjeux : Le Ch\u00e2teau de Vincennes est un monument embl\u00e9matique de l\u2019histoire de France. Lieu de la m\u00e9moire nationale, il est le c\u0153ur de la monarchie fran\u00e7aise avant Versailles et sert de forteresse [&hellip;]<\/p>\n","protected":false},"author":1,"featured_media":1064,"parent":49,"menu_order":0,"comment_status":"closed","ping_status":"closed","template":"tpl-page-child-reference.php","meta":[],"yoast_head":"<!-- This site is optimized with the Yoast SEO plugin v19.11 - https:\/\/yoast.com\/wordpress\/plugins\/seo\/ -->\n<title>Conception d\u2019un \u00e9v\u00e9nement artistique innovant afin de mettre en lumi\u00e8re le patrimoine du Ch\u00e2teau de Vincennes - Beaux Arts Consulting<\/title>\n<meta name=\"robots\" content=\"index, follow, max-snippet:-1, max-image-preview:large, max-video-preview:-1\" \/>\n<link rel=\"canonical\" href=\"https:\/\/beauxarts-cie.com\/consulting\/projets\/vincennes\/\" \/>\n<meta property=\"og:locale\" content=\"fr_FR\" \/>\n<meta property=\"og:type\" content=\"article\" \/>\n<meta property=\"og:title\" content=\"Conception d\u2019un \u00e9v\u00e9nement artistique innovant afin de mettre en lumi\u00e8re le patrimoine du Ch\u00e2teau de Vincennes - Beaux Arts Consulting\" \/>\n<meta property=\"og:description\" content=\"Clients : Ville de Vincennes, Service Historique de la D\u00e9fense et Centre des monuments nationaux 2020\u00c9v\u00e8nement, programmation, innovation Le contexte et ses enjeux : Le Ch\u00e2teau de Vincennes est un monument embl\u00e9matique de l\u2019histoire de France. Lieu de la m\u00e9moire nationale, il est le c\u0153ur de la monarchie fran\u00e7aise avant Versailles et sert de forteresse [&hellip;]\" \/>\n<meta property=\"og:url\" content=\"https:\/\/beauxarts-cie.com\/consulting\/projets\/vincennes\/\" \/>\n<meta property=\"og:site_name\" content=\"Beaux Arts Consulting\" \/>\n<meta property=\"article:modified_time\" content=\"2024-07-16T08:18:16+00:00\" \/>\n<meta property=\"og:image\" content=\"https:\/\/beauxarts-cie.com\/consulting\/wp-content\/uploads\/sites\/3\/2024\/04\/amandine-bataille-nmTpKKGMSE8-unsplash1.jpg\" \/>\n\t<meta property=\"og:image:width\" content=\"1920\" \/>\n\t<meta property=\"og:image:height\" content=\"1280\" \/>\n\t<meta property=\"og:image:type\" content=\"image\/jpeg\" \/>\n<meta name=\"twitter:card\" content=\"summary_large_image\" \/>\n<script type=\"application\/ld+json\" class=\"yoast-schema-graph\">{\"@context\":\"https:\/\/schema.org\",\"@graph\":[{\"@type\":\"WebPage\",\"@id\":\"https:\/\/beauxarts-cie.com\/consulting\/projets\/vincennes\/\",\"url\":\"https:\/\/beauxarts-cie.com\/consulting\/projets\/vincennes\/\",\"name\":\"Conception d\u2019un \u00e9v\u00e9nement artistique innovant afin de mettre en lumi\u00e8re le patrimoine du Ch\u00e2teau de Vincennes - Beaux Arts Consulting\",\"isPartOf\":{\"@id\":\"https:\/\/beauxarts-cie.com\/consulting\/#website\"},\"datePublished\":\"2020-04-17T10:14:47+00:00\",\"dateModified\":\"2024-07-16T08:18:16+00:00\",\"breadcrumb\":{\"@id\":\"https:\/\/beauxarts-cie.com\/consulting\/projets\/vincennes\/#breadcrumb\"},\"inLanguage\":\"fr-FR\",\"potentialAction\":[{\"@type\":\"ReadAction\",\"target\":[\"https:\/\/beauxarts-cie.com\/consulting\/projets\/vincennes\/\"]}]},{\"@type\":\"BreadcrumbList\",\"@id\":\"https:\/\/beauxarts-cie.com\/consulting\/projets\/vincennes\/#breadcrumb\",\"itemListElement\":[{\"@type\":\"ListItem\",\"position\":1,\"name\":\"Projets\",\"item\":\"https:\/\/beauxarts-cie.com\/consulting\/projets\/\"},{\"@type\":\"ListItem\",\"position\":2,\"name\":\"Conception d\u2019un \u00e9v\u00e9nement artistique innovant afin de mettre en lumi\u00e8re le patrimoine du Ch\u00e2teau de Vincennes\"}]},{\"@type\":\"WebSite\",\"@id\":\"https:\/\/beauxarts-cie.com\/consulting\/#website\",\"url\":\"https:\/\/beauxarts-cie.com\/consulting\/\",\"name\":\"Beaux Arts Consulting\",\"description\":\"Conseil en strat\u00e9gie, innovation et ing\u00e9nierie culturelle\",\"potentialAction\":[{\"@type\":\"SearchAction\",\"target\":{\"@type\":\"EntryPoint\",\"urlTemplate\":\"https:\/\/beauxarts-cie.com\/consulting\/?s={search_term_string}\"},\"query-input\":\"required name=search_term_string\"}],\"inLanguage\":\"fr-FR\"}]}<\/script>\n<!-- \/ Yoast SEO plugin. -->","yoast_head_json":{"title":"Conception d\u2019un \u00e9v\u00e9nement artistique innovant afin de mettre en lumi\u00e8re le patrimoine du Ch\u00e2teau de Vincennes - Beaux Arts Consulting","robots":{"index":"index","follow":"follow","max-snippet":"max-snippet:-1","max-image-preview":"max-image-preview:large","max-video-preview":"max-video-preview:-1"},"canonical":"https:\/\/beauxarts-cie.com\/consulting\/projets\/vincennes\/","og_locale":"fr_FR","og_type":"article","og_title":"Conception d\u2019un \u00e9v\u00e9nement artistique innovant afin de mettre en lumi\u00e8re le patrimoine du Ch\u00e2teau de Vincennes - Beaux Arts Consulting","og_description":"Clients : Ville de Vincennes, Service Historique de la D\u00e9fense et Centre des monuments nationaux 2020\u00c9v\u00e8nement, programmation, innovation Le contexte et ses enjeux : Le Ch\u00e2teau de Vincennes est un monument embl\u00e9matique de l\u2019histoire de France. Lieu de la m\u00e9moire nationale, il est le c\u0153ur de la monarchie fran\u00e7aise avant Versailles et sert de forteresse [&hellip;]","og_url":"https:\/\/beauxarts-cie.com\/consulting\/projets\/vincennes\/","og_site_name":"Beaux Arts Consulting","article_modified_time":"2024-07-16T08:18:16+00:00","og_image":[{"width":1920,"height":1280,"url":"https:\/\/beauxarts-cie.com\/consulting\/wp-content\/uploads\/sites\/3\/2024\/04\/amandine-bataille-nmTpKKGMSE8-unsplash1.jpg","type":"image\/jpeg"}],"twitter_card":"summary_large_image","schema":{"@context":"https:\/\/schema.org","@graph":[{"@type":"WebPage","@id":"https:\/\/beauxarts-cie.com\/consulting\/projets\/vincennes\/","url":"https:\/\/beauxarts-cie.com\/consulting\/projets\/vincennes\/","name":"Conception d\u2019un \u00e9v\u00e9nement artistique innovant afin de mettre en lumi\u00e8re le patrimoine du Ch\u00e2teau de Vincennes - Beaux Arts Consulting","isPartOf":{"@id":"https:\/\/beauxarts-cie.com\/consulting\/#website"},"datePublished":"2020-04-17T10:14:47+00:00","dateModified":"2024-07-16T08:18:16+00:00","breadcrumb":{"@id":"https:\/\/beauxarts-cie.com\/consulting\/projets\/vincennes\/#breadcrumb"},"inLanguage":"fr-FR","potentialAction":[{"@type":"ReadAction","target":["https:\/\/beauxarts-cie.com\/consulting\/projets\/vincennes\/"]}]},{"@type":"BreadcrumbList","@id":"https:\/\/beauxarts-cie.com\/consulting\/projets\/vincennes\/#breadcrumb","itemListElement":[{"@type":"ListItem","position":1,"name":"Projets","item":"https:\/\/beauxarts-cie.com\/consulting\/projets\/"},{"@type":"ListItem","position":2,"name":"Conception d\u2019un \u00e9v\u00e9nement artistique innovant afin de mettre en lumi\u00e8re le patrimoine du Ch\u00e2teau de Vincennes"}]},{"@type":"WebSite","@id":"https:\/\/beauxarts-cie.com\/consulting\/#website","url":"https:\/\/beauxarts-cie.com\/consulting\/","name":"Beaux Arts Consulting","description":"Conseil en strat\u00e9gie, innovation et ing\u00e9nierie culturelle","potentialAction":[{"@type":"SearchAction","target":{"@type":"EntryPoint","urlTemplate":"https:\/\/beauxarts-cie.com\/consulting\/?s={search_term_string}"},"query-input":"required name=search_term_string"}],"inLanguage":"fr-FR"}]}},"_links":{"self":[{"href":"https:\/\/beauxarts-cie.com\/consulting\/wp-json\/wp\/v2\/pages\/70"}],"collection":[{"href":"https:\/\/beauxarts-cie.com\/consulting\/wp-json\/wp\/v2\/pages"}],"about":[{"href":"https:\/\/beauxarts-cie.com\/consulting\/wp-json\/wp\/v2\/types\/page"}],"author":[{"embeddable":true,"href":"https:\/\/beauxarts-cie.com\/consulting\/wp-json\/wp\/v2\/users\/1"}],"replies":[{"embeddable":true,"href":"https:\/\/beauxarts-cie.com\/consulting\/wp-json\/wp\/v2\/comments?post=70"}],"version-history":[{"count":4,"href":"https:\/\/beauxarts-cie.com\/consulting\/wp-json\/wp\/v2\/pages\/70\/revisions"}],"predecessor-version":[{"id":1427,"href":"https:\/\/beauxarts-cie.com\/consulting\/wp-json\/wp\/v2\/pages\/70\/revisions\/1427"}],"up":[{"embeddable":true,"href":"https:\/\/beauxarts-cie.com\/consulting\/wp-json\/wp\/v2\/pages\/49"}],"wp:featuredmedia":[{"embeddable":true,"href":"https:\/\/beauxarts-cie.com\/consulting\/wp-json\/wp\/v2\/media\/1064"}],"wp:attachment":[{"href":"https:\/\/beauxarts-cie.com\/consulting\/wp-json\/wp\/v2\/media?parent=70"}],"curies":[{"name":"wp","href":"https:\/\/api.w.org\/{rel}","templated":true}]}}