{"id":789,"date":"2022-10-06T11:41:15","date_gmt":"2022-10-06T09:41:15","guid":{"rendered":"https:\/\/beauxarts-cie.com\/consulting\/?page_id=789"},"modified":"2024-07-16T14:41:57","modified_gmt":"2024-07-16T12:41:57","slug":"feasibility-study-on-a-recurrent-artistic-event-using-lights-and-innovative-digital-technologies","status":"publish","type":"page","link":"https:\/\/beauxarts-cie.com\/consulting\/en\/feasibility-study-on-a-recurrent-artistic-event-using-lights-and-innovative-digital-technologies\/","title":{"rendered":"Design of an innovative artistic event to highlight the heritage of the Ch\u00e2teau de Vincennes"},"content":{"rendered":"\n<div class=\"wp-block-columns refId\">\n<div class=\"wp-block-column\">\n<h2 class=\"has-text-align-left\">Client: Ch\u00e2teau de Vincennes<\/h2>\n<\/div>\n\n\n\n<div class=\"wp-block-column\">\n<p>2020<br>Events, programming, innovation<\/p>\n<\/div>\n<\/div>\n\n\n\n<p><strong>Context and challenges:<\/strong><\/p>\n\n\n\n<p>The Ch\u00e2teau de Vincennes is an emblematic monument in French history. A place of national memory, it was the heart of the French monarchy before Versailles, and served as a fortress to protect Paris under Napoleon I. Now home to the French Department of Defense History, it is nevertheless too little known to the general public for the Ville de Vincennes and the Centre des Monuments Nationaux.<\/p>\n\n\n\n<p>To highlight this historic site, the Ville de Vincennes, in conjunction with the Service Historique de la D\u00e9fense and the Centre des Monuments Nationaux, called on Beaux Arts Consulting to develop an innovative digital event.<\/p>\n\n\n\n<p><strong>Our role:<\/strong><\/p>\n\n\n\n<p>Beaux Arts Consulting, assisted by the 104Paris team and the Fidal law firm, helped the City of Vincennes define the project, with the aim of enhancing the site&rsquo;s visibility, attracting new visitors and promoting the ch\u00e2teau&rsquo;s 10 centuries of history:<\/p>\n\n\n\n<ul><li>Benchmark of innovative cultural experiences with a digital component in France and abroad,<\/li><li>Situational diagnosis and completion of a series of individual interviews to identify the expectations related to the project,<\/li><li>Proposal of several events scenarios incorporating the artistic concept, the technological feasibility, the economic model, and governance options,<\/li><li>Detailed presentation of two events scenarios including artistic intention note, technical feasibility, roadmap, and operational economic model.<\/li><\/ul>\n\n\n\n<p><strong>Impact and follow-up:<\/strong><\/p>\n\n\n\n<p>This support enabled us to precisely define the chosen format, as well as the legal and governance arrangements for the event. The concrete implementation of the event was thus made possible thanks to coherent recommendations that met the customer&rsquo;s challenges, and the establishment of a detailed project schedule.<\/p>\n","protected":false},"excerpt":{"rendered":"<p>Client: Ch\u00e2teau de Vincennes 2020Events, programming, innovation Context and challenges: The Ch\u00e2teau de Vincennes is an emblematic monument in French history. A place of national memory, it was the heart of the French monarchy before Versailles, and served as a fortress to protect Paris under Napoleon I. Now home to the French Department of Defense [&hellip;]<\/p>\n","protected":false},"author":10,"featured_media":128,"parent":0,"menu_order":0,"comment_status":"closed","ping_status":"closed","template":"tpl-page-child-reference.php","meta":[],"yoast_head":"<!-- This site is optimized with the Yoast SEO plugin v19.11 - https:\/\/yoast.com\/wordpress\/plugins\/seo\/ -->\n<title>Design of an innovative artistic event to highlight the heritage of the Ch\u00e2teau de Vincennes - Beaux Arts Consulting<\/title>\n<meta name=\"robots\" content=\"index, follow, max-snippet:-1, max-image-preview:large, max-video-preview:-1\" \/>\n<link rel=\"canonical\" href=\"https:\/\/beauxarts-cie.com\/consulting\/en\/feasibility-study-on-a-recurrent-artistic-event-using-lights-and-innovative-digital-technologies\/\" \/>\n<meta property=\"og:locale\" content=\"fr_FR\" \/>\n<meta property=\"og:type\" content=\"article\" \/>\n<meta property=\"og:title\" content=\"Design of an innovative artistic event to highlight the heritage of the Ch\u00e2teau de Vincennes - Beaux Arts Consulting\" \/>\n<meta property=\"og:description\" content=\"Client: Ch\u00e2teau de Vincennes 2020Events, programming, innovation Context and challenges: The Ch\u00e2teau de Vincennes is an emblematic monument in French history. A place of national memory, it was the heart of the French monarchy before Versailles, and served as a fortress to protect Paris under Napoleon I. Now home to the French Department of Defense [&hellip;]\" \/>\n<meta property=\"og:url\" content=\"https:\/\/beauxarts-cie.com\/consulting\/en\/feasibility-study-on-a-recurrent-artistic-event-using-lights-and-innovative-digital-technologies\/\" \/>\n<meta property=\"og:site_name\" content=\"Beaux Arts Consulting\" \/>\n<meta property=\"article:modified_time\" content=\"2024-07-16T12:41:57+00:00\" \/>\n<meta property=\"og:image\" content=\"https:\/\/beauxarts-cie.com\/consulting\/wp-content\/uploads\/sites\/3\/2020\/04\/Ref_Vincennes-2.jpg\" \/>\n\t<meta property=\"og:image:width\" content=\"1000\" \/>\n\t<meta property=\"og:image:height\" content=\"670\" \/>\n\t<meta property=\"og:image:type\" content=\"image\/jpeg\" \/>\n<meta name=\"twitter:card\" content=\"summary_large_image\" \/>\n<script type=\"application\/ld+json\" class=\"yoast-schema-graph\">{\"@context\":\"https:\/\/schema.org\",\"@graph\":[{\"@type\":\"WebPage\",\"@id\":\"https:\/\/beauxarts-cie.com\/consulting\/en\/feasibility-study-on-a-recurrent-artistic-event-using-lights-and-innovative-digital-technologies\/\",\"url\":\"https:\/\/beauxarts-cie.com\/consulting\/en\/feasibility-study-on-a-recurrent-artistic-event-using-lights-and-innovative-digital-technologies\/\",\"name\":\"Design of an innovative artistic event to highlight the heritage of the Ch\u00e2teau de Vincennes - Beaux Arts Consulting\",\"isPartOf\":{\"@id\":\"https:\/\/beauxarts-cie.com\/consulting\/#website\"},\"datePublished\":\"2022-10-06T09:41:15+00:00\",\"dateModified\":\"2024-07-16T12:41:57+00:00\",\"inLanguage\":\"fr-FR\",\"potentialAction\":[{\"@type\":\"ReadAction\",\"target\":[\"https:\/\/beauxarts-cie.com\/consulting\/en\/feasibility-study-on-a-recurrent-artistic-event-using-lights-and-innovative-digital-technologies\/\"]}]},{\"@type\":\"WebSite\",\"@id\":\"https:\/\/beauxarts-cie.com\/consulting\/#website\",\"url\":\"https:\/\/beauxarts-cie.com\/consulting\/\",\"name\":\"Beaux Arts Consulting\",\"description\":\"Conseil en strat\u00e9gie, innovation et ing\u00e9nierie culturelle\",\"potentialAction\":[{\"@type\":\"SearchAction\",\"target\":{\"@type\":\"EntryPoint\",\"urlTemplate\":\"https:\/\/beauxarts-cie.com\/consulting\/?s={search_term_string}\"},\"query-input\":\"required name=search_term_string\"}],\"inLanguage\":\"fr-FR\"}]}<\/script>\n<!-- \/ Yoast SEO plugin. -->","yoast_head_json":{"title":"Design of an innovative artistic event to highlight the heritage of the Ch\u00e2teau de Vincennes - Beaux Arts Consulting","robots":{"index":"index","follow":"follow","max-snippet":"max-snippet:-1","max-image-preview":"max-image-preview:large","max-video-preview":"max-video-preview:-1"},"canonical":"https:\/\/beauxarts-cie.com\/consulting\/en\/feasibility-study-on-a-recurrent-artistic-event-using-lights-and-innovative-digital-technologies\/","og_locale":"fr_FR","og_type":"article","og_title":"Design of an innovative artistic event to highlight the heritage of the Ch\u00e2teau de Vincennes - Beaux Arts Consulting","og_description":"Client: Ch\u00e2teau de Vincennes 2020Events, programming, innovation Context and challenges: The Ch\u00e2teau de Vincennes is an emblematic monument in French history. A place of national memory, it was the heart of the French monarchy before Versailles, and served as a fortress to protect Paris under Napoleon I. Now home to the French Department of Defense [&hellip;]","og_url":"https:\/\/beauxarts-cie.com\/consulting\/en\/feasibility-study-on-a-recurrent-artistic-event-using-lights-and-innovative-digital-technologies\/","og_site_name":"Beaux Arts Consulting","article_modified_time":"2024-07-16T12:41:57+00:00","og_image":[{"width":1000,"height":670,"url":"https:\/\/beauxarts-cie.com\/consulting\/wp-content\/uploads\/sites\/3\/2020\/04\/Ref_Vincennes-2.jpg","type":"image\/jpeg"}],"twitter_card":"summary_large_image","schema":{"@context":"https:\/\/schema.org","@graph":[{"@type":"WebPage","@id":"https:\/\/beauxarts-cie.com\/consulting\/en\/feasibility-study-on-a-recurrent-artistic-event-using-lights-and-innovative-digital-technologies\/","url":"https:\/\/beauxarts-cie.com\/consulting\/en\/feasibility-study-on-a-recurrent-artistic-event-using-lights-and-innovative-digital-technologies\/","name":"Design of an innovative artistic event to highlight the heritage of the Ch\u00e2teau de Vincennes - Beaux Arts Consulting","isPartOf":{"@id":"https:\/\/beauxarts-cie.com\/consulting\/#website"},"datePublished":"2022-10-06T09:41:15+00:00","dateModified":"2024-07-16T12:41:57+00:00","inLanguage":"fr-FR","potentialAction":[{"@type":"ReadAction","target":["https:\/\/beauxarts-cie.com\/consulting\/en\/feasibility-study-on-a-recurrent-artistic-event-using-lights-and-innovative-digital-technologies\/"]}]},{"@type":"WebSite","@id":"https:\/\/beauxarts-cie.com\/consulting\/#website","url":"https:\/\/beauxarts-cie.com\/consulting\/","name":"Beaux Arts Consulting","description":"Conseil en strat\u00e9gie, innovation et ing\u00e9nierie culturelle","potentialAction":[{"@type":"SearchAction","target":{"@type":"EntryPoint","urlTemplate":"https:\/\/beauxarts-cie.com\/consulting\/?s={search_term_string}"},"query-input":"required name=search_term_string"}],"inLanguage":"fr-FR"}]}},"_links":{"self":[{"href":"https:\/\/beauxarts-cie.com\/consulting\/wp-json\/wp\/v2\/pages\/789"}],"collection":[{"href":"https:\/\/beauxarts-cie.com\/consulting\/wp-json\/wp\/v2\/pages"}],"about":[{"href":"https:\/\/beauxarts-cie.com\/consulting\/wp-json\/wp\/v2\/types\/page"}],"author":[{"embeddable":true,"href":"https:\/\/beauxarts-cie.com\/consulting\/wp-json\/wp\/v2\/users\/10"}],"replies":[{"embeddable":true,"href":"https:\/\/beauxarts-cie.com\/consulting\/wp-json\/wp\/v2\/comments?post=789"}],"version-history":[{"count":4,"href":"https:\/\/beauxarts-cie.com\/consulting\/wp-json\/wp\/v2\/pages\/789\/revisions"}],"predecessor-version":[{"id":1487,"href":"https:\/\/beauxarts-cie.com\/consulting\/wp-json\/wp\/v2\/pages\/789\/revisions\/1487"}],"wp:featuredmedia":[{"embeddable":true,"href":"https:\/\/beauxarts-cie.com\/consulting\/wp-json\/wp\/v2\/media\/128"}],"wp:attachment":[{"href":"https:\/\/beauxarts-cie.com\/consulting\/wp-json\/wp\/v2\/media?parent=789"}],"curies":[{"name":"wp","href":"https:\/\/api.w.org\/{rel}","templated":true}]}}