{"id":12,"date":"2020-04-01T10:42:47","date_gmt":"2020-04-01T08:42:47","guid":{"rendered":"http:\/\/beauxartsciemulti.local\/institute\/?page_id=12"},"modified":"2024-11-06T18:10:16","modified_gmt":"2024-11-06T17:10:16","slug":"nos-offres","status":"publish","type":"page","link":"https:\/\/beauxarts-cie.com\/institute\/nos-offres\/","title":{"rendered":"NOS OFFRES"},"content":{"rendered":"\n<div class=\"wp-container-1 wp-block-group bkgTop\"><div class=\"wp-block-group__inner-container\"><\/div><\/div>\n\n\n\n<p class=\"has-text-align-center has-large-font-size\"><strong>NOS OFFRES<\/strong><\/p>\n\n\n\n<p class=\"has-text-color\" style=\"color:#007fa3;font-size:27px;text-transform:uppercase\"><strong>INSPIRER ET FORMER VOS EQUIPES <\/strong><\/p>\n\n\n\n<div class=\"wp-block-media-text alignwide has-media-on-the-right is-stacked-on-mobile is-image-fill\"><figure class=\"wp-block-media-text__media\" style=\"background-image:url(https:\/\/beauxarts-cie.com\/institute\/wp-content\/uploads\/sites\/2\/2024\/11\/capucins16.9-1024x576.jpg);background-position:50% 50%\"><img loading=\"lazy\" width=\"1024\" height=\"576\" src=\"https:\/\/beauxarts-cie.com\/institute\/wp-content\/uploads\/sites\/2\/2024\/11\/capucins16.9-1024x576.jpg\" alt=\"\" class=\"wp-image-1205 size-full\" srcset=\"https:\/\/beauxarts-cie.com\/institute\/wp-content\/uploads\/sites\/2\/2024\/11\/capucins16.9-1024x576.jpg 1024w, https:\/\/beauxarts-cie.com\/institute\/wp-content\/uploads\/sites\/2\/2024\/11\/capucins16.9-300x169.jpg 300w, https:\/\/beauxarts-cie.com\/institute\/wp-content\/uploads\/sites\/2\/2024\/11\/capucins16.9-768x432.jpg 768w, https:\/\/beauxarts-cie.com\/institute\/wp-content\/uploads\/sites\/2\/2024\/11\/capucins16.9-1536x864.jpg 1536w, https:\/\/beauxarts-cie.com\/institute\/wp-content\/uploads\/sites\/2\/2024\/11\/capucins16.9.jpg 1600w\" sizes=\"(max-width: 1024px) 100vw, 1024px\" \/><\/figure><div class=\"wp-block-media-text__content\">\n<p style=\"font-size:16px\"><strong style=\"font-weight: bold\">Concevoir des s\u00e9minaires inspirants<\/strong> pour sensibiliser vos \u00e9quipes aux enjeux de demain (culturels, sociaux, philosophiques, \u00e9conomiques,  soci\u00e9taux)<\/p>\n\n\n\n<p style=\"font-size:16px\"><strong style=\"font-weight: bold\"><strong><strong>Identifier les meilleurs intervenants du monde intellectuel et de la sph\u00e8re artistique<\/strong><\/strong><\/strong> pour accompagner vos projets : talks, conf\u00e9rences, s\u00e9minaires&#8230;<\/p>\n\n\n\n<p style=\"font-size:16px\"><strong><strong>D\u00e9velopper les soft skills<\/strong> :<\/strong> stimuler la cr\u00e9ativit\u00e9, booster le travail collectif, gr\u00e2ce \u00e0 la rencontre et au partage avec des artistes de toutes les disciplines. <\/p>\n<\/div><\/div>\n\n\n\n<div style=\"height:30px\" aria-hidden=\"true\" class=\"wp-block-spacer\"><\/div>\n\n\n\n<p class=\"has-text-align-right has-text-color\" style=\"color:#007fa3;font-size:27px\"><strong><strong>VALORISER VOTRE MARQUE ET SON ENGAGEMENT CULTUREL<\/strong><\/strong><\/p>\n\n\n\n<div class=\"wp-block-media-text alignwide is-stacked-on-mobile is-image-fill\"><figure class=\"wp-block-media-text__media\" style=\"background-image:url(https:\/\/beauxarts-cie.com\/institute\/wp-content\/uploads\/sites\/2\/2024\/11\/Tiffany-Opera-1024x532.png);background-position:50% 50%\"><img loading=\"lazy\" width=\"1024\" height=\"532\" src=\"https:\/\/beauxarts-cie.com\/institute\/wp-content\/uploads\/sites\/2\/2024\/11\/Tiffany-Opera-1024x532.png\" alt=\"\" class=\"wp-image-1208 size-full\" srcset=\"https:\/\/beauxarts-cie.com\/institute\/wp-content\/uploads\/sites\/2\/2024\/11\/Tiffany-Opera-1024x532.png 1024w, https:\/\/beauxarts-cie.com\/institute\/wp-content\/uploads\/sites\/2\/2024\/11\/Tiffany-Opera-300x156.png 300w, https:\/\/beauxarts-cie.com\/institute\/wp-content\/uploads\/sites\/2\/2024\/11\/Tiffany-Opera-768x399.png 768w, https:\/\/beauxarts-cie.com\/institute\/wp-content\/uploads\/sites\/2\/2024\/11\/Tiffany-Opera.png 1198w\" sizes=\"(max-width: 1024px) 100vw, 1024px\" \/><\/figure><div class=\"wp-block-media-text__content\">\n<div style=\"height:19px\" aria-hidden=\"true\" class=\"wp-block-spacer\"><\/div>\n\n\n\n<p style=\"font-size:16px\">Vous conseiller dans la d\u00e9finition d&rsquo;une <strong>strat\u00e9gie culturelle et artistique <\/strong>incarnant votre marque et votre raison d&rsquo;\u00eatre<\/p>\n\n\n\n<p style=\"font-size:16px\">Accompagner votre <strong>strat\u00e9gie marketing et lancements de produits<\/strong> par des collaborations artistiques : activations, \u00e9ditions limit\u00e9es, <em>brand content<\/em>, <em>retail <\/em>artistique<\/p>\n<\/div><\/div>\n\n\n\n<div style=\"height:30px\" aria-hidden=\"true\" class=\"wp-block-spacer\"><\/div>\n\n\n\n<p class=\"has-text-align-left has-text-color\" style=\"color:#007fa3;font-size:27px\"><strong><strong><strong>OFFRIR DU SENS, DU BEAU, DE L&rsquo;EXCEPTIONNEL<\/strong><\/strong><\/strong><\/p>\n\n\n\n<div class=\"wp-block-media-text alignwide has-media-on-the-right is-stacked-on-mobile is-image-fill\"><figure class=\"wp-block-media-text__media\" style=\"background-image:url(https:\/\/beauxarts-cie.com\/institute\/wp-content\/uploads\/sites\/2\/2024\/11\/Accuracy-Rodin-1-1024x576.jpg);background-position:50% 50%\"><img loading=\"lazy\" width=\"1024\" height=\"576\" src=\"https:\/\/beauxarts-cie.com\/institute\/wp-content\/uploads\/sites\/2\/2024\/11\/Accuracy-Rodin-1-1024x576.jpg\" alt=\"\" class=\"wp-image-1209 size-full\" srcset=\"https:\/\/beauxarts-cie.com\/institute\/wp-content\/uploads\/sites\/2\/2024\/11\/Accuracy-Rodin-1-1024x576.jpg 1024w, https:\/\/beauxarts-cie.com\/institute\/wp-content\/uploads\/sites\/2\/2024\/11\/Accuracy-Rodin-1-300x169.jpg 300w, https:\/\/beauxarts-cie.com\/institute\/wp-content\/uploads\/sites\/2\/2024\/11\/Accuracy-Rodin-1-768x432.jpg 768w, https:\/\/beauxarts-cie.com\/institute\/wp-content\/uploads\/sites\/2\/2024\/11\/Accuracy-Rodin-1-1536x864.jpg 1536w, https:\/\/beauxarts-cie.com\/institute\/wp-content\/uploads\/sites\/2\/2024\/11\/Accuracy-Rodin-1.jpg 2000w\" sizes=\"(max-width: 1024px) 100vw, 1024px\" \/><\/figure><div class=\"wp-block-media-text__content\">\n<p style=\"font-size:16px\"><strong style=\"font-weight: bold\"><strong>Concevoir et produire des exp\u00e9riences artistiques et culturelles sur mesure <\/strong>: <\/strong>privatisation de lieux culturels et artistiques pour vos \u00e9v\u00e9nements et visites priv\u00e9es, organisation d&rsquo;\u00e9v\u00e9nements dans des lieux culturels, &#8230;<\/p>\n\n\n\n<p style=\"font-size:16px\"><strong style=\"font-weight: bold\"><strong><strong><strong>A<\/strong><\/strong><\/strong><\/strong><strong>ccompagner les entreprises soucieuses de la sant\u00e9 mentale, du bien-\u00eatre et du d\u00e9veloppement <\/strong>de leurs salari\u00e9s : rencontres et activit\u00e9s artistiques, programmation personnalis\u00e9e de sorties culturelles<\/p>\n\n\n\n<p style=\"font-size:16px\"><strong><strong><strong>R\u00e9enchanter les lieux et les espaces de travail :<\/strong> <\/strong><\/strong>commission d&rsquo;\u0153uvres, r\u00e9sidences d&rsquo;artistes en entreprise, installations artistiques en entreprises<\/p>\n<\/div><\/div>\n\n\n\n<div class=\"wp-block-columns\">\n<div class=\"wp-block-column\"><\/div>\n\n\n\n<div class=\"wp-block-column\"><\/div>\n\n\n\n<div class=\"wp-block-column\"><\/div>\n<\/div>\n","protected":false},"excerpt":{"rendered":"<p>NOS OFFRES INSPIRER ET FORMER VOS EQUIPES Concevoir des s\u00e9minaires inspirants pour sensibiliser vos \u00e9quipes aux enjeux de demain (culturels, sociaux, philosophiques, \u00e9conomiques, soci\u00e9taux) Identifier les meilleurs intervenants du monde intellectuel et de la sph\u00e8re artistique pour accompagner vos projets : talks, conf\u00e9rences, s\u00e9minaires&#8230; D\u00e9velopper les soft skills : stimuler la cr\u00e9ativit\u00e9, booster le travail [&hellip;]<\/p>\n","protected":false},"author":2,"featured_media":406,"parent":0,"menu_order":0,"comment_status":"closed","ping_status":"closed","template":"tpl-page-thumbnail.php","meta":[],"yoast_head":"<!-- This site is optimized with the Yoast SEO plugin v19.11 - https:\/\/yoast.com\/wordpress\/plugins\/seo\/ -->\n<title>NOS OFFRES - Beaux Arts Institute<\/title>\n<meta name=\"description\" content=\"Faire des arts et de la culture un acteur \u00e0 part enti\u00e8re du projet de l&#039;entreprise\" \/>\n<meta name=\"robots\" content=\"index, follow, max-snippet:-1, max-image-preview:large, max-video-preview:-1\" \/>\n<link rel=\"canonical\" href=\"https:\/\/beauxarts-cie.com\/institute\/nos-offres\/\" \/>\n<meta property=\"og:locale\" content=\"fr_FR\" \/>\n<meta property=\"og:type\" content=\"article\" \/>\n<meta property=\"og:title\" content=\"NOS OFFRES - Beaux Arts Institute\" \/>\n<meta property=\"og:description\" content=\"Faire des arts et de la culture un acteur \u00e0 part enti\u00e8re du projet de l&#039;entreprise\" \/>\n<meta property=\"og:url\" content=\"https:\/\/beauxarts-cie.com\/institute\/nos-offres\/\" \/>\n<meta property=\"og:site_name\" content=\"Beaux Arts Institute\" \/>\n<meta property=\"article:modified_time\" content=\"2024-11-06T17:10:16+00:00\" \/>\n<meta property=\"og:image\" content=\"https:\/\/beauxarts-cie.com\/institute\/wp-content\/uploads\/sites\/2\/2020\/04\/Background-Color.png\" \/>\n\t<meta property=\"og:image:width\" content=\"1400\" \/>\n\t<meta property=\"og:image:height\" content=\"583\" \/>\n\t<meta property=\"og:image:type\" content=\"image\/png\" \/>\n<meta name=\"twitter:card\" content=\"summary_large_image\" \/>\n<meta name=\"twitter:label1\" content=\"Dur\u00e9e de lecture estim\u00e9e\" \/>\n\t<meta name=\"twitter:data1\" content=\"2 minutes\" \/>\n<script type=\"application\/ld+json\" class=\"yoast-schema-graph\">{\"@context\":\"https:\/\/schema.org\",\"@graph\":[{\"@type\":\"WebPage\",\"@id\":\"https:\/\/beauxarts-cie.com\/institute\/nos-offres\/\",\"url\":\"https:\/\/beauxarts-cie.com\/institute\/nos-offres\/\",\"name\":\"NOS OFFRES - Beaux Arts Institute\",\"isPartOf\":{\"@id\":\"https:\/\/beauxarts-cie.com\/institute\/#website\"},\"datePublished\":\"2020-04-01T08:42:47+00:00\",\"dateModified\":\"2024-11-06T17:10:16+00:00\",\"description\":\"Faire des arts et de la culture un acteur \u00e0 part enti\u00e8re du projet de l'entreprise\",\"inLanguage\":\"fr-FR\",\"potentialAction\":[{\"@type\":\"ReadAction\",\"target\":[\"https:\/\/beauxarts-cie.com\/institute\/nos-offres\/\"]}]},{\"@type\":\"WebSite\",\"@id\":\"https:\/\/beauxarts-cie.com\/institute\/#website\",\"url\":\"https:\/\/beauxarts-cie.com\/institute\/\",\"name\":\"Beaux Arts Institute\",\"description\":\"Le partenaire artistique et culturel des entreprises\",\"publisher\":{\"@id\":\"https:\/\/beauxarts-cie.com\/institute\/#organization\"},\"potentialAction\":[{\"@type\":\"SearchAction\",\"target\":{\"@type\":\"EntryPoint\",\"urlTemplate\":\"https:\/\/beauxarts-cie.com\/institute\/?s={search_term_string}\"},\"query-input\":\"required name=search_term_string\"}],\"inLanguage\":\"fr-FR\"},{\"@type\":\"Organization\",\"@id\":\"https:\/\/beauxarts-cie.com\/institute\/#organization\",\"name\":\"Beaux Arts Institute\",\"url\":\"https:\/\/beauxarts-cie.com\/institute\/\",\"logo\":{\"@type\":\"ImageObject\",\"inLanguage\":\"fr-FR\",\"@id\":\"https:\/\/beauxarts-cie.com\/institute\/#\/schema\/logo\/image\/\",\"url\":\"https:\/\/beauxarts-cie.com\/institute\/wp-content\/uploads\/sites\/2\/2024\/05\/Logo-BAI-long.png\",\"contentUrl\":\"https:\/\/beauxarts-cie.com\/institute\/wp-content\/uploads\/sites\/2\/2024\/05\/Logo-BAI-long.png\",\"width\":430,\"height\":43,\"caption\":\"Beaux Arts Institute\"},\"image\":{\"@id\":\"https:\/\/beauxarts-cie.com\/institute\/#\/schema\/logo\/image\/\"},\"sameAs\":[\"https:\/\/www.linkedin.com\/company\/99437599\/admin\/feed\/posts\/\"]}]}<\/script>\n<!-- \/ Yoast SEO plugin. -->","yoast_head_json":{"title":"NOS OFFRES - Beaux Arts Institute","description":"Faire des arts et de la culture un acteur \u00e0 part enti\u00e8re du projet de l'entreprise","robots":{"index":"index","follow":"follow","max-snippet":"max-snippet:-1","max-image-preview":"max-image-preview:large","max-video-preview":"max-video-preview:-1"},"canonical":"https:\/\/beauxarts-cie.com\/institute\/nos-offres\/","og_locale":"fr_FR","og_type":"article","og_title":"NOS OFFRES - Beaux Arts Institute","og_description":"Faire des arts et de la culture un acteur \u00e0 part enti\u00e8re du projet de l'entreprise","og_url":"https:\/\/beauxarts-cie.com\/institute\/nos-offres\/","og_site_name":"Beaux Arts Institute","article_modified_time":"2024-11-06T17:10:16+00:00","og_image":[{"width":1400,"height":583,"url":"https:\/\/beauxarts-cie.com\/institute\/wp-content\/uploads\/sites\/2\/2020\/04\/Background-Color.png","type":"image\/png"}],"twitter_card":"summary_large_image","twitter_misc":{"Dur\u00e9e de lecture estim\u00e9e":"2 minutes"},"schema":{"@context":"https:\/\/schema.org","@graph":[{"@type":"WebPage","@id":"https:\/\/beauxarts-cie.com\/institute\/nos-offres\/","url":"https:\/\/beauxarts-cie.com\/institute\/nos-offres\/","name":"NOS OFFRES - Beaux Arts Institute","isPartOf":{"@id":"https:\/\/beauxarts-cie.com\/institute\/#website"},"datePublished":"2020-04-01T08:42:47+00:00","dateModified":"2024-11-06T17:10:16+00:00","description":"Faire des arts et de la culture un acteur \u00e0 part enti\u00e8re du projet de l'entreprise","inLanguage":"fr-FR","potentialAction":[{"@type":"ReadAction","target":["https:\/\/beauxarts-cie.com\/institute\/nos-offres\/"]}]},{"@type":"WebSite","@id":"https:\/\/beauxarts-cie.com\/institute\/#website","url":"https:\/\/beauxarts-cie.com\/institute\/","name":"Beaux Arts Institute","description":"Le partenaire artistique et culturel des entreprises","publisher":{"@id":"https:\/\/beauxarts-cie.com\/institute\/#organization"},"potentialAction":[{"@type":"SearchAction","target":{"@type":"EntryPoint","urlTemplate":"https:\/\/beauxarts-cie.com\/institute\/?s={search_term_string}"},"query-input":"required name=search_term_string"}],"inLanguage":"fr-FR"},{"@type":"Organization","@id":"https:\/\/beauxarts-cie.com\/institute\/#organization","name":"Beaux Arts Institute","url":"https:\/\/beauxarts-cie.com\/institute\/","logo":{"@type":"ImageObject","inLanguage":"fr-FR","@id":"https:\/\/beauxarts-cie.com\/institute\/#\/schema\/logo\/image\/","url":"https:\/\/beauxarts-cie.com\/institute\/wp-content\/uploads\/sites\/2\/2024\/05\/Logo-BAI-long.png","contentUrl":"https:\/\/beauxarts-cie.com\/institute\/wp-content\/uploads\/sites\/2\/2024\/05\/Logo-BAI-long.png","width":430,"height":43,"caption":"Beaux Arts Institute"},"image":{"@id":"https:\/\/beauxarts-cie.com\/institute\/#\/schema\/logo\/image\/"},"sameAs":["https:\/\/www.linkedin.com\/company\/99437599\/admin\/feed\/posts\/"]}]}},"_links":{"self":[{"href":"https:\/\/beauxarts-cie.com\/institute\/wp-json\/wp\/v2\/pages\/12"}],"collection":[{"href":"https:\/\/beauxarts-cie.com\/institute\/wp-json\/wp\/v2\/pages"}],"about":[{"href":"https:\/\/beauxarts-cie.com\/institute\/wp-json\/wp\/v2\/types\/page"}],"author":[{"embeddable":true,"href":"https:\/\/beauxarts-cie.com\/institute\/wp-json\/wp\/v2\/users\/2"}],"replies":[{"embeddable":true,"href":"https:\/\/beauxarts-cie.com\/institute\/wp-json\/wp\/v2\/comments?post=12"}],"version-history":[{"count":56,"href":"https:\/\/beauxarts-cie.com\/institute\/wp-json\/wp\/v2\/pages\/12\/revisions"}],"predecessor-version":[{"id":1362,"href":"https:\/\/beauxarts-cie.com\/institute\/wp-json\/wp\/v2\/pages\/12\/revisions\/1362"}],"wp:featuredmedia":[{"embeddable":true,"href":"https:\/\/beauxarts-cie.com\/institute\/wp-json\/wp\/v2\/media\/406"}],"wp:attachment":[{"href":"https:\/\/beauxarts-cie.com\/institute\/wp-json\/wp\/v2\/media?parent=12"}],"curies":[{"name":"wp","href":"https:\/\/api.w.org\/{rel}","templated":true}]}}