{"id":1259,"date":"2024-12-04T16:11:13","date_gmt":"2024-12-04T15:11:13","guid":{"rendered":"https:\/\/beauxarts-cie.com\/institute\/?page_id=1259"},"modified":"2025-01-06T12:16:05","modified_gmt":"2025-01-06T11:16:05","slug":"campagne-tiffany","status":"publish","type":"page","link":"https:\/\/beauxarts-cie.com\/institute\/campagne-tiffany\/","title":{"rendered":""},"content":{"rendered":"\n<div class=\"wp-block-columns refId\">\n<div class=\"wp-block-column\">\n<h2 class=\"has-text-align-left\">Client : TIFFANY &amp; CO.<\/h2>\n<\/div>\n\n\n\n<div class=\"wp-block-column\"><\/div>\n<\/div>\n\n\n\n<p><strong><em>2023<\/em>, Collaboration artistique autour d&rsquo;un lancement de produit<\/strong><\/p>\n\n\n\n<p>Accompagnement d\u2019une marque de joaillerie internationale dans sa recherche d\u2019une collaboration artistique pour la r\u00e9alisation d\u2019une campagne de communication \u00e9v\u00e9nementielle.<\/p>\n\n\n\n<div style=\"height:18px\" aria-hidden=\"true\" class=\"wp-block-spacer\"><\/div>\n\n\n\n<div class=\"wp-container-1 wp-block-group\"><div class=\"wp-block-group__inner-container\">\n<div class=\"wp-block-columns\">\n<div class=\"wp-block-column\">\n<figure class=\"wp-block-image size-large is-style-default\"><img loading=\"lazy\" width=\"1024\" height=\"585\" src=\"https:\/\/beauxarts-cie.com\/institute\/wp-content\/uploads\/sites\/2\/2024\/12\/Tiffany-1-1024x585.jpg\" alt=\"\" class=\"wp-image-1655\" srcset=\"https:\/\/beauxarts-cie.com\/institute\/wp-content\/uploads\/sites\/2\/2024\/12\/Tiffany-1-1024x585.jpg 1024w, https:\/\/beauxarts-cie.com\/institute\/wp-content\/uploads\/sites\/2\/2024\/12\/Tiffany-1-300x171.jpg 300w, https:\/\/beauxarts-cie.com\/institute\/wp-content\/uploads\/sites\/2\/2024\/12\/Tiffany-1-768x439.jpg 768w, https:\/\/beauxarts-cie.com\/institute\/wp-content\/uploads\/sites\/2\/2024\/12\/Tiffany-1-1536x877.jpg 1536w, https:\/\/beauxarts-cie.com\/institute\/wp-content\/uploads\/sites\/2\/2024\/12\/Tiffany-1-2048x1169.jpg 2048w\" sizes=\"(max-width: 1024px) 100vw, 1024px\" \/><\/figure>\n<\/div>\n\n\n\n<div class=\"wp-block-column\">\n<figure class=\"wp-block-image size-large is-style-default\"><img loading=\"lazy\" width=\"1024\" height=\"583\" src=\"https:\/\/beauxarts-cie.com\/institute\/wp-content\/uploads\/sites\/2\/2024\/12\/Tiffany-2-1024x583.jpg\" alt=\"\" class=\"wp-image-1656\" srcset=\"https:\/\/beauxarts-cie.com\/institute\/wp-content\/uploads\/sites\/2\/2024\/12\/Tiffany-2-1024x583.jpg 1024w, https:\/\/beauxarts-cie.com\/institute\/wp-content\/uploads\/sites\/2\/2024\/12\/Tiffany-2-300x171.jpg 300w, https:\/\/beauxarts-cie.com\/institute\/wp-content\/uploads\/sites\/2\/2024\/12\/Tiffany-2-768x438.jpg 768w, https:\/\/beauxarts-cie.com\/institute\/wp-content\/uploads\/sites\/2\/2024\/12\/Tiffany-2-1536x875.jpg 1536w, https:\/\/beauxarts-cie.com\/institute\/wp-content\/uploads\/sites\/2\/2024\/12\/Tiffany-2-2048x1167.jpg 2048w\" sizes=\"(max-width: 1024px) 100vw, 1024px\" \/><\/figure>\n\n\n\n<div style=\"height:18px\" aria-hidden=\"true\" class=\"wp-block-spacer\"><\/div>\n<\/div>\n<\/div>\n<\/div><\/div>\n\n\n\n<p class=\"has-small-font-size\">Pour le lancement d\u2019une nouvelle gamme, le joaillier cherchait un artiste susceptible de magnifier le produit \u00e0 travers la cr\u00e9ation d\u2019une \u0153uvre singuli\u00e8re et impactante, afin d\u2019ancrer sa relation avec le monde de la culture, et de g\u00e9n\u00e9rer des retomb\u00e9es presse et r\u00e9seaux sociaux qualitatives. Le tout dans un temps tr\u00e8s contraint (un mois entre la prise de brief et la date de finalisation de la cr\u00e9ation). Beaux Arts Institute a sollicit\u00e9 quatre artistes qui ont cr\u00e9\u00e9 des projets, celui de Paul Rousteau \u00e9tant finalement retenu pour deux activations sur la fa\u00e7ade du Louvre et de l&rsquo;Op\u00e9ra Garnier. <\/p>\n\n\n\n<p class=\"has-small-font-size\">\u2b95 <strong>Identification et s\u00e9lection strat\u00e9gique de talents artistiques :<\/strong> constitution d&rsquo;une <em>short list<\/em> de quatre artistes, dont un pl\u00e9biscit\u00e9 par la marque et deux pressentis pour de futures collaborations<\/p>\n\n\n\n<p class=\"has-small-font-size\">\u2b95<strong> M\u00e9diation experte entre univers cr\u00e9atifs :<\/strong> facilitation r\u00e9ussie de la collaboration artistique, garantissant l&rsquo;alignement parfait entre l&rsquo;identit\u00e9 de Tiffany &amp; Co. et la vision artistique<\/p>\n\n\n\n<p class=\"has-small-font-size\">\u2b95 <strong>Pilotage op\u00e9rationnel :<\/strong> livraison de la campagne dans le d\u00e9lai ultra contraint d&rsquo;un mois, de la conception \u00e0 la validation finale de la cr\u00e9ation<\/p>\n\n\n\n<p style=\"font-size:15px\">L&rsquo;\u0153uvre de Paul Rousteau sur la fa\u00e7ade de l&rsquo;Op\u00e9ra a par ailleurs \u00e9t\u00e9 utilis\u00e9e dans une<strong> campagne Tiffany, avec l&rsquo;actrice Camille Cottin <\/strong>: <a href=\"https:\/\/www.instagram.com\/p\/CyLc5ifr7LT\" target=\"_blank\" rel=\"noreferrer noopener\">https:\/\/www.instagram.com\/p\/CyLc5ifr7LT<\/a><\/p>\n\n\n\n<hr class=\"wp-block-separator\" \/>\n","protected":false},"excerpt":{"rendered":"<p>Client : TIFFANY &amp; CO. 2023, Collaboration artistique autour d&rsquo;un lancement de produit Accompagnement d\u2019une marque de joaillerie internationale dans sa recherche d\u2019une collaboration artistique pour la r\u00e9alisation d\u2019une campagne de communication \u00e9v\u00e9nementielle. Pour le lancement d\u2019une nouvelle gamme, le joaillier cherchait un artiste susceptible de magnifier le produit \u00e0 travers la cr\u00e9ation d\u2019une \u0153uvre [&hellip;]<\/p>\n","protected":false},"author":6,"featured_media":0,"parent":0,"menu_order":0,"comment_status":"closed","ping_status":"closed","template":"tpl-page-child-reference.php","meta":[],"yoast_head":"<!-- This site is optimized with the Yoast SEO plugin v19.11 - https:\/\/yoast.com\/wordpress\/plugins\/seo\/ -->\n<title>- Beaux Arts Institute<\/title>\n<meta name=\"robots\" content=\"index, follow, max-snippet:-1, max-image-preview:large, max-video-preview:-1\" \/>\n<link rel=\"canonical\" href=\"https:\/\/beauxarts-cie.com\/institute\/campagne-tiffany\/\" \/>\n<meta property=\"og:locale\" content=\"fr_FR\" \/>\n<meta property=\"og:type\" content=\"article\" \/>\n<meta property=\"og:title\" content=\"- Beaux Arts Institute\" \/>\n<meta property=\"og:description\" content=\"Client : TIFFANY &amp; CO. 2023, Collaboration artistique autour d&rsquo;un lancement de produit Accompagnement d\u2019une marque de joaillerie internationale dans sa recherche d\u2019une collaboration artistique pour la r\u00e9alisation d\u2019une campagne de communication \u00e9v\u00e9nementielle. Pour le lancement d\u2019une nouvelle gamme, le joaillier cherchait un artiste susceptible de magnifier le produit \u00e0 travers la cr\u00e9ation d\u2019une \u0153uvre [&hellip;]\" \/>\n<meta property=\"og:url\" content=\"https:\/\/beauxarts-cie.com\/institute\/campagne-tiffany\/\" \/>\n<meta property=\"og:site_name\" content=\"Beaux Arts Institute\" \/>\n<meta property=\"article:modified_time\" content=\"2025-01-06T11:16:05+00:00\" \/>\n<meta property=\"og:image\" content=\"https:\/\/beauxarts-cie.com\/institute\/wp-content\/uploads\/sites\/2\/2024\/12\/Tiffany-1-1024x585.jpg\" \/>\n<meta name=\"twitter:card\" content=\"summary_large_image\" \/>\n<meta name=\"twitter:label1\" content=\"Dur\u00e9e de lecture estim\u00e9e\" \/>\n\t<meta name=\"twitter:data1\" content=\"2 minutes\" \/>\n<script type=\"application\/ld+json\" class=\"yoast-schema-graph\">{\"@context\":\"https:\/\/schema.org\",\"@graph\":[{\"@type\":\"WebPage\",\"@id\":\"https:\/\/beauxarts-cie.com\/institute\/campagne-tiffany\/\",\"url\":\"https:\/\/beauxarts-cie.com\/institute\/campagne-tiffany\/\",\"name\":\"- Beaux Arts Institute\",\"isPartOf\":{\"@id\":\"https:\/\/beauxarts-cie.com\/institute\/#website\"},\"datePublished\":\"2024-12-04T15:11:13+00:00\",\"dateModified\":\"2025-01-06T11:16:05+00:00\",\"breadcrumb\":{\"@id\":\"https:\/\/beauxarts-cie.com\/institute\/campagne-tiffany\/#breadcrumb\"},\"inLanguage\":\"fr-FR\",\"potentialAction\":[{\"@type\":\"ReadAction\",\"target\":[\"https:\/\/beauxarts-cie.com\/institute\/campagne-tiffany\/\"]}]},{\"@type\":\"BreadcrumbList\",\"@id\":\"https:\/\/beauxarts-cie.com\/institute\/campagne-tiffany\/#breadcrumb\",\"itemListElement\":[]},{\"@type\":\"WebSite\",\"@id\":\"https:\/\/beauxarts-cie.com\/institute\/#website\",\"url\":\"https:\/\/beauxarts-cie.com\/institute\/\",\"name\":\"Beaux Arts Institute\",\"description\":\"Le partenaire artistique et culturel des entreprises\",\"publisher\":{\"@id\":\"https:\/\/beauxarts-cie.com\/institute\/#organization\"},\"potentialAction\":[{\"@type\":\"SearchAction\",\"target\":{\"@type\":\"EntryPoint\",\"urlTemplate\":\"https:\/\/beauxarts-cie.com\/institute\/?s={search_term_string}\"},\"query-input\":\"required name=search_term_string\"}],\"inLanguage\":\"fr-FR\"},{\"@type\":\"Organization\",\"@id\":\"https:\/\/beauxarts-cie.com\/institute\/#organization\",\"name\":\"Beaux Arts Institute\",\"url\":\"https:\/\/beauxarts-cie.com\/institute\/\",\"logo\":{\"@type\":\"ImageObject\",\"inLanguage\":\"fr-FR\",\"@id\":\"https:\/\/beauxarts-cie.com\/institute\/#\/schema\/logo\/image\/\",\"url\":\"https:\/\/beauxarts-cie.com\/institute\/wp-content\/uploads\/sites\/2\/2024\/05\/Logo-BAI-long.png\",\"contentUrl\":\"https:\/\/beauxarts-cie.com\/institute\/wp-content\/uploads\/sites\/2\/2024\/05\/Logo-BAI-long.png\",\"width\":430,\"height\":43,\"caption\":\"Beaux Arts Institute\"},\"image\":{\"@id\":\"https:\/\/beauxarts-cie.com\/institute\/#\/schema\/logo\/image\/\"},\"sameAs\":[\"https:\/\/www.linkedin.com\/company\/99437599\/admin\/feed\/posts\/\"]}]}<\/script>\n<!-- \/ Yoast SEO plugin. -->","yoast_head_json":{"title":"- Beaux Arts Institute","robots":{"index":"index","follow":"follow","max-snippet":"max-snippet:-1","max-image-preview":"max-image-preview:large","max-video-preview":"max-video-preview:-1"},"canonical":"https:\/\/beauxarts-cie.com\/institute\/campagne-tiffany\/","og_locale":"fr_FR","og_type":"article","og_title":"- Beaux Arts Institute","og_description":"Client : TIFFANY &amp; CO. 2023, Collaboration artistique autour d&rsquo;un lancement de produit Accompagnement d\u2019une marque de joaillerie internationale dans sa recherche d\u2019une collaboration artistique pour la r\u00e9alisation d\u2019une campagne de communication \u00e9v\u00e9nementielle. Pour le lancement d\u2019une nouvelle gamme, le joaillier cherchait un artiste susceptible de magnifier le produit \u00e0 travers la cr\u00e9ation d\u2019une \u0153uvre [&hellip;]","og_url":"https:\/\/beauxarts-cie.com\/institute\/campagne-tiffany\/","og_site_name":"Beaux Arts Institute","article_modified_time":"2025-01-06T11:16:05+00:00","og_image":[{"url":"https:\/\/beauxarts-cie.com\/institute\/wp-content\/uploads\/sites\/2\/2024\/12\/Tiffany-1-1024x585.jpg"}],"twitter_card":"summary_large_image","twitter_misc":{"Dur\u00e9e de lecture estim\u00e9e":"2 minutes"},"schema":{"@context":"https:\/\/schema.org","@graph":[{"@type":"WebPage","@id":"https:\/\/beauxarts-cie.com\/institute\/campagne-tiffany\/","url":"https:\/\/beauxarts-cie.com\/institute\/campagne-tiffany\/","name":"- Beaux Arts Institute","isPartOf":{"@id":"https:\/\/beauxarts-cie.com\/institute\/#website"},"datePublished":"2024-12-04T15:11:13+00:00","dateModified":"2025-01-06T11:16:05+00:00","breadcrumb":{"@id":"https:\/\/beauxarts-cie.com\/institute\/campagne-tiffany\/#breadcrumb"},"inLanguage":"fr-FR","potentialAction":[{"@type":"ReadAction","target":["https:\/\/beauxarts-cie.com\/institute\/campagne-tiffany\/"]}]},{"@type":"BreadcrumbList","@id":"https:\/\/beauxarts-cie.com\/institute\/campagne-tiffany\/#breadcrumb","itemListElement":[]},{"@type":"WebSite","@id":"https:\/\/beauxarts-cie.com\/institute\/#website","url":"https:\/\/beauxarts-cie.com\/institute\/","name":"Beaux Arts Institute","description":"Le partenaire artistique et culturel des entreprises","publisher":{"@id":"https:\/\/beauxarts-cie.com\/institute\/#organization"},"potentialAction":[{"@type":"SearchAction","target":{"@type":"EntryPoint","urlTemplate":"https:\/\/beauxarts-cie.com\/institute\/?s={search_term_string}"},"query-input":"required name=search_term_string"}],"inLanguage":"fr-FR"},{"@type":"Organization","@id":"https:\/\/beauxarts-cie.com\/institute\/#organization","name":"Beaux Arts Institute","url":"https:\/\/beauxarts-cie.com\/institute\/","logo":{"@type":"ImageObject","inLanguage":"fr-FR","@id":"https:\/\/beauxarts-cie.com\/institute\/#\/schema\/logo\/image\/","url":"https:\/\/beauxarts-cie.com\/institute\/wp-content\/uploads\/sites\/2\/2024\/05\/Logo-BAI-long.png","contentUrl":"https:\/\/beauxarts-cie.com\/institute\/wp-content\/uploads\/sites\/2\/2024\/05\/Logo-BAI-long.png","width":430,"height":43,"caption":"Beaux Arts Institute"},"image":{"@id":"https:\/\/beauxarts-cie.com\/institute\/#\/schema\/logo\/image\/"},"sameAs":["https:\/\/www.linkedin.com\/company\/99437599\/admin\/feed\/posts\/"]}]}},"_links":{"self":[{"href":"https:\/\/beauxarts-cie.com\/institute\/wp-json\/wp\/v2\/pages\/1259"}],"collection":[{"href":"https:\/\/beauxarts-cie.com\/institute\/wp-json\/wp\/v2\/pages"}],"about":[{"href":"https:\/\/beauxarts-cie.com\/institute\/wp-json\/wp\/v2\/types\/page"}],"author":[{"embeddable":true,"href":"https:\/\/beauxarts-cie.com\/institute\/wp-json\/wp\/v2\/users\/6"}],"replies":[{"embeddable":true,"href":"https:\/\/beauxarts-cie.com\/institute\/wp-json\/wp\/v2\/comments?post=1259"}],"version-history":[{"count":6,"href":"https:\/\/beauxarts-cie.com\/institute\/wp-json\/wp\/v2\/pages\/1259\/revisions"}],"predecessor-version":[{"id":1968,"href":"https:\/\/beauxarts-cie.com\/institute\/wp-json\/wp\/v2\/pages\/1259\/revisions\/1968"}],"wp:attachment":[{"href":"https:\/\/beauxarts-cie.com\/institute\/wp-json\/wp\/v2\/media?parent=1259"}],"curies":[{"name":"wp","href":"https:\/\/api.w.org\/{rel}","templated":true}]}}