{"id":1292,"date":"2024-12-04T12:13:33","date_gmt":"2024-12-04T11:13:33","guid":{"rendered":"https:\/\/beauxarts-cie.com\/institute\/?page_id=1292"},"modified":"2025-01-06T11:51:39","modified_gmt":"2025-01-06T10:51:39","slug":"hermes","status":"publish","type":"page","link":"https:\/\/beauxarts-cie.com\/institute\/hermes\/","title":{"rendered":""},"content":{"rendered":"\n<div class=\"wp-block-columns refId\">\n<div class=\"wp-block-column\">\n<h2 class=\"has-text-align-left\">Client : Herm\u00e8s<\/h2>\n<\/div>\n\n\n\n<div class=\"wp-block-column\"><\/div>\n<\/div>\n\n\n\n<p><strong><em>2024<\/em>, S\u00e9minaire : un apr\u00e8s-midi de pratique et d\u2019\u00e9changes sur le th\u00e8me de la cr\u00e9ation et des m\u00e9tiers d\u2019art<\/strong><\/p>\n\n\n\n<p>Conception et coordination d&rsquo;un \u00e9v\u00e9nement de rentr\u00e9e f\u00e9d\u00e9rateur pour les \u00e9quipes M\u00e9tiers et le programme \u00ab Parcours Collection \u00bb d&rsquo;Herm\u00e8s.<\/p>\n\n\n\n<div style=\"height:18px\" aria-hidden=\"true\" class=\"wp-block-spacer\"><\/div>\n\n\n\n<div class=\"wp-container-1 wp-block-group\"><div class=\"wp-block-group__inner-container\">\n<div class=\"wp-block-columns\">\n<div class=\"wp-block-column\">\n<figure class=\"wp-block-image size-large is-style-default\"><img loading=\"lazy\" width=\"1024\" height=\"586\" src=\"https:\/\/beauxarts-cie.com\/institute\/wp-content\/uploads\/sites\/2\/2024\/12\/Hermes1-2-1024x586.jpg\" alt=\"\" class=\"wp-image-1643\" srcset=\"https:\/\/beauxarts-cie.com\/institute\/wp-content\/uploads\/sites\/2\/2024\/12\/Hermes1-2-1024x586.jpg 1024w, https:\/\/beauxarts-cie.com\/institute\/wp-content\/uploads\/sites\/2\/2024\/12\/Hermes1-2-300x172.jpg 300w, https:\/\/beauxarts-cie.com\/institute\/wp-content\/uploads\/sites\/2\/2024\/12\/Hermes1-2-768x439.jpg 768w, https:\/\/beauxarts-cie.com\/institute\/wp-content\/uploads\/sites\/2\/2024\/12\/Hermes1-2-1536x878.jpg 1536w, https:\/\/beauxarts-cie.com\/institute\/wp-content\/uploads\/sites\/2\/2024\/12\/Hermes1-2-2048x1171.jpg 2048w\" sizes=\"(max-width: 1024px) 100vw, 1024px\" \/><\/figure>\n<\/div>\n\n\n\n<div class=\"wp-block-column\">\n<figure class=\"wp-block-image size-large is-style-default\"><img loading=\"lazy\" width=\"1024\" height=\"586\" src=\"https:\/\/beauxarts-cie.com\/institute\/wp-content\/uploads\/sites\/2\/2024\/12\/Hermes2-2-1024x586.jpg\" alt=\"\" class=\"wp-image-1644\" srcset=\"https:\/\/beauxarts-cie.com\/institute\/wp-content\/uploads\/sites\/2\/2024\/12\/Hermes2-2-1024x586.jpg 1024w, https:\/\/beauxarts-cie.com\/institute\/wp-content\/uploads\/sites\/2\/2024\/12\/Hermes2-2-300x172.jpg 300w, https:\/\/beauxarts-cie.com\/institute\/wp-content\/uploads\/sites\/2\/2024\/12\/Hermes2-2-768x439.jpg 768w, https:\/\/beauxarts-cie.com\/institute\/wp-content\/uploads\/sites\/2\/2024\/12\/Hermes2-2-1536x878.jpg 1536w, https:\/\/beauxarts-cie.com\/institute\/wp-content\/uploads\/sites\/2\/2024\/12\/Hermes2-2-2048x1171.jpg 2048w\" sizes=\"(max-width: 1024px) 100vw, 1024px\" \/><\/figure>\n\n\n\n<div style=\"height:18px\" aria-hidden=\"true\" class=\"wp-block-spacer\"><\/div>\n<\/div>\n<\/div>\n<\/div><\/div>\n\n\n\n<p class=\"has-small-font-size\">Beaux Arts Institute a \u00e9t\u00e9 mandat\u00e9 pour organiser un \u00e9v\u00e9nement de rentr\u00e9e destin\u00e9 \u00e0 cr\u00e9er du lien entre les diff\u00e9rents m\u00e9tiers d&rsquo;Herm\u00e8s, favoriser les \u00e9changes internes et offrir un environnement inspirant autour du programme \u00ab Parcours Collection \u00bb.<\/p>\n\n\n\n<p class=\"has-small-font-size\">\u2b95 <strong>Sourcing et design d&rsquo;un \u00e9v\u00e9nement f\u00e9d\u00e9rateur sur-mesure : <\/strong>conception de quatre propositions de programmes immersifs autour des m\u00e9tiers d&rsquo;art, offrant un cadre inspirant pour 100 collaborateurs d&rsquo;Herm\u00e8s<\/p>\n\n\n\n<p class=\"has-small-font-size\">\u2b95<strong> Orchestration d&rsquo;une exp\u00e9rience collaborative au Jardin des M\u00e9tiers d&rsquo;Art et du Design : <\/strong>organisation d&rsquo;un \u00e9v\u00e9nement en quatre temps, alternant pl\u00e9ni\u00e8re, restitutions de groupes projets, ateliers pratiques et cocktail ap\u00e9ritif<\/p>\n\n\n\n<p class=\"has-small-font-size\">\u2b95 <strong>Stimulation de la cr\u00e9ativit\u00e9 interne : <\/strong>animation de sessions de travail en petits groupes, encadr\u00e9es par une vingtaine de designers et artisans r\u00e9sidents, favorisant les \u00e9changes transversaux et l&rsquo;innovation<\/p>\n\n\n\n<div style=\"height:18px\" aria-hidden=\"true\" class=\"wp-block-spacer\"><\/div>\n\n\n\n<div class=\"wp-block-image is-style-default\"><figure class=\"aligncenter size-large\"><img loading=\"lazy\" width=\"1024\" height=\"312\" src=\"https:\/\/beauxarts-cie.com\/institute\/wp-content\/uploads\/sites\/2\/2024\/12\/Hermes3-3-1024x312.jpg\" alt=\"\" class=\"wp-image-1647\" srcset=\"https:\/\/beauxarts-cie.com\/institute\/wp-content\/uploads\/sites\/2\/2024\/12\/Hermes3-3-1024x312.jpg 1024w, https:\/\/beauxarts-cie.com\/institute\/wp-content\/uploads\/sites\/2\/2024\/12\/Hermes3-3-300x91.jpg 300w, https:\/\/beauxarts-cie.com\/institute\/wp-content\/uploads\/sites\/2\/2024\/12\/Hermes3-3-768x234.jpg 768w, https:\/\/beauxarts-cie.com\/institute\/wp-content\/uploads\/sites\/2\/2024\/12\/Hermes3-3-1536x468.jpg 1536w, https:\/\/beauxarts-cie.com\/institute\/wp-content\/uploads\/sites\/2\/2024\/12\/Hermes3-3-2048x624.jpg 2048w\" sizes=\"(max-width: 1024px) 100vw, 1024px\" \/><\/figure><\/div>\n\n\n\n<p class=\"has-small-font-size\">Photos prises au Jardin des m\u00e9tiers d&rsquo;Art et du Design, \u00e9quipement du D\u00e9partement des Hauts-de-Seine. <\/p>\n\n\n\n<hr class=\"wp-block-separator\" \/>\n","protected":false},"excerpt":{"rendered":"<p>Client : Herm\u00e8s 2024, S\u00e9minaire : un apr\u00e8s-midi de pratique et d\u2019\u00e9changes sur le th\u00e8me de la cr\u00e9ation et des m\u00e9tiers d\u2019art Conception et coordination d&rsquo;un \u00e9v\u00e9nement de rentr\u00e9e f\u00e9d\u00e9rateur pour les \u00e9quipes M\u00e9tiers et le programme \u00ab Parcours Collection \u00bb d&rsquo;Herm\u00e8s. Beaux Arts Institute a \u00e9t\u00e9 mandat\u00e9 pour organiser un \u00e9v\u00e9nement de rentr\u00e9e destin\u00e9 [&hellip;]<\/p>\n","protected":false},"author":6,"featured_media":0,"parent":0,"menu_order":0,"comment_status":"closed","ping_status":"closed","template":"tpl-page-child-reference.php","meta":[],"yoast_head":"<!-- This site is optimized with the Yoast SEO plugin v19.11 - https:\/\/yoast.com\/wordpress\/plugins\/seo\/ -->\n<title>- Beaux Arts Institute<\/title>\n<meta name=\"robots\" content=\"index, follow, max-snippet:-1, max-image-preview:large, max-video-preview:-1\" \/>\n<link rel=\"canonical\" href=\"https:\/\/beauxarts-cie.com\/institute\/hermes\/\" \/>\n<meta property=\"og:locale\" content=\"fr_FR\" \/>\n<meta property=\"og:type\" content=\"article\" \/>\n<meta property=\"og:title\" content=\"- Beaux Arts Institute\" \/>\n<meta property=\"og:description\" content=\"Client : Herm\u00e8s 2024, S\u00e9minaire : un apr\u00e8s-midi de pratique et d\u2019\u00e9changes sur le th\u00e8me de la cr\u00e9ation et des m\u00e9tiers d\u2019art Conception et coordination d&rsquo;un \u00e9v\u00e9nement de rentr\u00e9e f\u00e9d\u00e9rateur pour les \u00e9quipes M\u00e9tiers et le programme \u00ab Parcours Collection \u00bb d&rsquo;Herm\u00e8s. Beaux Arts Institute a \u00e9t\u00e9 mandat\u00e9 pour organiser un \u00e9v\u00e9nement de rentr\u00e9e destin\u00e9 [&hellip;]\" \/>\n<meta property=\"og:url\" content=\"https:\/\/beauxarts-cie.com\/institute\/hermes\/\" \/>\n<meta property=\"og:site_name\" content=\"Beaux Arts Institute\" \/>\n<meta property=\"article:modified_time\" content=\"2025-01-06T10:51:39+00:00\" \/>\n<meta property=\"og:image\" content=\"https:\/\/beauxarts-cie.com\/institute\/wp-content\/uploads\/sites\/2\/2024\/12\/Hermes1-2-1024x586.jpg\" \/>\n<meta name=\"twitter:card\" content=\"summary_large_image\" \/>\n<script type=\"application\/ld+json\" class=\"yoast-schema-graph\">{\"@context\":\"https:\/\/schema.org\",\"@graph\":[{\"@type\":\"WebPage\",\"@id\":\"https:\/\/beauxarts-cie.com\/institute\/hermes\/\",\"url\":\"https:\/\/beauxarts-cie.com\/institute\/hermes\/\",\"name\":\"- Beaux Arts Institute\",\"isPartOf\":{\"@id\":\"https:\/\/beauxarts-cie.com\/institute\/#website\"},\"datePublished\":\"2024-12-04T11:13:33+00:00\",\"dateModified\":\"2025-01-06T10:51:39+00:00\",\"breadcrumb\":{\"@id\":\"https:\/\/beauxarts-cie.com\/institute\/hermes\/#breadcrumb\"},\"inLanguage\":\"fr-FR\",\"potentialAction\":[{\"@type\":\"ReadAction\",\"target\":[\"https:\/\/beauxarts-cie.com\/institute\/hermes\/\"]}]},{\"@type\":\"BreadcrumbList\",\"@id\":\"https:\/\/beauxarts-cie.com\/institute\/hermes\/#breadcrumb\",\"itemListElement\":[]},{\"@type\":\"WebSite\",\"@id\":\"https:\/\/beauxarts-cie.com\/institute\/#website\",\"url\":\"https:\/\/beauxarts-cie.com\/institute\/\",\"name\":\"Beaux Arts Institute\",\"description\":\"Le partenaire artistique et culturel des entreprises\",\"publisher\":{\"@id\":\"https:\/\/beauxarts-cie.com\/institute\/#organization\"},\"potentialAction\":[{\"@type\":\"SearchAction\",\"target\":{\"@type\":\"EntryPoint\",\"urlTemplate\":\"https:\/\/beauxarts-cie.com\/institute\/?s={search_term_string}\"},\"query-input\":\"required name=search_term_string\"}],\"inLanguage\":\"fr-FR\"},{\"@type\":\"Organization\",\"@id\":\"https:\/\/beauxarts-cie.com\/institute\/#organization\",\"name\":\"Beaux Arts Institute\",\"url\":\"https:\/\/beauxarts-cie.com\/institute\/\",\"logo\":{\"@type\":\"ImageObject\",\"inLanguage\":\"fr-FR\",\"@id\":\"https:\/\/beauxarts-cie.com\/institute\/#\/schema\/logo\/image\/\",\"url\":\"https:\/\/beauxarts-cie.com\/institute\/wp-content\/uploads\/sites\/2\/2024\/05\/Logo-BAI-long.png\",\"contentUrl\":\"https:\/\/beauxarts-cie.com\/institute\/wp-content\/uploads\/sites\/2\/2024\/05\/Logo-BAI-long.png\",\"width\":430,\"height\":43,\"caption\":\"Beaux Arts Institute\"},\"image\":{\"@id\":\"https:\/\/beauxarts-cie.com\/institute\/#\/schema\/logo\/image\/\"},\"sameAs\":[\"https:\/\/www.linkedin.com\/company\/99437599\/admin\/feed\/posts\/\"]}]}<\/script>\n<!-- \/ Yoast SEO plugin. -->","yoast_head_json":{"title":"- Beaux Arts Institute","robots":{"index":"index","follow":"follow","max-snippet":"max-snippet:-1","max-image-preview":"max-image-preview:large","max-video-preview":"max-video-preview:-1"},"canonical":"https:\/\/beauxarts-cie.com\/institute\/hermes\/","og_locale":"fr_FR","og_type":"article","og_title":"- Beaux Arts Institute","og_description":"Client : Herm\u00e8s 2024, S\u00e9minaire : un apr\u00e8s-midi de pratique et d\u2019\u00e9changes sur le th\u00e8me de la cr\u00e9ation et des m\u00e9tiers d\u2019art Conception et coordination d&rsquo;un \u00e9v\u00e9nement de rentr\u00e9e f\u00e9d\u00e9rateur pour les \u00e9quipes M\u00e9tiers et le programme \u00ab Parcours Collection \u00bb d&rsquo;Herm\u00e8s. Beaux Arts Institute a \u00e9t\u00e9 mandat\u00e9 pour organiser un \u00e9v\u00e9nement de rentr\u00e9e destin\u00e9 [&hellip;]","og_url":"https:\/\/beauxarts-cie.com\/institute\/hermes\/","og_site_name":"Beaux Arts Institute","article_modified_time":"2025-01-06T10:51:39+00:00","og_image":[{"url":"https:\/\/beauxarts-cie.com\/institute\/wp-content\/uploads\/sites\/2\/2024\/12\/Hermes1-2-1024x586.jpg"}],"twitter_card":"summary_large_image","schema":{"@context":"https:\/\/schema.org","@graph":[{"@type":"WebPage","@id":"https:\/\/beauxarts-cie.com\/institute\/hermes\/","url":"https:\/\/beauxarts-cie.com\/institute\/hermes\/","name":"- Beaux Arts Institute","isPartOf":{"@id":"https:\/\/beauxarts-cie.com\/institute\/#website"},"datePublished":"2024-12-04T11:13:33+00:00","dateModified":"2025-01-06T10:51:39+00:00","breadcrumb":{"@id":"https:\/\/beauxarts-cie.com\/institute\/hermes\/#breadcrumb"},"inLanguage":"fr-FR","potentialAction":[{"@type":"ReadAction","target":["https:\/\/beauxarts-cie.com\/institute\/hermes\/"]}]},{"@type":"BreadcrumbList","@id":"https:\/\/beauxarts-cie.com\/institute\/hermes\/#breadcrumb","itemListElement":[]},{"@type":"WebSite","@id":"https:\/\/beauxarts-cie.com\/institute\/#website","url":"https:\/\/beauxarts-cie.com\/institute\/","name":"Beaux Arts Institute","description":"Le partenaire artistique et culturel des entreprises","publisher":{"@id":"https:\/\/beauxarts-cie.com\/institute\/#organization"},"potentialAction":[{"@type":"SearchAction","target":{"@type":"EntryPoint","urlTemplate":"https:\/\/beauxarts-cie.com\/institute\/?s={search_term_string}"},"query-input":"required name=search_term_string"}],"inLanguage":"fr-FR"},{"@type":"Organization","@id":"https:\/\/beauxarts-cie.com\/institute\/#organization","name":"Beaux Arts Institute","url":"https:\/\/beauxarts-cie.com\/institute\/","logo":{"@type":"ImageObject","inLanguage":"fr-FR","@id":"https:\/\/beauxarts-cie.com\/institute\/#\/schema\/logo\/image\/","url":"https:\/\/beauxarts-cie.com\/institute\/wp-content\/uploads\/sites\/2\/2024\/05\/Logo-BAI-long.png","contentUrl":"https:\/\/beauxarts-cie.com\/institute\/wp-content\/uploads\/sites\/2\/2024\/05\/Logo-BAI-long.png","width":430,"height":43,"caption":"Beaux Arts Institute"},"image":{"@id":"https:\/\/beauxarts-cie.com\/institute\/#\/schema\/logo\/image\/"},"sameAs":["https:\/\/www.linkedin.com\/company\/99437599\/admin\/feed\/posts\/"]}]}},"_links":{"self":[{"href":"https:\/\/beauxarts-cie.com\/institute\/wp-json\/wp\/v2\/pages\/1292"}],"collection":[{"href":"https:\/\/beauxarts-cie.com\/institute\/wp-json\/wp\/v2\/pages"}],"about":[{"href":"https:\/\/beauxarts-cie.com\/institute\/wp-json\/wp\/v2\/types\/page"}],"author":[{"embeddable":true,"href":"https:\/\/beauxarts-cie.com\/institute\/wp-json\/wp\/v2\/users\/6"}],"replies":[{"embeddable":true,"href":"https:\/\/beauxarts-cie.com\/institute\/wp-json\/wp\/v2\/comments?post=1292"}],"version-history":[{"count":21,"href":"https:\/\/beauxarts-cie.com\/institute\/wp-json\/wp\/v2\/pages\/1292\/revisions"}],"predecessor-version":[{"id":1946,"href":"https:\/\/beauxarts-cie.com\/institute\/wp-json\/wp\/v2\/pages\/1292\/revisions\/1946"}],"wp:attachment":[{"href":"https:\/\/beauxarts-cie.com\/institute\/wp-json\/wp\/v2\/media?parent=1292"}],"curies":[{"name":"wp","href":"https:\/\/api.w.org\/{rel}","templated":true}]}}