{"id":1425,"date":"2024-12-10T16:48:05","date_gmt":"2024-12-10T15:48:05","guid":{"rendered":"https:\/\/beauxarts-cie.com\/institute\/?page_id=1425"},"modified":"2025-01-06T12:15:44","modified_gmt":"2025-01-06T11:15:44","slug":"almine-rech","status":"publish","type":"page","link":"https:\/\/beauxarts-cie.com\/institute\/almine-rech\/","title":{"rendered":""},"content":{"rendered":"\n<div class=\"wp-block-columns refId\">\n<div class=\"wp-block-column\">\n<h2 class=\"has-text-align-left\">Client : Galerie Almine Rech<\/h2>\n<\/div>\n\n\n\n<div class=\"wp-block-column\"><\/div>\n<\/div>\n\n\n\n<p><strong><em>2024<\/em>, Discussion autour de Genesis Tramaine, \u00e0 l&rsquo;occasion de son exposition \u00ab\u00a0SWEET JESUS !\u00a0\u00bb, \u00e0 Almine Rech Paris<\/strong><\/p>\n\n\n\n<p>A l&rsquo;occasion de \u00ab\u00a0SWEET JESUS !\u00a0\u00bb, la cinqui\u00e8me exposition solo de Genesis Tramaine avec Almine Rech, Beaux Arts Institute a accompagn\u00e9 la galerie dans la curation d&rsquo;un <em>talk<\/em> autour de l&rsquo;artiste et de son \u0153uvre, mod\u00e9r\u00e9 par Alison Moss, R\u00e9dactrice en chef adjointe au Quotidien de l&rsquo;Art, avec la conservatrice et \u00e9crivaine Alison M. Gingeras.<\/p>\n\n\n\n<div style=\"height:18px\" aria-hidden=\"true\" class=\"wp-block-spacer\"><\/div>\n\n\n\n<div class=\"wp-container-1 wp-block-group\"><div class=\"wp-block-group__inner-container\">\n<div class=\"wp-block-columns\">\n<div class=\"wp-block-column\">\n<figure class=\"wp-block-image size-large is-style-default\"><img loading=\"lazy\" width=\"1024\" height=\"576\" src=\"https:\/\/beauxarts-cie.com\/institute\/wp-content\/uploads\/sites\/2\/2024\/12\/Almine2-1024x576.jpg\" alt=\"\" class=\"wp-image-1428\" srcset=\"https:\/\/beauxarts-cie.com\/institute\/wp-content\/uploads\/sites\/2\/2024\/12\/Almine2-1024x576.jpg 1024w, https:\/\/beauxarts-cie.com\/institute\/wp-content\/uploads\/sites\/2\/2024\/12\/Almine2-300x169.jpg 300w, https:\/\/beauxarts-cie.com\/institute\/wp-content\/uploads\/sites\/2\/2024\/12\/Almine2-768x432.jpg 768w, https:\/\/beauxarts-cie.com\/institute\/wp-content\/uploads\/sites\/2\/2024\/12\/Almine2-1536x864.jpg 1536w, https:\/\/beauxarts-cie.com\/institute\/wp-content\/uploads\/sites\/2\/2024\/12\/Almine2-2048x1152.jpg 2048w\" sizes=\"(max-width: 1024px) 100vw, 1024px\" \/><\/figure>\n<\/div>\n\n\n\n<div class=\"wp-block-column\">\n<figure class=\"wp-block-image size-large is-style-default\"><img loading=\"lazy\" width=\"1024\" height=\"577\" src=\"https:\/\/beauxarts-cie.com\/institute\/wp-content\/uploads\/sites\/2\/2024\/12\/Almine1-1024x577.jpg\" alt=\"\" class=\"wp-image-1427\" srcset=\"https:\/\/beauxarts-cie.com\/institute\/wp-content\/uploads\/sites\/2\/2024\/12\/Almine1-1024x577.jpg 1024w, https:\/\/beauxarts-cie.com\/institute\/wp-content\/uploads\/sites\/2\/2024\/12\/Almine1-300x169.jpg 300w, https:\/\/beauxarts-cie.com\/institute\/wp-content\/uploads\/sites\/2\/2024\/12\/Almine1-768x432.jpg 768w, https:\/\/beauxarts-cie.com\/institute\/wp-content\/uploads\/sites\/2\/2024\/12\/Almine1-1536x865.jpg 1536w, https:\/\/beauxarts-cie.com\/institute\/wp-content\/uploads\/sites\/2\/2024\/12\/Almine1-2048x1153.jpg 2048w\" sizes=\"(max-width: 1024px) 100vw, 1024px\" \/><\/figure>\n\n\n\n<div style=\"height:18px\" aria-hidden=\"true\" class=\"wp-block-spacer\"><\/div>\n<\/div>\n<\/div>\n<\/div><\/div>\n\n\n\n<div style=\"height:18px\" aria-hidden=\"true\" class=\"wp-block-spacer\"><\/div>\n\n\n\n<figure class=\"wp-block-embed is-type-video is-provider-youtube wp-block-embed-youtube wp-embed-aspect-16-9 wp-has-aspect-ratio\"><div class=\"wp-block-embed__wrapper\">\n<iframe loading=\"lazy\" title=\"In conversation: Genesis Tramaine, Alison M. Ginger and Alison Moss\" width=\"500\" height=\"281\" src=\"https:\/\/www.youtube.com\/embed\/sTwA7KPhnjY?feature=oembed\" frameborder=\"0\" allow=\"accelerometer; autoplay; clipboard-write; encrypted-media; gyroscope; picture-in-picture; web-share\" referrerpolicy=\"strict-origin-when-cross-origin\" allowfullscreen><\/iframe>\n<\/div><figcaption>Video by InstanT Productions <br>Courtesy of the artist and Almine Rech<\/figcaption><\/figure>\n\n\n\n<hr class=\"wp-block-separator\" \/>\n","protected":false},"excerpt":{"rendered":"<p>Client : Galerie Almine Rech 2024, Discussion autour de Genesis Tramaine, \u00e0 l&rsquo;occasion de son exposition \u00ab\u00a0SWEET JESUS !\u00a0\u00bb, \u00e0 Almine Rech Paris A l&rsquo;occasion de \u00ab\u00a0SWEET JESUS !\u00a0\u00bb, la cinqui\u00e8me exposition solo de Genesis Tramaine avec Almine Rech, Beaux Arts Institute a accompagn\u00e9 la galerie dans la curation d&rsquo;un talk autour de l&rsquo;artiste et [&hellip;]<\/p>\n","protected":false},"author":6,"featured_media":0,"parent":0,"menu_order":0,"comment_status":"closed","ping_status":"closed","template":"tpl-page-child-reference.php","meta":[],"yoast_head":"<!-- This site is optimized with the Yoast SEO plugin v19.11 - https:\/\/yoast.com\/wordpress\/plugins\/seo\/ -->\n<title>- Beaux Arts Institute<\/title>\n<meta name=\"robots\" content=\"index, follow, max-snippet:-1, max-image-preview:large, max-video-preview:-1\" \/>\n<link rel=\"canonical\" href=\"https:\/\/beauxarts-cie.com\/institute\/almine-rech\/\" \/>\n<meta property=\"og:locale\" content=\"fr_FR\" \/>\n<meta property=\"og:type\" content=\"article\" \/>\n<meta property=\"og:title\" content=\"- Beaux Arts Institute\" \/>\n<meta property=\"og:description\" content=\"Client : Galerie Almine Rech 2024, Discussion autour de Genesis Tramaine, \u00e0 l&rsquo;occasion de son exposition \u00ab\u00a0SWEET JESUS !\u00a0\u00bb, \u00e0 Almine Rech Paris A l&rsquo;occasion de \u00ab\u00a0SWEET JESUS !\u00a0\u00bb, la cinqui\u00e8me exposition solo de Genesis Tramaine avec Almine Rech, Beaux Arts Institute a accompagn\u00e9 la galerie dans la curation d&rsquo;un talk autour de l&rsquo;artiste et [&hellip;]\" \/>\n<meta property=\"og:url\" content=\"https:\/\/beauxarts-cie.com\/institute\/almine-rech\/\" \/>\n<meta property=\"og:site_name\" content=\"Beaux Arts Institute\" \/>\n<meta property=\"article:modified_time\" content=\"2025-01-06T11:15:44+00:00\" \/>\n<meta property=\"og:image\" content=\"https:\/\/beauxarts-cie.com\/institute\/wp-content\/uploads\/sites\/2\/2024\/12\/Almine2-1024x576.jpg\" \/>\n<meta name=\"twitter:card\" content=\"summary_large_image\" \/>\n<meta name=\"twitter:label1\" content=\"Dur\u00e9e de lecture estim\u00e9e\" \/>\n\t<meta name=\"twitter:data1\" content=\"1 minute\" \/>\n<script type=\"application\/ld+json\" class=\"yoast-schema-graph\">{\"@context\":\"https:\/\/schema.org\",\"@graph\":[{\"@type\":\"WebPage\",\"@id\":\"https:\/\/beauxarts-cie.com\/institute\/almine-rech\/\",\"url\":\"https:\/\/beauxarts-cie.com\/institute\/almine-rech\/\",\"name\":\"- Beaux Arts Institute\",\"isPartOf\":{\"@id\":\"https:\/\/beauxarts-cie.com\/institute\/#website\"},\"datePublished\":\"2024-12-10T15:48:05+00:00\",\"dateModified\":\"2025-01-06T11:15:44+00:00\",\"breadcrumb\":{\"@id\":\"https:\/\/beauxarts-cie.com\/institute\/almine-rech\/#breadcrumb\"},\"inLanguage\":\"fr-FR\",\"potentialAction\":[{\"@type\":\"ReadAction\",\"target\":[\"https:\/\/beauxarts-cie.com\/institute\/almine-rech\/\"]}]},{\"@type\":\"BreadcrumbList\",\"@id\":\"https:\/\/beauxarts-cie.com\/institute\/almine-rech\/#breadcrumb\",\"itemListElement\":[]},{\"@type\":\"WebSite\",\"@id\":\"https:\/\/beauxarts-cie.com\/institute\/#website\",\"url\":\"https:\/\/beauxarts-cie.com\/institute\/\",\"name\":\"Beaux Arts Institute\",\"description\":\"Le partenaire artistique et culturel des entreprises\",\"publisher\":{\"@id\":\"https:\/\/beauxarts-cie.com\/institute\/#organization\"},\"potentialAction\":[{\"@type\":\"SearchAction\",\"target\":{\"@type\":\"EntryPoint\",\"urlTemplate\":\"https:\/\/beauxarts-cie.com\/institute\/?s={search_term_string}\"},\"query-input\":\"required name=search_term_string\"}],\"inLanguage\":\"fr-FR\"},{\"@type\":\"Organization\",\"@id\":\"https:\/\/beauxarts-cie.com\/institute\/#organization\",\"name\":\"Beaux Arts Institute\",\"url\":\"https:\/\/beauxarts-cie.com\/institute\/\",\"logo\":{\"@type\":\"ImageObject\",\"inLanguage\":\"fr-FR\",\"@id\":\"https:\/\/beauxarts-cie.com\/institute\/#\/schema\/logo\/image\/\",\"url\":\"https:\/\/beauxarts-cie.com\/institute\/wp-content\/uploads\/sites\/2\/2024\/05\/Logo-BAI-long.png\",\"contentUrl\":\"https:\/\/beauxarts-cie.com\/institute\/wp-content\/uploads\/sites\/2\/2024\/05\/Logo-BAI-long.png\",\"width\":430,\"height\":43,\"caption\":\"Beaux Arts Institute\"},\"image\":{\"@id\":\"https:\/\/beauxarts-cie.com\/institute\/#\/schema\/logo\/image\/\"},\"sameAs\":[\"https:\/\/www.linkedin.com\/company\/99437599\/admin\/feed\/posts\/\"]}]}<\/script>\n<!-- \/ Yoast SEO plugin. -->","yoast_head_json":{"title":"- Beaux Arts Institute","robots":{"index":"index","follow":"follow","max-snippet":"max-snippet:-1","max-image-preview":"max-image-preview:large","max-video-preview":"max-video-preview:-1"},"canonical":"https:\/\/beauxarts-cie.com\/institute\/almine-rech\/","og_locale":"fr_FR","og_type":"article","og_title":"- Beaux Arts Institute","og_description":"Client : Galerie Almine Rech 2024, Discussion autour de Genesis Tramaine, \u00e0 l&rsquo;occasion de son exposition \u00ab\u00a0SWEET JESUS !\u00a0\u00bb, \u00e0 Almine Rech Paris A l&rsquo;occasion de \u00ab\u00a0SWEET JESUS !\u00a0\u00bb, la cinqui\u00e8me exposition solo de Genesis Tramaine avec Almine Rech, Beaux Arts Institute a accompagn\u00e9 la galerie dans la curation d&rsquo;un talk autour de l&rsquo;artiste et [&hellip;]","og_url":"https:\/\/beauxarts-cie.com\/institute\/almine-rech\/","og_site_name":"Beaux Arts Institute","article_modified_time":"2025-01-06T11:15:44+00:00","og_image":[{"url":"https:\/\/beauxarts-cie.com\/institute\/wp-content\/uploads\/sites\/2\/2024\/12\/Almine2-1024x576.jpg"}],"twitter_card":"summary_large_image","twitter_misc":{"Dur\u00e9e de lecture estim\u00e9e":"1 minute"},"schema":{"@context":"https:\/\/schema.org","@graph":[{"@type":"WebPage","@id":"https:\/\/beauxarts-cie.com\/institute\/almine-rech\/","url":"https:\/\/beauxarts-cie.com\/institute\/almine-rech\/","name":"- Beaux Arts Institute","isPartOf":{"@id":"https:\/\/beauxarts-cie.com\/institute\/#website"},"datePublished":"2024-12-10T15:48:05+00:00","dateModified":"2025-01-06T11:15:44+00:00","breadcrumb":{"@id":"https:\/\/beauxarts-cie.com\/institute\/almine-rech\/#breadcrumb"},"inLanguage":"fr-FR","potentialAction":[{"@type":"ReadAction","target":["https:\/\/beauxarts-cie.com\/institute\/almine-rech\/"]}]},{"@type":"BreadcrumbList","@id":"https:\/\/beauxarts-cie.com\/institute\/almine-rech\/#breadcrumb","itemListElement":[]},{"@type":"WebSite","@id":"https:\/\/beauxarts-cie.com\/institute\/#website","url":"https:\/\/beauxarts-cie.com\/institute\/","name":"Beaux Arts Institute","description":"Le partenaire artistique et culturel des entreprises","publisher":{"@id":"https:\/\/beauxarts-cie.com\/institute\/#organization"},"potentialAction":[{"@type":"SearchAction","target":{"@type":"EntryPoint","urlTemplate":"https:\/\/beauxarts-cie.com\/institute\/?s={search_term_string}"},"query-input":"required name=search_term_string"}],"inLanguage":"fr-FR"},{"@type":"Organization","@id":"https:\/\/beauxarts-cie.com\/institute\/#organization","name":"Beaux Arts Institute","url":"https:\/\/beauxarts-cie.com\/institute\/","logo":{"@type":"ImageObject","inLanguage":"fr-FR","@id":"https:\/\/beauxarts-cie.com\/institute\/#\/schema\/logo\/image\/","url":"https:\/\/beauxarts-cie.com\/institute\/wp-content\/uploads\/sites\/2\/2024\/05\/Logo-BAI-long.png","contentUrl":"https:\/\/beauxarts-cie.com\/institute\/wp-content\/uploads\/sites\/2\/2024\/05\/Logo-BAI-long.png","width":430,"height":43,"caption":"Beaux Arts Institute"},"image":{"@id":"https:\/\/beauxarts-cie.com\/institute\/#\/schema\/logo\/image\/"},"sameAs":["https:\/\/www.linkedin.com\/company\/99437599\/admin\/feed\/posts\/"]}]}},"_links":{"self":[{"href":"https:\/\/beauxarts-cie.com\/institute\/wp-json\/wp\/v2\/pages\/1425"}],"collection":[{"href":"https:\/\/beauxarts-cie.com\/institute\/wp-json\/wp\/v2\/pages"}],"about":[{"href":"https:\/\/beauxarts-cie.com\/institute\/wp-json\/wp\/v2\/types\/page"}],"author":[{"embeddable":true,"href":"https:\/\/beauxarts-cie.com\/institute\/wp-json\/wp\/v2\/users\/6"}],"replies":[{"embeddable":true,"href":"https:\/\/beauxarts-cie.com\/institute\/wp-json\/wp\/v2\/comments?post=1425"}],"version-history":[{"count":8,"href":"https:\/\/beauxarts-cie.com\/institute\/wp-json\/wp\/v2\/pages\/1425\/revisions"}],"predecessor-version":[{"id":1964,"href":"https:\/\/beauxarts-cie.com\/institute\/wp-json\/wp\/v2\/pages\/1425\/revisions\/1964"}],"wp:attachment":[{"href":"https:\/\/beauxarts-cie.com\/institute\/wp-json\/wp\/v2\/media?parent=1425"}],"curies":[{"name":"wp","href":"https:\/\/api.w.org\/{rel}","templated":true}]}}