{"id":1518,"date":"2024-12-13T16:15:01","date_gmt":"2024-12-13T15:15:01","guid":{"rendered":"https:\/\/beauxarts-cie.com\/institute\/?page_id=1518"},"modified":"2025-01-07T15:12:42","modified_gmt":"2025-01-07T14:12:42","slug":"cartier-art-dialogues-louvre","status":"publish","type":"page","link":"https:\/\/beauxarts-cie.com\/institute\/cartier-art-dialogues-louvre\/","title":{"rendered":""},"content":{"rendered":"\n<div class=\"wp-block-columns refId\">\n<div class=\"wp-block-column\">\n<h2 class=\"has-text-align-left\">Client : Cartier<\/h2>\n<\/div>\n\n\n\n<div class=\"wp-block-column\"><\/div>\n<\/div>\n\n\n\n<p><strong><em>2022<\/em>, Conception d&rsquo;une journ\u00e9e de r\u00e9flexion<\/strong><\/p>\n\n\n\n<p>Au printemps 2022, Beaux Arts Institute a coordonn\u00e9 l\u2019organisation d\u2019une journ\u00e9e de r\u00e9flexion et de tables rondes, dans le cadre de l\u2019exposition Cartier et les Arts de l\u2019Islam au Mus\u00e9e du Louvre.<\/p>\n\n\n\n<p>Sur le th\u00e8me \u00ab\u00a0Beyond Boundaries\u00a0\u00bb, trois conversations ont ouvert des perspectives sur la notion de cr\u00e9ativit\u00e9, sous l\u2019angle des artistes (avec Simone Menezes, Liz Diller, Cai Guo-Qiang et Mariane Ibrahim), puis celui des institutions culturelles (avec Sophie Makariou, Tristram Hunt, Souraya Noujaim, Laurent le Bon, Pierre Rainero) afin d\u2019\u00e9tudier les influences interculturelles dans le monde de l\u2019art. La derni\u00e8re conversation invitait au voyage \u00e0 travers les sens, (avec Amira Casar, Mathilde Laurent, Mori Sacko, Fabrice Bousteau et Beatriz Milhazes)<\/p>\n\n\n\n<div style=\"height:18px\" aria-hidden=\"true\" class=\"wp-block-spacer\"><\/div>\n\n\n\n<div class=\"wp-container-1 wp-block-group\"><div class=\"wp-block-group__inner-container\">\n<div class=\"wp-block-columns\">\n<div class=\"wp-block-column\">\n<figure class=\"wp-block-image size-large is-style-default\"><img loading=\"lazy\" width=\"1024\" height=\"575\" src=\"https:\/\/beauxarts-cie.com\/institute\/wp-content\/uploads\/sites\/2\/2024\/12\/Cartier-AD-louvre-1-1024x575.jpg\" alt=\"\" class=\"wp-image-1757\" srcset=\"https:\/\/beauxarts-cie.com\/institute\/wp-content\/uploads\/sites\/2\/2024\/12\/Cartier-AD-louvre-1-1024x575.jpg 1024w, https:\/\/beauxarts-cie.com\/institute\/wp-content\/uploads\/sites\/2\/2024\/12\/Cartier-AD-louvre-1-300x169.jpg 300w, https:\/\/beauxarts-cie.com\/institute\/wp-content\/uploads\/sites\/2\/2024\/12\/Cartier-AD-louvre-1-768x431.jpg 768w, https:\/\/beauxarts-cie.com\/institute\/wp-content\/uploads\/sites\/2\/2024\/12\/Cartier-AD-louvre-1.jpg 1077w\" sizes=\"(max-width: 1024px) 100vw, 1024px\" \/><\/figure>\n<\/div>\n\n\n\n<div class=\"wp-block-column\">\n<figure class=\"wp-block-image size-large is-style-default\"><img loading=\"lazy\" width=\"1024\" height=\"576\" src=\"https:\/\/beauxarts-cie.com\/institute\/wp-content\/uploads\/sites\/2\/2024\/12\/Cartier-AD-louvre-2-1024x576.jpg\" alt=\"\" class=\"wp-image-1758\" srcset=\"https:\/\/beauxarts-cie.com\/institute\/wp-content\/uploads\/sites\/2\/2024\/12\/Cartier-AD-louvre-2-1024x576.jpg 1024w, https:\/\/beauxarts-cie.com\/institute\/wp-content\/uploads\/sites\/2\/2024\/12\/Cartier-AD-louvre-2-300x169.jpg 300w, https:\/\/beauxarts-cie.com\/institute\/wp-content\/uploads\/sites\/2\/2024\/12\/Cartier-AD-louvre-2-768x432.jpg 768w, https:\/\/beauxarts-cie.com\/institute\/wp-content\/uploads\/sites\/2\/2024\/12\/Cartier-AD-louvre-2.jpg 1073w\" sizes=\"(max-width: 1024px) 100vw, 1024px\" \/><\/figure>\n\n\n\n<div style=\"height:18px\" aria-hidden=\"true\" class=\"wp-block-spacer\"><\/div>\n<\/div>\n<\/div>\n<\/div><\/div>\n\n\n\n<figure class=\"wp-block-embed is-type-video is-provider-youtube wp-block-embed-youtube wp-embed-aspect-16-9 wp-has-aspect-ratio\"><div class=\"wp-block-embed__wrapper\">\n<iframe loading=\"lazy\" title=\"Cartier Art Dialogues: Beyond Boundaries, Artist Panel\" width=\"500\" height=\"281\" src=\"https:\/\/www.youtube.com\/embed\/zYVh-JPJDIQ?feature=oembed\" frameborder=\"0\" allow=\"accelerometer; autoplay; clipboard-write; encrypted-media; gyroscope; picture-in-picture; web-share\" referrerpolicy=\"strict-origin-when-cross-origin\" allowfullscreen><\/iframe>\n<\/div><\/figure>\n\n\n\n<figure class=\"wp-block-embed is-type-video is-provider-youtube wp-block-embed-youtube wp-embed-aspect-16-9 wp-has-aspect-ratio\"><div class=\"wp-block-embed__wrapper\">\n<iframe loading=\"lazy\" title=\"Cartier Art Dialogues: Beyond Boundaries, Cultural Institutions Panel\" width=\"500\" height=\"281\" src=\"https:\/\/www.youtube.com\/embed\/-BvyuRt4qoc?feature=oembed\" frameborder=\"0\" allow=\"accelerometer; autoplay; clipboard-write; encrypted-media; gyroscope; picture-in-picture; web-share\" referrerpolicy=\"strict-origin-when-cross-origin\" allowfullscreen><\/iframe>\n<\/div><\/figure>\n\n\n\n<figure class=\"wp-block-embed is-type-video is-provider-youtube wp-block-embed-youtube wp-embed-aspect-16-9 wp-has-aspect-ratio\"><div class=\"wp-block-embed__wrapper\">\n<iframe loading=\"lazy\" title=\"Cartier Art Dialogues: Beyond Boundaries, Creatives Panel\" width=\"500\" height=\"281\" src=\"https:\/\/www.youtube.com\/embed\/MfWXmESWSEw?feature=oembed\" frameborder=\"0\" allow=\"accelerometer; autoplay; clipboard-write; encrypted-media; gyroscope; picture-in-picture; web-share\" referrerpolicy=\"strict-origin-when-cross-origin\" allowfullscreen><\/iframe>\n<\/div><\/figure>\n\n\n\n<hr class=\"wp-block-separator\" \/>\n","protected":false},"excerpt":{"rendered":"<p>Client : Cartier 2022, Conception d&rsquo;une journ\u00e9e de r\u00e9flexion Au printemps 2022, Beaux Arts Institute a coordonn\u00e9 l\u2019organisation d\u2019une journ\u00e9e de r\u00e9flexion et de tables rondes, dans le cadre de l\u2019exposition Cartier et les Arts de l\u2019Islam au Mus\u00e9e du Louvre. Sur le th\u00e8me \u00ab\u00a0Beyond Boundaries\u00a0\u00bb, trois conversations ont ouvert des perspectives sur la notion [&hellip;]<\/p>\n","protected":false},"author":6,"featured_media":0,"parent":0,"menu_order":0,"comment_status":"closed","ping_status":"closed","template":"tpl-page-child-reference.php","meta":[],"yoast_head":"<!-- This site is optimized with the Yoast SEO plugin v19.11 - https:\/\/yoast.com\/wordpress\/plugins\/seo\/ -->\n<title>- Beaux Arts Institute<\/title>\n<meta name=\"robots\" content=\"index, follow, max-snippet:-1, max-image-preview:large, max-video-preview:-1\" \/>\n<link rel=\"canonical\" href=\"https:\/\/beauxarts-cie.com\/institute\/cartier-art-dialogues-louvre\/\" \/>\n<meta property=\"og:locale\" content=\"fr_FR\" \/>\n<meta property=\"og:type\" content=\"article\" \/>\n<meta property=\"og:title\" content=\"- Beaux Arts Institute\" \/>\n<meta property=\"og:description\" content=\"Client : Cartier 2022, Conception d&rsquo;une journ\u00e9e de r\u00e9flexion Au printemps 2022, Beaux Arts Institute a coordonn\u00e9 l\u2019organisation d\u2019une journ\u00e9e de r\u00e9flexion et de tables rondes, dans le cadre de l\u2019exposition Cartier et les Arts de l\u2019Islam au Mus\u00e9e du Louvre. Sur le th\u00e8me \u00ab\u00a0Beyond Boundaries\u00a0\u00bb, trois conversations ont ouvert des perspectives sur la notion [&hellip;]\" \/>\n<meta property=\"og:url\" content=\"https:\/\/beauxarts-cie.com\/institute\/cartier-art-dialogues-louvre\/\" \/>\n<meta property=\"og:site_name\" content=\"Beaux Arts Institute\" \/>\n<meta property=\"article:modified_time\" content=\"2025-01-07T14:12:42+00:00\" \/>\n<meta property=\"og:image\" content=\"https:\/\/beauxarts-cie.com\/institute\/wp-content\/uploads\/sites\/2\/2024\/12\/Cartier-AD-louvre-1-1024x575.jpg\" \/>\n<meta name=\"twitter:card\" content=\"summary_large_image\" \/>\n<meta name=\"twitter:label1\" content=\"Dur\u00e9e de lecture estim\u00e9e\" \/>\n\t<meta name=\"twitter:data1\" content=\"2 minutes\" \/>\n<script type=\"application\/ld+json\" class=\"yoast-schema-graph\">{\"@context\":\"https:\/\/schema.org\",\"@graph\":[{\"@type\":\"WebPage\",\"@id\":\"https:\/\/beauxarts-cie.com\/institute\/cartier-art-dialogues-louvre\/\",\"url\":\"https:\/\/beauxarts-cie.com\/institute\/cartier-art-dialogues-louvre\/\",\"name\":\"- Beaux Arts Institute\",\"isPartOf\":{\"@id\":\"https:\/\/beauxarts-cie.com\/institute\/#website\"},\"datePublished\":\"2024-12-13T15:15:01+00:00\",\"dateModified\":\"2025-01-07T14:12:42+00:00\",\"breadcrumb\":{\"@id\":\"https:\/\/beauxarts-cie.com\/institute\/cartier-art-dialogues-louvre\/#breadcrumb\"},\"inLanguage\":\"fr-FR\",\"potentialAction\":[{\"@type\":\"ReadAction\",\"target\":[\"https:\/\/beauxarts-cie.com\/institute\/cartier-art-dialogues-louvre\/\"]}]},{\"@type\":\"BreadcrumbList\",\"@id\":\"https:\/\/beauxarts-cie.com\/institute\/cartier-art-dialogues-louvre\/#breadcrumb\",\"itemListElement\":[]},{\"@type\":\"WebSite\",\"@id\":\"https:\/\/beauxarts-cie.com\/institute\/#website\",\"url\":\"https:\/\/beauxarts-cie.com\/institute\/\",\"name\":\"Beaux Arts Institute\",\"description\":\"Le partenaire artistique et culturel des entreprises\",\"publisher\":{\"@id\":\"https:\/\/beauxarts-cie.com\/institute\/#organization\"},\"potentialAction\":[{\"@type\":\"SearchAction\",\"target\":{\"@type\":\"EntryPoint\",\"urlTemplate\":\"https:\/\/beauxarts-cie.com\/institute\/?s={search_term_string}\"},\"query-input\":\"required name=search_term_string\"}],\"inLanguage\":\"fr-FR\"},{\"@type\":\"Organization\",\"@id\":\"https:\/\/beauxarts-cie.com\/institute\/#organization\",\"name\":\"Beaux Arts Institute\",\"url\":\"https:\/\/beauxarts-cie.com\/institute\/\",\"logo\":{\"@type\":\"ImageObject\",\"inLanguage\":\"fr-FR\",\"@id\":\"https:\/\/beauxarts-cie.com\/institute\/#\/schema\/logo\/image\/\",\"url\":\"https:\/\/beauxarts-cie.com\/institute\/wp-content\/uploads\/sites\/2\/2024\/05\/Logo-BAI-long.png\",\"contentUrl\":\"https:\/\/beauxarts-cie.com\/institute\/wp-content\/uploads\/sites\/2\/2024\/05\/Logo-BAI-long.png\",\"width\":430,\"height\":43,\"caption\":\"Beaux Arts Institute\"},\"image\":{\"@id\":\"https:\/\/beauxarts-cie.com\/institute\/#\/schema\/logo\/image\/\"},\"sameAs\":[\"https:\/\/www.linkedin.com\/company\/99437599\/admin\/feed\/posts\/\"]}]}<\/script>\n<!-- \/ Yoast SEO plugin. -->","yoast_head_json":{"title":"- Beaux Arts Institute","robots":{"index":"index","follow":"follow","max-snippet":"max-snippet:-1","max-image-preview":"max-image-preview:large","max-video-preview":"max-video-preview:-1"},"canonical":"https:\/\/beauxarts-cie.com\/institute\/cartier-art-dialogues-louvre\/","og_locale":"fr_FR","og_type":"article","og_title":"- Beaux Arts Institute","og_description":"Client : Cartier 2022, Conception d&rsquo;une journ\u00e9e de r\u00e9flexion Au printemps 2022, Beaux Arts Institute a coordonn\u00e9 l\u2019organisation d\u2019une journ\u00e9e de r\u00e9flexion et de tables rondes, dans le cadre de l\u2019exposition Cartier et les Arts de l\u2019Islam au Mus\u00e9e du Louvre. Sur le th\u00e8me \u00ab\u00a0Beyond Boundaries\u00a0\u00bb, trois conversations ont ouvert des perspectives sur la notion [&hellip;]","og_url":"https:\/\/beauxarts-cie.com\/institute\/cartier-art-dialogues-louvre\/","og_site_name":"Beaux Arts Institute","article_modified_time":"2025-01-07T14:12:42+00:00","og_image":[{"url":"https:\/\/beauxarts-cie.com\/institute\/wp-content\/uploads\/sites\/2\/2024\/12\/Cartier-AD-louvre-1-1024x575.jpg"}],"twitter_card":"summary_large_image","twitter_misc":{"Dur\u00e9e de lecture estim\u00e9e":"2 minutes"},"schema":{"@context":"https:\/\/schema.org","@graph":[{"@type":"WebPage","@id":"https:\/\/beauxarts-cie.com\/institute\/cartier-art-dialogues-louvre\/","url":"https:\/\/beauxarts-cie.com\/institute\/cartier-art-dialogues-louvre\/","name":"- Beaux Arts Institute","isPartOf":{"@id":"https:\/\/beauxarts-cie.com\/institute\/#website"},"datePublished":"2024-12-13T15:15:01+00:00","dateModified":"2025-01-07T14:12:42+00:00","breadcrumb":{"@id":"https:\/\/beauxarts-cie.com\/institute\/cartier-art-dialogues-louvre\/#breadcrumb"},"inLanguage":"fr-FR","potentialAction":[{"@type":"ReadAction","target":["https:\/\/beauxarts-cie.com\/institute\/cartier-art-dialogues-louvre\/"]}]},{"@type":"BreadcrumbList","@id":"https:\/\/beauxarts-cie.com\/institute\/cartier-art-dialogues-louvre\/#breadcrumb","itemListElement":[]},{"@type":"WebSite","@id":"https:\/\/beauxarts-cie.com\/institute\/#website","url":"https:\/\/beauxarts-cie.com\/institute\/","name":"Beaux Arts Institute","description":"Le partenaire artistique et culturel des entreprises","publisher":{"@id":"https:\/\/beauxarts-cie.com\/institute\/#organization"},"potentialAction":[{"@type":"SearchAction","target":{"@type":"EntryPoint","urlTemplate":"https:\/\/beauxarts-cie.com\/institute\/?s={search_term_string}"},"query-input":"required name=search_term_string"}],"inLanguage":"fr-FR"},{"@type":"Organization","@id":"https:\/\/beauxarts-cie.com\/institute\/#organization","name":"Beaux Arts Institute","url":"https:\/\/beauxarts-cie.com\/institute\/","logo":{"@type":"ImageObject","inLanguage":"fr-FR","@id":"https:\/\/beauxarts-cie.com\/institute\/#\/schema\/logo\/image\/","url":"https:\/\/beauxarts-cie.com\/institute\/wp-content\/uploads\/sites\/2\/2024\/05\/Logo-BAI-long.png","contentUrl":"https:\/\/beauxarts-cie.com\/institute\/wp-content\/uploads\/sites\/2\/2024\/05\/Logo-BAI-long.png","width":430,"height":43,"caption":"Beaux Arts Institute"},"image":{"@id":"https:\/\/beauxarts-cie.com\/institute\/#\/schema\/logo\/image\/"},"sameAs":["https:\/\/www.linkedin.com\/company\/99437599\/admin\/feed\/posts\/"]}]}},"_links":{"self":[{"href":"https:\/\/beauxarts-cie.com\/institute\/wp-json\/wp\/v2\/pages\/1518"}],"collection":[{"href":"https:\/\/beauxarts-cie.com\/institute\/wp-json\/wp\/v2\/pages"}],"about":[{"href":"https:\/\/beauxarts-cie.com\/institute\/wp-json\/wp\/v2\/types\/page"}],"author":[{"embeddable":true,"href":"https:\/\/beauxarts-cie.com\/institute\/wp-json\/wp\/v2\/users\/6"}],"replies":[{"embeddable":true,"href":"https:\/\/beauxarts-cie.com\/institute\/wp-json\/wp\/v2\/comments?post=1518"}],"version-history":[{"count":9,"href":"https:\/\/beauxarts-cie.com\/institute\/wp-json\/wp\/v2\/pages\/1518\/revisions"}],"predecessor-version":[{"id":2039,"href":"https:\/\/beauxarts-cie.com\/institute\/wp-json\/wp\/v2\/pages\/1518\/revisions\/2039"}],"wp:attachment":[{"href":"https:\/\/beauxarts-cie.com\/institute\/wp-json\/wp\/v2\/media?parent=1518"}],"curies":[{"name":"wp","href":"https:\/\/api.w.org\/{rel}","templated":true}]}}