{"id":1667,"date":"2024-12-19T14:32:25","date_gmt":"2024-12-19T13:32:25","guid":{"rendered":"https:\/\/beauxarts-cie.com\/institute\/?page_id=1667"},"modified":"2025-01-07T15:19:10","modified_gmt":"2025-01-07T14:19:10","slug":"cartier-venise-22","status":"publish","type":"page","link":"https:\/\/beauxarts-cie.com\/institute\/cartier-venise-22\/","title":{"rendered":""},"content":{"rendered":"\n<div class=\"wp-block-columns refId\">\n<div class=\"wp-block-column\">\n<h2 class=\"has-text-align-left\">Client : Cartier<\/h2>\n<\/div>\n\n\n\n<div class=\"wp-block-column\"><\/div>\n<\/div>\n\n\n\n<p><strong><em>2022<\/em>, Masterclasses musique &amp; cin\u00e9ma<\/strong><\/p>\n\n\n\n<p>Depuis 2021, Cartier est partenaire officiel du Festival International de Cin\u00e9ma, la Mostra de Venise. Depuis la 79<sup>e<\/sup> \u00e9dition en 2022, Beaux Arts Institute accompagne les \u00e9quipes de Cartier dans la conception et la production d\u2019une s\u00e9rie de masterclasses qui visent \u00e0 d\u00e9voiler les secrets des m\u00e9tiers moins connus de la cr\u00e9ation cin\u00e9matographique. <\/p>\n\n\n\n<p>En 2022, l\u2019accent a \u00e9t\u00e9 mis sur l\u2019alchimie particuli\u00e8re entre le son et l\u2019image. La premi\u00e8re Masterclass, intitul\u00e9e \u00ab\u00a0Composing to open the imagination\u00a0\u00bb a donn\u00e9 la parole \u00e0 Alexandre Desplat, Solrey et Andrea Morricone, tandis que Rachel Portman et Simone Menezes sont intervenues sur le th\u00e8me \u00ab\u00a0Music as a narrative enhancement\u00a0\u00bb.<\/p>\n\n\n\n<p>Une s\u00e9rie d\u2019interview donnant lieu \u00e0 la cr\u00e9ation d\u2019un reportage a \u00e9galement \u00e9t\u00e9 organis\u00e9, en partenariat avec Mezzo.<\/p>\n\n\n\n<div style=\"height:18px\" aria-hidden=\"true\" class=\"wp-block-spacer\"><\/div>\n\n\n\n<div class=\"wp-container-1 wp-block-group\"><div class=\"wp-block-group__inner-container\">\n<div class=\"wp-block-columns\">\n<div class=\"wp-block-column\">\n<figure class=\"wp-block-image size-full is-style-default\"><img loading=\"lazy\" width=\"805\" height=\"454\" src=\"https:\/\/beauxarts-cie.com\/institute\/wp-content\/uploads\/sites\/2\/2024\/12\/Cartier-venise-22-1.jpg\" alt=\"\" class=\"wp-image-1678\" srcset=\"https:\/\/beauxarts-cie.com\/institute\/wp-content\/uploads\/sites\/2\/2024\/12\/Cartier-venise-22-1.jpg 805w, https:\/\/beauxarts-cie.com\/institute\/wp-content\/uploads\/sites\/2\/2024\/12\/Cartier-venise-22-1-300x169.jpg 300w, https:\/\/beauxarts-cie.com\/institute\/wp-content\/uploads\/sites\/2\/2024\/12\/Cartier-venise-22-1-768x433.jpg 768w\" sizes=\"(max-width: 805px) 100vw, 805px\" \/><\/figure>\n<\/div>\n\n\n\n<div class=\"wp-block-column\">\n<figure class=\"wp-block-image size-large is-style-default\"><img loading=\"lazy\" width=\"1024\" height=\"577\" src=\"https:\/\/beauxarts-cie.com\/institute\/wp-content\/uploads\/sites\/2\/2024\/12\/Cartier-venise-22-2-1024x577.jpg\" alt=\"\" class=\"wp-image-1679\" srcset=\"https:\/\/beauxarts-cie.com\/institute\/wp-content\/uploads\/sites\/2\/2024\/12\/Cartier-venise-22-2-1024x577.jpg 1024w, https:\/\/beauxarts-cie.com\/institute\/wp-content\/uploads\/sites\/2\/2024\/12\/Cartier-venise-22-2-300x169.jpg 300w, https:\/\/beauxarts-cie.com\/institute\/wp-content\/uploads\/sites\/2\/2024\/12\/Cartier-venise-22-2-768x433.jpg 768w, https:\/\/beauxarts-cie.com\/institute\/wp-content\/uploads\/sites\/2\/2024\/12\/Cartier-venise-22-2-1536x865.jpg 1536w, https:\/\/beauxarts-cie.com\/institute\/wp-content\/uploads\/sites\/2\/2024\/12\/Cartier-venise-22-2-2048x1154.jpg 2048w\" sizes=\"(max-width: 1024px) 100vw, 1024px\" \/><\/figure>\n\n\n\n<div style=\"height:18px\" aria-hidden=\"true\" class=\"wp-block-spacer\"><\/div>\n<\/div>\n<\/div>\n<\/div><\/div>\n\n\n\n<hr class=\"wp-block-separator\" \/>\n","protected":false},"excerpt":{"rendered":"<p>Client : Cartier 2022, Masterclasses musique &amp; cin\u00e9ma Depuis 2021, Cartier est partenaire officiel du Festival International de Cin\u00e9ma, la Mostra de Venise. Depuis la 79e \u00e9dition en 2022, Beaux Arts Institute accompagne les \u00e9quipes de Cartier dans la conception et la production d\u2019une s\u00e9rie de masterclasses qui visent \u00e0 d\u00e9voiler les secrets des m\u00e9tiers [&hellip;]<\/p>\n","protected":false},"author":6,"featured_media":0,"parent":0,"menu_order":0,"comment_status":"closed","ping_status":"closed","template":"tpl-page-child-reference.php","meta":[],"yoast_head":"<!-- This site is optimized with the Yoast SEO plugin v19.11 - https:\/\/yoast.com\/wordpress\/plugins\/seo\/ -->\n<title>- Beaux Arts Institute<\/title>\n<meta name=\"robots\" content=\"index, follow, max-snippet:-1, max-image-preview:large, max-video-preview:-1\" \/>\n<link rel=\"canonical\" href=\"https:\/\/beauxarts-cie.com\/institute\/cartier-venise-22\/\" \/>\n<meta property=\"og:locale\" content=\"fr_FR\" \/>\n<meta property=\"og:type\" content=\"article\" \/>\n<meta property=\"og:title\" content=\"- Beaux Arts Institute\" \/>\n<meta property=\"og:description\" content=\"Client : Cartier 2022, Masterclasses musique &amp; cin\u00e9ma Depuis 2021, Cartier est partenaire officiel du Festival International de Cin\u00e9ma, la Mostra de Venise. Depuis la 79e \u00e9dition en 2022, Beaux Arts Institute accompagne les \u00e9quipes de Cartier dans la conception et la production d\u2019une s\u00e9rie de masterclasses qui visent \u00e0 d\u00e9voiler les secrets des m\u00e9tiers [&hellip;]\" \/>\n<meta property=\"og:url\" content=\"https:\/\/beauxarts-cie.com\/institute\/cartier-venise-22\/\" \/>\n<meta property=\"og:site_name\" content=\"Beaux Arts Institute\" \/>\n<meta property=\"article:modified_time\" content=\"2025-01-07T14:19:10+00:00\" \/>\n<meta property=\"og:image\" content=\"https:\/\/beauxarts-cie.com\/institute\/wp-content\/uploads\/sites\/2\/2024\/12\/Cartier-venise-22-1.jpg\" \/>\n<meta name=\"twitter:card\" content=\"summary_large_image\" \/>\n<meta name=\"twitter:label1\" content=\"Dur\u00e9e de lecture estim\u00e9e\" \/>\n\t<meta name=\"twitter:data1\" content=\"2 minutes\" \/>\n<script type=\"application\/ld+json\" class=\"yoast-schema-graph\">{\"@context\":\"https:\/\/schema.org\",\"@graph\":[{\"@type\":\"WebPage\",\"@id\":\"https:\/\/beauxarts-cie.com\/institute\/cartier-venise-22\/\",\"url\":\"https:\/\/beauxarts-cie.com\/institute\/cartier-venise-22\/\",\"name\":\"- Beaux Arts Institute\",\"isPartOf\":{\"@id\":\"https:\/\/beauxarts-cie.com\/institute\/#website\"},\"datePublished\":\"2024-12-19T13:32:25+00:00\",\"dateModified\":\"2025-01-07T14:19:10+00:00\",\"breadcrumb\":{\"@id\":\"https:\/\/beauxarts-cie.com\/institute\/cartier-venise-22\/#breadcrumb\"},\"inLanguage\":\"fr-FR\",\"potentialAction\":[{\"@type\":\"ReadAction\",\"target\":[\"https:\/\/beauxarts-cie.com\/institute\/cartier-venise-22\/\"]}]},{\"@type\":\"BreadcrumbList\",\"@id\":\"https:\/\/beauxarts-cie.com\/institute\/cartier-venise-22\/#breadcrumb\",\"itemListElement\":[]},{\"@type\":\"WebSite\",\"@id\":\"https:\/\/beauxarts-cie.com\/institute\/#website\",\"url\":\"https:\/\/beauxarts-cie.com\/institute\/\",\"name\":\"Beaux Arts Institute\",\"description\":\"Le partenaire artistique et culturel des entreprises\",\"publisher\":{\"@id\":\"https:\/\/beauxarts-cie.com\/institute\/#organization\"},\"potentialAction\":[{\"@type\":\"SearchAction\",\"target\":{\"@type\":\"EntryPoint\",\"urlTemplate\":\"https:\/\/beauxarts-cie.com\/institute\/?s={search_term_string}\"},\"query-input\":\"required name=search_term_string\"}],\"inLanguage\":\"fr-FR\"},{\"@type\":\"Organization\",\"@id\":\"https:\/\/beauxarts-cie.com\/institute\/#organization\",\"name\":\"Beaux Arts Institute\",\"url\":\"https:\/\/beauxarts-cie.com\/institute\/\",\"logo\":{\"@type\":\"ImageObject\",\"inLanguage\":\"fr-FR\",\"@id\":\"https:\/\/beauxarts-cie.com\/institute\/#\/schema\/logo\/image\/\",\"url\":\"https:\/\/beauxarts-cie.com\/institute\/wp-content\/uploads\/sites\/2\/2024\/05\/Logo-BAI-long.png\",\"contentUrl\":\"https:\/\/beauxarts-cie.com\/institute\/wp-content\/uploads\/sites\/2\/2024\/05\/Logo-BAI-long.png\",\"width\":430,\"height\":43,\"caption\":\"Beaux Arts Institute\"},\"image\":{\"@id\":\"https:\/\/beauxarts-cie.com\/institute\/#\/schema\/logo\/image\/\"},\"sameAs\":[\"https:\/\/www.linkedin.com\/company\/99437599\/admin\/feed\/posts\/\"]}]}<\/script>\n<!-- \/ Yoast SEO plugin. -->","yoast_head_json":{"title":"- Beaux Arts Institute","robots":{"index":"index","follow":"follow","max-snippet":"max-snippet:-1","max-image-preview":"max-image-preview:large","max-video-preview":"max-video-preview:-1"},"canonical":"https:\/\/beauxarts-cie.com\/institute\/cartier-venise-22\/","og_locale":"fr_FR","og_type":"article","og_title":"- Beaux Arts Institute","og_description":"Client : Cartier 2022, Masterclasses musique &amp; cin\u00e9ma Depuis 2021, Cartier est partenaire officiel du Festival International de Cin\u00e9ma, la Mostra de Venise. Depuis la 79e \u00e9dition en 2022, Beaux Arts Institute accompagne les \u00e9quipes de Cartier dans la conception et la production d\u2019une s\u00e9rie de masterclasses qui visent \u00e0 d\u00e9voiler les secrets des m\u00e9tiers [&hellip;]","og_url":"https:\/\/beauxarts-cie.com\/institute\/cartier-venise-22\/","og_site_name":"Beaux Arts Institute","article_modified_time":"2025-01-07T14:19:10+00:00","og_image":[{"url":"https:\/\/beauxarts-cie.com\/institute\/wp-content\/uploads\/sites\/2\/2024\/12\/Cartier-venise-22-1.jpg"}],"twitter_card":"summary_large_image","twitter_misc":{"Dur\u00e9e de lecture estim\u00e9e":"2 minutes"},"schema":{"@context":"https:\/\/schema.org","@graph":[{"@type":"WebPage","@id":"https:\/\/beauxarts-cie.com\/institute\/cartier-venise-22\/","url":"https:\/\/beauxarts-cie.com\/institute\/cartier-venise-22\/","name":"- Beaux Arts Institute","isPartOf":{"@id":"https:\/\/beauxarts-cie.com\/institute\/#website"},"datePublished":"2024-12-19T13:32:25+00:00","dateModified":"2025-01-07T14:19:10+00:00","breadcrumb":{"@id":"https:\/\/beauxarts-cie.com\/institute\/cartier-venise-22\/#breadcrumb"},"inLanguage":"fr-FR","potentialAction":[{"@type":"ReadAction","target":["https:\/\/beauxarts-cie.com\/institute\/cartier-venise-22\/"]}]},{"@type":"BreadcrumbList","@id":"https:\/\/beauxarts-cie.com\/institute\/cartier-venise-22\/#breadcrumb","itemListElement":[]},{"@type":"WebSite","@id":"https:\/\/beauxarts-cie.com\/institute\/#website","url":"https:\/\/beauxarts-cie.com\/institute\/","name":"Beaux Arts Institute","description":"Le partenaire artistique et culturel des entreprises","publisher":{"@id":"https:\/\/beauxarts-cie.com\/institute\/#organization"},"potentialAction":[{"@type":"SearchAction","target":{"@type":"EntryPoint","urlTemplate":"https:\/\/beauxarts-cie.com\/institute\/?s={search_term_string}"},"query-input":"required name=search_term_string"}],"inLanguage":"fr-FR"},{"@type":"Organization","@id":"https:\/\/beauxarts-cie.com\/institute\/#organization","name":"Beaux Arts Institute","url":"https:\/\/beauxarts-cie.com\/institute\/","logo":{"@type":"ImageObject","inLanguage":"fr-FR","@id":"https:\/\/beauxarts-cie.com\/institute\/#\/schema\/logo\/image\/","url":"https:\/\/beauxarts-cie.com\/institute\/wp-content\/uploads\/sites\/2\/2024\/05\/Logo-BAI-long.png","contentUrl":"https:\/\/beauxarts-cie.com\/institute\/wp-content\/uploads\/sites\/2\/2024\/05\/Logo-BAI-long.png","width":430,"height":43,"caption":"Beaux Arts Institute"},"image":{"@id":"https:\/\/beauxarts-cie.com\/institute\/#\/schema\/logo\/image\/"},"sameAs":["https:\/\/www.linkedin.com\/company\/99437599\/admin\/feed\/posts\/"]}]}},"_links":{"self":[{"href":"https:\/\/beauxarts-cie.com\/institute\/wp-json\/wp\/v2\/pages\/1667"}],"collection":[{"href":"https:\/\/beauxarts-cie.com\/institute\/wp-json\/wp\/v2\/pages"}],"about":[{"href":"https:\/\/beauxarts-cie.com\/institute\/wp-json\/wp\/v2\/types\/page"}],"author":[{"embeddable":true,"href":"https:\/\/beauxarts-cie.com\/institute\/wp-json\/wp\/v2\/users\/6"}],"replies":[{"embeddable":true,"href":"https:\/\/beauxarts-cie.com\/institute\/wp-json\/wp\/v2\/comments?post=1667"}],"version-history":[{"count":6,"href":"https:\/\/beauxarts-cie.com\/institute\/wp-json\/wp\/v2\/pages\/1667\/revisions"}],"predecessor-version":[{"id":2044,"href":"https:\/\/beauxarts-cie.com\/institute\/wp-json\/wp\/v2\/pages\/1667\/revisions\/2044"}],"wp:attachment":[{"href":"https:\/\/beauxarts-cie.com\/institute\/wp-json\/wp\/v2\/media?parent=1667"}],"curies":[{"name":"wp","href":"https:\/\/api.w.org\/{rel}","templated":true}]}}