{"id":1707,"date":"2024-12-19T16:35:08","date_gmt":"2024-12-19T15:35:08","guid":{"rendered":"https:\/\/beauxarts-cie.com\/institute\/?page_id=1707"},"modified":"2025-01-06T12:19:41","modified_gmt":"2025-01-06T11:19:41","slug":"loreal-2022","status":"publish","type":"page","link":"https:\/\/beauxarts-cie.com\/institute\/loreal-2022\/","title":{"rendered":""},"content":{"rendered":"\n<div class=\"wp-block-columns refId\">\n<div class=\"wp-block-column\">\n<h2 class=\"has-text-align-left\">Client : L&rsquo;or\u00e9al<\/h2>\n<\/div>\n\n\n\n<div class=\"wp-block-column\"><\/div>\n<\/div>\n\n\n\n<p><strong><em>2022<\/em>, Deux s\u00e9minaires d&rsquo;inspiration et de r\u00e9flexion pour le groupe L&rsquo;Or\u00e9al, en France et aux Etats-Unis<\/strong><\/p>\n\n\n\n<p>En 2022, Beaux Arts Institute a cr\u00e9\u00e9 pour L&rsquo;Or\u00e9al le S\u00e9minaire des Capucins, un s\u00e9minaire inspirant pour les cadres dirigeants haut potentiel de L&rsquo;Or\u00e9al, pens\u00e9 pour ouvrir des perspectives de r\u00e9flexion et confronter ses participants \u00e0 la complexit\u00e9. Ce fut l&rsquo;\u00e9dition pilote de ce s\u00e9minaire, \u00e0 Chaumont-sur-Loire, co-cr\u00e9\u00e9 avec les \u00e9quipes de L&rsquo;Or\u00e9al.<\/p>\n\n\n\n<div style=\"height:18px\" aria-hidden=\"true\" class=\"wp-block-spacer\"><\/div>\n\n\n\n<div class=\"wp-container-1 wp-block-group\"><div class=\"wp-block-group__inner-container\">\n<div class=\"wp-block-columns\">\n<div class=\"wp-block-column\">\n<figure class=\"wp-block-image size-large is-style-default\"><img loading=\"lazy\" width=\"1024\" height=\"577\" src=\"https:\/\/beauxarts-cie.com\/institute\/wp-content\/uploads\/sites\/2\/2024\/12\/LOreal-22-1-1024x577.jpg\" alt=\"\" class=\"wp-image-1717\" srcset=\"https:\/\/beauxarts-cie.com\/institute\/wp-content\/uploads\/sites\/2\/2024\/12\/LOreal-22-1-1024x577.jpg 1024w, https:\/\/beauxarts-cie.com\/institute\/wp-content\/uploads\/sites\/2\/2024\/12\/LOreal-22-1-300x169.jpg 300w, https:\/\/beauxarts-cie.com\/institute\/wp-content\/uploads\/sites\/2\/2024\/12\/LOreal-22-1-768x433.jpg 768w, https:\/\/beauxarts-cie.com\/institute\/wp-content\/uploads\/sites\/2\/2024\/12\/LOreal-22-1.jpg 1073w\" sizes=\"(max-width: 1024px) 100vw, 1024px\" \/><\/figure>\n<\/div>\n\n\n\n<div class=\"wp-block-column\">\n<figure class=\"wp-block-image size-large is-style-default\"><img loading=\"lazy\" width=\"1024\" height=\"577\" src=\"https:\/\/beauxarts-cie.com\/institute\/wp-content\/uploads\/sites\/2\/2024\/12\/LOreal-22-2-1024x577.jpg\" alt=\"\" class=\"wp-image-1718\" srcset=\"https:\/\/beauxarts-cie.com\/institute\/wp-content\/uploads\/sites\/2\/2024\/12\/LOreal-22-2-1024x577.jpg 1024w, https:\/\/beauxarts-cie.com\/institute\/wp-content\/uploads\/sites\/2\/2024\/12\/LOreal-22-2-300x169.jpg 300w, https:\/\/beauxarts-cie.com\/institute\/wp-content\/uploads\/sites\/2\/2024\/12\/LOreal-22-2-768x433.jpg 768w, https:\/\/beauxarts-cie.com\/institute\/wp-content\/uploads\/sites\/2\/2024\/12\/LOreal-22-2-1536x865.jpg 1536w, https:\/\/beauxarts-cie.com\/institute\/wp-content\/uploads\/sites\/2\/2024\/12\/LOreal-22-2-2048x1154.jpg 2048w\" sizes=\"(max-width: 1024px) 100vw, 1024px\" \/><\/figure>\n\n\n\n<div style=\"height:18px\" aria-hidden=\"true\" class=\"wp-block-spacer\"><\/div>\n<\/div>\n<\/div>\n<\/div><\/div>\n\n\n\n<p class=\"has-small-font-size\">Ces s\u00e9minaires rassemblent pour chaque \u00e9dition une quarantaine de participants issus de toutes les branches de L&rsquo;Or\u00e9al, sur une dur\u00e9e allant de trois \u00e0 cinq jours, dans un cadre exceptionnel. <\/p>\n\n\n\n<p class=\"has-small-font-size\">Beaux Arts Institute a cr\u00e9\u00e9 une exp\u00e9rience collective, un programme adapt\u00e9 \u00e0 chaque r\u00e9gion (France, US et Asie), qui alterne : <\/p>\n\n\n\n<p class=\"has-small-font-size\">\u2b95 des \u00e9changes avec des artistes, penseurs et scientifiques d&rsquo;excellence<\/p>\n\n\n\n<p class=\"has-small-font-size\">\u2b95 des moments de beaut\u00e9 (visite de sites culturels, de jardins, d\u00e9couverte d&rsquo;\u0153uvres, concerts, &#8230;)<\/p>\n\n\n\n<p class=\"has-small-font-size\">\u2b95 des exp\u00e9riences physiques et immersives<\/p>\n\n\n\n<p class=\"has-small-font-size\">\u2b95 des temps de respiration (m\u00e9diation, marche, atelier de po\u00e9sie, &#8230;)<\/p>\n\n\n\n<p class=\"has-small-font-size\">En effet, nous sommes convaincus qu\u2019\u00eatre en contact avec des artistes et des penseurs qui partagent leur travail et leur d\u00e9marche est le moyen le plus efficace pour d\u00e9velopper sa propre cr\u00e9ativit\u00e9 et sa capacit\u00e9 \u00e0 innover, improviser, surprendre, bousculer les codes, se d\u00e9marquer, \u00e9voluer, grandir.<\/p>\n\n\n\n<p class=\"has-small-font-size\"><strong>Nous voyons les artistes comme des capteurs, des percepteurs des changements et des transformations profondes du monde<\/strong>, dont les \u0153uvres sont les signaux. A leur contact, <strong>les participants apprennent \u00e0 d\u00e9coder ces signaux, et \u00e0 percevoir les changements \u00e0 venir.<\/strong><\/p>\n\n\n\n<div style=\"height:18px\" aria-hidden=\"true\" class=\"wp-block-spacer\"><\/div>\n\n\n\n<div class=\"wp-block-image is-style-default\"><figure class=\"aligncenter size-large\"><img loading=\"lazy\" width=\"1024\" height=\"307\" src=\"https:\/\/beauxarts-cie.com\/institute\/wp-content\/uploads\/sites\/2\/2024\/12\/LOreal-22-3-1024x307.jpg\" alt=\"\" class=\"wp-image-1719\" srcset=\"https:\/\/beauxarts-cie.com\/institute\/wp-content\/uploads\/sites\/2\/2024\/12\/LOreal-22-3-1024x307.jpg 1024w, https:\/\/beauxarts-cie.com\/institute\/wp-content\/uploads\/sites\/2\/2024\/12\/LOreal-22-3-300x90.jpg 300w, https:\/\/beauxarts-cie.com\/institute\/wp-content\/uploads\/sites\/2\/2024\/12\/LOreal-22-3-768x230.jpg 768w, https:\/\/beauxarts-cie.com\/institute\/wp-content\/uploads\/sites\/2\/2024\/12\/LOreal-22-3-1536x461.jpg 1536w, https:\/\/beauxarts-cie.com\/institute\/wp-content\/uploads\/sites\/2\/2024\/12\/LOreal-22-3-2048x614.jpg 2048w\" sizes=\"(max-width: 1024px) 100vw, 1024px\" \/><\/figure><\/div>\n\n\n\n<div class=\"wp-block-image is-style-default\"><figure class=\"aligncenter size-large\"><img loading=\"lazy\" width=\"1024\" height=\"308\" src=\"https:\/\/beauxarts-cie.com\/institute\/wp-content\/uploads\/sites\/2\/2024\/12\/LOreal-22-4-1024x308.jpg\" alt=\"\" class=\"wp-image-1720\" srcset=\"https:\/\/beauxarts-cie.com\/institute\/wp-content\/uploads\/sites\/2\/2024\/12\/LOreal-22-4-1024x308.jpg 1024w, https:\/\/beauxarts-cie.com\/institute\/wp-content\/uploads\/sites\/2\/2024\/12\/LOreal-22-4-300x90.jpg 300w, https:\/\/beauxarts-cie.com\/institute\/wp-content\/uploads\/sites\/2\/2024\/12\/LOreal-22-4-768x231.jpg 768w, https:\/\/beauxarts-cie.com\/institute\/wp-content\/uploads\/sites\/2\/2024\/12\/LOreal-22-4-1536x462.jpg 1536w, https:\/\/beauxarts-cie.com\/institute\/wp-content\/uploads\/sites\/2\/2024\/12\/LOreal-22-4-2048x616.jpg 2048w\" sizes=\"(max-width: 1024px) 100vw, 1024px\" \/><\/figure><\/div>\n\n\n\n<hr class=\"wp-block-separator\" \/>\n","protected":false},"excerpt":{"rendered":"<p>Client : L&rsquo;or\u00e9al 2022, Deux s\u00e9minaires d&rsquo;inspiration et de r\u00e9flexion pour le groupe L&rsquo;Or\u00e9al, en France et aux Etats-Unis En 2022, Beaux Arts Institute a cr\u00e9\u00e9 pour L&rsquo;Or\u00e9al le S\u00e9minaire des Capucins, un s\u00e9minaire inspirant pour les cadres dirigeants haut potentiel de L&rsquo;Or\u00e9al, pens\u00e9 pour ouvrir des perspectives de r\u00e9flexion et confronter ses participants \u00e0 [&hellip;]<\/p>\n","protected":false},"author":6,"featured_media":0,"parent":0,"menu_order":0,"comment_status":"closed","ping_status":"closed","template":"tpl-page-child-reference.php","meta":[],"yoast_head":"<!-- This site is optimized with the Yoast SEO plugin v19.11 - https:\/\/yoast.com\/wordpress\/plugins\/seo\/ -->\n<title>- Beaux Arts Institute<\/title>\n<meta name=\"robots\" content=\"index, follow, max-snippet:-1, max-image-preview:large, max-video-preview:-1\" \/>\n<link rel=\"canonical\" href=\"https:\/\/beauxarts-cie.com\/institute\/loreal-2022\/\" \/>\n<meta property=\"og:locale\" content=\"fr_FR\" \/>\n<meta property=\"og:type\" content=\"article\" \/>\n<meta property=\"og:title\" content=\"- Beaux Arts Institute\" \/>\n<meta property=\"og:description\" content=\"Client : L&rsquo;or\u00e9al 2022, Deux s\u00e9minaires d&rsquo;inspiration et de r\u00e9flexion pour le groupe L&rsquo;Or\u00e9al, en France et aux Etats-Unis En 2022, Beaux Arts Institute a cr\u00e9\u00e9 pour L&rsquo;Or\u00e9al le S\u00e9minaire des Capucins, un s\u00e9minaire inspirant pour les cadres dirigeants haut potentiel de L&rsquo;Or\u00e9al, pens\u00e9 pour ouvrir des perspectives de r\u00e9flexion et confronter ses participants \u00e0 [&hellip;]\" \/>\n<meta property=\"og:url\" content=\"https:\/\/beauxarts-cie.com\/institute\/loreal-2022\/\" \/>\n<meta property=\"og:site_name\" content=\"Beaux Arts Institute\" \/>\n<meta property=\"article:modified_time\" content=\"2025-01-06T11:19:41+00:00\" \/>\n<meta property=\"og:image\" content=\"https:\/\/beauxarts-cie.com\/institute\/wp-content\/uploads\/sites\/2\/2024\/12\/LOreal-22-1-1024x577.jpg\" \/>\n<meta name=\"twitter:card\" content=\"summary_large_image\" \/>\n<meta name=\"twitter:label1\" content=\"Dur\u00e9e de lecture estim\u00e9e\" \/>\n\t<meta name=\"twitter:data1\" content=\"3 minutes\" \/>\n<script type=\"application\/ld+json\" class=\"yoast-schema-graph\">{\"@context\":\"https:\/\/schema.org\",\"@graph\":[{\"@type\":\"WebPage\",\"@id\":\"https:\/\/beauxarts-cie.com\/institute\/loreal-2022\/\",\"url\":\"https:\/\/beauxarts-cie.com\/institute\/loreal-2022\/\",\"name\":\"- Beaux Arts Institute\",\"isPartOf\":{\"@id\":\"https:\/\/beauxarts-cie.com\/institute\/#website\"},\"datePublished\":\"2024-12-19T15:35:08+00:00\",\"dateModified\":\"2025-01-06T11:19:41+00:00\",\"breadcrumb\":{\"@id\":\"https:\/\/beauxarts-cie.com\/institute\/loreal-2022\/#breadcrumb\"},\"inLanguage\":\"fr-FR\",\"potentialAction\":[{\"@type\":\"ReadAction\",\"target\":[\"https:\/\/beauxarts-cie.com\/institute\/loreal-2022\/\"]}]},{\"@type\":\"BreadcrumbList\",\"@id\":\"https:\/\/beauxarts-cie.com\/institute\/loreal-2022\/#breadcrumb\",\"itemListElement\":[]},{\"@type\":\"WebSite\",\"@id\":\"https:\/\/beauxarts-cie.com\/institute\/#website\",\"url\":\"https:\/\/beauxarts-cie.com\/institute\/\",\"name\":\"Beaux Arts Institute\",\"description\":\"Le partenaire artistique et culturel des entreprises\",\"publisher\":{\"@id\":\"https:\/\/beauxarts-cie.com\/institute\/#organization\"},\"potentialAction\":[{\"@type\":\"SearchAction\",\"target\":{\"@type\":\"EntryPoint\",\"urlTemplate\":\"https:\/\/beauxarts-cie.com\/institute\/?s={search_term_string}\"},\"query-input\":\"required name=search_term_string\"}],\"inLanguage\":\"fr-FR\"},{\"@type\":\"Organization\",\"@id\":\"https:\/\/beauxarts-cie.com\/institute\/#organization\",\"name\":\"Beaux Arts Institute\",\"url\":\"https:\/\/beauxarts-cie.com\/institute\/\",\"logo\":{\"@type\":\"ImageObject\",\"inLanguage\":\"fr-FR\",\"@id\":\"https:\/\/beauxarts-cie.com\/institute\/#\/schema\/logo\/image\/\",\"url\":\"https:\/\/beauxarts-cie.com\/institute\/wp-content\/uploads\/sites\/2\/2024\/05\/Logo-BAI-long.png\",\"contentUrl\":\"https:\/\/beauxarts-cie.com\/institute\/wp-content\/uploads\/sites\/2\/2024\/05\/Logo-BAI-long.png\",\"width\":430,\"height\":43,\"caption\":\"Beaux Arts Institute\"},\"image\":{\"@id\":\"https:\/\/beauxarts-cie.com\/institute\/#\/schema\/logo\/image\/\"},\"sameAs\":[\"https:\/\/www.linkedin.com\/company\/99437599\/admin\/feed\/posts\/\"]}]}<\/script>\n<!-- \/ Yoast SEO plugin. -->","yoast_head_json":{"title":"- Beaux Arts Institute","robots":{"index":"index","follow":"follow","max-snippet":"max-snippet:-1","max-image-preview":"max-image-preview:large","max-video-preview":"max-video-preview:-1"},"canonical":"https:\/\/beauxarts-cie.com\/institute\/loreal-2022\/","og_locale":"fr_FR","og_type":"article","og_title":"- Beaux Arts Institute","og_description":"Client : L&rsquo;or\u00e9al 2022, Deux s\u00e9minaires d&rsquo;inspiration et de r\u00e9flexion pour le groupe L&rsquo;Or\u00e9al, en France et aux Etats-Unis En 2022, Beaux Arts Institute a cr\u00e9\u00e9 pour L&rsquo;Or\u00e9al le S\u00e9minaire des Capucins, un s\u00e9minaire inspirant pour les cadres dirigeants haut potentiel de L&rsquo;Or\u00e9al, pens\u00e9 pour ouvrir des perspectives de r\u00e9flexion et confronter ses participants \u00e0 [&hellip;]","og_url":"https:\/\/beauxarts-cie.com\/institute\/loreal-2022\/","og_site_name":"Beaux Arts Institute","article_modified_time":"2025-01-06T11:19:41+00:00","og_image":[{"url":"https:\/\/beauxarts-cie.com\/institute\/wp-content\/uploads\/sites\/2\/2024\/12\/LOreal-22-1-1024x577.jpg"}],"twitter_card":"summary_large_image","twitter_misc":{"Dur\u00e9e de lecture estim\u00e9e":"3 minutes"},"schema":{"@context":"https:\/\/schema.org","@graph":[{"@type":"WebPage","@id":"https:\/\/beauxarts-cie.com\/institute\/loreal-2022\/","url":"https:\/\/beauxarts-cie.com\/institute\/loreal-2022\/","name":"- Beaux Arts Institute","isPartOf":{"@id":"https:\/\/beauxarts-cie.com\/institute\/#website"},"datePublished":"2024-12-19T15:35:08+00:00","dateModified":"2025-01-06T11:19:41+00:00","breadcrumb":{"@id":"https:\/\/beauxarts-cie.com\/institute\/loreal-2022\/#breadcrumb"},"inLanguage":"fr-FR","potentialAction":[{"@type":"ReadAction","target":["https:\/\/beauxarts-cie.com\/institute\/loreal-2022\/"]}]},{"@type":"BreadcrumbList","@id":"https:\/\/beauxarts-cie.com\/institute\/loreal-2022\/#breadcrumb","itemListElement":[]},{"@type":"WebSite","@id":"https:\/\/beauxarts-cie.com\/institute\/#website","url":"https:\/\/beauxarts-cie.com\/institute\/","name":"Beaux Arts Institute","description":"Le partenaire artistique et culturel des entreprises","publisher":{"@id":"https:\/\/beauxarts-cie.com\/institute\/#organization"},"potentialAction":[{"@type":"SearchAction","target":{"@type":"EntryPoint","urlTemplate":"https:\/\/beauxarts-cie.com\/institute\/?s={search_term_string}"},"query-input":"required name=search_term_string"}],"inLanguage":"fr-FR"},{"@type":"Organization","@id":"https:\/\/beauxarts-cie.com\/institute\/#organization","name":"Beaux Arts Institute","url":"https:\/\/beauxarts-cie.com\/institute\/","logo":{"@type":"ImageObject","inLanguage":"fr-FR","@id":"https:\/\/beauxarts-cie.com\/institute\/#\/schema\/logo\/image\/","url":"https:\/\/beauxarts-cie.com\/institute\/wp-content\/uploads\/sites\/2\/2024\/05\/Logo-BAI-long.png","contentUrl":"https:\/\/beauxarts-cie.com\/institute\/wp-content\/uploads\/sites\/2\/2024\/05\/Logo-BAI-long.png","width":430,"height":43,"caption":"Beaux Arts Institute"},"image":{"@id":"https:\/\/beauxarts-cie.com\/institute\/#\/schema\/logo\/image\/"},"sameAs":["https:\/\/www.linkedin.com\/company\/99437599\/admin\/feed\/posts\/"]}]}},"_links":{"self":[{"href":"https:\/\/beauxarts-cie.com\/institute\/wp-json\/wp\/v2\/pages\/1707"}],"collection":[{"href":"https:\/\/beauxarts-cie.com\/institute\/wp-json\/wp\/v2\/pages"}],"about":[{"href":"https:\/\/beauxarts-cie.com\/institute\/wp-json\/wp\/v2\/types\/page"}],"author":[{"embeddable":true,"href":"https:\/\/beauxarts-cie.com\/institute\/wp-json\/wp\/v2\/users\/6"}],"replies":[{"embeddable":true,"href":"https:\/\/beauxarts-cie.com\/institute\/wp-json\/wp\/v2\/comments?post=1707"}],"version-history":[{"count":5,"href":"https:\/\/beauxarts-cie.com\/institute\/wp-json\/wp\/v2\/pages\/1707\/revisions"}],"predecessor-version":[{"id":1988,"href":"https:\/\/beauxarts-cie.com\/institute\/wp-json\/wp\/v2\/pages\/1707\/revisions\/1988"}],"wp:attachment":[{"href":"https:\/\/beauxarts-cie.com\/institute\/wp-json\/wp\/v2\/media?parent=1707"}],"curies":[{"name":"wp","href":"https:\/\/api.w.org\/{rel}","templated":true}]}}