{"id":1883,"date":"2025-01-03T11:37:23","date_gmt":"2025-01-03T10:37:23","guid":{"rendered":"https:\/\/beauxarts-cie.com\/institute\/?page_id=1883"},"modified":"2025-01-06T12:19:56","modified_gmt":"2025-01-06T11:19:56","slug":"loreal-2023-en","status":"publish","type":"page","link":"https:\/\/beauxarts-cie.com\/institute\/en\/loreal-2023-en\/","title":{"rendered":""},"content":{"rendered":"\n<div class=\"wp-block-columns refId\">\n<div class=\"wp-block-column\">\n<h2 class=\"has-text-align-left\">Client : L&rsquo;or\u00e9al<\/h2>\n<\/div>\n\n\n\n<div class=\"wp-block-column\"><\/div>\n<\/div>\n\n\n\n<p><strong><em>2023<\/em>, Two inspiration and reflection seminars for L&rsquo;Or\u00e9al, in France and the United States<\/strong><\/p>\n\n\n\n<p>In 2022, Beaux Arts Institute created the S\u00e9minaire des Capucins for L&rsquo;Or\u00e9al, an inspiring seminar for high-potential L&rsquo;Or\u00e9al executives, designed to open up perspectives for reflection and confront its participants with complexity. In 2023, two editions of Les Capucins took place: in France at Chaumont-sur-Loire on the site of the first edition in 2022, and the pilot edition of Les Capucins Am\u00e9rique in New York.<\/p>\n\n\n\n<div style=\"height:18px\" aria-hidden=\"true\" class=\"wp-block-spacer\"><\/div>\n\n\n\n<div class=\"wp-container-1 wp-block-group\"><div class=\"wp-block-group__inner-container\">\n<div class=\"wp-block-columns\">\n<div class=\"wp-block-column\">\n<figure class=\"wp-block-image size-large is-style-default\"><img loading=\"lazy\" width=\"1024\" height=\"577\" src=\"https:\/\/beauxarts-cie.com\/institute\/wp-content\/uploads\/sites\/2\/2024\/12\/LOreal-23-1-1024x577.jpg\" alt=\"\" class=\"wp-image-1624\" srcset=\"https:\/\/beauxarts-cie.com\/institute\/wp-content\/uploads\/sites\/2\/2024\/12\/LOreal-23-1-1024x577.jpg 1024w, https:\/\/beauxarts-cie.com\/institute\/wp-content\/uploads\/sites\/2\/2024\/12\/LOreal-23-1-300x169.jpg 300w, https:\/\/beauxarts-cie.com\/institute\/wp-content\/uploads\/sites\/2\/2024\/12\/LOreal-23-1-768x433.jpg 768w, https:\/\/beauxarts-cie.com\/institute\/wp-content\/uploads\/sites\/2\/2024\/12\/LOreal-23-1-1536x865.jpg 1536w, https:\/\/beauxarts-cie.com\/institute\/wp-content\/uploads\/sites\/2\/2024\/12\/LOreal-23-1-2048x1154.jpg 2048w\" sizes=\"(max-width: 1024px) 100vw, 1024px\" \/><\/figure>\n<\/div>\n\n\n\n<div class=\"wp-block-column\">\n<figure class=\"wp-block-image size-large is-style-default\"><img loading=\"lazy\" width=\"1024\" height=\"577\" src=\"https:\/\/beauxarts-cie.com\/institute\/wp-content\/uploads\/sites\/2\/2024\/12\/LOreal-23-2-1024x577.jpg\" alt=\"\" class=\"wp-image-1625\" srcset=\"https:\/\/beauxarts-cie.com\/institute\/wp-content\/uploads\/sites\/2\/2024\/12\/LOreal-23-2-1024x577.jpg 1024w, https:\/\/beauxarts-cie.com\/institute\/wp-content\/uploads\/sites\/2\/2024\/12\/LOreal-23-2-300x169.jpg 300w, https:\/\/beauxarts-cie.com\/institute\/wp-content\/uploads\/sites\/2\/2024\/12\/LOreal-23-2-768x433.jpg 768w, https:\/\/beauxarts-cie.com\/institute\/wp-content\/uploads\/sites\/2\/2024\/12\/LOreal-23-2-1536x865.jpg 1536w, https:\/\/beauxarts-cie.com\/institute\/wp-content\/uploads\/sites\/2\/2024\/12\/LOreal-23-2-2048x1154.jpg 2048w\" sizes=\"(max-width: 1024px) 100vw, 1024px\" \/><\/figure>\n\n\n\n<div style=\"height:18px\" aria-hidden=\"true\" class=\"wp-block-spacer\"><\/div>\n<\/div>\n<\/div>\n<\/div><\/div>\n\n\n\n<p class=\"has-small-font-size\">Each seminar brings together around forty participants from all L&rsquo;Or\u00e9al divisions, over a period of three to five days, in an exceptional setting.<\/p>\n\n\n\n<p class=\"has-small-font-size\">Beaux Arts Institute created a collective experience, a program adapted to each region (France, US and Asia), which alternates :<\/p>\n\n\n\n<p class=\"has-small-font-size\">\u2b95 exchanges with artists, thinkers and scientists of excellence<\/p>\n\n\n\n<p class=\"has-small-font-size\">\u2b95 moments of beauty (visiting cultural sites, gardens, discovering works of art, concerts, \u2026)<\/p>\n\n\n\n<p class=\"has-small-font-size\">\u2b95 physical and immersive experiences<\/p>\n\n\n\n<p class=\"has-small-font-size\">\u2b95 breathing times (mediation, walking, poetry workshop, \u2026).<\/p>\n\n\n\n<p class=\"has-small-font-size\">Indeed, we are convinced that being in contact with artists and thinkers who share their work and approach is the most effective way to develop your own creativity and capacity to innovate, improvise, surprise, shake up codes, stand out, evolve and grow.<\/p>\n\n\n\n<p class=\"has-small-font-size\"><strong><strong>We see artists as sensors and perceivers of profound changes and transformations in the world, <\/strong><\/strong>of which their works are the signals. Through their contact, <strong><strong>participants learn to decode these signals, and to perceive the changes to come.<\/strong><\/strong><\/p>\n\n\n\n<div style=\"height:18px\" aria-hidden=\"true\" class=\"wp-block-spacer\"><\/div>\n\n\n\n<div class=\"wp-block-image is-style-default\"><figure class=\"aligncenter size-large\"><img loading=\"lazy\" width=\"1024\" height=\"308\" src=\"https:\/\/beauxarts-cie.com\/institute\/wp-content\/uploads\/sites\/2\/2024\/12\/LOreal-23-3-1024x308.jpg\" alt=\"\" class=\"wp-image-1626\" srcset=\"https:\/\/beauxarts-cie.com\/institute\/wp-content\/uploads\/sites\/2\/2024\/12\/LOreal-23-3-1024x308.jpg 1024w, https:\/\/beauxarts-cie.com\/institute\/wp-content\/uploads\/sites\/2\/2024\/12\/LOreal-23-3-300x90.jpg 300w, https:\/\/beauxarts-cie.com\/institute\/wp-content\/uploads\/sites\/2\/2024\/12\/LOreal-23-3-768x231.jpg 768w, https:\/\/beauxarts-cie.com\/institute\/wp-content\/uploads\/sites\/2\/2024\/12\/LOreal-23-3-1536x462.jpg 1536w, https:\/\/beauxarts-cie.com\/institute\/wp-content\/uploads\/sites\/2\/2024\/12\/LOreal-23-3-2048x615.jpg 2048w\" sizes=\"(max-width: 1024px) 100vw, 1024px\" \/><\/figure><\/div>\n\n\n\n<div class=\"wp-block-image is-style-default\"><figure class=\"aligncenter size-large\"><img loading=\"lazy\" width=\"1024\" height=\"307\" src=\"https:\/\/beauxarts-cie.com\/institute\/wp-content\/uploads\/sites\/2\/2024\/12\/LOreal-23-4-1024x307.jpg\" alt=\"\" class=\"wp-image-1627\" srcset=\"https:\/\/beauxarts-cie.com\/institute\/wp-content\/uploads\/sites\/2\/2024\/12\/LOreal-23-4-1024x307.jpg 1024w, https:\/\/beauxarts-cie.com\/institute\/wp-content\/uploads\/sites\/2\/2024\/12\/LOreal-23-4-300x90.jpg 300w, https:\/\/beauxarts-cie.com\/institute\/wp-content\/uploads\/sites\/2\/2024\/12\/LOreal-23-4-768x230.jpg 768w, https:\/\/beauxarts-cie.com\/institute\/wp-content\/uploads\/sites\/2\/2024\/12\/LOreal-23-4-1536x461.jpg 1536w, https:\/\/beauxarts-cie.com\/institute\/wp-content\/uploads\/sites\/2\/2024\/12\/LOreal-23-4-2048x614.jpg 2048w\" sizes=\"(max-width: 1024px) 100vw, 1024px\" \/><\/figure><\/div>\n\n\n\n<hr class=\"wp-block-separator\" \/>\n","protected":false},"excerpt":{"rendered":"<p>Client : L&rsquo;or\u00e9al 2023, Two inspiration and reflection seminars for L&rsquo;Or\u00e9al, in France and the United States In 2022, Beaux Arts Institute created the S\u00e9minaire des Capucins for L&rsquo;Or\u00e9al, an inspiring seminar for high-potential L&rsquo;Or\u00e9al executives, designed to open up perspectives for reflection and confront its participants with complexity. In 2023, two editions of Les [&hellip;]<\/p>\n","protected":false},"author":6,"featured_media":0,"parent":0,"menu_order":0,"comment_status":"closed","ping_status":"closed","template":"tpl-page-child-reference.php","meta":[],"yoast_head":"<!-- This site is optimized with the Yoast SEO plugin v19.11 - https:\/\/yoast.com\/wordpress\/plugins\/seo\/ -->\n<title>- Beaux Arts Institute<\/title>\n<meta name=\"robots\" content=\"index, follow, max-snippet:-1, max-image-preview:large, max-video-preview:-1\" \/>\n<link rel=\"canonical\" href=\"https:\/\/beauxarts-cie.com\/institute\/en\/loreal-2023-en\/\" \/>\n<meta property=\"og:locale\" content=\"fr_FR\" \/>\n<meta property=\"og:type\" content=\"article\" \/>\n<meta property=\"og:title\" content=\"- Beaux Arts Institute\" \/>\n<meta property=\"og:description\" content=\"Client : L&rsquo;or\u00e9al 2023, Two inspiration and reflection seminars for L&rsquo;Or\u00e9al, in France and the United States In 2022, Beaux Arts Institute created the S\u00e9minaire des Capucins for L&rsquo;Or\u00e9al, an inspiring seminar for high-potential L&rsquo;Or\u00e9al executives, designed to open up perspectives for reflection and confront its participants with complexity. In 2023, two editions of Les [&hellip;]\" \/>\n<meta property=\"og:url\" content=\"https:\/\/beauxarts-cie.com\/institute\/en\/loreal-2023-en\/\" \/>\n<meta property=\"og:site_name\" content=\"Beaux Arts Institute\" \/>\n<meta property=\"article:modified_time\" content=\"2025-01-06T11:19:56+00:00\" \/>\n<meta property=\"og:image\" content=\"https:\/\/beauxarts-cie.com\/institute\/wp-content\/uploads\/sites\/2\/2024\/12\/LOreal-23-1-1024x577.jpg\" \/>\n<meta name=\"twitter:card\" content=\"summary_large_image\" \/>\n<script type=\"application\/ld+json\" class=\"yoast-schema-graph\">{\"@context\":\"https:\/\/schema.org\",\"@graph\":[{\"@type\":\"WebPage\",\"@id\":\"https:\/\/beauxarts-cie.com\/institute\/en\/loreal-2023-en\/\",\"url\":\"https:\/\/beauxarts-cie.com\/institute\/en\/loreal-2023-en\/\",\"name\":\"- Beaux Arts Institute\",\"isPartOf\":{\"@id\":\"https:\/\/beauxarts-cie.com\/institute\/#website\"},\"datePublished\":\"2025-01-03T10:37:23+00:00\",\"dateModified\":\"2025-01-06T11:19:56+00:00\",\"breadcrumb\":{\"@id\":\"https:\/\/beauxarts-cie.com\/institute\/en\/loreal-2023-en\/#breadcrumb\"},\"inLanguage\":\"fr-FR\",\"potentialAction\":[{\"@type\":\"ReadAction\",\"target\":[\"https:\/\/beauxarts-cie.com\/institute\/en\/loreal-2023-en\/\"]}]},{\"@type\":\"BreadcrumbList\",\"@id\":\"https:\/\/beauxarts-cie.com\/institute\/en\/loreal-2023-en\/#breadcrumb\",\"itemListElement\":[]},{\"@type\":\"WebSite\",\"@id\":\"https:\/\/beauxarts-cie.com\/institute\/#website\",\"url\":\"https:\/\/beauxarts-cie.com\/institute\/\",\"name\":\"Beaux Arts Institute\",\"description\":\"Le partenaire artistique et culturel des entreprises\",\"publisher\":{\"@id\":\"https:\/\/beauxarts-cie.com\/institute\/#organization\"},\"potentialAction\":[{\"@type\":\"SearchAction\",\"target\":{\"@type\":\"EntryPoint\",\"urlTemplate\":\"https:\/\/beauxarts-cie.com\/institute\/?s={search_term_string}\"},\"query-input\":\"required name=search_term_string\"}],\"inLanguage\":\"fr-FR\"},{\"@type\":\"Organization\",\"@id\":\"https:\/\/beauxarts-cie.com\/institute\/#organization\",\"name\":\"Beaux Arts Institute\",\"url\":\"https:\/\/beauxarts-cie.com\/institute\/\",\"logo\":{\"@type\":\"ImageObject\",\"inLanguage\":\"fr-FR\",\"@id\":\"https:\/\/beauxarts-cie.com\/institute\/#\/schema\/logo\/image\/\",\"url\":\"https:\/\/beauxarts-cie.com\/institute\/wp-content\/uploads\/sites\/2\/2024\/05\/Logo-BAI-long.png\",\"contentUrl\":\"https:\/\/beauxarts-cie.com\/institute\/wp-content\/uploads\/sites\/2\/2024\/05\/Logo-BAI-long.png\",\"width\":430,\"height\":43,\"caption\":\"Beaux Arts Institute\"},\"image\":{\"@id\":\"https:\/\/beauxarts-cie.com\/institute\/#\/schema\/logo\/image\/\"},\"sameAs\":[\"https:\/\/www.linkedin.com\/company\/99437599\/admin\/feed\/posts\/\"]}]}<\/script>\n<!-- \/ Yoast SEO plugin. -->","yoast_head_json":{"title":"- Beaux Arts Institute","robots":{"index":"index","follow":"follow","max-snippet":"max-snippet:-1","max-image-preview":"max-image-preview:large","max-video-preview":"max-video-preview:-1"},"canonical":"https:\/\/beauxarts-cie.com\/institute\/en\/loreal-2023-en\/","og_locale":"fr_FR","og_type":"article","og_title":"- Beaux Arts Institute","og_description":"Client : L&rsquo;or\u00e9al 2023, Two inspiration and reflection seminars for L&rsquo;Or\u00e9al, in France and the United States In 2022, Beaux Arts Institute created the S\u00e9minaire des Capucins for L&rsquo;Or\u00e9al, an inspiring seminar for high-potential L&rsquo;Or\u00e9al executives, designed to open up perspectives for reflection and confront its participants with complexity. In 2023, two editions of Les [&hellip;]","og_url":"https:\/\/beauxarts-cie.com\/institute\/en\/loreal-2023-en\/","og_site_name":"Beaux Arts Institute","article_modified_time":"2025-01-06T11:19:56+00:00","og_image":[{"url":"https:\/\/beauxarts-cie.com\/institute\/wp-content\/uploads\/sites\/2\/2024\/12\/LOreal-23-1-1024x577.jpg"}],"twitter_card":"summary_large_image","schema":{"@context":"https:\/\/schema.org","@graph":[{"@type":"WebPage","@id":"https:\/\/beauxarts-cie.com\/institute\/en\/loreal-2023-en\/","url":"https:\/\/beauxarts-cie.com\/institute\/en\/loreal-2023-en\/","name":"- Beaux Arts Institute","isPartOf":{"@id":"https:\/\/beauxarts-cie.com\/institute\/#website"},"datePublished":"2025-01-03T10:37:23+00:00","dateModified":"2025-01-06T11:19:56+00:00","breadcrumb":{"@id":"https:\/\/beauxarts-cie.com\/institute\/en\/loreal-2023-en\/#breadcrumb"},"inLanguage":"fr-FR","potentialAction":[{"@type":"ReadAction","target":["https:\/\/beauxarts-cie.com\/institute\/en\/loreal-2023-en\/"]}]},{"@type":"BreadcrumbList","@id":"https:\/\/beauxarts-cie.com\/institute\/en\/loreal-2023-en\/#breadcrumb","itemListElement":[]},{"@type":"WebSite","@id":"https:\/\/beauxarts-cie.com\/institute\/#website","url":"https:\/\/beauxarts-cie.com\/institute\/","name":"Beaux Arts Institute","description":"Le partenaire artistique et culturel des entreprises","publisher":{"@id":"https:\/\/beauxarts-cie.com\/institute\/#organization"},"potentialAction":[{"@type":"SearchAction","target":{"@type":"EntryPoint","urlTemplate":"https:\/\/beauxarts-cie.com\/institute\/?s={search_term_string}"},"query-input":"required name=search_term_string"}],"inLanguage":"fr-FR"},{"@type":"Organization","@id":"https:\/\/beauxarts-cie.com\/institute\/#organization","name":"Beaux Arts Institute","url":"https:\/\/beauxarts-cie.com\/institute\/","logo":{"@type":"ImageObject","inLanguage":"fr-FR","@id":"https:\/\/beauxarts-cie.com\/institute\/#\/schema\/logo\/image\/","url":"https:\/\/beauxarts-cie.com\/institute\/wp-content\/uploads\/sites\/2\/2024\/05\/Logo-BAI-long.png","contentUrl":"https:\/\/beauxarts-cie.com\/institute\/wp-content\/uploads\/sites\/2\/2024\/05\/Logo-BAI-long.png","width":430,"height":43,"caption":"Beaux Arts Institute"},"image":{"@id":"https:\/\/beauxarts-cie.com\/institute\/#\/schema\/logo\/image\/"},"sameAs":["https:\/\/www.linkedin.com\/company\/99437599\/admin\/feed\/posts\/"]}]}},"_links":{"self":[{"href":"https:\/\/beauxarts-cie.com\/institute\/wp-json\/wp\/v2\/pages\/1883"}],"collection":[{"href":"https:\/\/beauxarts-cie.com\/institute\/wp-json\/wp\/v2\/pages"}],"about":[{"href":"https:\/\/beauxarts-cie.com\/institute\/wp-json\/wp\/v2\/types\/page"}],"author":[{"embeddable":true,"href":"https:\/\/beauxarts-cie.com\/institute\/wp-json\/wp\/v2\/users\/6"}],"replies":[{"embeddable":true,"href":"https:\/\/beauxarts-cie.com\/institute\/wp-json\/wp\/v2\/comments?post=1883"}],"version-history":[{"count":4,"href":"https:\/\/beauxarts-cie.com\/institute\/wp-json\/wp\/v2\/pages\/1883\/revisions"}],"predecessor-version":[{"id":1991,"href":"https:\/\/beauxarts-cie.com\/institute\/wp-json\/wp\/v2\/pages\/1883\/revisions\/1991"}],"wp:attachment":[{"href":"https:\/\/beauxarts-cie.com\/institute\/wp-json\/wp\/v2\/media?parent=1883"}],"curies":[{"name":"wp","href":"https:\/\/api.w.org\/{rel}","templated":true}]}}