{"id":6,"date":"2020-04-01T10:10:33","date_gmt":"2020-04-01T08:10:33","guid":{"rendered":"http:\/\/beauxartsciemulti.local\/institute\/?page_id=2"},"modified":"2024-12-12T15:42:30","modified_gmt":"2024-12-12T14:42:30","slug":"beaux-arts-institute","status":"publish","type":"page","link":"https:\/\/beauxarts-cie.com\/institute\/","title":{"rendered":"PRESENTATION"},"content":{"rendered":"\n<div class=\"wp-container-1 wp-block-group bkgTop\"><div class=\"wp-block-group__inner-container\">\n<div class=\"wp-block-cover home-cover\" style=\"min-height:200px\"><span aria-hidden=\"true\" class=\"has-background-dim-0 wp-block-cover__gradient-background has-background-dim\"><\/span><img loading=\"lazy\" width=\"2560\" height=\"676\" class=\"wp-block-cover__image-background wp-image-1486\" alt=\"\" src=\"https:\/\/beauxarts-cie.com\/institute\/wp-content\/uploads\/sites\/2\/2024\/12\/Museum-of-Fine-Arts-Boston-v2-scaled.jpg\" style=\"object-position:40% 85%\" data-object-fit=\"cover\" data-object-position=\"40% 85%\" srcset=\"https:\/\/beauxarts-cie.com\/institute\/wp-content\/uploads\/sites\/2\/2024\/12\/Museum-of-Fine-Arts-Boston-v2-scaled.jpg 2560w, https:\/\/beauxarts-cie.com\/institute\/wp-content\/uploads\/sites\/2\/2024\/12\/Museum-of-Fine-Arts-Boston-v2-300x79.jpg 300w, https:\/\/beauxarts-cie.com\/institute\/wp-content\/uploads\/sites\/2\/2024\/12\/Museum-of-Fine-Arts-Boston-v2-1024x270.jpg 1024w, https:\/\/beauxarts-cie.com\/institute\/wp-content\/uploads\/sites\/2\/2024\/12\/Museum-of-Fine-Arts-Boston-v2-768x203.jpg 768w, https:\/\/beauxarts-cie.com\/institute\/wp-content\/uploads\/sites\/2\/2024\/12\/Museum-of-Fine-Arts-Boston-v2-1536x406.jpg 1536w, https:\/\/beauxarts-cie.com\/institute\/wp-content\/uploads\/sites\/2\/2024\/12\/Museum-of-Fine-Arts-Boston-v2-2048x541.jpg 2048w\" sizes=\"(max-width: 2560px) 100vw, 2560px\" \/><div class=\"wp-block-cover__inner-container\">\n<p class=\"has-text-align-center has-white-color has-text-color has-large-font-size\"><\/p>\n\n\n\n<p><\/p>\n\n\n\n<p><\/p>\n\n\n\n<p><\/p>\n<\/div><\/div>\n<\/div><\/div>\n\n\n\n<div style=\"height:30px\" aria-hidden=\"true\" class=\"wp-block-spacer\"><\/div>\n\n\n\n<p class=\"has-text-color\" style=\"color:#005f7a;font-size:23px\"><strong>Beaux Arts Institute, l&rsquo;agence de cr\u00e9ation de contenus et \u00e9v\u00e9nements artistiques et culturels.<\/strong><\/p>\n\n\n\n<p><\/p>\n\n\n\n<div style=\"height:30px\" aria-hidden=\"true\" class=\"wp-block-spacer\"><\/div>\n\n\n\n<div class=\"wp-container-2 wp-block-group imgStickyRight mb\"><div class=\"wp-block-group__inner-container\">\n<div class=\"wp-block-columns imgStickyRight\">\n<div class=\"wp-block-column has-bleu-pp-color has-text-color\">\n<h3 class=\"has-bleu-pp-color has-text-color has-large-font-size\"><strong>PR\u00c9SENTATION<\/strong><\/h3>\n\n\n\n<div style=\"height:20px\" aria-hidden=\"true\" class=\"wp-block-spacer\"><\/div>\n\n\n\n<h3 class=\"bold has-text-color\" style=\"color:#007fa3\"><strong>Beaux Arts Institute<\/strong>&nbsp;con\u00e7oit, d\u00e9veloppe et met en \u0153uvre les projets culturels et artistiques des entreprises.<\/h3>\n\n\n\n<p class=\"has-text-align-left has-bleu-pp-color has-text-color\">\u00c0 l&rsquo;\u00e9coute de vos besoins et de vos souhaits, Beaux Arts Institute vous propose une gamme diversifi\u00e9e d&rsquo;exp\u00e9riences et de contenus culturels, con\u00e7us sur-mesure. <\/p>\n\n\n\n<p class=\"has-text-align-left has-bleu-pp-color has-text-color\">L&rsquo;\u00e9quipe vous accompagne dans l\u2019ensemble de votre engagement culturel et artistique, du conseil&nbsp;strat\u00e9gique&nbsp;\u00e0 la mise en \u0153uvre logistique et \u00e9v\u00e9nementielle.<\/p>\n\n\n\n<p class=\"has-bleu-pp-color has-text-color\">D\u00e9velopper les talents et former aux enjeux de demain<\/p>\n\n\n\n<p class=\"has-bleu-pp-color has-text-color\">Inspirer clients et collaborateurs<\/p>\n\n\n\n<p class=\"has-bleu-pp-color has-text-color\">Incarner&nbsp;la raison d\u2019\u00eatre et l\u2019action RSE de l\u2019entreprise&nbsp;<\/p>\n\n\n\n<p class=\"has-bleu-pp-color has-text-color\">Redonner du sens \u00e0 l\u2019action collective<\/p>\n\n\n\n<p class=\"has-bleu-pp-color has-text-color\">R\u00e9enchanter les lieux et les espaces de travail\u2026<\/p>\n\n\n\n<p class=\"has-text-color\" style=\"color:#007fa3\"><strong>\u2026telles sont les ambitions de Beaux Arts Institute pour vos projets<\/strong><\/p>\n\n\n\n<p>&nbsp;<\/p>\n\n\n\n<p>&nbsp;<\/p>\n\n\n\n<div class=\"wp-block-button\"><a class=\"wp-block-button__link has-background\" href=\"https:\/\/beauxarts-cie.com\/institute\/contact\/\" style=\"background-color:#007fa3\">Contactez-nous<\/a><\/div>\n<\/div>\n\n\n\n<div class=\"wp-block-column\">\n<figure class=\"wp-block-image size-large\"><img loading=\"lazy\" width=\"896\" height=\"1024\" src=\"https:\/\/beauxarts-cie.com\/institute\/wp-content\/uploads\/sites\/2\/2024\/12\/Ny-Carlsberg-Glyptotek-copenhague-vertical-1-896x1024.jpg\" alt=\"\" class=\"wp-image-1488\" srcset=\"https:\/\/beauxarts-cie.com\/institute\/wp-content\/uploads\/sites\/2\/2024\/12\/Ny-Carlsberg-Glyptotek-copenhague-vertical-1-896x1024.jpg 896w, https:\/\/beauxarts-cie.com\/institute\/wp-content\/uploads\/sites\/2\/2024\/12\/Ny-Carlsberg-Glyptotek-copenhague-vertical-1-263x300.jpg 263w, https:\/\/beauxarts-cie.com\/institute\/wp-content\/uploads\/sites\/2\/2024\/12\/Ny-Carlsberg-Glyptotek-copenhague-vertical-1-768x877.jpg 768w, https:\/\/beauxarts-cie.com\/institute\/wp-content\/uploads\/sites\/2\/2024\/12\/Ny-Carlsberg-Glyptotek-copenhague-vertical-1-1345x1536.jpg 1345w, https:\/\/beauxarts-cie.com\/institute\/wp-content\/uploads\/sites\/2\/2024\/12\/Ny-Carlsberg-Glyptotek-copenhague-vertical-1-1793x2048.jpg 1793w\" sizes=\"(max-width: 896px) 100vw, 896px\" \/><\/figure>\n\n\n\n<p>&nbsp;<\/p>\n\n\n\n<p>&nbsp;<\/p>\n\n\n\n<p>&nbsp;<\/p>\n\n\n\n<p>&nbsp;<\/p>\n\n\n\n<p>&nbsp;<\/p>\n\n\n\n<p>&nbsp;<\/p>\n\n\n\n<p>&nbsp;<\/p>\n<\/div>\n<\/div>\n<\/div><\/div>\n","protected":false},"excerpt":{"rendered":"<p>Beaux Arts Institute, l&rsquo;agence de cr\u00e9ation de contenus et \u00e9v\u00e9nements artistiques et culturels. PR\u00c9SENTATION Beaux Arts Institute&nbsp;con\u00e7oit, d\u00e9veloppe et met en \u0153uvre les projets culturels et artistiques des entreprises. \u00c0 l&rsquo;\u00e9coute de vos besoins et de vos souhaits, Beaux Arts Institute vous propose une gamme diversifi\u00e9e d&rsquo;exp\u00e9riences et de contenus culturels, con\u00e7us sur-mesure. L&rsquo;\u00e9quipe vous [&hellip;]<\/p>\n","protected":false},"author":2,"featured_media":408,"parent":0,"menu_order":0,"comment_status":"closed","ping_status":"closed","template":"tpl-page-thumbnail.php","meta":[],"yoast_head":"<!-- This site is optimized with the Yoast SEO plugin v19.11 - https:\/\/yoast.com\/wordpress\/plugins\/seo\/ -->\n<title>PRESENTATION - Beaux Arts Institute<\/title>\n<meta name=\"description\" content=\"Beaux Arts Institute est le partenaire artistique et culturel des entreprises, avec une gamme diversifi\u00e9e d&#039;exp\u00e9riences culturelles sp\u00e9cifiquement con\u00e7ues pour r\u00e9pondre \u00e0 leurs enjeux actuels\" \/>\n<meta name=\"robots\" content=\"index, follow, max-snippet:-1, max-image-preview:large, max-video-preview:-1\" \/>\n<link rel=\"canonical\" href=\"https:\/\/beauxarts-cie.com\/institute\/\" \/>\n<meta property=\"og:locale\" content=\"fr_FR\" \/>\n<meta property=\"og:type\" content=\"article\" \/>\n<meta property=\"og:title\" content=\"PRESENTATION - Beaux Arts Institute\" \/>\n<meta property=\"og:description\" content=\"Beaux Arts Institute est le partenaire artistique et culturel des entreprises, avec une gamme diversifi\u00e9e d&#039;exp\u00e9riences culturelles sp\u00e9cifiquement con\u00e7ues pour r\u00e9pondre \u00e0 leurs enjeux actuels\" \/>\n<meta property=\"og:url\" content=\"https:\/\/beauxarts-cie.com\/institute\/\" \/>\n<meta property=\"og:site_name\" content=\"Beaux Arts Institute\" \/>\n<meta property=\"article:modified_time\" content=\"2024-12-12T14:42:30+00:00\" \/>\n<meta property=\"og:image\" content=\"https:\/\/beauxarts-cie.com\/institute\/wp-content\/uploads\/sites\/2\/2020\/04\/bkg-home.jpg\" \/>\n\t<meta property=\"og:image:width\" content=\"1400\" \/>\n\t<meta property=\"og:image:height\" content=\"629\" \/>\n\t<meta property=\"og:image:type\" content=\"image\/jpeg\" \/>\n<meta name=\"twitter:card\" content=\"summary_large_image\" \/>\n<meta name=\"twitter:label1\" content=\"Dur\u00e9e de lecture estim\u00e9e\" \/>\n\t<meta name=\"twitter:data1\" content=\"2 minutes\" \/>\n<script type=\"application\/ld+json\" class=\"yoast-schema-graph\">{\"@context\":\"https:\/\/schema.org\",\"@graph\":[{\"@type\":\"WebPage\",\"@id\":\"https:\/\/beauxarts-cie.com\/institute\/\",\"url\":\"https:\/\/beauxarts-cie.com\/institute\/\",\"name\":\"PRESENTATION - Beaux Arts Institute\",\"isPartOf\":{\"@id\":\"https:\/\/beauxarts-cie.com\/institute\/#website\"},\"datePublished\":\"2020-04-01T08:10:33+00:00\",\"dateModified\":\"2024-12-12T14:42:30+00:00\",\"description\":\"Beaux Arts Institute est le partenaire artistique et culturel des entreprises, avec une gamme diversifi\u00e9e d'exp\u00e9riences culturelles sp\u00e9cifiquement con\u00e7ues pour r\u00e9pondre \u00e0 leurs enjeux actuels\",\"inLanguage\":\"fr-FR\",\"potentialAction\":[{\"@type\":\"ReadAction\",\"target\":[\"https:\/\/beauxarts-cie.com\/institute\/\"]}]},{\"@type\":\"WebSite\",\"@id\":\"https:\/\/beauxarts-cie.com\/institute\/#website\",\"url\":\"https:\/\/beauxarts-cie.com\/institute\/\",\"name\":\"Beaux Arts Institute\",\"description\":\"Le partenaire artistique et culturel des entreprises\",\"publisher\":{\"@id\":\"https:\/\/beauxarts-cie.com\/institute\/#organization\"},\"potentialAction\":[{\"@type\":\"SearchAction\",\"target\":{\"@type\":\"EntryPoint\",\"urlTemplate\":\"https:\/\/beauxarts-cie.com\/institute\/?s={search_term_string}\"},\"query-input\":\"required name=search_term_string\"}],\"inLanguage\":\"fr-FR\"},{\"@type\":\"Organization\",\"@id\":\"https:\/\/beauxarts-cie.com\/institute\/#organization\",\"name\":\"Beaux Arts Institute\",\"url\":\"https:\/\/beauxarts-cie.com\/institute\/\",\"logo\":{\"@type\":\"ImageObject\",\"inLanguage\":\"fr-FR\",\"@id\":\"https:\/\/beauxarts-cie.com\/institute\/#\/schema\/logo\/image\/\",\"url\":\"https:\/\/beauxarts-cie.com\/institute\/wp-content\/uploads\/sites\/2\/2024\/05\/Logo-BAI-long.png\",\"contentUrl\":\"https:\/\/beauxarts-cie.com\/institute\/wp-content\/uploads\/sites\/2\/2024\/05\/Logo-BAI-long.png\",\"width\":430,\"height\":43,\"caption\":\"Beaux Arts Institute\"},\"image\":{\"@id\":\"https:\/\/beauxarts-cie.com\/institute\/#\/schema\/logo\/image\/\"},\"sameAs\":[\"https:\/\/www.linkedin.com\/company\/99437599\/admin\/feed\/posts\/\"]}]}<\/script>\n<!-- \/ Yoast SEO plugin. -->","yoast_head_json":{"title":"PRESENTATION - Beaux Arts Institute","description":"Beaux Arts Institute est le partenaire artistique et culturel des entreprises, avec une gamme diversifi\u00e9e d'exp\u00e9riences culturelles sp\u00e9cifiquement con\u00e7ues pour r\u00e9pondre \u00e0 leurs enjeux actuels","robots":{"index":"index","follow":"follow","max-snippet":"max-snippet:-1","max-image-preview":"max-image-preview:large","max-video-preview":"max-video-preview:-1"},"canonical":"https:\/\/beauxarts-cie.com\/institute\/","og_locale":"fr_FR","og_type":"article","og_title":"PRESENTATION - Beaux Arts Institute","og_description":"Beaux Arts Institute est le partenaire artistique et culturel des entreprises, avec une gamme diversifi\u00e9e d'exp\u00e9riences culturelles sp\u00e9cifiquement con\u00e7ues pour r\u00e9pondre \u00e0 leurs enjeux actuels","og_url":"https:\/\/beauxarts-cie.com\/institute\/","og_site_name":"Beaux Arts Institute","article_modified_time":"2024-12-12T14:42:30+00:00","og_image":[{"width":1400,"height":629,"url":"https:\/\/beauxarts-cie.com\/institute\/wp-content\/uploads\/sites\/2\/2020\/04\/bkg-home.jpg","type":"image\/jpeg"}],"twitter_card":"summary_large_image","twitter_misc":{"Dur\u00e9e de lecture estim\u00e9e":"2 minutes"},"schema":{"@context":"https:\/\/schema.org","@graph":[{"@type":"WebPage","@id":"https:\/\/beauxarts-cie.com\/institute\/","url":"https:\/\/beauxarts-cie.com\/institute\/","name":"PRESENTATION - Beaux Arts Institute","isPartOf":{"@id":"https:\/\/beauxarts-cie.com\/institute\/#website"},"datePublished":"2020-04-01T08:10:33+00:00","dateModified":"2024-12-12T14:42:30+00:00","description":"Beaux Arts Institute est le partenaire artistique et culturel des entreprises, avec une gamme diversifi\u00e9e d'exp\u00e9riences culturelles sp\u00e9cifiquement con\u00e7ues pour r\u00e9pondre \u00e0 leurs enjeux actuels","inLanguage":"fr-FR","potentialAction":[{"@type":"ReadAction","target":["https:\/\/beauxarts-cie.com\/institute\/"]}]},{"@type":"WebSite","@id":"https:\/\/beauxarts-cie.com\/institute\/#website","url":"https:\/\/beauxarts-cie.com\/institute\/","name":"Beaux Arts Institute","description":"Le partenaire artistique et culturel des entreprises","publisher":{"@id":"https:\/\/beauxarts-cie.com\/institute\/#organization"},"potentialAction":[{"@type":"SearchAction","target":{"@type":"EntryPoint","urlTemplate":"https:\/\/beauxarts-cie.com\/institute\/?s={search_term_string}"},"query-input":"required name=search_term_string"}],"inLanguage":"fr-FR"},{"@type":"Organization","@id":"https:\/\/beauxarts-cie.com\/institute\/#organization","name":"Beaux Arts Institute","url":"https:\/\/beauxarts-cie.com\/institute\/","logo":{"@type":"ImageObject","inLanguage":"fr-FR","@id":"https:\/\/beauxarts-cie.com\/institute\/#\/schema\/logo\/image\/","url":"https:\/\/beauxarts-cie.com\/institute\/wp-content\/uploads\/sites\/2\/2024\/05\/Logo-BAI-long.png","contentUrl":"https:\/\/beauxarts-cie.com\/institute\/wp-content\/uploads\/sites\/2\/2024\/05\/Logo-BAI-long.png","width":430,"height":43,"caption":"Beaux Arts Institute"},"image":{"@id":"https:\/\/beauxarts-cie.com\/institute\/#\/schema\/logo\/image\/"},"sameAs":["https:\/\/www.linkedin.com\/company\/99437599\/admin\/feed\/posts\/"]}]}},"_links":{"self":[{"href":"https:\/\/beauxarts-cie.com\/institute\/wp-json\/wp\/v2\/pages\/6"}],"collection":[{"href":"https:\/\/beauxarts-cie.com\/institute\/wp-json\/wp\/v2\/pages"}],"about":[{"href":"https:\/\/beauxarts-cie.com\/institute\/wp-json\/wp\/v2\/types\/page"}],"author":[{"embeddable":true,"href":"https:\/\/beauxarts-cie.com\/institute\/wp-json\/wp\/v2\/users\/2"}],"replies":[{"embeddable":true,"href":"https:\/\/beauxarts-cie.com\/institute\/wp-json\/wp\/v2\/comments?post=6"}],"version-history":[{"count":43,"href":"https:\/\/beauxarts-cie.com\/institute\/wp-json\/wp\/v2\/pages\/6\/revisions"}],"predecessor-version":[{"id":1489,"href":"https:\/\/beauxarts-cie.com\/institute\/wp-json\/wp\/v2\/pages\/6\/revisions\/1489"}],"wp:featuredmedia":[{"embeddable":true,"href":"https:\/\/beauxarts-cie.com\/institute\/wp-json\/wp\/v2\/media\/408"}],"wp:attachment":[{"href":"https:\/\/beauxarts-cie.com\/institute\/wp-json\/wp\/v2\/media?parent=6"}],"curies":[{"name":"wp","href":"https:\/\/api.w.org\/{rel}","templated":true}]}}