{"id":934,"date":"2024-12-19T13:08:37","date_gmt":"2024-12-19T12:08:37","guid":{"rendered":"https:\/\/beauxarts-cie.com\/institute\/?page_id=934"},"modified":"2025-01-06T12:18:23","modified_gmt":"2025-01-06T11:18:23","slug":"ey","status":"publish","type":"page","link":"https:\/\/beauxarts-cie.com\/institute\/ey\/","title":{"rendered":""},"content":{"rendered":"\n<div class=\"wp-block-columns refId\">\n<div class=\"wp-block-column\">\n<h2 class=\"has-text-align-left\">Client : EY<\/h2>\n<\/div>\n\n\n\n<div class=\"wp-block-column\"><\/div>\n<\/div>\n\n\n\n<p><strong><em>2023<\/em>, Organisation d\u2019une soir\u00e9e sur-mesure hors des sentiers battus<\/strong><\/p>\n\n\n\n<p>Conception et coordination d\u2019une soir\u00e9e pour le comit\u00e9 de pilotage Diversity, Equity &amp; Inclusion d\u2019EY<\/p>\n\n\n\n<div style=\"height:18px\" aria-hidden=\"true\" class=\"wp-block-spacer\"><\/div>\n\n\n\n<div class=\"wp-container-1 wp-block-group\"><div class=\"wp-block-group__inner-container\">\n<div class=\"wp-block-columns\">\n<div class=\"wp-block-column\">\n<figure class=\"wp-block-image size-large is-style-default\"><img loading=\"lazy\" width=\"1024\" height=\"585\" src=\"https:\/\/beauxarts-cie.com\/institute\/wp-content\/uploads\/sites\/2\/2024\/12\/NFT-factory-1-1024x585.jpg\" alt=\"\" class=\"wp-image-1662\" srcset=\"https:\/\/beauxarts-cie.com\/institute\/wp-content\/uploads\/sites\/2\/2024\/12\/NFT-factory-1-1024x585.jpg 1024w, https:\/\/beauxarts-cie.com\/institute\/wp-content\/uploads\/sites\/2\/2024\/12\/NFT-factory-1-300x171.jpg 300w, https:\/\/beauxarts-cie.com\/institute\/wp-content\/uploads\/sites\/2\/2024\/12\/NFT-factory-1-768x439.jpg 768w, https:\/\/beauxarts-cie.com\/institute\/wp-content\/uploads\/sites\/2\/2024\/12\/NFT-factory-1-1536x877.jpg 1536w, https:\/\/beauxarts-cie.com\/institute\/wp-content\/uploads\/sites\/2\/2024\/12\/NFT-factory-1-2048x1169.jpg 2048w\" sizes=\"(max-width: 1024px) 100vw, 1024px\" \/><\/figure>\n<\/div>\n\n\n\n<div class=\"wp-block-column\">\n<figure class=\"wp-block-image size-large is-style-default\"><img loading=\"lazy\" width=\"1024\" height=\"585\" src=\"https:\/\/beauxarts-cie.com\/institute\/wp-content\/uploads\/sites\/2\/2024\/12\/NFT-factory-2-1024x585.jpg\" alt=\"\" class=\"wp-image-1663\" srcset=\"https:\/\/beauxarts-cie.com\/institute\/wp-content\/uploads\/sites\/2\/2024\/12\/NFT-factory-2-1024x585.jpg 1024w, https:\/\/beauxarts-cie.com\/institute\/wp-content\/uploads\/sites\/2\/2024\/12\/NFT-factory-2-300x171.jpg 300w, https:\/\/beauxarts-cie.com\/institute\/wp-content\/uploads\/sites\/2\/2024\/12\/NFT-factory-2-768x439.jpg 768w, https:\/\/beauxarts-cie.com\/institute\/wp-content\/uploads\/sites\/2\/2024\/12\/NFT-factory-2-1536x877.jpg 1536w, https:\/\/beauxarts-cie.com\/institute\/wp-content\/uploads\/sites\/2\/2024\/12\/NFT-factory-2-2048x1169.jpg 2048w\" sizes=\"(max-width: 1024px) 100vw, 1024px\" \/><\/figure>\n\n\n\n<div style=\"height:18px\" aria-hidden=\"true\" class=\"wp-block-spacer\"><\/div>\n<\/div>\n<\/div>\n<\/div><\/div>\n\n\n\n<p class=\"has-small-font-size\">A l\u2019occasion de leur participation \u00e0 VivaTech, le comit\u00e9 de pilotage DE&amp;I d\u2019EY souhaitait organiser une soir\u00e9e diff\u00e9rente, autour de th\u00e9matiques artistiques qui r\u00e9sonnent avec leurs probl\u00e9matiques.<\/p>\n\n\n\n<p class=\"has-small-font-size\">\u2b95 <strong>Design d&rsquo;une exp\u00e9rience immersive innovante :<\/strong> privatisation de la galerie NFT Factory comme cadre unique pour explorer les enjeux DE&amp;I \u00e0 travers l&rsquo;art num\u00e9rique<\/p>\n\n\n\n<p class=\"has-small-font-size\">\u2b95 <strong>Moment de partage original :<\/strong> cocktail dinatoire r\u00e9unissant 30 personnes autour d&rsquo;une rencontre avec K\u00e9vin Bideaux, artiste et chercheur engag\u00e9 sur les questions de genre<\/p>\n\n\n\n<p class=\"has-small-font-size\">\u2b95 <strong>M\u00e9diation culturelle : <\/strong>visite de la galerie avec sa directrice, favorisant une r\u00e9flexion approfondie sur les th\u00e9matiques de diversit\u00e9, d&rsquo;\u00e9quit\u00e9 et d&rsquo;inclusion par un prisme artistique innovant<\/p>\n\n\n\n<hr class=\"wp-block-separator\" \/>\n","protected":false},"excerpt":{"rendered":"<p>Client : EY 2023, Organisation d\u2019une soir\u00e9e sur-mesure hors des sentiers battus Conception et coordination d\u2019une soir\u00e9e pour le comit\u00e9 de pilotage Diversity, Equity &amp; Inclusion d\u2019EY A l\u2019occasion de leur participation \u00e0 VivaTech, le comit\u00e9 de pilotage DE&amp;I d\u2019EY souhaitait organiser une soir\u00e9e diff\u00e9rente, autour de th\u00e9matiques artistiques qui r\u00e9sonnent avec leurs probl\u00e9matiques. \u2b95 [&hellip;]<\/p>\n","protected":false},"author":6,"featured_media":0,"parent":0,"menu_order":0,"comment_status":"closed","ping_status":"closed","template":"tpl-page-child-reference.php","meta":[],"yoast_head":"<!-- This site is optimized with the Yoast SEO plugin v19.11 - https:\/\/yoast.com\/wordpress\/plugins\/seo\/ -->\n<title>- Beaux Arts Institute<\/title>\n<meta name=\"robots\" content=\"index, follow, max-snippet:-1, max-image-preview:large, max-video-preview:-1\" \/>\n<link rel=\"canonical\" href=\"https:\/\/beauxarts-cie.com\/institute\/ey\/\" \/>\n<meta property=\"og:locale\" content=\"fr_FR\" \/>\n<meta property=\"og:type\" content=\"article\" \/>\n<meta property=\"og:title\" content=\"- Beaux Arts Institute\" \/>\n<meta property=\"og:description\" content=\"Client : EY 2023, Organisation d\u2019une soir\u00e9e sur-mesure hors des sentiers battus Conception et coordination d\u2019une soir\u00e9e pour le comit\u00e9 de pilotage Diversity, Equity &amp; Inclusion d\u2019EY A l\u2019occasion de leur participation \u00e0 VivaTech, le comit\u00e9 de pilotage DE&amp;I d\u2019EY souhaitait organiser une soir\u00e9e diff\u00e9rente, autour de th\u00e9matiques artistiques qui r\u00e9sonnent avec leurs probl\u00e9matiques. \u2b95 [&hellip;]\" \/>\n<meta property=\"og:url\" content=\"https:\/\/beauxarts-cie.com\/institute\/ey\/\" \/>\n<meta property=\"og:site_name\" content=\"Beaux Arts Institute\" \/>\n<meta property=\"article:modified_time\" content=\"2025-01-06T11:18:23+00:00\" \/>\n<meta property=\"og:image\" content=\"https:\/\/beauxarts-cie.com\/institute\/wp-content\/uploads\/sites\/2\/2024\/12\/NFT-factory-1-1024x585.jpg\" \/>\n<meta name=\"twitter:card\" content=\"summary_large_image\" \/>\n<meta name=\"twitter:label1\" content=\"Dur\u00e9e de lecture estim\u00e9e\" \/>\n\t<meta name=\"twitter:data1\" content=\"2 minutes\" \/>\n<script type=\"application\/ld+json\" class=\"yoast-schema-graph\">{\"@context\":\"https:\/\/schema.org\",\"@graph\":[{\"@type\":\"WebPage\",\"@id\":\"https:\/\/beauxarts-cie.com\/institute\/ey\/\",\"url\":\"https:\/\/beauxarts-cie.com\/institute\/ey\/\",\"name\":\"- Beaux Arts Institute\",\"isPartOf\":{\"@id\":\"https:\/\/beauxarts-cie.com\/institute\/#website\"},\"datePublished\":\"2024-12-19T12:08:37+00:00\",\"dateModified\":\"2025-01-06T11:18:23+00:00\",\"breadcrumb\":{\"@id\":\"https:\/\/beauxarts-cie.com\/institute\/ey\/#breadcrumb\"},\"inLanguage\":\"fr-FR\",\"potentialAction\":[{\"@type\":\"ReadAction\",\"target\":[\"https:\/\/beauxarts-cie.com\/institute\/ey\/\"]}]},{\"@type\":\"BreadcrumbList\",\"@id\":\"https:\/\/beauxarts-cie.com\/institute\/ey\/#breadcrumb\",\"itemListElement\":[]},{\"@type\":\"WebSite\",\"@id\":\"https:\/\/beauxarts-cie.com\/institute\/#website\",\"url\":\"https:\/\/beauxarts-cie.com\/institute\/\",\"name\":\"Beaux Arts Institute\",\"description\":\"Le partenaire artistique et culturel des entreprises\",\"publisher\":{\"@id\":\"https:\/\/beauxarts-cie.com\/institute\/#organization\"},\"potentialAction\":[{\"@type\":\"SearchAction\",\"target\":{\"@type\":\"EntryPoint\",\"urlTemplate\":\"https:\/\/beauxarts-cie.com\/institute\/?s={search_term_string}\"},\"query-input\":\"required name=search_term_string\"}],\"inLanguage\":\"fr-FR\"},{\"@type\":\"Organization\",\"@id\":\"https:\/\/beauxarts-cie.com\/institute\/#organization\",\"name\":\"Beaux Arts Institute\",\"url\":\"https:\/\/beauxarts-cie.com\/institute\/\",\"logo\":{\"@type\":\"ImageObject\",\"inLanguage\":\"fr-FR\",\"@id\":\"https:\/\/beauxarts-cie.com\/institute\/#\/schema\/logo\/image\/\",\"url\":\"https:\/\/beauxarts-cie.com\/institute\/wp-content\/uploads\/sites\/2\/2024\/05\/Logo-BAI-long.png\",\"contentUrl\":\"https:\/\/beauxarts-cie.com\/institute\/wp-content\/uploads\/sites\/2\/2024\/05\/Logo-BAI-long.png\",\"width\":430,\"height\":43,\"caption\":\"Beaux Arts Institute\"},\"image\":{\"@id\":\"https:\/\/beauxarts-cie.com\/institute\/#\/schema\/logo\/image\/\"},\"sameAs\":[\"https:\/\/www.linkedin.com\/company\/99437599\/admin\/feed\/posts\/\"]}]}<\/script>\n<!-- \/ Yoast SEO plugin. -->","yoast_head_json":{"title":"- Beaux Arts Institute","robots":{"index":"index","follow":"follow","max-snippet":"max-snippet:-1","max-image-preview":"max-image-preview:large","max-video-preview":"max-video-preview:-1"},"canonical":"https:\/\/beauxarts-cie.com\/institute\/ey\/","og_locale":"fr_FR","og_type":"article","og_title":"- Beaux Arts Institute","og_description":"Client : EY 2023, Organisation d\u2019une soir\u00e9e sur-mesure hors des sentiers battus Conception et coordination d\u2019une soir\u00e9e pour le comit\u00e9 de pilotage Diversity, Equity &amp; Inclusion d\u2019EY A l\u2019occasion de leur participation \u00e0 VivaTech, le comit\u00e9 de pilotage DE&amp;I d\u2019EY souhaitait organiser une soir\u00e9e diff\u00e9rente, autour de th\u00e9matiques artistiques qui r\u00e9sonnent avec leurs probl\u00e9matiques. \u2b95 [&hellip;]","og_url":"https:\/\/beauxarts-cie.com\/institute\/ey\/","og_site_name":"Beaux Arts Institute","article_modified_time":"2025-01-06T11:18:23+00:00","og_image":[{"url":"https:\/\/beauxarts-cie.com\/institute\/wp-content\/uploads\/sites\/2\/2024\/12\/NFT-factory-1-1024x585.jpg"}],"twitter_card":"summary_large_image","twitter_misc":{"Dur\u00e9e de lecture estim\u00e9e":"2 minutes"},"schema":{"@context":"https:\/\/schema.org","@graph":[{"@type":"WebPage","@id":"https:\/\/beauxarts-cie.com\/institute\/ey\/","url":"https:\/\/beauxarts-cie.com\/institute\/ey\/","name":"- Beaux Arts Institute","isPartOf":{"@id":"https:\/\/beauxarts-cie.com\/institute\/#website"},"datePublished":"2024-12-19T12:08:37+00:00","dateModified":"2025-01-06T11:18:23+00:00","breadcrumb":{"@id":"https:\/\/beauxarts-cie.com\/institute\/ey\/#breadcrumb"},"inLanguage":"fr-FR","potentialAction":[{"@type":"ReadAction","target":["https:\/\/beauxarts-cie.com\/institute\/ey\/"]}]},{"@type":"BreadcrumbList","@id":"https:\/\/beauxarts-cie.com\/institute\/ey\/#breadcrumb","itemListElement":[]},{"@type":"WebSite","@id":"https:\/\/beauxarts-cie.com\/institute\/#website","url":"https:\/\/beauxarts-cie.com\/institute\/","name":"Beaux Arts Institute","description":"Le partenaire artistique et culturel des entreprises","publisher":{"@id":"https:\/\/beauxarts-cie.com\/institute\/#organization"},"potentialAction":[{"@type":"SearchAction","target":{"@type":"EntryPoint","urlTemplate":"https:\/\/beauxarts-cie.com\/institute\/?s={search_term_string}"},"query-input":"required name=search_term_string"}],"inLanguage":"fr-FR"},{"@type":"Organization","@id":"https:\/\/beauxarts-cie.com\/institute\/#organization","name":"Beaux Arts Institute","url":"https:\/\/beauxarts-cie.com\/institute\/","logo":{"@type":"ImageObject","inLanguage":"fr-FR","@id":"https:\/\/beauxarts-cie.com\/institute\/#\/schema\/logo\/image\/","url":"https:\/\/beauxarts-cie.com\/institute\/wp-content\/uploads\/sites\/2\/2024\/05\/Logo-BAI-long.png","contentUrl":"https:\/\/beauxarts-cie.com\/institute\/wp-content\/uploads\/sites\/2\/2024\/05\/Logo-BAI-long.png","width":430,"height":43,"caption":"Beaux Arts Institute"},"image":{"@id":"https:\/\/beauxarts-cie.com\/institute\/#\/schema\/logo\/image\/"},"sameAs":["https:\/\/www.linkedin.com\/company\/99437599\/admin\/feed\/posts\/"]}]}},"_links":{"self":[{"href":"https:\/\/beauxarts-cie.com\/institute\/wp-json\/wp\/v2\/pages\/934"}],"collection":[{"href":"https:\/\/beauxarts-cie.com\/institute\/wp-json\/wp\/v2\/pages"}],"about":[{"href":"https:\/\/beauxarts-cie.com\/institute\/wp-json\/wp\/v2\/types\/page"}],"author":[{"embeddable":true,"href":"https:\/\/beauxarts-cie.com\/institute\/wp-json\/wp\/v2\/users\/6"}],"replies":[{"embeddable":true,"href":"https:\/\/beauxarts-cie.com\/institute\/wp-json\/wp\/v2\/comments?post=934"}],"version-history":[{"count":22,"href":"https:\/\/beauxarts-cie.com\/institute\/wp-json\/wp\/v2\/pages\/934\/revisions"}],"predecessor-version":[{"id":1983,"href":"https:\/\/beauxarts-cie.com\/institute\/wp-json\/wp\/v2\/pages\/934\/revisions\/1983"}],"wp:attachment":[{"href":"https:\/\/beauxarts-cie.com\/institute\/wp-json\/wp\/v2\/media?parent=934"}],"curies":[{"name":"wp","href":"https:\/\/api.w.org\/{rel}","templated":true}]}}